{"id":230,"date":"2016-07-08T22:51:12","date_gmt":"2016-07-08T22:51:12","guid":{"rendered":"http:\/\/www.fvr.edu.br\/fvr\/site\/?page_id=230"},"modified":"2025-08-13T19:20:45","modified_gmt":"2025-08-13T22:20:45","slug":"graduacao","status":"publish","type":"page","link":"https:\/\/portal.unisepe.com.br\/unifia\/graduacao\/","title":{"rendered":"Gradua\u00e7\u00e3o"},"content":{"rendered":"<p>&nbsp;<\/p>\n<div id=\"responsive-table\">\n<table class=\"table table-course no-th\">\n<tbody>\n<tr>\n<td style=\"text-align: center\" data-wp-editing=\"1\"><a href=\"http:\/\/portal.unisepe.com.br\/unifia\/bacharelado-administracao\/\"><img loading=\"lazy\" decoding=\"async\" class=\"aligncenter\" src=\"http:\/\/portal.unisepe.com.br\/unifia\/wp-content\/uploads\/sites\/10001\/2018\/06\/Administracao.png\" alt=\"\" width=\"200\" height=\"100\" \/><\/a><\/p>\n<p><a href=\"http:\/\/portal.unisepe.com.br\/unifia\/bacharelado-administracao\/\"><strong>Administra\u00e7\u00e3o<\/strong><\/a><\/td>\n<td style=\"text-align: center\"><a href=\"http:\/\/portal.unisepe.com.br\/unifia\/analise-e-des-de-sistemas\/\"><img loading=\"lazy\" decoding=\"async\" class=\"aligncenter\" src=\"http:\/\/portal.unisepe.com.br\/unifia\/wp-content\/uploads\/sites\/10001\/2018\/06\/ads-150x150.jpg\" alt=\"\" width=\"120\" height=\"120\" \/><\/a><br \/>\n<a href=\"http:\/\/portal.unisepe.com.br\/unifia\/analise-e-des-de-sistemas\/\"><strong>An\u00e1lise e Des. de Sistemas<\/strong><\/a><\/td>\n<td style=\"text-align: center\"><img loading=\"lazy\" decoding=\"async\" class=\"aligncenter wp-image-5354\" src=\"http:\/\/portal.unisepe.com.br\/unifia\/wp-content\/uploads\/sites\/10001\/2019\/05\/logo-BIOMEDICINA.png\" alt=\"\" width=\"134\" height=\"128\" \/><br \/>\n<a href=\"http:\/\/portal.unisepe.com.br\/unifia\/biomedicina\/\"><strong>Biomedicina<\/strong><\/a><\/td>\n<\/tr>\n<tr>\n<td style=\"text-align: center\" align=\"center\"><a href=\"http:\/\/portal.unisepe.com.br\/unifia\/direito\/\"><img loading=\"lazy\" decoding=\"async\" class=\"aligncenter wp-image-2406 size-full\" src=\"http:\/\/portal.unisepe.com.br\/unifia\/wp-content\/uploads\/sites\/10001\/2018\/06\/direito.png\" alt=\"\" width=\"108\" height=\"100\" \/><\/a><br \/>\n<a href=\"http:\/\/portal.unisepe.com.br\/unifia\/direito\/\"><strong>Direito<\/strong><\/a><\/td>\n<td style=\"text-align: center\" align=\"center\"><a href=\"http:\/\/portal.unisepe.com.br\/unifia\/educacao-fisica\/\"><img loading=\"lazy\" decoding=\"async\" class=\"aligncenter wp-image-2407 size-full\" src=\"http:\/\/portal.unisepe.com.br\/unifia\/wp-content\/uploads\/sites\/10001\/2018\/06\/ed_fisica.png\" alt=\"\" width=\"73\" height=\"100\" \/><\/a><br \/>\n<a href=\"http:\/\/portal.unisepe.com.br\/unifia\/educacao-fisica\/\"><strong>Educa\u00e7\u00e3o F\u00edsica<\/strong><\/a><\/td>\n<td style=\"text-align: center\" align=\"center\"><a href=\"http:\/\/portal.unisepe.com.br\/unifia\/estetica-e-cosmetica\/\"><img loading=\"lazy\" decoding=\"async\" class=\"aligncenter wp-image-2391\" src=\"http:\/\/portal.unisepe.com.br\/unifia\/wp-content\/uploads\/sites\/10001\/2018\/06\/logo_estetica.png\" alt=\"\" width=\"80\" height=\"92\" \/><\/a><br \/>\n<a href=\"http:\/\/portal.unisepe.com.br\/unifia\/estetica-e-cosmetica\/\"><strong>Est\u00e9tica e Cosm\u00e9tica<\/strong><\/a><\/td>\n<\/tr>\n<tr>\n<td style=\"text-align: center\" align=\"center\"><a href=\"http:\/\/portal.unisepe.com.br\/unifia\/enfermagem\/\"><img loading=\"lazy\" decoding=\"async\" class=\"aligncenter wp-image-2414\" src=\"http:\/\/portal.unisepe.com.br\/unifia\/wp-content\/uploads\/sites\/10001\/2018\/06\/enfermagem_2.png\" alt=\"\" width=\"183\" height=\"87\" \/><\/a><br \/>\n<a href=\"http:\/\/portal.unisepe.com.br\/unifia\/enfermagem\/\"><strong>Enfermagem<\/strong><\/a><\/td>\n<td style=\"text-align: center\" align=\"center\"><a href=\"http:\/\/portal.unisepe.com.br\/unifia\/gestao-da-producao-industrial\/\"><img loading=\"lazy\" decoding=\"async\" class=\"aligncenter wp-image-3902 size-full\" src=\"http:\/\/portal.unisepe.com.br\/unifia\/wp-content\/uploads\/sites\/10001\/2018\/06\/gpi.png\" alt=\"\" width=\"109\" height=\"100\" \/><\/a><br \/>\n<a href=\"http:\/\/portal.unisepe.com.br\/unifia\/gestao-da-producao-industrial\/\"><strong>Gest\u00e3o da Produ\u00e7\u00e3o Industrial<\/strong><\/a><\/td>\n<td style=\"text-align: center\" align=\"center\" valign=\"bottom\">&nbsp;<\/p>\n<p><a href=\"http:\/\/portal.unisepe.com.br\/unifia\/mecatronica-industrial\/\" style=\"font-size: 15.2015px\"><img loading=\"lazy\" decoding=\"async\" class=\"aligncenter wp-image-3982\" src=\"http:\/\/portal.unisepe.com.br\/unifia\/wp-content\/uploads\/sites\/10001\/2018\/07\/logo_mecatronica-300x142.png\" alt=\"\" width=\"130\" height=\"61\" srcset=\"https:\/\/portal.unisepe.com.br\/unifia\/wp-content\/uploads\/sites\/10001\/2018\/07\/logo_mecatronica-300x142.png 300w, https:\/\/portal.unisepe.com.br\/unifia\/wp-content\/uploads\/sites\/10001\/2018\/07\/logo_mecatronica.png 360w\" sizes=\"auto, (max-width: 130px) 100vw, 130px\" \/><\/a><br style=\"font-size: 15.2015px\" \/><a href=\"http:\/\/portal.unisepe.com.br\/unifia\/mecatronica-industrial\/\" style=\"font-size: 15.2015px\"><strong>Mecatr\u00f4nica Industrial<\/strong><\/a><a href=\"http:\/\/portal.unisepe.com.br\/unifia\/gestao-da-qualidade\/\"><\/a><\/td>\n<\/tr>\n<tr>\n<td style=\"text-align: center\" align=\"center\">\n<p data-wp-editing=\"1\"><a href=\"http:\/\/portal.unisepe.com.br\/unifia\/pedagogia\/\" style=\"font-size: 15.2015px\"><img loading=\"lazy\" decoding=\"async\" class=\"aligncenter wp-image-2397 size-full\" src=\"http:\/\/portal.unisepe.com.br\/unifia\/wp-content\/uploads\/sites\/10001\/2018\/06\/pedagogia.png\" alt=\"\" width=\"109\" height=\"100\" \/><\/a><br style=\"font-size: 15.2015px\" \/><a href=\"http:\/\/portal.unisepe.com.br\/unifia\/pedagogia\/\" style=\"font-size: 15.2015px\"><strong>Pedagogia<\/strong><\/a><\/p>\n<\/td>\n<td style=\"text-align: center\" align=\"center\">&nbsp;<\/p>\n<p><a href=\"http:\/\/portal.unisepe.com.br\/unifia\/psicologia\/\" style=\"font-size: 15.2015px\"><img loading=\"lazy\" decoding=\"async\" class=\"aligncenter wp-image-2394\" src=\"http:\/\/portal.unisepe.com.br\/unifia\/wp-content\/uploads\/sites\/10001\/2019\/04\/PSICO.png\" alt=\"\" width=\"80\" height=\"107\" \/><\/a><br style=\"font-size: 15.2015px\" \/><a href=\"http:\/\/portal.unisepe.com.br\/unifia\/psicologia\/\" style=\"font-size: 15.2015px\"><strong>Psicologia<\/strong><\/a><\/td>\n<td style=\"text-align: center\" align=\"center\"><\/td>\n<\/tr>\n<\/tbody>\n<\/table>\n<\/div>\n","protected":false},"excerpt":{"rendered":"<p>&nbsp; Administra\u00e7\u00e3o An\u00e1lise e Des. de Sistemas Biomedicina Direito Educa\u00e7\u00e3o F\u00edsica Est\u00e9tica e Cosm\u00e9tica Enfermagem Gest\u00e3o da Produ\u00e7\u00e3o Industrial &nbsp; Mecatr\u00f4nica Industrial Pedagogia &nbsp; Psicologia<\/p>\n","protected":false},"author":1,"featured_media":0,"parent":0,"menu_order":0,"comment_status":"closed","ping_status":"closed","template":"templates\/template-fullwidth.php","meta":{"footnotes":""},"categories":[],"tags":[],"class_list":["post-230","page","type-page","status-publish","hentry"],"_links":{"self":[{"href":"https:\/\/portal.unisepe.com.br\/unifia\/wp-json\/wp\/v2\/pages\/230","targetHints":{"allow":["GET"]}}],"collection":[{"href":"https:\/\/portal.unisepe.com.br\/unifia\/wp-json\/wp\/v2\/pages"}],"about":[{"href":"https:\/\/portal.unisepe.com.br\/unifia\/wp-json\/wp\/v2\/types\/page"}],"author":[{"embeddable":true,"href":"https:\/\/portal.unisepe.com.br\/unifia\/wp-json\/wp\/v2\/users\/1"}],"replies":[{"embeddable":true,"href":"https:\/\/portal.unisepe.com.br\/unifia\/wp-json\/wp\/v2\/comments?post=230"}],"version-history":[{"count":165,"href":"https:\/\/portal.unisepe.com.br\/unifia\/wp-json\/wp\/v2\/pages\/230\/revisions"}],"predecessor-version":[{"id":11030,"href":"https:\/\/portal.unisepe.com.br\/unifia\/wp-json\/wp\/v2\/pages\/230\/revisions\/11030"}],"wp:attachment":[{"href":"https:\/\/portal.unisepe.com.br\/unifia\/wp-json\/wp\/v2\/media?parent=230"}],"wp:term":[{"taxonomy":"category","embeddable":true,"href":"https:\/\/portal.unisepe.com.br\/unifia\/wp-json\/wp\/v2\/categories?post=230"},{"taxonomy":"post_tag","embeddable":true,"href":"https:\/\/portal.unisepe.com.br\/unifia\/wp-json\/wp\/v2\/tags?post=230"}],"curies":[{"name":"wp","href":"https:\/\/api.w.org\/{rel}","templated":true}]}}