{"id":2565,"date":"2018-06-06T14:40:23","date_gmt":"2018-06-06T17:40:23","guid":{"rendered":"http:\/\/portal.unisepe.com.br\/unifia\/?page_id=2565"},"modified":"2018-06-06T14:40:40","modified_gmt":"2018-06-06T17:40:40","slug":"atividades-complementares","status":"publish","type":"page","link":"https:\/\/portal.unisepe.com.br\/unifia\/manuais-editais-e-regulamentos\/atividades-complementares\/","title":{"rendered":"Atividades Complementares"},"content":{"rendered":"<p align=\"justify\">Compreende-se no conceito de Atividades Complementares, pass\u00edveis de aproveitamento como tal, todas as atividades de natureza acad\u00eamica e cient\u00edfica e cultural realizadas a partir do primeiro semestre de ingresso do aluno no Curso de Gradua\u00e7\u00e3o, que guardem, obrigatoriamente, correspond\u00eancia com as tem\u00e1ticas de interesse do Curso, compreendidas nos programas das disciplinas que integram o curr\u00edculo e capazes de contribuir para a forma\u00e7\u00e3o acad\u00eamica.<\/p>\n<p align=\"justify\">Os objetivos espec\u00edficos das Atividades Complementares s\u00e3o os de flexibilizar o curr\u00edculo pleno dos Cursos de Gradua\u00e7\u00e3o e propiciar aos acad\u00eamicos a possibilidade de aprofundamento tem\u00e1tico e interdisciplinar e s\u00e3o assim definidas com a carga hor\u00e1ria de cada uma das especificidades atribu\u00edda e distribu\u00edda de acordo com decis\u00f5es dos Colegiados de Cursos:<\/p>\n<div align=\"justify\">\n<ol>\n<li>Disciplinas extra-curriculares em \u00e1reas afins, e obedecendo a dois anos ap\u00f3s a sua conclus\u00e3o;<\/li>\n<li>Disciplinas de Gradua\u00e7\u00e3o, cursadas na sua totalidade em outras institui\u00e7\u00f5es de Ensino Superior, dependentes de pr\u00e9via e expressa valida\u00e7\u00e3o do Coordenador do Curso de Gradua\u00e7\u00e3o ou Professor designado para c\u00f4mputo de Atividades Complementares e obedecendo a dois anos ap\u00f3s a sua conclus\u00e3o;<\/li>\n<li>Participa\u00e7\u00e3o em Projetos e Programas de Pesquisa ou Inicia\u00e7\u00e3o Cient\u00edfica, sob a execu\u00e7\u00e3o de professores nomeados pelo Coordenador do Curso de Gradua\u00e7\u00e3o e aprovados pela Coordena\u00e7\u00e3o do N\u00facleo de Pesquisa em Educa\u00e7\u00e3o, Sa\u00fade e Superior Tecnol\u00f3gica;<\/li>\n<li>Participa\u00e7\u00e3o como observador em Projetos e Programas de Extens\u00e3o, sob a coordena\u00e7\u00e3o de professores nomeados pelo Coordenador do Curso de Gradua\u00e7\u00e3o;<\/li>\n<li>Atua\u00e7\u00e3o em Projetos e Programas de Extens\u00e3o, sob a coordena\u00e7\u00e3o de professores nomeados pelo Coordenador do Curso de Gradua\u00e7\u00e3o;<\/li>\n<li>Monitorias realizadas no \u00e2mbito do Curso de Gradua\u00e7\u00e3o;<\/li>\n<li>Atividades diversas em \u00e1rea educacional, de sa\u00fade ou superior de tecnologia (semin\u00e1rios, simp\u00f3sios, congressos, conven\u00e7\u00f5es, palestras, confer\u00eancias, debates, aulas inaugurais ou eventos de estrutura\u00e7\u00e3o an\u00e1loga e participa\u00e7\u00e3o em \u00f3rg\u00e3os deliberativos da institui\u00e7\u00e3o);<\/li>\n<li>Assistir, comprovadamente, apresenta\u00e7\u00f5es de Trabalhos de Conclus\u00e3o de Curso na \u00e1rea educacional, da sa\u00fade ou superior de tecnologia\u00a0 (Relat\u00f3rios, Estudos de Casos, Projetos de relev\u00e2ncia acad\u00eamica e social, Monografias, Disserta\u00e7\u00f5es e Teses), analisadas e autorizadas antecipadamente pelo Coordenador do Curso de Gradua\u00e7\u00e3o;<\/li>\n<li>Atividades de extens\u00e3o universit\u00e1ria na \u00e1rea educacional, de sa\u00fade ou superior de tecnologia, fora do \u00e2mbito da Unidade de Ensino, analisadas e autorizadas antecipadamente, em cada especificidade, pela Coordena\u00e7\u00e3o do Curso de Gradua\u00e7\u00e3o;<\/li>\n<li>Demais atividades (cursos de aperfei\u00e7oamento ou de atualiza\u00e7\u00e3o) que surjam, devem ser previamente encaminhadas \u00e0 aprecia\u00e7\u00e3o da Coordena\u00e7\u00e3o de Curso de Gradua\u00e7\u00e3o, com 72 horas de anteced\u00eancia, com o acompanhamento do material demonstrativo de praxe, onde conste o objeto, o (s) palestrante (s), data e local, prazos de inscri\u00e7\u00e3o e dura\u00e7\u00e3o em horas.<\/li>\n<\/ol>\n<\/div>\n<p align=\"justify\">\u00c9 importante frisar que:<\/p>\n<p align=\"justify\">1\u00ba. As a\u00e7\u00f5es educativas desenvolvidas no \u00e2mbito das Pr\u00e1ticas de Ensino e do Est\u00e1gio Curricular supervisionado n\u00e3o poder\u00e3o ser computadas cumulativamente como Atividades Complementares, assim como as Atividades Complementares n\u00e3o poder\u00e3o ser computadas como atividades das Pr\u00e1ticas de Ensino e do Est\u00e1gio Curricular supervisionado.<\/p>\n<p align=\"justify\">2\u00ba. As atividades profissionais na \u00e1rea educacional, de sa\u00fade ou superior de tecnologia n\u00e3o ser\u00e3o aproveitadas como Atividades Complementares.<\/p>\n<p align=\"justify\">3\u00ba. Atividades desenvolvidas antes do ingresso do acad\u00eamico no Curso, quaisquer que sejam, salvo casos espec\u00edficos (considerados de relev\u00e2ncia e dependentes da avalia\u00e7\u00e3o do Coordenador do Curso), n\u00e3o ter\u00e3o validade para o c\u00f4mputo de horas de Atividades Complementares.<\/p>\n<p align=\"justify\">4\u00ba. A realiza\u00e7\u00e3o das Atividades Complementares deve ocorrer sem o comprometimento da freq\u00fc\u00eancia regimental ao Curso de Gradua\u00e7\u00e3o (75% de presen\u00e7a obrigat\u00f3ria), inexistindo a figura do \u201cabono de faltas\u201d.<\/p>\n<p align=\"justify\">5\u00ba. As horas acad\u00eamicas a cumprir, advindas da diferen\u00e7a entre horas\/aulas e horas\/rel\u00f3gio n\u00e3o poder\u00e3o ser computadas como Atividades Complementares.<\/p>\n","protected":false},"excerpt":{"rendered":"<p>Compreende-se no conceito de Atividades Complementares, pass\u00edveis de aproveitamento como tal, todas as atividades de natureza acad\u00eamica e cient\u00edfica e cultural realizadas a partir do primeiro semestre de ingresso do aluno no Curso de Gradua\u00e7\u00e3o, que guardem, obrigatoriamente, correspond\u00eancia com as tem\u00e1ticas de interesse do Curso, compreendidas nos programas das<\/p>\n","protected":false},"author":2,"featured_media":0,"parent":788,"menu_order":0,"comment_status":"closed","ping_status":"closed","template":"templates\/template-pagina_menu_vertical.php","meta":{"footnotes":""},"categories":[],"tags":[],"class_list":["post-2565","page","type-page","status-publish","hentry"],"_links":{"self":[{"href":"https:\/\/portal.unisepe.com.br\/unifia\/wp-json\/wp\/v2\/pages\/2565","targetHints":{"allow":["GET"]}}],"collection":[{"href":"https:\/\/portal.unisepe.com.br\/unifia\/wp-json\/wp\/v2\/pages"}],"about":[{"href":"https:\/\/portal.unisepe.com.br\/unifia\/wp-json\/wp\/v2\/types\/page"}],"author":[{"embeddable":true,"href":"https:\/\/portal.unisepe.com.br\/unifia\/wp-json\/wp\/v2\/users\/2"}],"replies":[{"embeddable":true,"href":"https:\/\/portal.unisepe.com.br\/unifia\/wp-json\/wp\/v2\/comments?post=2565"}],"version-history":[{"count":1,"href":"https:\/\/portal.unisepe.com.br\/unifia\/wp-json\/wp\/v2\/pages\/2565\/revisions"}],"predecessor-version":[{"id":2566,"href":"https:\/\/portal.unisepe.com.br\/unifia\/wp-json\/wp\/v2\/pages\/2565\/revisions\/2566"}],"up":[{"embeddable":true,"href":"https:\/\/portal.unisepe.com.br\/unifia\/wp-json\/wp\/v2\/pages\/788"}],"wp:attachment":[{"href":"https:\/\/portal.unisepe.com.br\/unifia\/wp-json\/wp\/v2\/media?parent=2565"}],"wp:term":[{"taxonomy":"category","embeddable":true,"href":"https:\/\/portal.unisepe.com.br\/unifia\/wp-json\/wp\/v2\/categories?post=2565"},{"taxonomy":"post_tag","embeddable":true,"href":"https:\/\/portal.unisepe.com.br\/unifia\/wp-json\/wp\/v2\/tags?post=2565"}],"curies":[{"name":"wp","href":"https:\/\/api.w.org\/{rel}","templated":true}]}}