{"id":2595,"date":"2024-02-20T00:00:28","date_gmt":"2024-02-20T03:00:28","guid":{"rendered":"http:\/\/portal.unisepe.com.br\/unifia\/?page_id=2595"},"modified":"2026-03-24T15:42:57","modified_gmt":"2026-03-24T18:42:57","slug":"horarios","status":"publish","type":"page","link":"https:\/\/portal.unisepe.com.br\/unifia\/horarios\/","title":{"rendered":"Hor\u00e1rios e Salas"},"content":{"rendered":"<h4>Salas 2026 &#8211; 1<\/h4>\n<p>&nbsp;<\/p>\n<ul>\n<li style=\"list-style-type: none\">\n<ul>\n<li><a href=\"https:\/\/portal.unisepe.com.br\/unifia\/wp-content\/uploads\/sites\/10001\/2026\/03\/salas-20261.pdf\" target=\"_blank\" rel=\"noopener noreferrer\">Salas Cursos<\/a><\/li>\n<li><a href=\"https:\/\/portal.unisepe.com.br\/unifia\/wp-content\/uploads\/sites\/10001\/2026\/02\/laboratorios-2026-1.pdf\" target=\"_blank\" rel=\"noopener noreferrer\">Laborat\u00f3rios<\/a><\/li>\n<li><a href=\"https:\/\/portal.unisepe.com.br\/unifia\/wp-content\/uploads\/sites\/10001\/2024\/07\/Espa\u00e7os-Administrativos-2024-2.pdf\" target=\"_blank\" rel=\"noopener noreferrer\">Espa\u00e7o Administrativo<\/a><\/li>\n<li><a href=\"https:\/\/portal.unisepe.com.br\/unifia\/wp-content\/uploads\/sites\/10001\/2024\/07\/Espa\u00e7os-Acad\u00eamicos-2024-2.pdf\" target=\"_blank\" rel=\"noopener noreferrer\">Espa\u00e7o Acad\u00eamico<\/a><\/li>\n<\/ul>\n<\/li>\n<\/ul>\n<p>&nbsp;<\/p>\n<h4>Hor\u00e1rios por Curso 2026 &#8211; 1<\/h4>\n<p>&nbsp;<\/p>\n<ul>\n<li style=\"list-style-type: none\">\n<ul>\n<li style=\"list-style-type: none\">\n<ul>\n<li><a href=\"https:\/\/portal.unisepe.com.br\/unifia\/wp-content\/uploads\/sites\/10001\/2026\/01\/ADM_1.pdf\" target=\"_blank\" rel=\"noopener noreferrer\">Curso de Administra\u00e7\u00e3o 1\u00ba<\/a><\/li>\n<li><a href=\"https:\/\/portal.unisepe.com.br\/unifia\/wp-content\/uploads\/sites\/10001\/2026\/01\/ADM_5.pdf\" target=\"_blank\" rel=\"noopener noreferrer\">Curso de Administra\u00e7\u00e3o 5\u00ba<\/a><\/li>\n<li><a href=\"https:\/\/portal.unisepe.com.br\/unifia\/wp-content\/uploads\/sites\/10001\/2026\/01\/ADS_1.pdf\" target=\"_blank\" rel=\"noopener noreferrer\">Curso de An\u00e1lise e Desenvolvimento de Sistemas 1\u00ba<\/a><\/li>\n<li><a href=\"https:\/\/portal.unisepe.com.br\/unifia\/wp-content\/uploads\/sites\/10001\/2026\/02\/BIO-1.pdf\" target=\"_blank\" rel=\"noopener noreferrer\">Curso de Biomedicina 1\u00ba<\/a><\/li>\n<li><a href=\"https:\/\/portal.unisepe.com.br\/unifia\/wp-content\/uploads\/sites\/10001\/2026\/02\/Bio_5.pdf\" target=\"_blank\" rel=\"noopener noreferrer\">Curso de Biomedicina 5\u00ba<\/a><\/li>\n<li><a href=\"https:\/\/portal.unisepe.com.br\/unifia\/wp-content\/uploads\/sites\/10001\/2026\/02\/DIR-3.pdf\" target=\"_blank\" rel=\"noopener noreferrer\">Curso de Direito 3\u00ba<\/a><\/li>\n<li><a href=\"https:\/\/portal.unisepe.com.br\/unifia\/wp-content\/uploads\/sites\/10001\/2026\/02\/DIR-7.pdf\" target=\"_blank\" rel=\"noopener noreferrer\">Curso de Direito 7\u00ba<\/a><\/li>\n<li><a href=\"https:\/\/portal.unisepe.com.br\/unifia\/wp-content\/uploads\/sites\/10001\/2026\/01\/DIR-9.pdf\" target=\"_blank\" rel=\"noopener noreferrer\">Curso de Direito 9\u00ba<\/a><\/li>\n<li><a href=\"https:\/\/portal.unisepe.com.br\/unifia\/wp-content\/uploads\/sites\/10001\/2026\/01\/EDF_3.pdf\" target=\"_blank\" rel=\"noopener noreferrer\">Curso de Educa\u00e7\u00e3o F\u00edsica 3\u00ba<\/a><\/li>\n<li><a href=\"https:\/\/portal.unisepe.com.br\/unifia\/wp-content\/uploads\/sites\/10001\/2026\/01\/EDF_7.pdf\" target=\"_blank\" rel=\"noopener noreferrer\">Curso de Educa\u00e7\u00e3o F\u00edsica 7\u00ba<\/a><\/li>\n<li><a href=\"https:\/\/portal.unisepe.com.br\/unifia\/wp-content\/uploads\/sites\/10001\/2026\/02\/ENF-1.pdf\" target=\"_blank\" rel=\"noopener noreferrer\">Curso de Enfermagem 1\u00ba<\/a><\/li>\n<li><a href=\"https:\/\/portal.unisepe.com.br\/unifia\/wp-content\/uploads\/sites\/10001\/2026\/01\/ENF_5.pdf\" target=\"_blank\" rel=\"noopener noreferrer\">Curso de Enfermagem 5\u00ba<\/a><\/li>\n<li><a href=\"https:\/\/portal.unisepe.com.br\/unifia\/wp-content\/uploads\/sites\/10001\/2026\/03\/EST-1.pdf\" target=\"_blank\" rel=\"noopener noreferrer\">Curso de Est\u00e9tica e Cosm\u00e9tica 1\u00ba<\/a><\/li>\n<li><a href=\"https:\/\/portal.unisepe.com.br\/unifia\/wp-content\/uploads\/sites\/10001\/2026\/02\/FONO-1.pdf\" target=\"_blank\" rel=\"noopener\">Curso de Fonoaudiologia 1\u00ba<\/a><\/li>\n<li><a href=\"https:\/\/portal.unisepe.com.br\/unifia\/wp-content\/uploads\/sites\/10001\/2026\/01\/MEC_3.pdf\" target=\"_blank\" rel=\"noopener noreferrer\">Curso de Mecatr\u00f4nica 3\u00ba<\/a><\/li>\n<li><a href=\"https:\/\/portal.unisepe.com.br\/unifia\/wp-content\/uploads\/sites\/10001\/2026\/01\/MEC_5.pdf\" target=\"_blank\" rel=\"noopener noreferrer\">Curso de Mecatr\u00f4nica 5\u00ba<\/a><\/li>\n<li><a href=\"https:\/\/portal.unisepe.com.br\/unifia\/wp-content\/uploads\/sites\/10001\/2026\/01\/PED_3-2021.pdf\" target=\"_blank\" rel=\"noopener noreferrer\">Curso de Pedagogia 3\u00ba (Ingressantes 2022)<\/a><a href=\"https:\/\/portal.unisepe.com.br\/unifia\/wp-content\/uploads\/sites\/10001\/2025\/12\/PED-7-1.pdf\" target=\"_blank\" rel=\"noopener noreferrer\"><\/a><\/li>\n<li><a href=\"https:\/\/portal.unisepe.com.br\/unifia\/wp-content\/uploads\/sites\/10001\/2026\/01\/PED-_3-2025.pdf\" target=\"_blank\" rel=\"noopener noreferrer\">Curso de Pedagogia 3\u00ba (Ingressantes 2025\/2026)<\/a><\/li>\n<li><a href=\"https:\/\/portal.unisepe.com.br\/unifia\/wp-content\/uploads\/sites\/10001\/2026\/01\/PED_7.pdf\" target=\"_blank\" rel=\"noopener noreferrer\">Curso de Pedagogia 7\u00ba (Ingressantes 2023)<\/a><\/li>\n<li><a href=\"https:\/\/portal.unisepe.com.br\/unifia\/wp-content\/uploads\/sites\/10001\/2026\/01\/PSICOLOGIA-3.pdf\" target=\"_blank\" rel=\"noopener noreferrer\">Curso de Psicologia 3\u00ba<\/a><\/li>\n<li><a href=\"https:\/\/portal.unisepe.com.br\/unifia\/wp-content\/uploads\/sites\/10001\/2026\/01\/PSICOLOGIA-7.pdf\" target=\"_blank\" rel=\"noopener noreferrer\">Curso de Psicologia 7\u00ba<\/a><\/li>\n<li><a href=\"https:\/\/portal.unisepe.com.br\/unifia\/wp-content\/uploads\/sites\/10001\/2026\/01\/PSICOLOGIA_9.pdf\" target=\"_blank\" rel=\"noopener noreferrer\">Curso de Psicologia 9\u00ba<\/a><\/li>\n<\/ul>\n<\/li>\n<\/ul>\n<\/li>\n<\/ul>\n<ul><\/ul>\n","protected":false},"excerpt":{"rendered":"<p>Salas 2026 &#8211; 1 &nbsp; Salas Cursos Laborat\u00f3rios Espa\u00e7o Administrativo Espa\u00e7o Acad\u00eamico &nbsp; Hor\u00e1rios por Curso 2026 &#8211; 1 &nbsp; Curso de Administra\u00e7\u00e3o 1\u00ba Curso de Administra\u00e7\u00e3o 5\u00ba Curso de An\u00e1lise e Desenvolvimento de Sistemas 1\u00ba Curso de Biomedicina 1\u00ba Curso de Biomedicina 5\u00ba Curso de Direito 3\u00ba Curso de<\/p>\n","protected":false},"author":2,"featured_media":0,"parent":0,"menu_order":0,"comment_status":"closed","ping_status":"closed","template":"","meta":{"footnotes":""},"categories":[],"tags":[],"class_list":["post-2595","page","type-page","status-publish","hentry"],"_links":{"self":[{"href":"https:\/\/portal.unisepe.com.br\/unifia\/wp-json\/wp\/v2\/pages\/2595","targetHints":{"allow":["GET"]}}],"collection":[{"href":"https:\/\/portal.unisepe.com.br\/unifia\/wp-json\/wp\/v2\/pages"}],"about":[{"href":"https:\/\/portal.unisepe.com.br\/unifia\/wp-json\/wp\/v2\/types\/page"}],"author":[{"embeddable":true,"href":"https:\/\/portal.unisepe.com.br\/unifia\/wp-json\/wp\/v2\/users\/2"}],"replies":[{"embeddable":true,"href":"https:\/\/portal.unisepe.com.br\/unifia\/wp-json\/wp\/v2\/comments?post=2595"}],"version-history":[{"count":266,"href":"https:\/\/portal.unisepe.com.br\/unifia\/wp-json\/wp\/v2\/pages\/2595\/revisions"}],"predecessor-version":[{"id":11542,"href":"https:\/\/portal.unisepe.com.br\/unifia\/wp-json\/wp\/v2\/pages\/2595\/revisions\/11542"}],"wp:attachment":[{"href":"https:\/\/portal.unisepe.com.br\/unifia\/wp-json\/wp\/v2\/media?parent=2595"}],"wp:term":[{"taxonomy":"category","embeddable":true,"href":"https:\/\/portal.unisepe.com.br\/unifia\/wp-json\/wp\/v2\/categories?post=2595"},{"taxonomy":"post_tag","embeddable":true,"href":"https:\/\/portal.unisepe.com.br\/unifia\/wp-json\/wp\/v2\/tags?post=2595"}],"curies":[{"name":"wp","href":"https:\/\/api.w.org\/{rel}","templated":true}]}}