{"id":2653,"date":"2018-06-06T19:38:27","date_gmt":"2018-06-06T22:38:27","guid":{"rendered":"http:\/\/portal.unisepe.com.br\/unifia\/?page_id=2653"},"modified":"2018-06-06T19:45:42","modified_gmt":"2018-06-06T22:45:42","slug":"editorial","status":"publish","type":"page","link":"https:\/\/portal.unisepe.com.br\/unifia\/revistas-eletronicas\/editorial\/","title":{"rendered":"Editorial"},"content":{"rendered":"<p>\u00c9 com grande alegria e satisfa\u00e7\u00e3o que a partir deste segundo semestre de 2009 o Grupo\u00a0 UNISEPE \u2013 Uni\u00e3o das Institui\u00e7\u00f5es de Servi\u00e7o, Ensino e Pesquisa Ltda, mantenedora das Faculdades Integradas do Vale do Ribeira, Faculdade de Peru\u00edbe, Centro Universit\u00e1rio Amparense, Faculdades Integradas ASMEC, Instituto de Ensino Superior de Pouso Alegre e Faculdade de S\u00e3o Louren\u00e7o, disponibiliza nos sites de suas Unidades Educacionais o primeiro n\u00famero das Revistas Eletr\u00f4nicas nas \u00e1reas da Sa\u00fade, Educa\u00e7\u00e3o, Gest\u00e3o e Direito intituladas &#8220;Sa\u00fade em Foco&#8221;, \u201cEduca\u00e7\u00e3o em Foco&#8221;, &#8220;Gest\u00e3o em Foco&#8221; e &#8220;Direito em Foco&#8221; contendo textos in\u00e9ditos.<br \/>\nDessa forma, com as Revistas pretendemos cumprir a sua grande miss\u00e3o, qual seja a de difundir o conhecimento produzido, procurando, destarte, melhorar o acesso a informa\u00e7\u00f5es cient\u00edficas nas \u00e1reas de sa\u00fade, educa\u00e7\u00e3o, gest\u00e3o e direito favorecendo a constru\u00e7\u00e3o de uma comunidade cient\u00edfica com consci\u00eancia cr\u00edtica e de forma mais equitativa.<br \/>\nCom a proposta de publica\u00e7\u00e3o com periodicidade semestral para cada uma delas desejamos divulgar trabalhos e pesquisas cient\u00edficas possibilitando o exerc\u00edcio anal\u00edtico e cr\u00edtico de quest\u00f5es sobre diversos aspectos entre eles que envolvam tamb\u00e9m a realidade brasileira.<br \/>\nA gera\u00e7\u00e3o do conhecimento est\u00e1 sempre em expans\u00e3o e \u00e9 um dos maiores e principais objetivos da Institui\u00e7\u00e3o. No entanto, n\u00e3o \u00e9 bastante s\u00f3 ger\u00e1-lo, h\u00e1 necessidade de divulg\u00e1-lo ao maior n\u00famero poss\u00edvel de pessoas.<br \/>\nNesta \u00e9poca de conhecimento e veicula\u00e7\u00e3o digital a Revista Eletr\u00f4nica \u00e9 muito bem-vinda e representa um esfor\u00e7o do corpo docente de todas as Institui\u00e7\u00f5es &#8220;irm\u00e3s&#8221; em melhorar o acesso a informa\u00e7\u00f5es cient\u00edficas nas \u00e1reas propostas. S\u00e3o formadas por um Corpo Editorial competente e que buscar\u00e1 al\u00e9m da indexa\u00e7\u00e3o, manuten\u00e7\u00e3o de sua periodicidade, a avalia\u00e7\u00f5es dos \u00f3rg\u00e3os reconhecidos.<br \/>\nNesta oportunidade, externamos nossos agradecimentos aos colaboradores desta primeira edi\u00e7\u00e3o, que com profundidade e pertin\u00eancia apresentam importantes reflex\u00f5es direcionando-nos a novos horizontes e perspectivas.<\/p>\n","protected":false},"excerpt":{"rendered":"<p>\u00c9 com grande alegria e satisfa\u00e7\u00e3o que a partir deste segundo semestre de 2009 o Grupo\u00a0 UNISEPE \u2013 Uni\u00e3o das Institui\u00e7\u00f5es de Servi\u00e7o, Ensino e Pesquisa Ltda, mantenedora das Faculdades Integradas do Vale do Ribeira, Faculdade de Peru\u00edbe, Centro Universit\u00e1rio Amparense, Faculdades Integradas ASMEC, Instituto de Ensino Superior de Pouso<\/p>\n","protected":false},"author":2,"featured_media":0,"parent":2650,"menu_order":0,"comment_status":"closed","ping_status":"closed","template":"templates\/template-pagina_menu_vertical.php","meta":{"footnotes":""},"categories":[],"tags":[],"class_list":["post-2653","page","type-page","status-publish","hentry"],"_links":{"self":[{"href":"https:\/\/portal.unisepe.com.br\/unifia\/wp-json\/wp\/v2\/pages\/2653","targetHints":{"allow":["GET"]}}],"collection":[{"href":"https:\/\/portal.unisepe.com.br\/unifia\/wp-json\/wp\/v2\/pages"}],"about":[{"href":"https:\/\/portal.unisepe.com.br\/unifia\/wp-json\/wp\/v2\/types\/page"}],"author":[{"embeddable":true,"href":"https:\/\/portal.unisepe.com.br\/unifia\/wp-json\/wp\/v2\/users\/2"}],"replies":[{"embeddable":true,"href":"https:\/\/portal.unisepe.com.br\/unifia\/wp-json\/wp\/v2\/comments?post=2653"}],"version-history":[{"count":2,"href":"https:\/\/portal.unisepe.com.br\/unifia\/wp-json\/wp\/v2\/pages\/2653\/revisions"}],"predecessor-version":[{"id":2673,"href":"https:\/\/portal.unisepe.com.br\/unifia\/wp-json\/wp\/v2\/pages\/2653\/revisions\/2673"}],"up":[{"embeddable":true,"href":"https:\/\/portal.unisepe.com.br\/unifia\/wp-json\/wp\/v2\/pages\/2650"}],"wp:attachment":[{"href":"https:\/\/portal.unisepe.com.br\/unifia\/wp-json\/wp\/v2\/media?parent=2653"}],"wp:term":[{"taxonomy":"category","embeddable":true,"href":"https:\/\/portal.unisepe.com.br\/unifia\/wp-json\/wp\/v2\/categories?post=2653"},{"taxonomy":"post_tag","embeddable":true,"href":"https:\/\/portal.unisepe.com.br\/unifia\/wp-json\/wp\/v2\/tags?post=2653"}],"curies":[{"name":"wp","href":"https:\/\/api.w.org\/{rel}","templated":true}]}}