{"id":2655,"date":"2018-06-06T19:39:21","date_gmt":"2018-06-06T22:39:21","guid":{"rendered":"http:\/\/portal.unisepe.com.br\/unifia\/?page_id=2655"},"modified":"2024-01-03T13:25:49","modified_gmt":"2024-01-03T16:25:49","slug":"comite-editorial","status":"publish","type":"page","link":"https:\/\/portal.unisepe.com.br\/unifia\/revistas-eletronicas\/comite-editorial\/","title":{"rendered":"Comit\u00ea Editorial"},"content":{"rendered":"<p><strong>Editor Respons\u00e1vel<\/strong><\/p>\n<ul>\n<li>F\u00e1bio Gomes de Ara\u00fajo \u2013 Centro Universit\u00e1rio Amparense \u2013 Amparo \u2013 SP<\/li>\n<\/ul>\n<p><strong>Conselho Editorial<\/strong><\/p>\n<ul>\n<li>Dem\u00e9trius Paiva Ar\u00e7ari \u2013 Centro Universit\u00e1rio Amparense \u2013 Amparo \u2013 SP<\/li>\n<li>Niube Ruggero \u2013 Membro externo<\/li>\n<\/ul>\n<p><strong>Respons\u00e1vel pela Normatiza\u00e7\u00e3o<\/strong><\/p>\n<ul>\n<li>Fernanda Pereira de Castro &#8211; Bibliotec\u00e1ria<\/li>\n<\/ul>\n<p><strong>Diagrama\u00e7\u00e3o<\/strong><\/p>\n<ul>\n<li>Fl\u00e1vio Donizeti de Oliveira<\/li>\n<li>Juliano Cazotti<\/li>\n<\/ul>\n","protected":false},"excerpt":{"rendered":"<p>Editor Respons\u00e1vel F\u00e1bio Gomes de Ara\u00fajo \u2013 Centro Universit\u00e1rio Amparense \u2013 Amparo \u2013 SP Conselho Editorial Dem\u00e9trius Paiva Ar\u00e7ari \u2013 Centro Universit\u00e1rio Amparense \u2013 Amparo \u2013 SP Niube Ruggero \u2013 Membro externo Respons\u00e1vel pela Normatiza\u00e7\u00e3o Fernanda Pereira de Castro &#8211; Bibliotec\u00e1ria Diagrama\u00e7\u00e3o Fl\u00e1vio Donizeti de Oliveira Juliano Cazotti<\/p>\n","protected":false},"author":2,"featured_media":0,"parent":2650,"menu_order":0,"comment_status":"closed","ping_status":"closed","template":"templates\/template-pagina_menu_vertical.php","meta":{"footnotes":""},"categories":[],"tags":[],"class_list":["post-2655","page","type-page","status-publish","hentry"],"_links":{"self":[{"href":"https:\/\/portal.unisepe.com.br\/unifia\/wp-json\/wp\/v2\/pages\/2655","targetHints":{"allow":["GET"]}}],"collection":[{"href":"https:\/\/portal.unisepe.com.br\/unifia\/wp-json\/wp\/v2\/pages"}],"about":[{"href":"https:\/\/portal.unisepe.com.br\/unifia\/wp-json\/wp\/v2\/types\/page"}],"author":[{"embeddable":true,"href":"https:\/\/portal.unisepe.com.br\/unifia\/wp-json\/wp\/v2\/users\/2"}],"replies":[{"embeddable":true,"href":"https:\/\/portal.unisepe.com.br\/unifia\/wp-json\/wp\/v2\/comments?post=2655"}],"version-history":[{"count":10,"href":"https:\/\/portal.unisepe.com.br\/unifia\/wp-json\/wp\/v2\/pages\/2655\/revisions"}],"predecessor-version":[{"id":9499,"href":"https:\/\/portal.unisepe.com.br\/unifia\/wp-json\/wp\/v2\/pages\/2655\/revisions\/9499"}],"up":[{"embeddable":true,"href":"https:\/\/portal.unisepe.com.br\/unifia\/wp-json\/wp\/v2\/pages\/2650"}],"wp:attachment":[{"href":"https:\/\/portal.unisepe.com.br\/unifia\/wp-json\/wp\/v2\/media?parent=2655"}],"wp:term":[{"taxonomy":"category","embeddable":true,"href":"https:\/\/portal.unisepe.com.br\/unifia\/wp-json\/wp\/v2\/categories?post=2655"},{"taxonomy":"post_tag","embeddable":true,"href":"https:\/\/portal.unisepe.com.br\/unifia\/wp-json\/wp\/v2\/tags?post=2655"}],"curies":[{"name":"wp","href":"https:\/\/api.w.org\/{rel}","templated":true}]}}