{"id":2657,"date":"2018-06-06T19:41:10","date_gmt":"2018-06-06T22:41:10","guid":{"rendered":"http:\/\/portal.unisepe.com.br\/unifia\/?page_id=2657"},"modified":"2018-06-06T19:50:09","modified_gmt":"2018-06-06T22:50:09","slug":"politica-de-secao","status":"publish","type":"page","link":"https:\/\/portal.unisepe.com.br\/unifia\/revistas-eletronicas\/politica-de-secao\/","title":{"rendered":"Pol\u00edtica de Se\u00e7\u00e3o"},"content":{"rendered":"<p>Artigos que apresentam abordagem in\u00e9dita sobre determinado assunto, ou assuntos in\u00e9ditos. Nesta se\u00e7\u00e3o \u00e9 importante a documenta\u00e7\u00e3o e a comunica\u00e7\u00e3o de investiga\u00e7\u00e3o in\u00e9dita feita pelo autor atrav\u00e9s de um texto bem formulado, apresentado de forma coesa e clara, situando a investiga\u00e7\u00e3o em contexto mais amplo nos assuntos que lhe s\u00e3o pertinentes perante a contemporaneidade e contendo informa\u00e7\u00f5es suficientes que permitam ao leitor uma avalia\u00e7\u00e3o clara e justa dos m\u00e9ritos do trabalho.<br \/>\nOs originais ser\u00e3o submetidos \u00e0 aprova\u00e7\u00e3o de especialistas reconhecidos nos temas tratados, sendo que os textos ser\u00e3o enviados para avalia\u00e7\u00e3o atrav\u00e9s do e-mail oficial da revista eletr\u00f4nica (<a href=\"mailto:revistaonline@unifia.edu.br\" target=\"_blank\" rel=\"noopener\">revistaonline@unifia.edu.br<\/a>).<br \/>\nPara artigos com autoria m\u00faltipla, \u00e9 necess\u00e1rio informar a ordem de apresenta\u00e7\u00e3o dos autores, juntamente com seus dados funcionais e institucionais, declara\u00e7\u00e3o com assinatura de todos os autores autorizando a publica\u00e7\u00e3o\u00a0em formul\u00e1rio devidamente fornecido por esta revista devendo ser enviada pelo correio ou e-mail com assinatura digitalizada.<br \/>\nOs trabalhos publicados passam a ser propriedade da\u00a0Revista Eletr\u00f4nica da UNISEPE ficando sua republica\u00e7\u00e3o, total ou parcial, sujeita \u00e0 autoriza\u00e7\u00e3o expressa do Conselho Editorial da mesma. Deve ser consignada a fonte de publica\u00e7\u00e3o original.<br \/>\nOs textos devem seguir as normas de reda\u00e7\u00e3o especificadas nas diretrizes para autores, sendo que a n\u00e3o observ\u00e2ncia destas normas pode prejudicar o processo de avalia\u00e7\u00e3o e a pr\u00f3pria credibilidade do autor.<\/p>\n","protected":false},"excerpt":{"rendered":"<p>Artigos que apresentam abordagem in\u00e9dita sobre determinado assunto, ou assuntos in\u00e9ditos. Nesta se\u00e7\u00e3o \u00e9 importante a documenta\u00e7\u00e3o e a comunica\u00e7\u00e3o de investiga\u00e7\u00e3o in\u00e9dita feita pelo autor atrav\u00e9s de um texto bem formulado, apresentado de forma coesa e clara, situando a investiga\u00e7\u00e3o em contexto mais amplo nos assuntos que lhe s\u00e3o<\/p>\n","protected":false},"author":2,"featured_media":0,"parent":2650,"menu_order":0,"comment_status":"closed","ping_status":"closed","template":"templates\/template-pagina_menu_vertical.php","meta":{"footnotes":""},"categories":[],"tags":[],"class_list":["post-2657","page","type-page","status-publish","hentry"],"_links":{"self":[{"href":"https:\/\/portal.unisepe.com.br\/unifia\/wp-json\/wp\/v2\/pages\/2657","targetHints":{"allow":["GET"]}}],"collection":[{"href":"https:\/\/portal.unisepe.com.br\/unifia\/wp-json\/wp\/v2\/pages"}],"about":[{"href":"https:\/\/portal.unisepe.com.br\/unifia\/wp-json\/wp\/v2\/types\/page"}],"author":[{"embeddable":true,"href":"https:\/\/portal.unisepe.com.br\/unifia\/wp-json\/wp\/v2\/users\/2"}],"replies":[{"embeddable":true,"href":"https:\/\/portal.unisepe.com.br\/unifia\/wp-json\/wp\/v2\/comments?post=2657"}],"version-history":[{"count":3,"href":"https:\/\/portal.unisepe.com.br\/unifia\/wp-json\/wp\/v2\/pages\/2657\/revisions"}],"predecessor-version":[{"id":2677,"href":"https:\/\/portal.unisepe.com.br\/unifia\/wp-json\/wp\/v2\/pages\/2657\/revisions\/2677"}],"up":[{"embeddable":true,"href":"https:\/\/portal.unisepe.com.br\/unifia\/wp-json\/wp\/v2\/pages\/2650"}],"wp:attachment":[{"href":"https:\/\/portal.unisepe.com.br\/unifia\/wp-json\/wp\/v2\/media?parent=2657"}],"wp:term":[{"taxonomy":"category","embeddable":true,"href":"https:\/\/portal.unisepe.com.br\/unifia\/wp-json\/wp\/v2\/categories?post=2657"},{"taxonomy":"post_tag","embeddable":true,"href":"https:\/\/portal.unisepe.com.br\/unifia\/wp-json\/wp\/v2\/tags?post=2657"}],"curies":[{"name":"wp","href":"https:\/\/api.w.org\/{rel}","templated":true}]}}