{"id":2659,"date":"2018-06-06T19:41:48","date_gmt":"2018-06-06T22:41:48","guid":{"rendered":"http:\/\/portal.unisepe.com.br\/unifia\/?page_id=2659"},"modified":"2018-06-06T19:51:27","modified_gmt":"2018-06-06T22:51:27","slug":"politica-de-acesso-livre","status":"publish","type":"page","link":"https:\/\/portal.unisepe.com.br\/unifia\/revistas-eletronicas\/politica-de-acesso-livre\/","title":{"rendered":"Pol\u00edtica de Acesso Livre"},"content":{"rendered":"<p>Esta revista proporciona acesso p\u00fablico a todo seu conte\u00fado, seguindo o princ\u00edpio de que tornar gratuito o acesso a pesquisas gera um maior interc\u00e2mbio global de conhecimento.<\/p>\n","protected":false},"excerpt":{"rendered":"<p>Esta revista proporciona acesso p\u00fablico a todo seu conte\u00fado, seguindo o princ\u00edpio de que tornar gratuito o acesso a pesquisas gera um maior interc\u00e2mbio global de conhecimento.<\/p>\n","protected":false},"author":2,"featured_media":0,"parent":2650,"menu_order":0,"comment_status":"closed","ping_status":"closed","template":"templates\/template-pagina_menu_vertical.php","meta":{"footnotes":""},"categories":[],"tags":[],"class_list":["post-2659","page","type-page","status-publish","hentry"],"_links":{"self":[{"href":"https:\/\/portal.unisepe.com.br\/unifia\/wp-json\/wp\/v2\/pages\/2659","targetHints":{"allow":["GET"]}}],"collection":[{"href":"https:\/\/portal.unisepe.com.br\/unifia\/wp-json\/wp\/v2\/pages"}],"about":[{"href":"https:\/\/portal.unisepe.com.br\/unifia\/wp-json\/wp\/v2\/types\/page"}],"author":[{"embeddable":true,"href":"https:\/\/portal.unisepe.com.br\/unifia\/wp-json\/wp\/v2\/users\/2"}],"replies":[{"embeddable":true,"href":"https:\/\/portal.unisepe.com.br\/unifia\/wp-json\/wp\/v2\/comments?post=2659"}],"version-history":[{"count":2,"href":"https:\/\/portal.unisepe.com.br\/unifia\/wp-json\/wp\/v2\/pages\/2659\/revisions"}],"predecessor-version":[{"id":2678,"href":"https:\/\/portal.unisepe.com.br\/unifia\/wp-json\/wp\/v2\/pages\/2659\/revisions\/2678"}],"up":[{"embeddable":true,"href":"https:\/\/portal.unisepe.com.br\/unifia\/wp-json\/wp\/v2\/pages\/2650"}],"wp:attachment":[{"href":"https:\/\/portal.unisepe.com.br\/unifia\/wp-json\/wp\/v2\/media?parent=2659"}],"wp:term":[{"taxonomy":"category","embeddable":true,"href":"https:\/\/portal.unisepe.com.br\/unifia\/wp-json\/wp\/v2\/categories?post=2659"},{"taxonomy":"post_tag","embeddable":true,"href":"https:\/\/portal.unisepe.com.br\/unifia\/wp-json\/wp\/v2\/tags?post=2659"}],"curies":[{"name":"wp","href":"https:\/\/api.w.org\/{rel}","templated":true}]}}