{"id":2663,"date":"2018-06-06T19:42:44","date_gmt":"2018-06-06T22:42:44","guid":{"rendered":"http:\/\/portal.unisepe.com.br\/unifia\/?page_id=2663"},"modified":"2026-01-05T13:38:51","modified_gmt":"2026-01-05T16:38:51","slug":"diretrizes-para-autores","status":"publish","type":"page","link":"https:\/\/portal.unisepe.com.br\/unifia\/revistas-eletronicas\/diretrizes-para-autores\/","title":{"rendered":"Diretrizes para Autores"},"content":{"rendered":"<p>Os manuscritos enviados \u00e0 se\u00e7\u00e3o ARTIGOS IN\u00c9DITOS devem conter:<\/p>\n<ul>\n<li>T\u00edtulo;<\/li>\n<li>Resumo;<\/li>\n<li>Ilustra\u00e7\u00f5es: figuras, mapas, imagens, desenhos, fotografias, gravuras, tabelas e gr\u00e1ficos) disponibilizados o mais pr\u00f3ximo poss\u00edvel do texto ao qual se referem e acompanhadas das respectivas legendas;<\/li>\n<li>Elementos p\u00f3s-textuais ao t\u00e9rmino da estrutura principal do manuscrito.<\/li>\n<\/ul>\n<p>As normas da Revista Cient\u00edfica do Grupo UNISEPE s\u00e3o adapta\u00e7\u00f5es das normas da ABNT \u2013 Associa\u00e7\u00e3o Brasileira de Normas T\u00e9cnicas. A responsabilidade pela edi\u00e7\u00e3o e adequa\u00e7\u00e3o dos manuscritos \u00e9 de responsabilidade do autor, assim como pelos dados referenciais da obra.<br \/>\n\u00c9 recomend\u00e1vel tamb\u00e9m que o autor fa\u00e7a uma revis\u00e3o completa da gram\u00e1tica do texto, se poss\u00edvel por profissional qualificado, para evitar incoer\u00eancias ou erros gramaticais, que por sua vez poder\u00e3o afetar gravemente a qualidade do artigo e a credibilidade do autor.<br \/>\nO processo de submiss\u00e3o \u00e9 feito unicamente via e-mail, pelo endere\u00e7o\u00a0<a href=\"mailto:revistaonline@unifia.edu.br\" target=\"_blank\" rel=\"noopener noreferrer\">revistaonline@unifia.edu.br<\/a><\/p>\n<p>&nbsp;<\/p>\n<ol>\n<li><a href=\"http:\/\/portal.unisepe.com.br\/unifia\/wp-content\/uploads\/sites\/10001\/2018\/06\/orientacoes_para_elaboracao_de_artigos_revista_eletronica.pdf\" target=\"_blank\" rel=\"noopener noreferrer\">Orienta\u00e7\u00f5es para Elabora\u00e7\u00e3o de Artigos<\/a><\/li>\n<li><a href=\"https:\/\/portal.unisepe.com.br\/unifia\/wp-content\/uploads\/sites\/10001\/2026\/01\/Template-Revista-Direito-em-Foco.docx\" target=\"_blank\" rel=\"noopener noreferrer\">Orienta\u00e7\u00f5es para Revista Direito em Foco<\/a><\/li>\n<li><a href=\"https:\/\/portal.unisepe.com.br\/unifia\/wp-content\/uploads\/sites\/10001\/2026\/01\/Template-Revista-Educacao-em-Foco.docx\" target=\"_blank\" rel=\"noopener noreferrer\">Orienta\u00e7\u00f5es para Revista Educa\u00e7\u00e3o em Foco<\/a><\/li>\n<li><a href=\"https:\/\/portal.unisepe.com.br\/unifia\/wp-content\/uploads\/sites\/10001\/2026\/01\/Template-Revista-Gestao-em-Foco.docx\" target=\"_blank\" rel=\"noopener noreferrer\">Orienta\u00e7\u00f5es para Revista Gest\u00e3o em Foco<\/a><\/li>\n<li><a href=\"https:\/\/portal.unisepe.com.br\/unifia\/wp-content\/uploads\/sites\/10001\/2026\/01\/Template-Revista-Saude-em-Foco.docx\" target=\"_blank\" rel=\"noopener noreferrer\">Orienta\u00e7\u00f5es para Revista Sa\u00fade em Foco<\/a><\/li>\n<li><a href=\"https:\/\/portal.unisepe.com.br\/unifia\/wp-content\/uploads\/sites\/10001\/2026\/01\/termo-autoria_e_direitos_2026.doc\" target=\"_blank\" rel=\"noopener noreferrer\">Termo Autoria e Direitos<\/a><\/li>\n<\/ol>\n<p>&nbsp;<\/p>\n","protected":false},"excerpt":{"rendered":"<p>Os manuscritos enviados \u00e0 se\u00e7\u00e3o ARTIGOS IN\u00c9DITOS devem conter: T\u00edtulo; Resumo; Ilustra\u00e7\u00f5es: figuras, mapas, imagens, desenhos, fotografias, gravuras, tabelas e gr\u00e1ficos) disponibilizados o mais pr\u00f3ximo poss\u00edvel do texto ao qual se referem e acompanhadas das respectivas legendas; Elementos p\u00f3s-textuais ao t\u00e9rmino da estrutura principal do manuscrito. As normas da Revista<\/p>\n","protected":false},"author":2,"featured_media":0,"parent":2650,"menu_order":0,"comment_status":"closed","ping_status":"closed","template":"templates\/template-pagina_menu_vertical.php","meta":{"footnotes":""},"categories":[],"tags":[],"class_list":["post-2663","page","type-page","status-publish","hentry"],"_links":{"self":[{"href":"https:\/\/portal.unisepe.com.br\/unifia\/wp-json\/wp\/v2\/pages\/2663","targetHints":{"allow":["GET"]}}],"collection":[{"href":"https:\/\/portal.unisepe.com.br\/unifia\/wp-json\/wp\/v2\/pages"}],"about":[{"href":"https:\/\/portal.unisepe.com.br\/unifia\/wp-json\/wp\/v2\/types\/page"}],"author":[{"embeddable":true,"href":"https:\/\/portal.unisepe.com.br\/unifia\/wp-json\/wp\/v2\/users\/2"}],"replies":[{"embeddable":true,"href":"https:\/\/portal.unisepe.com.br\/unifia\/wp-json\/wp\/v2\/comments?post=2663"}],"version-history":[{"count":24,"href":"https:\/\/portal.unisepe.com.br\/unifia\/wp-json\/wp\/v2\/pages\/2663\/revisions"}],"predecessor-version":[{"id":11381,"href":"https:\/\/portal.unisepe.com.br\/unifia\/wp-json\/wp\/v2\/pages\/2663\/revisions\/11381"}],"up":[{"embeddable":true,"href":"https:\/\/portal.unisepe.com.br\/unifia\/wp-json\/wp\/v2\/pages\/2650"}],"wp:attachment":[{"href":"https:\/\/portal.unisepe.com.br\/unifia\/wp-json\/wp\/v2\/media?parent=2663"}],"wp:term":[{"taxonomy":"category","embeddable":true,"href":"https:\/\/portal.unisepe.com.br\/unifia\/wp-json\/wp\/v2\/categories?post=2663"},{"taxonomy":"post_tag","embeddable":true,"href":"https:\/\/portal.unisepe.com.br\/unifia\/wp-json\/wp\/v2\/tags?post=2663"}],"curies":[{"name":"wp","href":"https:\/\/api.w.org\/{rel}","templated":true}]}}