{"id":2665,"date":"2018-06-06T19:43:02","date_gmt":"2018-06-06T22:43:02","guid":{"rendered":"http:\/\/portal.unisepe.com.br\/unifia\/?page_id=2665"},"modified":"2018-06-06T20:23:47","modified_gmt":"2018-06-06T23:23:47","slug":"foco-e-escopo","status":"publish","type":"page","link":"https:\/\/portal.unisepe.com.br\/unifia\/revistas-eletronicas\/foco-e-escopo\/","title":{"rendered":"Foco e Escopo"},"content":{"rendered":"<p>A Revista Eletr\u00f4nica do Grupo UNISEPE \u00e9 um peri\u00f3dico anual, com o objetivo maior de divulgar, discutir, promover e fomentar o desenvolvimento da ci\u00eancia em seus mais variados aspectos, atrav\u00e9s da publica\u00e7\u00e3o de artigos originais, revis\u00f5es da literatura, simp\u00f3sios tem\u00e1ticos, estudo te\u00f3rico, relato de experi\u00eancia profissional, pontos de vista, descri\u00e7\u00e3o de m\u00e9todos, t\u00e9cnicas, resumos de disserta\u00e7\u00f5es, monografias e teses e trabalhos apresentados em eventos cient\u00edficos.<br \/>\nOs manuscritos, que poder\u00e3o estar em portugu\u00eas, ingl\u00eas e espanhol, devem ser in\u00e9ditos e destinar-se exclusivamente \u00e0 Revista Eletr\u00f4nica da UNISEPE, n\u00e3o sendo permitida sua apresenta\u00e7\u00e3o simult\u00e2nea a outro peri\u00f3dico, tanto no que se refere ao texto, como figuras ou tabelas, quer na \u00edntegra ou parcialmente, excetuando-se resumos ou relat\u00f3rios preliminares publicados em Anais de Reuni\u00f5es Cient\u00edficas.<br \/>\nSer\u00e1 um dos principais meios de divulga\u00e7\u00e3o do conhecimento na \u00e1rea educacional no Brasil.\u00a0\u00c9 indexada em bases de dados nacionais. Seu Conselho Editorial, que tem car\u00e1ter consultivo, \u00e9 constitu\u00eddo por pesquisadores em diversas \u00e1reas da educa\u00e7\u00e3o de nacionalidade e origem institucional diversificados, e \u00e9 o principal respons\u00e1vel pela qualidade do conte\u00fado da revista.<br \/>\nOs autores poder\u00e3o fazer a submiss\u00e3o dos artigos diretamente via email e acompanhar todo o processo de publica\u00e7\u00e3o dos artigos submetidos, resultando em maior agilidade na edi\u00e7\u00e3o da publica\u00e7\u00e3o.<br \/>\nAo submeter seus artigos, os autores consentir\u00e3o na livre distribui\u00e7\u00e3o de seus trabalhos e transfer\u00eancia dos seus direitos, referentes \u00e0s leis de propriedade intelectual existentes.<br \/>\nA Revista Eletr\u00f4nica da UNISEPE n\u00e3o assume responsabilidade por conceitos e opini\u00f5es emitidos pelos autores dos manuscritos, porque n\u00e3o refletem necessariamente a opini\u00e3o do Comit\u00ea Editorial da revista.<\/p>\n","protected":false},"excerpt":{"rendered":"<p>A Revista Eletr\u00f4nica do Grupo UNISEPE \u00e9 um peri\u00f3dico anual, com o objetivo maior de divulgar, discutir, promover e fomentar o desenvolvimento da ci\u00eancia em seus mais variados aspectos, atrav\u00e9s da publica\u00e7\u00e3o de artigos originais, revis\u00f5es da literatura, simp\u00f3sios tem\u00e1ticos, estudo te\u00f3rico, relato de experi\u00eancia profissional, pontos de vista, descri\u00e7\u00e3o<\/p>\n","protected":false},"author":2,"featured_media":0,"parent":2650,"menu_order":0,"comment_status":"closed","ping_status":"closed","template":"templates\/template-pagina_menu_vertical.php","meta":{"footnotes":""},"categories":[],"tags":[],"class_list":["post-2665","page","type-page","status-publish","hentry"],"_links":{"self":[{"href":"https:\/\/portal.unisepe.com.br\/unifia\/wp-json\/wp\/v2\/pages\/2665","targetHints":{"allow":["GET"]}}],"collection":[{"href":"https:\/\/portal.unisepe.com.br\/unifia\/wp-json\/wp\/v2\/pages"}],"about":[{"href":"https:\/\/portal.unisepe.com.br\/unifia\/wp-json\/wp\/v2\/types\/page"}],"author":[{"embeddable":true,"href":"https:\/\/portal.unisepe.com.br\/unifia\/wp-json\/wp\/v2\/users\/2"}],"replies":[{"embeddable":true,"href":"https:\/\/portal.unisepe.com.br\/unifia\/wp-json\/wp\/v2\/comments?post=2665"}],"version-history":[{"count":2,"href":"https:\/\/portal.unisepe.com.br\/unifia\/wp-json\/wp\/v2\/pages\/2665\/revisions"}],"predecessor-version":[{"id":2692,"href":"https:\/\/portal.unisepe.com.br\/unifia\/wp-json\/wp\/v2\/pages\/2665\/revisions\/2692"}],"up":[{"embeddable":true,"href":"https:\/\/portal.unisepe.com.br\/unifia\/wp-json\/wp\/v2\/pages\/2650"}],"wp:attachment":[{"href":"https:\/\/portal.unisepe.com.br\/unifia\/wp-json\/wp\/v2\/media?parent=2665"}],"wp:term":[{"taxonomy":"category","embeddable":true,"href":"https:\/\/portal.unisepe.com.br\/unifia\/wp-json\/wp\/v2\/categories?post=2665"},{"taxonomy":"post_tag","embeddable":true,"href":"https:\/\/portal.unisepe.com.br\/unifia\/wp-json\/wp\/v2\/tags?post=2665"}],"curies":[{"name":"wp","href":"https:\/\/api.w.org\/{rel}","templated":true}]}}