{"id":2667,"date":"2018-06-06T19:43:25","date_gmt":"2018-06-06T22:43:25","guid":{"rendered":"http:\/\/portal.unisepe.com.br\/unifia\/?page_id=2667"},"modified":"2024-08-22T20:23:49","modified_gmt":"2024-08-22T23:23:49","slug":"direito-autoral","status":"publish","type":"page","link":"https:\/\/portal.unisepe.com.br\/unifia\/revistas-eletronicas\/direito-autoral\/","title":{"rendered":"Direito Autoral"},"content":{"rendered":"<p>Esta \u00e9 uma revista de acesso livre, que n\u00e3o cobra por publica\u00e7\u00e3o valores de quaisquer natureza. \u00c9, portanto, fundamental que o autor ao utilizar-se dela para publica\u00e7\u00e3o de trabalhos observe conduta apoiada em princ\u00edpios \u00e9ticos, de modo a respeitar o direito de propriedade intelectual sobre a obra a ser submetida.<br \/>\nDessa maneira, a Revista Eletr\u00f4nica do Grupo UNISEPE busca agir sob uma pol\u00edtica de publica\u00e7\u00e3o no intuito de proteger seus interesses como ve\u00edculo divulgador da ci\u00eancia, bem como garantir os interesses de seus colaboradores que aqui depositam sua confian\u00e7a publicando o resultado de suas pesquisas cient\u00edficas.<br \/>\nO termo de cess\u00e3o que segue \u00e9 regido pela lei n\u00b0 9.610\/1998, que altera, atualiza e consolida a legisla\u00e7\u00e3o sobre direitos autorais no Brasil.<br \/>\nOs artigos somente ser\u00e3o publicados mediante o recebimento do termo de confirma\u00e7\u00e3o de autoria e cess\u00e3o de direitos autorais.<\/p>\n<p>&nbsp;<\/p>\n<ul>\n<li><a href=\"https:\/\/portal.unisepe.com.br\/unifia\/wp-content\/uploads\/sites\/10001\/2024\/08\/termo-autoria_e_direitos_rev-SAA.doc\" target=\"_blank\" rel=\"noopener noreferrer\">Termo de Confirma\u00e7\u00e3o de autoria e Cess\u00e3o de Direitos autorais<\/a><\/li>\n<\/ul>\n","protected":false},"excerpt":{"rendered":"<p>Esta \u00e9 uma revista de acesso livre, que n\u00e3o cobra por publica\u00e7\u00e3o valores de quaisquer natureza. \u00c9, portanto, fundamental que o autor ao utilizar-se dela para publica\u00e7\u00e3o de trabalhos observe conduta apoiada em princ\u00edpios \u00e9ticos, de modo a respeitar o direito de propriedade intelectual sobre a obra a ser submetida.<\/p>\n","protected":false},"author":2,"featured_media":0,"parent":2650,"menu_order":0,"comment_status":"closed","ping_status":"closed","template":"templates\/template-pagina_menu_vertical.php","meta":{"footnotes":""},"categories":[],"tags":[],"class_list":["post-2667","page","type-page","status-publish","hentry"],"_links":{"self":[{"href":"https:\/\/portal.unisepe.com.br\/unifia\/wp-json\/wp\/v2\/pages\/2667","targetHints":{"allow":["GET"]}}],"collection":[{"href":"https:\/\/portal.unisepe.com.br\/unifia\/wp-json\/wp\/v2\/pages"}],"about":[{"href":"https:\/\/portal.unisepe.com.br\/unifia\/wp-json\/wp\/v2\/types\/page"}],"author":[{"embeddable":true,"href":"https:\/\/portal.unisepe.com.br\/unifia\/wp-json\/wp\/v2\/users\/2"}],"replies":[{"embeddable":true,"href":"https:\/\/portal.unisepe.com.br\/unifia\/wp-json\/wp\/v2\/comments?post=2667"}],"version-history":[{"count":4,"href":"https:\/\/portal.unisepe.com.br\/unifia\/wp-json\/wp\/v2\/pages\/2667\/revisions"}],"predecessor-version":[{"id":10322,"href":"https:\/\/portal.unisepe.com.br\/unifia\/wp-json\/wp\/v2\/pages\/2667\/revisions\/10322"}],"up":[{"embeddable":true,"href":"https:\/\/portal.unisepe.com.br\/unifia\/wp-json\/wp\/v2\/pages\/2650"}],"wp:attachment":[{"href":"https:\/\/portal.unisepe.com.br\/unifia\/wp-json\/wp\/v2\/media?parent=2667"}],"wp:term":[{"taxonomy":"category","embeddable":true,"href":"https:\/\/portal.unisepe.com.br\/unifia\/wp-json\/wp\/v2\/categories?post=2667"},{"taxonomy":"post_tag","embeddable":true,"href":"https:\/\/portal.unisepe.com.br\/unifia\/wp-json\/wp\/v2\/tags?post=2667"}],"curies":[{"name":"wp","href":"https:\/\/api.w.org\/{rel}","templated":true}]}}