{"id":2733,"date":"2018-06-07T14:08:09","date_gmt":"2018-06-07T17:08:09","guid":{"rendered":"http:\/\/portal.unisepe.com.br\/unifia\/?page_id=2733"},"modified":"2018-06-07T14:08:09","modified_gmt":"2018-06-07T17:08:09","slug":"ano-2011","status":"publish","type":"page","link":"https:\/\/portal.unisepe.com.br\/unifia\/direito-em-foco\/ano-2011\/","title":{"rendered":"Ano 2011"},"content":{"rendered":"<h6>Artigos<\/h6>\n<p>&nbsp;<\/p>\n<ul>\n<li><a href=\"http:\/\/portal.unisepe.com.br\/unifia\/wp-content\/uploads\/sites\/10001\/2018\/06\/Direito_em_foco_Ensaio-Ontologico.pdf\" target=\"_blank\" rel=\"noopener\">Ensaio Ontol\u00f3gico sobre a Postura do Homem no Mundo.<\/a><br \/>\n<em>Jos\u00e9 Eduardo Miranda. &#8211; Faculdades Integradas do Vale do Ribeira. <\/em><br \/>\n<em>Andr\u00e9a Corr\u00eaa Lima. &#8211; Professora Universit\u00e1ria, Advogada.<\/em><\/li>\n<\/ul>\n<hr \/>\n<ul>\n<li><a href=\"http:\/\/portal.unisepe.com.br\/unifia\/wp-content\/uploads\/sites\/10001\/2018\/06\/Direito_em_foco_Poderes-instrutorios-do-juiz.pdf\" target=\"_blank\" rel=\"noopener\">Poderes Instrut\u00f3rios do Juiz no Processo Civil.<\/a><br \/>\n<em>Rutinaldo da Silva Bastos.<\/em><\/li>\n<\/ul>\n<hr \/>\n<ul>\n<li><a href=\"http:\/\/portal.unisepe.com.br\/unifia\/wp-content\/uploads\/sites\/10001\/2018\/06\/Direito_em_foco_Tripalium.pdf\" target=\"_blank\" rel=\"noopener\">TRIPALIUM: O trabalho como maldi\u00e7\u00e3o, como crime e como puni\u00e7\u00e3o.<\/a><br \/>\n<em>Eduardo Antonio Bonzatto.<\/em><\/li>\n<\/ul>\n<hr \/>\n","protected":false},"excerpt":{"rendered":"<p>Artigos &nbsp; Ensaio Ontol\u00f3gico sobre a Postura do Homem no Mundo. Jos\u00e9 Eduardo Miranda. &#8211; Faculdades Integradas do Vale do Ribeira. Andr\u00e9a Corr\u00eaa Lima. &#8211; Professora Universit\u00e1ria, Advogada. Poderes Instrut\u00f3rios do Juiz no Processo Civil. Rutinaldo da Silva Bastos. TRIPALIUM: O trabalho como maldi\u00e7\u00e3o, como crime e como puni\u00e7\u00e3o. Eduardo<\/p>\n","protected":false},"author":2,"featured_media":0,"parent":2722,"menu_order":0,"comment_status":"closed","ping_status":"closed","template":"templates\/template-pagina_menu_vertical.php","meta":{"footnotes":""},"categories":[],"tags":[],"class_list":["post-2733","page","type-page","status-publish","hentry"],"_links":{"self":[{"href":"https:\/\/portal.unisepe.com.br\/unifia\/wp-json\/wp\/v2\/pages\/2733","targetHints":{"allow":["GET"]}}],"collection":[{"href":"https:\/\/portal.unisepe.com.br\/unifia\/wp-json\/wp\/v2\/pages"}],"about":[{"href":"https:\/\/portal.unisepe.com.br\/unifia\/wp-json\/wp\/v2\/types\/page"}],"author":[{"embeddable":true,"href":"https:\/\/portal.unisepe.com.br\/unifia\/wp-json\/wp\/v2\/users\/2"}],"replies":[{"embeddable":true,"href":"https:\/\/portal.unisepe.com.br\/unifia\/wp-json\/wp\/v2\/comments?post=2733"}],"version-history":[{"count":1,"href":"https:\/\/portal.unisepe.com.br\/unifia\/wp-json\/wp\/v2\/pages\/2733\/revisions"}],"predecessor-version":[{"id":2737,"href":"https:\/\/portal.unisepe.com.br\/unifia\/wp-json\/wp\/v2\/pages\/2733\/revisions\/2737"}],"up":[{"embeddable":true,"href":"https:\/\/portal.unisepe.com.br\/unifia\/wp-json\/wp\/v2\/pages\/2722"}],"wp:attachment":[{"href":"https:\/\/portal.unisepe.com.br\/unifia\/wp-json\/wp\/v2\/media?parent=2733"}],"wp:term":[{"taxonomy":"category","embeddable":true,"href":"https:\/\/portal.unisepe.com.br\/unifia\/wp-json\/wp\/v2\/categories?post=2733"},{"taxonomy":"post_tag","embeddable":true,"href":"https:\/\/portal.unisepe.com.br\/unifia\/wp-json\/wp\/v2\/tags?post=2733"}],"curies":[{"name":"wp","href":"https:\/\/api.w.org\/{rel}","templated":true}]}}