{"id":2738,"date":"2018-06-07T14:12:13","date_gmt":"2018-06-07T17:12:13","guid":{"rendered":"http:\/\/portal.unisepe.com.br\/unifia\/?page_id=2738"},"modified":"2018-06-07T14:12:13","modified_gmt":"2018-06-07T17:12:13","slug":"ano-2012","status":"publish","type":"page","link":"https:\/\/portal.unisepe.com.br\/unifia\/direito-em-foco\/ano-2012\/","title":{"rendered":"Ano 2012"},"content":{"rendered":"<h6>Artigos<\/h6>\n<p>&nbsp;<\/p>\n<ul>\n<li><a href=\"http:\/\/portal.unisepe.com.br\/unifia\/wp-content\/uploads\/sites\/10001\/2018\/06\/desigualdade_imposta.pdf\" target=\"_blank\" rel=\"noopener\">A Desigualdade Imposta pelos pap\u00e9is de Homem e Mulher.<\/a><br \/>\n<em>Carla da Silva.<\/em><\/li>\n<\/ul>\n<hr \/>\n<ul>\n<li><a href=\"http:\/\/portal.unisepe.com.br\/unifia\/wp-content\/uploads\/sites\/10001\/2018\/06\/processo_demarcacao.pdf\" target=\"_blank\" rel=\"noopener\">O Processo de Demarca\u00e7\u00e3o da Terra Ind\u00edgena Pia\u00e7aguera e o Direito \u00e0 Identidade Cultural.<\/a><br \/>\n<em>Rosangela Barbosa.<\/em><\/li>\n<\/ul>\n<hr \/>\n<ul>\n<li><a href=\"http:\/\/portal.unisepe.com.br\/unifia\/wp-content\/uploads\/sites\/10001\/2018\/06\/fosseis_constituicao.pdf\" target=\"_blank\" rel=\"noopener\">Os F\u00f3sseis na Constitui\u00e7\u00e3o Federal Brasileira.<\/a><br \/>\n<em>Jalusa Preste Abaide.<\/em><\/li>\n<\/ul>\n<hr \/>\n","protected":false},"excerpt":{"rendered":"<p>Artigos &nbsp; A Desigualdade Imposta pelos pap\u00e9is de Homem e Mulher. Carla da Silva. O Processo de Demarca\u00e7\u00e3o da Terra Ind\u00edgena Pia\u00e7aguera e o Direito \u00e0 Identidade Cultural. Rosangela Barbosa. Os F\u00f3sseis na Constitui\u00e7\u00e3o Federal Brasileira. Jalusa Preste Abaide.<\/p>\n","protected":false},"author":2,"featured_media":0,"parent":2722,"menu_order":0,"comment_status":"closed","ping_status":"closed","template":"templates\/template-pagina_menu_vertical.php","meta":{"footnotes":""},"categories":[],"tags":[],"class_list":["post-2738","page","type-page","status-publish","hentry"],"_links":{"self":[{"href":"https:\/\/portal.unisepe.com.br\/unifia\/wp-json\/wp\/v2\/pages\/2738","targetHints":{"allow":["GET"]}}],"collection":[{"href":"https:\/\/portal.unisepe.com.br\/unifia\/wp-json\/wp\/v2\/pages"}],"about":[{"href":"https:\/\/portal.unisepe.com.br\/unifia\/wp-json\/wp\/v2\/types\/page"}],"author":[{"embeddable":true,"href":"https:\/\/portal.unisepe.com.br\/unifia\/wp-json\/wp\/v2\/users\/2"}],"replies":[{"embeddable":true,"href":"https:\/\/portal.unisepe.com.br\/unifia\/wp-json\/wp\/v2\/comments?post=2738"}],"version-history":[{"count":1,"href":"https:\/\/portal.unisepe.com.br\/unifia\/wp-json\/wp\/v2\/pages\/2738\/revisions"}],"predecessor-version":[{"id":2742,"href":"https:\/\/portal.unisepe.com.br\/unifia\/wp-json\/wp\/v2\/pages\/2738\/revisions\/2742"}],"up":[{"embeddable":true,"href":"https:\/\/portal.unisepe.com.br\/unifia\/wp-json\/wp\/v2\/pages\/2722"}],"wp:attachment":[{"href":"https:\/\/portal.unisepe.com.br\/unifia\/wp-json\/wp\/v2\/media?parent=2738"}],"wp:term":[{"taxonomy":"category","embeddable":true,"href":"https:\/\/portal.unisepe.com.br\/unifia\/wp-json\/wp\/v2\/categories?post=2738"},{"taxonomy":"post_tag","embeddable":true,"href":"https:\/\/portal.unisepe.com.br\/unifia\/wp-json\/wp\/v2\/tags?post=2738"}],"curies":[{"name":"wp","href":"https:\/\/api.w.org\/{rel}","templated":true}]}}