{"id":2743,"date":"2018-06-07T14:16:39","date_gmt":"2018-06-07T17:16:39","guid":{"rendered":"http:\/\/portal.unisepe.com.br\/unifia\/?page_id=2743"},"modified":"2018-06-07T14:16:39","modified_gmt":"2018-06-07T17:16:39","slug":"ano-2013","status":"publish","type":"page","link":"https:\/\/portal.unisepe.com.br\/unifia\/direito-em-foco\/ano-2013\/","title":{"rendered":"Ano 2013"},"content":{"rendered":"<h6>Artigos<\/h6>\n<p>&nbsp;<\/p>\n<ul>\n<li><a href=\"http:\/\/portal.unisepe.com.br\/unifia\/wp-content\/uploads\/sites\/10001\/2018\/06\/mandato_seg.pdf\" target=\"_blank\" rel=\"noopener\">O Cabimento de Mandato de Seguran\u00e7a Pelo Minist\u00e9rio P\u00fablico: garantismo positivo e pol\u00edtica integral de prote\u00e7\u00e3o de direitos<\/a><br \/>\n<em>Aline Hadad Ladeira, Rony Amaral.<\/em><\/li>\n<\/ul>\n<hr \/>\n<ul>\n<li><a href=\"http:\/\/portal.unisepe.com.br\/unifia\/wp-content\/uploads\/sites\/10001\/2018\/06\/exp_cinema.pdf\" target=\"_blank\" rel=\"noopener\">A Experi\u00eancia do Cinema como Mecanismo Influenciador no Estudo Filos\u00f3fico-Jur\u00eddico<\/a><br \/>\n<em>Soraia Castellano.<\/em><\/li>\n<\/ul>\n<hr \/>\n","protected":false},"excerpt":{"rendered":"<p>Artigos &nbsp; O Cabimento de Mandato de Seguran\u00e7a Pelo Minist\u00e9rio P\u00fablico: garantismo positivo e pol\u00edtica integral de prote\u00e7\u00e3o de direitos Aline Hadad Ladeira, Rony Amaral. A Experi\u00eancia do Cinema como Mecanismo Influenciador no Estudo Filos\u00f3fico-Jur\u00eddico Soraia Castellano.<\/p>\n","protected":false},"author":2,"featured_media":0,"parent":2722,"menu_order":0,"comment_status":"closed","ping_status":"closed","template":"templates\/template-pagina_menu_vertical.php","meta":{"footnotes":""},"categories":[],"tags":[],"class_list":["post-2743","page","type-page","status-publish","hentry"],"_links":{"self":[{"href":"https:\/\/portal.unisepe.com.br\/unifia\/wp-json\/wp\/v2\/pages\/2743","targetHints":{"allow":["GET"]}}],"collection":[{"href":"https:\/\/portal.unisepe.com.br\/unifia\/wp-json\/wp\/v2\/pages"}],"about":[{"href":"https:\/\/portal.unisepe.com.br\/unifia\/wp-json\/wp\/v2\/types\/page"}],"author":[{"embeddable":true,"href":"https:\/\/portal.unisepe.com.br\/unifia\/wp-json\/wp\/v2\/users\/2"}],"replies":[{"embeddable":true,"href":"https:\/\/portal.unisepe.com.br\/unifia\/wp-json\/wp\/v2\/comments?post=2743"}],"version-history":[{"count":1,"href":"https:\/\/portal.unisepe.com.br\/unifia\/wp-json\/wp\/v2\/pages\/2743\/revisions"}],"predecessor-version":[{"id":2746,"href":"https:\/\/portal.unisepe.com.br\/unifia\/wp-json\/wp\/v2\/pages\/2743\/revisions\/2746"}],"up":[{"embeddable":true,"href":"https:\/\/portal.unisepe.com.br\/unifia\/wp-json\/wp\/v2\/pages\/2722"}],"wp:attachment":[{"href":"https:\/\/portal.unisepe.com.br\/unifia\/wp-json\/wp\/v2\/media?parent=2743"}],"wp:term":[{"taxonomy":"category","embeddable":true,"href":"https:\/\/portal.unisepe.com.br\/unifia\/wp-json\/wp\/v2\/categories?post=2743"},{"taxonomy":"post_tag","embeddable":true,"href":"https:\/\/portal.unisepe.com.br\/unifia\/wp-json\/wp\/v2\/tags?post=2743"}],"curies":[{"name":"wp","href":"https:\/\/api.w.org\/{rel}","templated":true}]}}