{"id":2747,"date":"2018-06-07T14:25:11","date_gmt":"2018-06-07T17:25:11","guid":{"rendered":"http:\/\/portal.unisepe.com.br\/unifia\/?page_id=2747"},"modified":"2018-06-07T14:25:11","modified_gmt":"2018-06-07T17:25:11","slug":"ano-2014","status":"publish","type":"page","link":"https:\/\/portal.unisepe.com.br\/unifia\/direito-em-foco\/ano-2014\/","title":{"rendered":"Ano 2014"},"content":{"rendered":"<h6>Artigos<\/h6>\n<p>&nbsp;<\/p>\n<ul>\n<li><a href=\"http:\/\/portal.unisepe.com.br\/unifia\/wp-content\/uploads\/sites\/10001\/2018\/06\/ensino_juridico.pdf\" target=\"_blank\" rel=\"noopener\">O ENSINO JUR\u00cdDICO NO BRASIL<\/a><br \/>\n<em>Patr\u00edcia Regina de Moraes<\/em><br \/>\n<em>Indira Coelho de Souza<\/em><br \/>\n<em>Denise Almada de Oliveira Pinto<\/em><br \/>\n<em>Sebasti\u00e3o Jos\u00e9 Estevam<\/em><br \/>\n<em>Alessandra da Silva Lima<\/em><\/li>\n<\/ul>\n<hr \/>\n<ul>\n<li><a href=\"http:\/\/portal.unisepe.com.br\/unifia\/wp-content\/uploads\/sites\/10001\/2018\/06\/teoria_representacoes.pdf\" target=\"_blank\" rel=\"noopener\">A TEORIA DAS REPRESENTA\u00c7\u00d5ES SOCIAIS<\/a><br \/>\n<em>Patr\u00edcia Regina de Moraes<\/em><br \/>\n<em>Indira Coelho de Souza<\/em><br \/>\n<em>Denise Almada de Oliveira Pinto<\/em><br \/>\n<em>Sebasti\u00e3o Jos\u00e9 Estevam<\/em><br \/>\n<em>Wanderley Adaid Munhoz<\/em><\/li>\n<\/ul>\n<hr \/>\n<ul>\n<li><a href=\"http:\/\/portal.unisepe.com.br\/unifia\/wp-content\/uploads\/sites\/10001\/2018\/06\/olhar.pdf\" target=\"_blank\" rel=\"noopener\">O OLHAR DO SERVI\u00c7O SOCIAL NA ADO\u00c7\u00c3O<\/a><br \/>\n<em>Nilv\u00e2nia Maria Vicentini Staffoker<\/em><br \/>\n<em>Silmara Cristina Ramos Quintana<\/em><\/li>\n<\/ul>\n<hr \/>\n<ul>\n<li><a href=\"http:\/\/portal.unisepe.com.br\/unifia\/wp-content\/uploads\/sites\/10001\/2018\/06\/assist_social.pdf\" target=\"_blank\" rel=\"noopener\">ASSIST\u00caNCIA SOCIAL E O CONCEITO DE MISERABILIDADE: UMA NECESS\u00c1RIA REVISITA\u00c7\u00c3O DO TEMA<\/a><br \/>\n<em>Cristiano Silva de Almeida<\/em><\/li>\n<\/ul>\n<hr \/>\n<ul>\n<li><a href=\"http:\/\/portal.unisepe.com.br\/unifia\/wp-content\/uploads\/sites\/10001\/2018\/06\/medidas_socioeducativas.pdf\" target=\"_blank\" rel=\"noopener\">AS MEDIDAS SOCIOEDUCATIVAS EM MEIO ABERTO E O PAPEL DA PSICOLOGIA NO PROCESSO DE READAPTA\u00c7\u00c3O SOCIAL<\/a><br \/>\n<em>Em\u00edlio Hilarino Silva Filho<\/em><br \/>\n<em>Patricia Regina Moraes<\/em><\/li>\n<\/ul>\n<hr \/>\n<ul>\n<li><a href=\"http:\/\/portal.unisepe.com.br\/unifia\/wp-content\/uploads\/sites\/10001\/2018\/06\/controle_jurisdicional.pdf\" target=\"_blank\" rel=\"noopener\">CONTROLE JURISDICIONAL DA EXTRAFISCALIDADE DOS TRIBUTOS<\/a><br \/>\n<em>Diogo Bacha e Silva<\/em><\/li>\n<\/ul>\n","protected":false},"excerpt":{"rendered":"<p>Artigos &nbsp; O ENSINO JUR\u00cdDICO NO BRASIL Patr\u00edcia Regina de Moraes Indira Coelho de Souza Denise Almada de Oliveira Pinto Sebasti\u00e3o Jos\u00e9 Estevam Alessandra da Silva Lima A TEORIA DAS REPRESENTA\u00c7\u00d5ES SOCIAIS Patr\u00edcia Regina de Moraes Indira Coelho de Souza Denise Almada de Oliveira Pinto Sebasti\u00e3o Jos\u00e9 Estevam Wanderley Adaid<\/p>\n","protected":false},"author":2,"featured_media":0,"parent":2722,"menu_order":0,"comment_status":"closed","ping_status":"closed","template":"templates\/template-pagina_menu_vertical.php","meta":{"footnotes":""},"categories":[],"tags":[],"class_list":["post-2747","page","type-page","status-publish","hentry"],"_links":{"self":[{"href":"https:\/\/portal.unisepe.com.br\/unifia\/wp-json\/wp\/v2\/pages\/2747","targetHints":{"allow":["GET"]}}],"collection":[{"href":"https:\/\/portal.unisepe.com.br\/unifia\/wp-json\/wp\/v2\/pages"}],"about":[{"href":"https:\/\/portal.unisepe.com.br\/unifia\/wp-json\/wp\/v2\/types\/page"}],"author":[{"embeddable":true,"href":"https:\/\/portal.unisepe.com.br\/unifia\/wp-json\/wp\/v2\/users\/2"}],"replies":[{"embeddable":true,"href":"https:\/\/portal.unisepe.com.br\/unifia\/wp-json\/wp\/v2\/comments?post=2747"}],"version-history":[{"count":1,"href":"https:\/\/portal.unisepe.com.br\/unifia\/wp-json\/wp\/v2\/pages\/2747\/revisions"}],"predecessor-version":[{"id":2754,"href":"https:\/\/portal.unisepe.com.br\/unifia\/wp-json\/wp\/v2\/pages\/2747\/revisions\/2754"}],"up":[{"embeddable":true,"href":"https:\/\/portal.unisepe.com.br\/unifia\/wp-json\/wp\/v2\/pages\/2722"}],"wp:attachment":[{"href":"https:\/\/portal.unisepe.com.br\/unifia\/wp-json\/wp\/v2\/media?parent=2747"}],"wp:term":[{"taxonomy":"category","embeddable":true,"href":"https:\/\/portal.unisepe.com.br\/unifia\/wp-json\/wp\/v2\/categories?post=2747"},{"taxonomy":"post_tag","embeddable":true,"href":"https:\/\/portal.unisepe.com.br\/unifia\/wp-json\/wp\/v2\/tags?post=2747"}],"curies":[{"name":"wp","href":"https:\/\/api.w.org\/{rel}","templated":true}]}}