{"id":2755,"date":"2018-06-07T14:35:22","date_gmt":"2018-06-07T17:35:22","guid":{"rendered":"http:\/\/portal.unisepe.com.br\/unifia\/?page_id=2755"},"modified":"2018-06-07T16:20:31","modified_gmt":"2018-06-07T19:20:31","slug":"ano-2015","status":"publish","type":"page","link":"https:\/\/portal.unisepe.com.br\/unifia\/direito-em-foco\/ano-2015\/","title":{"rendered":"Ano 2015"},"content":{"rendered":"<h6>Artigos<\/h6>\n<p>&nbsp;<\/p>\n<ul>\n<li><a href=\"http:\/\/portal.unisepe.com.br\/unifia\/wp-content\/uploads\/sites\/10001\/2018\/06\/1-constitucionalismo.pdf\" target=\"_blank\" rel=\"noopener\">CONSTITUCIONALISMO E DEMOCRACIA: O ESTADO CONSTITUCIONAL E A PERMANENTE TENS\u00c3O ENTRE PODER E DIREITOS &#8211; p\u00e1g 1 \u00e0 14<\/a><br \/>\n<em>Geraldo Luiz Vianna<\/em><\/li>\n<\/ul>\n<hr \/>\n<ul>\n<li><a href=\"http:\/\/portal.unisepe.com.br\/unifia\/wp-content\/uploads\/sites\/10001\/2018\/06\/2fonteshidricas.pdf\" target=\"_blank\" rel=\"noopener\">PROTE\u00c7\u00c3O JUR\u00cdDICA DOS MANANCIAIS AQU\u00c1TICOS: RESPONSABILIDADE PENAL &#8211; p\u00e1g 15 \u00e0 30<\/a><br \/>\n<em>Cristiano Silva de Almeida<\/em><br \/>\n<em>Aline Moreira de Oliveira<\/em><\/li>\n<\/ul>\n<hr \/>\n<ul>\n<li><a href=\"http:\/\/portal.unisepe.com.br\/unifia\/wp-content\/uploads\/sites\/10001\/2018\/06\/3deficitatencao.pdf\" target=\"_blank\" rel=\"noopener\">O D\u00c9FICIT DE ATEN\u00c7\u00c3O E HIPERATIVIDADE: FATORES EDUCACIONAIS DETERMINANTES PARA A INCLUS\u00c3O DE INDIV\u00cdDUOS &#8211; p\u00e1g 31 \u00e0 40<\/a><br \/>\n<em>Cristiano Silva de Almeida<\/em><\/li>\n<\/ul>\n<hr \/>\n<ul>\n<li><a href=\"http:\/\/portal.unisepe.com.br\/unifia\/wp-content\/uploads\/sites\/10001\/2018\/06\/4desapropriacao.pdf\" target=\"_blank\" rel=\"noopener\">A DESAPROPRIA\u00c7\u00c3O INDIRETA E A DEMARCA\u00c7\u00c3O DE TERRAS IND\u00cdGENAS &#8211; p\u00e1g 41 \u00e0 64<\/a><br \/>\n<em>Renata Cristina da Silva Nunes<\/em><br \/>\n<em>Cristiano Silva de Almeida<\/em><\/li>\n<\/ul>\n<hr \/>\n<ul>\n<li><a href=\"http:\/\/portal.unisepe.com.br\/unifia\/wp-content\/uploads\/sites\/10001\/2018\/06\/5contrato_func_social.pdf\" target=\"_blank\" rel=\"noopener\">O CONTRATO E A SUA FUN\u00c7\u00c3O SOCIAL NO DIREITO BRASILEIRO &#8211; p\u00e1g 120 \u00e0 129<\/a><br \/>\n<em>Ant\u00f4nio Carlos Alves de Oliveira<\/em><br \/>\n<em>Wagner Saraiva Ferreira Lemgruber Boechat<\/em><\/li>\n<\/ul>\n<hr \/>\n<ul>\n<li><a href=\"http:\/\/portal.unisepe.com.br\/unifia\/wp-content\/uploads\/sites\/10001\/2018\/06\/6ambi_equilibrado.pdf\" target=\"_blank\" rel=\"noopener\">MEIO AMBIENTE DE TRABALHO EQUILIBRADO COMO INSTRUMENTO DE PROTE\u00c7\u00c3O DA SA\u00daDE DO TRABALHADOR E DE TODA A COLETIVIDADE &#8211; p\u00e1g 130 \u00e0 144<\/a><br \/>\n<em>Alexander Neves Lopes<\/em><br \/>\n<em>Fernando Ferrari Duch<\/em><br \/>\n<em>Rayanna Martins Brito<\/em><br \/>\n<em>Renato Luiz de Jesus<\/em><\/li>\n<\/ul>\n<hr \/>\n<ul>\n<li><a href=\"http:\/\/portal.unisepe.com.br\/unifia\/wp-content\/uploads\/sites\/10001\/2018\/06\/7princ_dig_humana.pdf\" target=\"_blank\" rel=\"noopener\">O PRINC\u00cdPIO DA DIGNIDADE HUMANA NO DIREITO PENAL JUVENIL &#8211; p\u00e1g 145 \u00e0 161<\/a><br \/>\n<em>Alexander Neves Lopes<\/em><br \/>\n<em>Fernando Ferrari Duch<\/em><br \/>\n<em>Rayanna Martins Brito<\/em><br \/>\n<em>Renato Luiz de Jesus<\/em><\/li>\n<\/ul>\n<hr \/>\n<ul>\n<li><a href=\"http:\/\/portal.unisepe.com.br\/unifia\/wp-content\/uploads\/sites\/10001\/2018\/06\/8direito_seg_publica.pdf\" target=\"_blank\" rel=\"noopener\">DIREITO \u00c0 SEGURAN\u00c7A P\u00daBLICA E ARMAS DE FOGO: A IMPERATIVIDADE DE PRESERVA\u00c7\u00c3O DOS DIREITOS FUNDAMENTAIS INDIVIDUAIS &#8211; p\u00e1g 162 \u00e0 184<\/a><br \/>\n<em>Rodrigo Oliveira Ragni de Castro Leite<\/em><\/li>\n<\/ul>\n<hr \/>\n<ul>\n<li><a href=\"http:\/\/portal.unisepe.com.br\/unifia\/wp-content\/uploads\/sites\/10001\/2018\/06\/9impost_efetivacao.pdf\" target=\"_blank\" rel=\"noopener\">A IMPOSTERG\u00c1VEL EFETIVA\u00c7\u00c3O DOS DIREITOS SOCIAIS &#8211; p\u00e1g 185 \u00e0 193<\/a><br \/>\n<em>Alexander Neves Lopes<\/em><br \/>\n<em>Fernando Ferrari Duch<\/em><br \/>\n<em>Rayanna Martins Brito<\/em><br \/>\n<em>Renato Luiz de Jesus<\/em><\/li>\n<\/ul>\n<hr \/>\n<ul>\n<li><a href=\"http:\/\/portal.unisepe.com.br\/unifia\/wp-content\/uploads\/sites\/10001\/2018\/06\/10impost_efetivacao.pdf\" target=\"_blank\" rel=\"noopener\">ESTIGMA, PRECONCEITO, DISCRIMINA\u00c7\u00c3O: PERCAL\u00c7OS DA CIDADANIA \u2013 UMA RESENHA DO ESTUDO ELABORADO PELO PROF. DR. CIDMAR TEODORO PAIS &#8211; p\u00e1g 194 \u00e0 202<\/a><br \/>\n<em>Alexander Neves Lopes<\/em><br \/>\n<em>Fernando Ferrari Duch<\/em><br \/>\n<em>Rayanna Martins Brito<\/em><br \/>\n<em>Renato Luiz de Jesus<\/em><\/li>\n<\/ul>\n<hr \/>\n<ul>\n<li><a href=\"http:\/\/portal.unisepe.com.br\/unifia\/wp-content\/uploads\/sites\/10001\/2018\/06\/11enigma_prec_discrim.pdf\" target=\"_blank\" rel=\"noopener\">A\u00c7\u00c3O COLETIVA PASSIVA E AS DEMANDAS COLETIVAS PELA \u00d3PTICA DA SUJEI\u00c7\u00c3O PASSIVA LITISCONSORCIAL NO \u00c2MBITO DO DIREITO DO CONSUMIDOR &#8211; p\u00e1g 203 \u00e0 224<\/a><br \/>\n<em>Rodrigo Oliveira Ragni de Castro Leite<\/em><\/li>\n<\/ul>\n<hr \/>\n<ul>\n<li><a href=\"http:\/\/portal.unisepe.com.br\/unifia\/wp-content\/uploads\/sites\/10001\/2018\/06\/12acao_colet_pass.pdf\" target=\"_blank\" rel=\"noopener\">A INCONSTITUCIONALIDADE DOS PLANOS COMUNIT\u00c1RIOS DE PAVIMENTA\u00c7\u00c3O URBANA &#8211; p\u00e1g 225 \u00e0 244<\/a><br \/>\n<em>Rodrigo Oliveira Ragni de Castro Leite<\/em><\/li>\n<\/ul>\n<hr \/>\n<ul>\n<li><a href=\"http:\/\/portal.unisepe.com.br\/unifia\/wp-content\/uploads\/sites\/10001\/2018\/06\/13inconst_planos_comun.pdf\" target=\"_blank\" rel=\"noopener\">TR\u00c1FICO INTERNACIONAL DE PESSOAS &#8211; p\u00e1g 245 \u00e0 258<\/a><br \/>\nAnt\u00f4nio Carlos Alves de Oliveira<br \/>\n<em>Edson C\u00e2mara de Drumond Alves J\u00fanior<\/em><br \/>\n<em>Malu Maria de Lourdes Mendes Pereira<\/em><br \/>\n<em>Mariane Silva Par\u00f3dia<\/em><br \/>\n<em>Wagner Saraiva Ferreira Lemgruber Boechat<\/em><\/li>\n<\/ul>\n<hr \/>\n<ul>\n<li><a href=\"http:\/\/portal.unisepe.com.br\/unifia\/wp-content\/uploads\/sites\/10001\/2018\/06\/14trafico_int_pessoas.pdf\" target=\"_blank\" rel=\"noopener\">INTERVEN\u00c7\u00c3O DO ESTADO NA PROPRIEDADE PRIVADA: COMPARATIVO ENTRE OS SISTEMAS BRASILEIRO E ARGENTINO &#8211; p\u00e1g 259 \u00e0 272<\/a><br \/>\n<em>Karina Gon\u00e7alves Soares<\/em><br \/>\n<em>Malu Maria de Lourdes Mendes Pereira<\/em><br \/>\n<em>Mariane Silva Par\u00f3dia<\/em><br \/>\n<em>Thais Pereira Leal<\/em><br \/>\n<em>Wagner Saraiva Ferreira Lemgruber Boechat<\/em><\/li>\n<\/ul>\n<hr \/>\n<ul>\n<li><a href=\"http:\/\/portal.unisepe.com.br\/unifia\/wp-content\/uploads\/sites\/10001\/2018\/06\/15interven_estado_propriedadeprivada.pdf\" target=\"_blank\" rel=\"noopener\">A\u00c7\u00d5ES C\u00cdVEIS E CRIMINAIS NA MESORREGI\u00c3O SUL SUDOESTE DE MINAS GERAIS: aspectos quantitativos e correla\u00e7\u00e3o com \u00edndices econ\u00f4micos, humanos e sociais. &#8211; p\u00e1g 273 \u00e0 291<\/a><br \/>\n<em>Alisson Henrique dos Santos<\/em><br \/>\n<em>Breno Amaral Diniz<\/em><br \/>\n<em>Jos\u00e9 Moacir dos Santos Filho<\/em><br \/>\n<em>Lecticia Pettine Castilho<\/em><br \/>\n<em>Malu Maria de Lourdes Mendes Pereira<\/em><br \/>\n<em>Marcelo Olindo Corr\u00eaa Junior<\/em><br \/>\n<em>Mariane Silva Par\u00f3dia<\/em><br \/>\n<em>Marisol Faria do Nascimento Gomes<\/em><br \/>\n<em>Pedro Silveira Framil<\/em><br \/>\n<em>Robert Ricceli Oliveira<\/em><br \/>\n<em>Wagner Saraiva Ferreira Lemgruber Boechat<\/em><br \/>\n<em>Wellington Andr\u00e9 dos Santos<\/em><\/li>\n<\/ul>\n<hr \/>\n<ul>\n<li><a href=\"http:\/\/portal.unisepe.com.br\/unifia\/wp-content\/uploads\/sites\/10001\/2018\/06\/16distribuicao_civel_penal.pdf\" target=\"_blank\" rel=\"noopener\">A CIDADE E A SOCIEDADE CIVIL: INTERA\u00c7\u00d5ES DENTRO DE UMA VIS\u00c3O JUSAMBIENTAL &#8211; p\u00e1g 292 \u00e0 302<\/a><br \/>\n<em>Wagner Saraiva Ferreira Lemgruber Boechat<\/em><br \/>\n<em>Malu Maria de Lourdes Mendes Pereira<\/em><br \/>\n<em>Mariane Silva Par\u00f3dia<\/em><\/li>\n<\/ul>\n<hr \/>\n<ul>\n<li><a href=\"http:\/\/portal.unisepe.com.br\/unifia\/wp-content\/uploads\/sites\/10001\/2018\/06\/17sociedade_civil.pdf\" target=\"_blank\" rel=\"noopener\">ASS\u00c9DIO MORAL NO TRABALHO &#8211; p\u00e1g 303 \u00e0 309<\/a><br \/>\n<em>D\u00e9bora Caroline dos Santos<\/em><br \/>\n<em>Cynthia Arantes Silva<\/em><br \/>\n<em>Giselen Maciel<\/em><br \/>\n<em>Juliete da Silva<\/em><br \/>\n<em>Luciana Santos Paulino<\/em><br \/>\n<em>Lu\u00eds Felipe Vilela<\/em><br \/>\n<em>Matheus de Almeida Rodrigues<\/em><br \/>\n<em>Roseane Queren de Castro<\/em><br \/>\n<em>William Nascimento de Oliveira<\/em><br \/>\n<em>Nei Domiciano da Silva<\/em><\/li>\n<\/ul>\n<hr \/>\n<ul>\n<li><a href=\"http:\/\/portal.unisepe.com.br\/unifia\/wp-content\/uploads\/sites\/10001\/2018\/06\/18assedio_moral.pdf\" target=\"_blank\" rel=\"noopener\">ATUALIDADES NA LEGISLA\u00c7\u00c3O PREVID\u00caNCI\u00c1RIA BRASILEIRA &#8211; p\u00e1g 310 \u00e0 316<\/a><br \/>\n<em>Aline de Abreu Fernandes<\/em><br \/>\n<em>Andressa de Oliveira Silva<\/em><br \/>\n<em>C\u00e9lia Regina Soares<\/em><br \/>\n<em>Israela Gon\u00e7alves Pereira<\/em><br \/>\n<em>Josiane Aparecida Campos Ferreira<\/em><br \/>\n<em>Nei Domiciano da Silva<\/em><\/li>\n<\/ul>\n<hr \/>\n<ul>\n<li><a href=\"http:\/\/portal.unisepe.com.br\/unifia\/wp-content\/uploads\/sites\/10001\/2018\/06\/19atualidades_legis_brasileira.pdf\" target=\"_blank\" rel=\"noopener\">DISTRIBUI\u00c7\u00d5ES DE A\u00c7\u00d5ES CIVEIS NA MESORREGI\u00c3O SUL SUDOESTE DE MINAS GERAIS &#8211; p\u00e1g 317 \u00e0 319<\/a><br \/>\n<em>Marcelo Olindo Corre\u00e2 Junior<\/em><br \/>\n<em>Robert Ricceli Oliveira<\/em><br \/>\n<em>Wellington Andr\u00e9 dos Santos<\/em><br \/>\n<em>Marissol Faria Nascimento Gomes<\/em><br \/>\n<em>Pedro Silveira Framil<\/em><br \/>\n<em>Wagner Saraiva Ferreira Lemgruber Boechat<\/em><\/li>\n<\/ul>\n<hr \/>\n<ul>\n<li><a href=\"http:\/\/portal.unisepe.com.br\/unifia\/wp-content\/uploads\/sites\/10001\/2018\/06\/20dist_acoes_civeis_suldeminas.pdf\" target=\"_blank\" rel=\"noopener\">\u00c1GUAS MINERAIS E O TRATAMENTO DIFERENCIADO NO ORDENAMENTO JUR\u00cdDICO &#8211; p\u00e1g 320 \u00e0 321<\/a><br \/>\n<em>Wantuir Ferreira<\/em><br \/>\n<em>Michele Costa<\/em><br \/>\n<em>Ana Paula Cristina da Silva<\/em><br \/>\n<em>Mariane Silva Par\u00f3dia<\/em><br \/>\n<em>Wagner Saraiva Ferreira Lemgruber Boechat<\/em><\/li>\n<\/ul>\n<hr \/>\n<ul>\n<li><a href=\"http:\/\/portal.unisepe.com.br\/unifia\/wp-content\/uploads\/sites\/10001\/2018\/06\/21aguas_minerais_trat_diferenciado.pdf\" target=\"_blank\" rel=\"noopener\">ZONA DE AMORTECIMENTO DO PARQUE ESTADUAL DE NOVA BADEN: ASPECTOS SOCIAIS, BIOL\u00d3GICOS E LEGAIS &#8211; p\u00e1g 322 \u00e0 324<\/a><br \/>\n<em>Thiago Ramiro dos Santos<\/em><br \/>\n<em>Solange Lemgruber Boechat<\/em><br \/>\n<em>Feliciano Souza Lopes<\/em><br \/>\n<em>Gabriel da Silva<\/em><br \/>\n<em>Malu Maria de Lourdes Mendes Pereira<\/em><br \/>\n<em>Wagner Saraiva Ferreira Lemgruber Boechat<\/em><\/li>\n<\/ul>\n<hr \/>\n<ul>\n<li><a href=\"http:\/\/portal.unisepe.com.br\/unifia\/wp-content\/uploads\/sites\/10001\/2018\/06\/22zona_amort_pqestadual.pdf\" target=\"_blank\" rel=\"noopener\">ECA RENOVADO: NOVOS ARES COM A LEI DO SINASE &#8211; p\u00e1g 325 \u00e0 326<\/a><br \/>\n<em>Alessana Ribeiro Rezende Vilela<\/em><br \/>\n<em>Paulo Afonso Daher Junior<\/em><br \/>\n<em>Mariane Silva Par\u00f3dia<\/em><br \/>\n<em>Malu Maria de Lourdes Pereira<\/em><br \/>\n<em>Wagner Saraiva Ferreira Lemgruber Boechat<\/em><\/li>\n<\/ul>\n<hr \/>\n<ul>\n<li><a href=\"http:\/\/portal.unisepe.com.br\/unifia\/wp-content\/uploads\/sites\/10001\/2018\/06\/23eca_renovado.pdf\" target=\"_blank\" rel=\"noopener\">GUARDA COMPARTILHADA: O PAPEL DA FAM\u00cdLIA E AS RESPONSABILIDADES DOS PAIS FRENTE AO PRINC\u00cdPIO DO MELHOR INTERESSE &#8211; p\u00e1g 327 \u00e0 329<\/a><br \/>\n<em>Layla Caroline Martins Silva<\/em><br \/>\n<em>Hagner Dias de Lima<\/em><br \/>\n<em>Nataly Fernandes Reis<\/em><br \/>\n<em>Daysi Siqueira Elias<\/em><br \/>\n<em>Celeste Vaz dos Santos<\/em><br \/>\n<em>Wagner Saraiva Ferreira Lemgruber Boechat<\/em><\/li>\n<\/ul>\n<hr \/>\n<ul>\n<li><a href=\"http:\/\/portal.unisepe.com.br\/unifia\/wp-content\/uploads\/sites\/10001\/2018\/06\/24guarda_compartilhada.pdf\" target=\"_blank\" rel=\"noopener\">O ACESSO \u00c0 INTERNET E O DIREITO: DISCUSS\u00d5ES SOBRE O DIREITO AO ACESSO \u00c0 REDE &#8211; p\u00e1g 330 \u00e0 332<\/a><br \/>\n<em>Layla Caroline Martins Silva<\/em><br \/>\n<em>Hagner Dias de Lima<\/em><br \/>\n<em>S\u00e9rgio Rosa Bandeira<\/em><br \/>\n<em>Alexandre Oliveira Lira<\/em><br \/>\n<em>Mariane Silva Par\u00f3dia<\/em><br \/>\n<em>Wagner Saraiva Ferreira Lemgruber Boechat<\/em><\/li>\n<\/ul>\n<hr \/>\n<ul>\n<li><a href=\"http:\/\/portal.unisepe.com.br\/unifia\/wp-content\/uploads\/sites\/10001\/2018\/06\/25acesso_internet.pdf\" target=\"_blank\" rel=\"noopener\">PREVEN\u00c7\u00c3O GERAL E ESPECIAL NO ESTATUTO DA CRIAN\u00c7A E DO ADOLESCENTE &#8211; p\u00e1g 333 \u00e0 335<\/a><br \/>\n<em>Milena Maria Damas<\/em><br \/>\n<em>Daniele Cristina Flauzino<\/em><br \/>\n<em>Redson Ruiz<\/em><br \/>\n<em>Mariane Silva Par\u00f3dia<\/em><br \/>\n<em>Wagner Saraiva Ferreira Lemgruber Boechat<\/em><\/li>\n<\/ul>\n<hr \/>\n<ul>\n<li><a href=\"http:\/\/portal.unisepe.com.br\/unifia\/wp-content\/uploads\/sites\/10001\/2018\/06\/26prevencao_geral.pdf\" target=\"_blank\" rel=\"noopener\">PORN\u00d4 DE VINGAN\u00c7A: UM OLHAR SOBRE A RESPONSABILIZA\u00c7\u00c3O CRIMINAL ANTE A LEI MARIA DA PENHA &#8211; p\u00e1g 336 \u00e0 337<\/a><br \/>\n<em>Alexandre Oliveira Lira<\/em><br \/>\n<em>Layla Caroline Martins Silva<\/em><br \/>\n<em>Mariane Silva Par\u00f3dia<\/em><br \/>\n<em>Paulo Afonso Daher Junior<\/em><br \/>\n<em>Wagner Saraiva Ferreira Lemgruber Boechat<\/em><\/li>\n<\/ul>\n<hr \/>\n<ul>\n<li><a href=\"http:\/\/portal.unisepe.com.br\/unifia\/wp-content\/uploads\/sites\/10001\/2018\/06\/27revenge_porn.pdf\" target=\"_blank\" rel=\"noopener\">DIREITO COMPARADO BRASIL X ARGENTINA &#8211; INTERVEN\u00c7\u00c3O NA PROPRIEDADE &#8211; p\u00e1g 338 \u00e0 340<\/a><br \/>\n<em>Karina Gon\u00e7alves Soares<\/em><br \/>\n<em>Thais Pereira Leal<\/em><br \/>\n<em>Malu Maria de Lourdes Mendes Pereira<\/em><br \/>\n<em>Wagner Saraiva Ferreira Lemgruber Boechat<\/em><\/li>\n<\/ul>\n<hr \/>\n<ul>\n<li><a href=\"http:\/\/portal.unisepe.com.br\/unifia\/wp-content\/uploads\/sites\/10001\/2018\/06\/28direito_bra_arg.pdf\" target=\"_blank\" rel=\"noopener\">UNIDADES DE CONSERVA\u00c7\u00c3O DE PROTE\u00c7\u00c3O INTEGRAL: MANUTEN\u00c7\u00c3O DAS ATIVIDADES ECON\u00d4MICAS EM TERRAS N\u00c3O INDENIZADAS &#8211; p\u00e1g 341 \u00e0 342<\/a><br \/>\n<em>Bianca da Silva Cardoso Bras<\/em><br \/>\n<em>Daniele Cristina Flauzino<\/em><br \/>\n<em>Suely Catarina Machado<\/em><br \/>\n<em>Solange Lemgruber Boechat<\/em><br \/>\n<em>Mariane Silva Par\u00f3dia<\/em><br \/>\n<em>Wagner Saraiva Ferreira Lemgruber Boechat<\/em><\/li>\n<\/ul>\n","protected":false},"excerpt":{"rendered":"<p>Artigos &nbsp; CONSTITUCIONALISMO E DEMOCRACIA: O ESTADO CONSTITUCIONAL E A PERMANENTE TENS\u00c3O ENTRE PODER E DIREITOS &#8211; p\u00e1g 1 \u00e0 14 Geraldo Luiz Vianna PROTE\u00c7\u00c3O JUR\u00cdDICA DOS MANANCIAIS AQU\u00c1TICOS: RESPONSABILIDADE PENAL &#8211; p\u00e1g 15 \u00e0 30 Cristiano Silva de Almeida Aline Moreira de Oliveira O D\u00c9FICIT DE ATEN\u00c7\u00c3O E HIPERATIVIDADE:<\/p>\n","protected":false},"author":2,"featured_media":0,"parent":2722,"menu_order":0,"comment_status":"closed","ping_status":"closed","template":"templates\/template-pagina_menu_vertical.php","meta":{"footnotes":""},"categories":[],"tags":[],"class_list":["post-2755","page","type-page","status-publish","hentry"],"_links":{"self":[{"href":"https:\/\/portal.unisepe.com.br\/unifia\/wp-json\/wp\/v2\/pages\/2755","targetHints":{"allow":["GET"]}}],"collection":[{"href":"https:\/\/portal.unisepe.com.br\/unifia\/wp-json\/wp\/v2\/pages"}],"about":[{"href":"https:\/\/portal.unisepe.com.br\/unifia\/wp-json\/wp\/v2\/types\/page"}],"author":[{"embeddable":true,"href":"https:\/\/portal.unisepe.com.br\/unifia\/wp-json\/wp\/v2\/users\/2"}],"replies":[{"embeddable":true,"href":"https:\/\/portal.unisepe.com.br\/unifia\/wp-json\/wp\/v2\/comments?post=2755"}],"version-history":[{"count":4,"href":"https:\/\/portal.unisepe.com.br\/unifia\/wp-json\/wp\/v2\/pages\/2755\/revisions"}],"predecessor-version":[{"id":2787,"href":"https:\/\/portal.unisepe.com.br\/unifia\/wp-json\/wp\/v2\/pages\/2755\/revisions\/2787"}],"up":[{"embeddable":true,"href":"https:\/\/portal.unisepe.com.br\/unifia\/wp-json\/wp\/v2\/pages\/2722"}],"wp:attachment":[{"href":"https:\/\/portal.unisepe.com.br\/unifia\/wp-json\/wp\/v2\/media?parent=2755"}],"wp:term":[{"taxonomy":"category","embeddable":true,"href":"https:\/\/portal.unisepe.com.br\/unifia\/wp-json\/wp\/v2\/categories?post=2755"},{"taxonomy":"post_tag","embeddable":true,"href":"https:\/\/portal.unisepe.com.br\/unifia\/wp-json\/wp\/v2\/tags?post=2755"}],"curies":[{"name":"wp","href":"https:\/\/api.w.org\/{rel}","templated":true}]}}