{"id":2801,"date":"2018-06-07T18:06:54","date_gmt":"2018-06-07T21:06:54","guid":{"rendered":"http:\/\/portal.unisepe.com.br\/unifia\/?page_id=2801"},"modified":"2018-06-07T18:16:55","modified_gmt":"2018-06-07T21:16:55","slug":"ano-2017","status":"publish","type":"page","link":"https:\/\/portal.unisepe.com.br\/unifia\/direito-em-foco\/ano-2017\/","title":{"rendered":"Ano 2017"},"content":{"rendered":"<h6>Artigos<\/h6>\n<p>&nbsp;<\/p>\n<ul>\n<li><a href=\"http:\/\/portal.unisepe.com.br\/unifia\/wp-content\/uploads\/sites\/10001\/2018\/06\/001_correlacao_entre_adolescente_trabalho_vivencia.pdf\" target=\"_blank\" rel=\"noopener\">A CORRELA\u00c7\u00c3O ENTRE O ADOLESCENTE E O MUNDO DO TRABALHO COM A VIV\u00caNCIA DAS MEDIDAS SOCIOEDUCATIVAS &#8211; p\u00e1g 1 \u00e0 26<\/a><br \/>\n<em>Simone Aparecida da Silva Barreto<\/em><br \/>\n<em>Silmara Quintana<\/em><\/li>\n<\/ul>\n<hr \/>\n<ul>\n<li><a href=\"http:\/\/portal.unisepe.com.br\/unifia\/wp-content\/uploads\/sites\/10001\/2018\/06\/002_sequestro_relampago.pdf\" target=\"_blank\" rel=\"noopener\">SEQUESTRO REL\u00c2MPAGO E O DIREITO DO CONSUMIDOR: UM ESTUDO DE CASO &#8211; p\u00e1g 27 \u00e0 47<\/a><br \/>\n<em>Daiane Aparecida Rodrigues Diniz<\/em><br \/>\n<em>K\u00e1tia Fonseca Flore<\/em><br \/>\n<em>Wagner Saraiva Ferreira Lemgruber Boechat<\/em><\/li>\n<\/ul>\n<hr \/>\n<ul>\n<li><a href=\"http:\/\/portal.unisepe.com.br\/unifia\/wp-content\/uploads\/sites\/10001\/2018\/06\/003_vidas.pdf\" target=\"_blank\" rel=\"noopener\">VIDAS MARCADAS:VIOL\u00caNCIA DE G\u00caNERO CONTRA MULHER-SUMAR\u00c9\/SP &#8211; p\u00e1g 48 \u00e0 68<\/a><br \/>\n<em>Gabriela Trevizan<\/em><br \/>\n<em>Kamila Mendes de Ara\u00fajo Gomes<\/em><br \/>\n<em>Mayra Timoteo da Silva Rocha<\/em><br \/>\n<em>Priscila da Silva Neves Pereira<\/em><br \/>\n<em>Silmara C. R. Quintana<\/em><\/li>\n<\/ul>\n<hr \/>\n<ul>\n<li><a href=\"http:\/\/portal.unisepe.com.br\/unifia\/wp-content\/uploads\/sites\/10001\/2018\/06\/004_revista.pdf\" target=\"_blank\" rel=\"noopener\">DISCUTINDO A PROTE\u00c7\u00c3O ESPECIAL DE M\u00c9DIA COMPLEXIDADE NA POLITICA DE ASSIST\u00caNCIA SOCIAL &#8211; p\u00e1g 69 \u00e0 83<\/a><br \/>\n<em>Isabelle Carvalho Rocha de Almeida<\/em><br \/>\n<em>Kennia Larissa Herdy Gontijo<\/em><br \/>\n<em>Laianny Emanoelly da Costa Silva<\/em><br \/>\n<em>Lucimary B. da Silva Alexandre<\/em><br \/>\n<em>Maria Luiza da Silva Gon\u00e7alves<\/em><br \/>\n<em>Mariana Araujo Martins<\/em><br \/>\n<em>Silmara Quintana<\/em><\/li>\n<\/ul>\n<hr \/>\n<ul>\n<li><a href=\"http:\/\/portal.unisepe.com.br\/unifia\/wp-content\/uploads\/sites\/10001\/2018\/06\/005_contribuicao.pdf\" target=\"_blank\" rel=\"noopener\">A CONTRIBUI\u00c7\u00c3O DO SERVI\u00c7O SOCIAL NA IMPLEMENTA\u00c7\u00c3O DE POLITICAS PUBLICAS PARA PESSOA EM SITUA\u00c7\u00c3O DE RUA &#8211; p\u00e1g 84 \u00e0 99<\/a><br \/>\n<em>Cristileine Ferreira de Oliveira Flor\u00eancio<\/em><br \/>\n<em>Isabela Prado Dellacruci<\/em><br \/>\n<em>Silmara Quintana<\/em><\/li>\n<\/ul>\n<hr \/>\n","protected":false},"excerpt":{"rendered":"<p>Artigos &nbsp; A CORRELA\u00c7\u00c3O ENTRE O ADOLESCENTE E O MUNDO DO TRABALHO COM A VIV\u00caNCIA DAS MEDIDAS SOCIOEDUCATIVAS &#8211; p\u00e1g 1 \u00e0 26 Simone Aparecida da Silva Barreto Silmara Quintana SEQUESTRO REL\u00c2MPAGO E O DIREITO DO CONSUMIDOR: UM ESTUDO DE CASO &#8211; p\u00e1g 27 \u00e0 47 Daiane Aparecida Rodrigues Diniz<\/p>\n","protected":false},"author":2,"featured_media":0,"parent":2722,"menu_order":0,"comment_status":"closed","ping_status":"closed","template":"templates\/template-pagina_menu_vertical.php","meta":{"footnotes":""},"categories":[],"tags":[],"class_list":["post-2801","page","type-page","status-publish","hentry"],"_links":{"self":[{"href":"https:\/\/portal.unisepe.com.br\/unifia\/wp-json\/wp\/v2\/pages\/2801","targetHints":{"allow":["GET"]}}],"collection":[{"href":"https:\/\/portal.unisepe.com.br\/unifia\/wp-json\/wp\/v2\/pages"}],"about":[{"href":"https:\/\/portal.unisepe.com.br\/unifia\/wp-json\/wp\/v2\/types\/page"}],"author":[{"embeddable":true,"href":"https:\/\/portal.unisepe.com.br\/unifia\/wp-json\/wp\/v2\/users\/2"}],"replies":[{"embeddable":true,"href":"https:\/\/portal.unisepe.com.br\/unifia\/wp-json\/wp\/v2\/comments?post=2801"}],"version-history":[{"count":3,"href":"https:\/\/portal.unisepe.com.br\/unifia\/wp-json\/wp\/v2\/pages\/2801\/revisions"}],"predecessor-version":[{"id":2809,"href":"https:\/\/portal.unisepe.com.br\/unifia\/wp-json\/wp\/v2\/pages\/2801\/revisions\/2809"}],"up":[{"embeddable":true,"href":"https:\/\/portal.unisepe.com.br\/unifia\/wp-json\/wp\/v2\/pages\/2722"}],"wp:attachment":[{"href":"https:\/\/portal.unisepe.com.br\/unifia\/wp-json\/wp\/v2\/media?parent=2801"}],"wp:term":[{"taxonomy":"category","embeddable":true,"href":"https:\/\/portal.unisepe.com.br\/unifia\/wp-json\/wp\/v2\/categories?post=2801"},{"taxonomy":"post_tag","embeddable":true,"href":"https:\/\/portal.unisepe.com.br\/unifia\/wp-json\/wp\/v2\/tags?post=2801"}],"curies":[{"name":"wp","href":"https:\/\/api.w.org\/{rel}","templated":true}]}}