{"id":2810,"date":"2018-06-07T18:20:30","date_gmt":"2018-06-07T21:20:30","guid":{"rendered":"http:\/\/portal.unisepe.com.br\/unifia\/?page_id=2810"},"modified":"2018-11-26T12:15:12","modified_gmt":"2018-11-26T14:15:12","slug":"ano-2018","status":"publish","type":"page","link":"https:\/\/portal.unisepe.com.br\/unifia\/direito-em-foco\/ano-2018\/","title":{"rendered":"Ano 2018"},"content":{"rendered":"<h6>Artigos<\/h6>\n<p>&nbsp;<\/p>\n<ul>\n<li><a href=\"http:\/\/portal.unisepe.com.br\/unifia\/wp-content\/uploads\/sites\/10001\/2018\/06\/001_O_REGIME_POL\u00cdTICO_MON\u00c1RQUICO.pdf\" target=\"_blank\" rel=\"noopener\">O REGIME POL\u00cdTICO MON\u00c1RQUICO: UMA \u00c9POCA INCR\u00cdVEL? &#8211; p\u00e1g 1 \u00e0 10<\/a><br \/>\n<em>SALOM\u00c3O CAMPINA P. RAMOS<\/em><\/li>\n<\/ul>\n<hr \/>\n<ul>\n<li><a href=\"http:\/\/portal.unisepe.com.br\/unifia\/wp-content\/uploads\/sites\/10001\/2018\/07\/002_CRIMES_HEDIONDOS_PERANTES_A_\u00d3TICA_DA_SOCIEDADE.pdf\" target=\"_blank\" rel=\"noopener\">CRIMES HEDIONDOS PERANTE A \u00d3TICA DA SOCIEDADE &#8211; p\u00e1g 11 \u00e0 31<\/a><br \/>\n<em>Wellinson Gon\u00e7alves Bernardes<\/em><br \/>\n<em>Wagner Saraiva Ferreira Lemgruber Boechat<\/em><\/li>\n<\/ul>\n<hr \/>\n<ul>\n<li><a href=\"http:\/\/portal.unisepe.com.br\/unifia\/wp-content\/uploads\/sites\/10001\/2018\/07\/003_A_EFIC\u00c1CIA_DO_PRINC\u00cdPIO_DA_RESSOCIALIZA\u00c7\u00c3O_E_SEUS_ASPECTOS_SOCIAIS.pdf\" target=\"_blank\" rel=\"noopener\">A EFIC\u00c1CIA DO PRINC\u00cdPIO DA RESSOCIALIZA\u00c7\u00c3O E SEUS ASPECTOS SOCIAIS &#8211; p\u00e1g 32 \u00e0 53<\/a><br \/>\n<em>Kaio Chapeta da Motta Ferreira<\/em><br \/>\n<em>Wagner Saraiva Ferreira Lemgruber Boechat<\/em><\/li>\n<\/ul>\n<hr \/>\n<ul>\n<li><a href=\"http:\/\/portal.unisepe.com.br\/unifia\/wp-content\/uploads\/sites\/10001\/2018\/07\/004_O_PRECONCEITO_E_A_DISCRIMINA\u00c7\u00c3O.pdf\" target=\"_blank\" rel=\"noopener\">O PRECONCEITO E A DISCRIMINA\u00c7\u00c3O DA SOCIEDADE ANTE OS ESTERE\u00d3TIPOS DOS CRIMINOSOS &#8211; p\u00e1g 54 \u00e0 70<\/a><br \/>\n<em>Renata Caetano Romanelli<\/em><br \/>\n<em>Wagner Saraiva Ferreira Lamgruber Boechat<\/em><\/li>\n<\/ul>\n<hr \/>\n<ul>\n<li><a href=\"http:\/\/portal.unisepe.com.br\/unifia\/wp-content\/uploads\/sites\/10001\/2018\/07\/005_O_INAPLICABILIDADE_DOS_INSTITUTOS_DESPENALIZADORES.pdf\" target=\"_blank\" rel=\"noopener\">(IN)APLICABILIDADE DOS INSTITUTOS DESPENALIZADORES DA LEI 9.099\/95 NO \u00c2MBITO DA JUSTI\u00c7A MILITAR &#8211; p\u00e1g 71 \u00e0 92<\/a><br \/>\n<em>Jos\u00e9 Ednilson Marcelino da Silva<\/em><br \/>\n<em>Wagner Saraiva Ferreira Lemgruber Boechat<\/em><\/li>\n<\/ul>\n<hr \/>\n<ul>\n<li><a href=\"http:\/\/portal.unisepe.com.br\/unifia\/wp-content\/uploads\/sites\/10001\/2018\/11\/006_O-CONSERVADORISMO-O-DIREITO-E-A-MENTALIDADE-REVOLUCION\u00c1RIA.pdf\" target=\"_blank\" rel=\"noopener\">O CONSERVADORISMO, O DIREITO E A MENTALIDADE REVOLUCION\u00c1RIA &#8211; p\u00e1g 93 \u00e0 106<\/a><br \/>\n<em>Salom\u00e3o Campina<\/em><\/li>\n<\/ul>\n<hr \/>\n<ul>\n<li><a href=\"http:\/\/portal.unisepe.com.br\/unifia\/wp-content\/uploads\/sites\/10001\/2018\/11\/007_CRISE-DE-REPRESENTATIVIDADE-POL\u00cdTICA-E-SEU-CONTEXTO-SOCIAL.pdf\" target=\"_blank\" rel=\"noopener\">CRISE DE REPRESENTATIVIDADE POL\u00cdTICA- p\u00e1g 107 \u00e0 116<\/a><br \/>\n<em>Leandro Affonso Tomazi<\/em><\/li>\n<\/ul>\n<hr \/>\n<ul>\n<li><a href=\"http:\/\/portal.unisepe.com.br\/unifia\/wp-content\/uploads\/sites\/10001\/2018\/11\/008_AS-CI\u00caNCIAS-IRM\u00c3S-O-ESTADO-DA-ARTE-SOBRE-PSICOLOGIA-DIREITO-NO-BRASIL-2007-2017.pdf\" target=\"_blank\" rel=\"noopener\">AS CI\u00caNCIAS IRM\u00c3S: O ESTADO DA ARTE SOBRE PSICOLOGIA &amp; DIREITO NO BRASIL (2007-2017)- p\u00e1g 117 \u00e0 123<\/a><br \/>\n<em>Ademar Dias de Oliveira<\/em><br \/>\n<em>Thais Sanches Alves<\/em><br \/>\n<em>Luana Cristina Alves Bernardes<\/em><br \/>\n<em>Thalita de Carvalho Soares <\/em><br \/>\n<em>Olivira de Jesus Pereira<\/em><\/li>\n<\/ul>\n<hr \/>\n<ul>\n<li><a href=\"http:\/\/portal.unisepe.com.br\/unifia\/wp-content\/uploads\/sites\/10001\/2018\/11\/009_SOCIEDADE-E-NATUREZA-UMA-LEITURA-SOCIOAMBIENTAL-NA-\u00c1REA-DE-ENTORNO-DO-PARQUE-ESTADUAL-DO-RIO-TURVO-\u2013-SP.pdf\" target=\"_blank\" rel=\"noopener\">SOCIEDADE E NATUREZA: UMA LEITURA SOCIOAMBIENTAL NA \u00c1REA DE ENTORNO DO PARQUE ESTADUAL DO RIO TURVO \u2013 SP- p\u00e1g 124 \u00e0 135<\/a><br \/>\n<em>Alessandro Aoki<\/em><br \/>\n<em>Soraia Castellano<\/em><br \/>\n<em>Ivan Moiz\u00e9s Ilkiu<\/em><br \/>\n<em>Caroline Alves Salvador<\/em><br \/>\n<em>Ionara Aparecida Mariano de Souza Kanashiro<\/em><br \/>\n<em>Maria Eduarda Mariano Pereira Lins dos Santos<\/em><br \/>\n<em>Nara Mariano Pereira Xavier Rego<\/em><\/li>\n<\/ul>\n<hr \/>\n<ul>\n<li><a href=\"http:\/\/portal.unisepe.com.br\/unifia\/wp-content\/uploads\/sites\/10001\/2018\/11\/010_A-ARBITRAGEM-COMO-MEIO-ALTERNATIVO-DE-RESOLU\u00c7\u00c3O-DE-CONFLITOS.pdf\" target=\"_blank\" rel=\"noopener\">A ARBITRAGEM COMO MEIO ALTERNATIVO DE RESOLU\u00c7\u00c3O DE CONFLITOS &#8211; p\u00e1g 136 \u00e0 142<\/a><br \/>\n<em>Alessandro Aoki<\/em><br \/>\n<em>Soraia Castellano<\/em><br \/>\n<em>Ivan Moiz\u00e9s Ilkiu<\/em><br \/>\n<em>Caroline Alves Salvador<\/em><br \/>\n<em>Maria Eduarda Mariano Pereira Lins dos Santos<\/em><br \/>\n<em>Nara Mariano Pereira Xavier Rego<\/em><\/li>\n<\/ul>\n<hr \/>\n<ul>\n<li><a href=\"http:\/\/portal.unisepe.com.br\/unifia\/wp-content\/uploads\/sites\/10001\/2018\/11\/011_O-TRIBUTO-COMO-FATOR-DE-GERA\u00c7\u00c3O-DO-BEM-ESTAR-SOCIAL-GARANTIA-DO-M\u00cdNIMO-EXISTENCIAL-FACE-AO-PRINC\u00cdPIO-DA-CAPACIDADE-CONTRIBUTIVA.pdf\" target=\"_blank\" rel=\"noopener\">O TRIBUTO COMO FATOR DE GERA\u00c7\u00c3O DO BEM-ESTAR SOCIAL: GARANTIA DO M\u00cdNIMO EXISTENCIAL FACE AO PRINC\u00cdPIO DA CAPACIDADE CONTRIBUTIVA &#8211; p\u00e1g 143 \u00e0 148<\/a><br \/>\n<em>Ionara Aparecida Mariano de Souza Kanashiro<\/em><br \/>\n<em>Nara Mariano Pereira Xavier Rego<\/em><br \/>\n<em>Maria Eduarda Mariano Pereira Lins dos Santos<\/em><br \/>\n<em>Ivan Moiz\u00e9s Ilkiu<\/em><br \/>\n<em>Caroline Alves Salvador<\/em><\/li>\n<\/ul>\n<hr \/>\n<ul>\n<li><a href=\"http:\/\/portal.unisepe.com.br\/unifia\/wp-content\/uploads\/sites\/10001\/2018\/11\/012_HIP\u00d3TESES-DE-INTERVEN\u00c7\u00c3O-DE-JURISDI\u00c7\u00c3O-CONSTITUCIONAL-EM-POL\u00cdTICAS-P\u00daBLICAS-DE-SA\u00daDE-QUE-N\u00c3O-VIOLAM-A-CONSTITUI\u00c7\u00c3O.pdf\" target=\"_blank\" rel=\"noopener\">HIP\u00d3TESES DE INTERVEN\u00c7\u00c3O DE JURISDI\u00c7\u00c3O CONSTITUCIONAL EM POL\u00cdTICAS P\u00daBLICAS DE SA\u00daDE QUE N\u00c3O VIOLAM A CONSTITUI\u00c7\u00c3O &#8211; p\u00e1g 149 \u00e0 157<\/a><br \/>\n<em>Ivan Moiz\u00e9s Ilkiu<\/em><br \/>\n<em>Nara Mariano Pereira Xavier Rego<\/em><br \/>\n<em>Caroline Alves Salvador<\/em><\/li>\n<\/ul>\n<hr \/>\n<ul>\n<li><a href=\"http:\/\/portal.unisepe.com.br\/unifia\/wp-content\/uploads\/sites\/10001\/2018\/11\/013_DESAPOSENTA\u00c7\u00c3O-DIVERG\u00caNCIA-DAS-DECIS\u00d5ES-DOS-TRIBUNAIS-SUPERIORES-E-SEUS-EFEITOS-PARA-O-SEGURADO.pdf\" target=\"_blank\" rel=\"noopener\">DESAPOSENTA\u00c7\u00c3O: DIVERG\u00caNCIA DAS DECIS\u00d5ES DOS TRIBUNAIS SUPERIORES E SEUS EFEITOS PARA O SEGURADO &#8211; p\u00e1g 158 \u00e0 165<\/a><br \/>\n<em>Maria Eduarda Mariano Pereira Lins Dos Santos<\/em><br \/>\n<em>Nara Mariano Pereira Xavier Rego<\/em><br \/>\n<em>Maria Eduarda Mariano Pereira Lins dos Santos<\/em><br \/>\n<em>Caroline Alves Salvador<\/em><br \/>\n<em>Ionara Aparecida Mariano de Souza Kanashiro<\/em><br \/>\n<em>Soraia Castellano<\/em><br \/>\n<em>Ivan Moiz\u00e9s Ilkiu<\/em><\/li>\n<\/ul>\n<hr \/>\n<ul>\n<li><a href=\"http:\/\/portal.unisepe.com.br\/unifia\/wp-content\/uploads\/sites\/10001\/2018\/11\/014_LICENCIAMENTO-AMBIENTAL-INSTRUMENTO-PARA-EFETIVA\u00c7\u00c3O-DOS-PRINC\u00cdPIOS-CONSTITUCIONAIS-EM-DEFESA-DO-MEIO-AMBIENTE.pdf\" target=\"_blank\" rel=\"noopener\">LICENCIAMENTO AMBIENTAL: INSTRUMENTO PARA EFETIVA\u00c7\u00c3O DOS PRINC\u00cdPIOS CONSTITUCIONAIS EM DEFESA DO MEIO AMBIENTE &#8211; p\u00e1g 166 \u00e0 172<\/a><br \/>\n<em>Monike Valent Silva Borges<br \/>\nNara Mariano Pereira Xavier Rego<br \/>\nAlessandro Aoki<br \/>\nMaria Eduarda Mariano Pereira Lins dos Santos<br \/>\nIonara Aparecida Mariano de Souza Kanashiro<br \/>\nSoraia Castellano<br \/>\nIvan Moiz\u00e9s Ilkiu<\/em><\/li>\n<\/ul>\n<hr \/>\n<ul>\n<li><a href=\"http:\/\/portal.unisepe.com.br\/unifia\/wp-content\/uploads\/sites\/10001\/2018\/11\/015_IMPOSTO-DE-RENDA-VERSUS-M\u00cdNIMO-EXISTENCIAL.pdf\" target=\"_blank\" rel=\"noopener\">IMPOSTO DE RENDA VERSUS M\u00cdNIMO EXISTENCIAL &#8211; p\u00e1g 173 \u00e0 186<\/a><br \/>\n<em>Nara Mariano Pereira Xavier Rego<br \/>\nIonara Aparecida Mariano de Souza Kanashiro<br \/>\nAlessandro Aoki<br \/>\nIvan Moiz\u00e9s Ilkiu<br \/>\nMaria Eduarda Mariano Pereira Lins dos Santos<\/em><\/li>\n<\/ul>\n<hr \/>\n<ul>\n<li><a href=\"http:\/\/portal.unisepe.com.br\/unifia\/wp-content\/uploads\/sites\/10001\/2018\/11\/016_A-INCONSTITUCIONALIDADE-DO-ISSQN-SOBRE-OS-CONTRATOS-DE-FRANQUIA.pdf\" target=\"_blank\" rel=\"noopener\">A (IN)CONSTITUCIONALIDADE DO ISSQN SOBRE OS CONTRATOS DE FRANQUIA &#8211; p\u00e1g 187 \u00e0 196<\/a><br \/>\n<em>Rodrigo Oliveira Ragni de Castro Leite<\/em><\/li>\n<\/ul>\n<hr \/>\n<ul>\n<li><a href=\"http:\/\/portal.unisepe.com.br\/unifia\/wp-content\/uploads\/sites\/10001\/2018\/11\/017_A-DECAD\u00caNCIA-E-A-PRESCRI\u00c7\u00c3O-NOS-LAN\u00c7AMENTOS-TRIBU\u00c1RIOS-POR-HOMOLOGA\u00c7\u00c3O.pdf\" target=\"_blank\" rel=\"noopener\">A DECAD\u00caNCIA E A PRESCRI\u00c7\u00c3O NOS LAN\u00c7AMENTOS TRIBU\u00c1RIOS POR HOMOLOGA\u00c7\u00c3O &#8211; p\u00e1g 197 \u00e0 209<\/a><br \/>\n<em>Rodrigo Oliveira Ragni de Castro Leite<\/em><\/li>\n<\/ul>\n<hr \/>\n<ul>\n<li><a href=\"http:\/\/portal.unisepe.com.br\/unifia\/wp-content\/uploads\/sites\/10001\/2018\/11\/018_CARANDIRU-UMA-AN\u00c1LISE-DO-M\u00c9TODO-COERCITIVO-NO-SISTEMA-PRISIONAL-BRASILEIRO.pdf\" target=\"_blank\" rel=\"noopener\">CARANDIRU: UMA AN\u00c1LISE DO M\u00c9TODO COERCITIVO NO SISTEMA PRISIONAL BRASILEIRO &#8211; p\u00e1g 210 \u00e0 222<\/a><br \/>\n<em>Haiima Haidan Ben Bauer<br \/>\nSoraia Castellano<br \/>\nIonara Aparecida Mariano de Souza Kanashiro<br \/>\nNara Mariano Pereira Xavier Rego<br \/>\nIvan Moiz\u00e9s Ilkiu<\/em><\/li>\n<\/ul>\n","protected":false},"excerpt":{"rendered":"<p>Artigos &nbsp; O REGIME POL\u00cdTICO MON\u00c1RQUICO: UMA \u00c9POCA INCR\u00cdVEL? &#8211; p\u00e1g 1 \u00e0 10 SALOM\u00c3O CAMPINA P. RAMOS CRIMES HEDIONDOS PERANTE A \u00d3TICA DA SOCIEDADE &#8211; p\u00e1g 11 \u00e0 31 Wellinson Gon\u00e7alves Bernardes Wagner Saraiva Ferreira Lemgruber Boechat A EFIC\u00c1CIA DO PRINC\u00cdPIO DA RESSOCIALIZA\u00c7\u00c3O E SEUS ASPECTOS SOCIAIS &#8211; p\u00e1g<\/p>\n","protected":false},"author":2,"featured_media":0,"parent":2722,"menu_order":0,"comment_status":"closed","ping_status":"closed","template":"templates\/template-pagina_menu_vertical.php","meta":{"footnotes":""},"categories":[],"tags":[],"class_list":["post-2810","page","type-page","status-publish","hentry"],"_links":{"self":[{"href":"https:\/\/portal.unisepe.com.br\/unifia\/wp-json\/wp\/v2\/pages\/2810","targetHints":{"allow":["GET"]}}],"collection":[{"href":"https:\/\/portal.unisepe.com.br\/unifia\/wp-json\/wp\/v2\/pages"}],"about":[{"href":"https:\/\/portal.unisepe.com.br\/unifia\/wp-json\/wp\/v2\/types\/page"}],"author":[{"embeddable":true,"href":"https:\/\/portal.unisepe.com.br\/unifia\/wp-json\/wp\/v2\/users\/2"}],"replies":[{"embeddable":true,"href":"https:\/\/portal.unisepe.com.br\/unifia\/wp-json\/wp\/v2\/comments?post=2810"}],"version-history":[{"count":7,"href":"https:\/\/portal.unisepe.com.br\/unifia\/wp-json\/wp\/v2\/pages\/2810\/revisions"}],"predecessor-version":[{"id":4860,"href":"https:\/\/portal.unisepe.com.br\/unifia\/wp-json\/wp\/v2\/pages\/2810\/revisions\/4860"}],"up":[{"embeddable":true,"href":"https:\/\/portal.unisepe.com.br\/unifia\/wp-json\/wp\/v2\/pages\/2722"}],"wp:attachment":[{"href":"https:\/\/portal.unisepe.com.br\/unifia\/wp-json\/wp\/v2\/media?parent=2810"}],"wp:term":[{"taxonomy":"category","embeddable":true,"href":"https:\/\/portal.unisepe.com.br\/unifia\/wp-json\/wp\/v2\/categories?post=2810"},{"taxonomy":"post_tag","embeddable":true,"href":"https:\/\/portal.unisepe.com.br\/unifia\/wp-json\/wp\/v2\/tags?post=2810"}],"curies":[{"name":"wp","href":"https:\/\/api.w.org\/{rel}","templated":true}]}}