{"id":2823,"date":"2018-06-07T18:59:18","date_gmt":"2018-06-07T21:59:18","guid":{"rendered":"http:\/\/portal.unisepe.com.br\/unifia\/?page_id=2823"},"modified":"2018-06-07T22:34:13","modified_gmt":"2018-06-08T01:34:13","slug":"ano-2009","status":"publish","type":"page","link":"https:\/\/portal.unisepe.com.br\/unifia\/educacao-em-foco\/ano-2009\/","title":{"rendered":"Ano 2009"},"content":{"rendered":"<h6>Artigos<\/h6>\n<p>&nbsp;<\/p>\n<ul>\n<li><a href=\"http:\/\/portal.unisepe.com.br\/unifia\/wp-content\/uploads\/sites\/10001\/2018\/06\/1capitalismo.pdf\" target=\"_blank\" rel=\"noopener\">O Capitalismo e a Expans\u00e3o do Ensino no Brasil<\/a><br \/>\n<em>Carina Lopes Giamogeschi. &#8211; Faculdades Integradas do Vale do Ribeira<\/em><\/li>\n<\/ul>\n<hr \/>\n<ul>\n<li><a href=\"http:\/\/portal.unisepe.com.br\/unifia\/wp-content\/uploads\/sites\/10001\/2018\/06\/2cinemadeanimacao.pdf\" target=\"_blank\" rel=\"noopener\">Cinema de Anima\u00e7\u00e3o &#8211; Um Breve olhar entre o Lazer e a Divers\u00e3o<\/a><br \/>\n<em>Claudio Viera Pinto. &#8211; Faculdades Integradas do Vale do Ribeira<\/em><\/li>\n<\/ul>\n<hr \/>\n<ul>\n<li><a href=\"http:\/\/portal.unisepe.com.br\/unifia\/wp-content\/uploads\/sites\/10001\/2018\/06\/3conviteapoesia.pdf\" target=\"_blank\" rel=\"noopener\">Convite \u00e0 Poesia<\/a><br \/>\n<em>Adriana A. Cossentini Campos. &#8211; Centro Universit\u00e1rio Amparense UNIFIA<\/em><br \/>\n<em>Maria Jos\u00e9 Tafner Pace. &#8211; Centro Universit\u00e1rio Amparense UNIFIA<\/em><\/li>\n<\/ul>\n<hr \/>\n<ul>\n<li><a href=\"http:\/\/portal.unisepe.com.br\/unifia\/wp-content\/uploads\/sites\/10001\/2018\/06\/4discursohumoristico.pdf\" target=\"_blank\" rel=\"noopener\">As Condi\u00e7\u00f5es de produ\u00e7\u00e3o no Discurso Humor\u00edstico<\/a><br \/>\n<em>Val\u00e9ria Bastelli Pagnan.<\/em><\/li>\n<\/ul>\n<hr \/>\n<ul>\n<li><a href=\"http:\/\/portal.unisepe.com.br\/unifia\/wp-content\/uploads\/sites\/10001\/2018\/06\/5diversidadesociocultural.pdf\" target=\"_blank\" rel=\"noopener\">Diversidade SocioCultural na Educa\u00e7\u00e3o Infantil Amparense<\/a><br \/>\n<em>Elizabeth Afonso Barbato.<\/em><br \/>\n<em>Eliana Nunes da Silva<\/em><\/li>\n<\/ul>\n<hr \/>\n<ul>\n<li><a href=\"http:\/\/portal.unisepe.com.br\/unifia\/wp-content\/uploads\/sites\/10001\/2018\/06\/6educacaoambiental.pdf\" target=\"_blank\" rel=\"noopener\">Educa\u00e7\u00e3o Ambiental Aplicada a Alunos da 6\u00b0 s\u00e9rie de uma escola estadual<\/a><br \/>\n<em>Luis Henrique Romano.<\/em><br \/>\n<em>Bas\u00edlio Gomes Ribeiro Filho.<\/em><br \/>\n<em>Andr\u00e9 Alberto<\/em><\/li>\n<\/ul>\n<hr \/>\n<ul>\n<li><a href=\"http:\/\/portal.unisepe.com.br\/unifia\/wp-content\/uploads\/sites\/10001\/2018\/06\/7escritaemlinguainglesa.pdf\" target=\"_blank\" rel=\"noopener\">Diferentes Abordagens e T\u00e9cnicas no Desenvolvimento da Produ\u00e7\u00e3o Escrita em L\u00edngua Inglesa<\/a><br \/>\n<em>Elizabeth Pacheco Lomba Kozikoski.<\/em><\/li>\n<\/ul>\n<hr \/>\n<ul>\n<li><a href=\"http:\/\/portal.unisepe.com.br\/unifia\/wp-content\/uploads\/sites\/10001\/2018\/06\/8historiaaserensinada.pdf\" target=\"_blank\" rel=\"noopener\">Hist\u00f3ria a ser Ensinada: algumas reflex\u00f5es em torno da Hist\u00f3ria Local.<\/a><br \/>\n<em>Selma De Araujo Torres Omuro. &#8211; Faculdades Integradas do Vale do Ribeira<\/em><br \/>\n<em>Orlando Jos\u00e9 de Almeida Filhos &#8211; Faculdades Integradas do Vale do Ribeira<\/em><\/li>\n<\/ul>\n<hr \/>\n<ul>\n<li><a href=\"http:\/\/portal.unisepe.com.br\/unifia\/wp-content\/uploads\/sites\/10001\/2018\/06\/9novasperspectivasnoensinodalinguaportuguesa.pdf\" target=\"_blank\" rel=\"noopener\">Novas Perspectivas de Ensino de L\u00edngua Portuguesa<\/a><br \/>\n<em>Cristian Wagner de Souza.<\/em><\/li>\n<\/ul>\n<hr \/>\n<ul>\n<li><a href=\"http:\/\/portal.unisepe.com.br\/unifia\/wp-content\/uploads\/sites\/10001\/2018\/06\/10dialogoeapraticapedagogica.pdf\" target=\"_blank\" rel=\"noopener\">O Di\u00e1logo e a Pr\u00e1tica Pedag\u00f3gica<\/a><br \/>\n<em>Ariane Cristina Arcain. &#8211; Centro Universit\u00e1rio Amparense UNIFIA<\/em><br \/>\n<em>Adriana A. Cossentini Campos. &#8211; Centro Universit\u00e1rio Amparense UNIFIA<\/em><br \/>\n<em>Maria Jos\u00e9 Tafner Pace. &#8211; Centro Universit\u00e1rio Amparense UNIFIA<\/em><\/li>\n<\/ul>\n<hr \/>\n<ul>\n<li><a href=\"http:\/\/portal.unisepe.com.br\/unifia\/wp-content\/uploads\/sites\/10001\/2018\/06\/11tematicapredominante.pdf\" target=\"_blank\" rel=\"noopener\">A Tem\u00e1tica predominante P\u00fablicados nos Almanaques Amparenses de 1905 a 1919<\/a><br \/>\n<em>Ma\u00edze Marmirolli Dinato. &#8211; Centro Universit\u00e1rio Amparense UNIFIA<\/em><br \/>\n<em>Adriana A. Cossentini Campos. &#8211; Centro Universit\u00e1rio Amparense UNIFIA<\/em><br \/>\n<em>Maria Jos\u00e9 Tafner Pace. &#8211; Centro Universit\u00e1rio Amparense UNIFIA<\/em><\/li>\n<\/ul>\n","protected":false},"excerpt":{"rendered":"<p>Artigos &nbsp; O Capitalismo e a Expans\u00e3o do Ensino no Brasil Carina Lopes Giamogeschi. &#8211; Faculdades Integradas do Vale do Ribeira Cinema de Anima\u00e7\u00e3o &#8211; Um Breve olhar entre o Lazer e a Divers\u00e3o Claudio Viera Pinto. &#8211; Faculdades Integradas do Vale do Ribeira Convite \u00e0 Poesia Adriana A. Cossentini<\/p>\n","protected":false},"author":2,"featured_media":0,"parent":2819,"menu_order":0,"comment_status":"closed","ping_status":"closed","template":"templates\/template-pagina_menu_vertical.php","meta":{"footnotes":""},"categories":[],"tags":[],"class_list":["post-2823","page","type-page","status-publish","hentry"],"_links":{"self":[{"href":"https:\/\/portal.unisepe.com.br\/unifia\/wp-json\/wp\/v2\/pages\/2823","targetHints":{"allow":["GET"]}}],"collection":[{"href":"https:\/\/portal.unisepe.com.br\/unifia\/wp-json\/wp\/v2\/pages"}],"about":[{"href":"https:\/\/portal.unisepe.com.br\/unifia\/wp-json\/wp\/v2\/types\/page"}],"author":[{"embeddable":true,"href":"https:\/\/portal.unisepe.com.br\/unifia\/wp-json\/wp\/v2\/users\/2"}],"replies":[{"embeddable":true,"href":"https:\/\/portal.unisepe.com.br\/unifia\/wp-json\/wp\/v2\/comments?post=2823"}],"version-history":[{"count":7,"href":"https:\/\/portal.unisepe.com.br\/unifia\/wp-json\/wp\/v2\/pages\/2823\/revisions"}],"predecessor-version":[{"id":2842,"href":"https:\/\/portal.unisepe.com.br\/unifia\/wp-json\/wp\/v2\/pages\/2823\/revisions\/2842"}],"up":[{"embeddable":true,"href":"https:\/\/portal.unisepe.com.br\/unifia\/wp-json\/wp\/v2\/pages\/2819"}],"wp:attachment":[{"href":"https:\/\/portal.unisepe.com.br\/unifia\/wp-json\/wp\/v2\/media?parent=2823"}],"wp:term":[{"taxonomy":"category","embeddable":true,"href":"https:\/\/portal.unisepe.com.br\/unifia\/wp-json\/wp\/v2\/categories?post=2823"},{"taxonomy":"post_tag","embeddable":true,"href":"https:\/\/portal.unisepe.com.br\/unifia\/wp-json\/wp\/v2\/tags?post=2823"}],"curies":[{"name":"wp","href":"https:\/\/api.w.org\/{rel}","templated":true}]}}