{"id":2843,"date":"2018-06-07T22:35:00","date_gmt":"2018-06-08T01:35:00","guid":{"rendered":"http:\/\/portal.unisepe.com.br\/unifia\/?page_id=2843"},"modified":"2018-06-07T22:37:21","modified_gmt":"2018-06-08T01:37:21","slug":"ano-2010","status":"publish","type":"page","link":"https:\/\/portal.unisepe.com.br\/unifia\/educacao-em-foco\/ano-2010\/","title":{"rendered":"Ano 2010"},"content":{"rendered":"<h6>Artigos<\/h6>\n<p>&nbsp;<\/p>\n<ul>\n<li><a href=\"http:\/\/portal.unisepe.com.br\/unifia\/wp-content\/uploads\/sites\/10001\/2018\/06\/1apoesiacomomanifestacaocultural.pdf\" target=\"_blank\" rel=\"noopener\">A Poesia como Registro de Uma Manifesta\u00e7\u00e3o Cultural<\/a><br \/>\n<em>Mariana da Rosa. &#8211; Centro Universit\u00e1rio Amparense UNIFIA<\/em><br \/>\n<em>Adriana A. Cossentini Campos. &#8211; Centro Universit\u00e1rio Amparense UNIFIA<\/em><br \/>\n<em>Maria Jos\u00e9 Tafner Pace. &#8211; Centro Universit\u00e1rio Amparense UNIFIA<\/em><\/li>\n<\/ul>\n<hr \/>\n<ul>\n<li><a href=\"http:\/\/portal.unisepe.com.br\/unifia\/wp-content\/uploads\/sites\/10001\/2018\/06\/2cirandacrianca.pdf\" target=\"_blank\" rel=\"noopener\">Educa\u00e7\u00e3o N\u00e3o-Formal no Munic\u00edpio: O Programa &#8220;Ciranda Crian\u00e7a&#8221;<\/a><br \/>\n<em>Eliana Nunes da Silva. &#8211; Centro Universit\u00e1rio Amparense UNIFIA<\/em><br \/>\n<em>Helena Maria Ribeiro Urbano. &#8211; Centro Universit\u00e1rio Amparense UNIFIA<\/em><\/li>\n<\/ul>\n","protected":false},"excerpt":{"rendered":"<p>Artigos &nbsp; A Poesia como Registro de Uma Manifesta\u00e7\u00e3o Cultural Mariana da Rosa. &#8211; Centro Universit\u00e1rio Amparense UNIFIA Adriana A. Cossentini Campos. &#8211; Centro Universit\u00e1rio Amparense UNIFIA Maria Jos\u00e9 Tafner Pace. &#8211; Centro Universit\u00e1rio Amparense UNIFIA Educa\u00e7\u00e3o N\u00e3o-Formal no Munic\u00edpio: O Programa &#8220;Ciranda Crian\u00e7a&#8221; Eliana Nunes da Silva. &#8211; Centro<\/p>\n","protected":false},"author":2,"featured_media":0,"parent":2819,"menu_order":0,"comment_status":"closed","ping_status":"closed","template":"templates\/template-pagina_menu_vertical.php","meta":{"footnotes":""},"categories":[],"tags":[],"class_list":["post-2843","page","type-page","status-publish","hentry"],"_links":{"self":[{"href":"https:\/\/portal.unisepe.com.br\/unifia\/wp-json\/wp\/v2\/pages\/2843","targetHints":{"allow":["GET"]}}],"collection":[{"href":"https:\/\/portal.unisepe.com.br\/unifia\/wp-json\/wp\/v2\/pages"}],"about":[{"href":"https:\/\/portal.unisepe.com.br\/unifia\/wp-json\/wp\/v2\/types\/page"}],"author":[{"embeddable":true,"href":"https:\/\/portal.unisepe.com.br\/unifia\/wp-json\/wp\/v2\/users\/2"}],"replies":[{"embeddable":true,"href":"https:\/\/portal.unisepe.com.br\/unifia\/wp-json\/wp\/v2\/comments?post=2843"}],"version-history":[{"count":3,"href":"https:\/\/portal.unisepe.com.br\/unifia\/wp-json\/wp\/v2\/pages\/2843\/revisions"}],"predecessor-version":[{"id":2848,"href":"https:\/\/portal.unisepe.com.br\/unifia\/wp-json\/wp\/v2\/pages\/2843\/revisions\/2848"}],"up":[{"embeddable":true,"href":"https:\/\/portal.unisepe.com.br\/unifia\/wp-json\/wp\/v2\/pages\/2819"}],"wp:attachment":[{"href":"https:\/\/portal.unisepe.com.br\/unifia\/wp-json\/wp\/v2\/media?parent=2843"}],"wp:term":[{"taxonomy":"category","embeddable":true,"href":"https:\/\/portal.unisepe.com.br\/unifia\/wp-json\/wp\/v2\/categories?post=2843"},{"taxonomy":"post_tag","embeddable":true,"href":"https:\/\/portal.unisepe.com.br\/unifia\/wp-json\/wp\/v2\/tags?post=2843"}],"curies":[{"name":"wp","href":"https:\/\/api.w.org\/{rel}","templated":true}]}}