{"id":2849,"date":"2018-06-07T22:37:56","date_gmt":"2018-06-08T01:37:56","guid":{"rendered":"http:\/\/portal.unisepe.com.br\/unifia\/?page_id=2849"},"modified":"2018-06-07T22:51:32","modified_gmt":"2018-06-08T01:51:32","slug":"ano-2011","status":"publish","type":"page","link":"https:\/\/portal.unisepe.com.br\/unifia\/educacao-em-foco\/ano-2011\/","title":{"rendered":"Ano 2011"},"content":{"rendered":"<h6>Artigos<\/h6>\n<p>&nbsp;<\/p>\n<ul>\n<li><a href=\"http:\/\/portal.unisepe.com.br\/unifia\/wp-content\/uploads\/sites\/10001\/2018\/06\/1ed_foco_-Deficiencia-visual.pdf\" target=\"_blank\" rel=\"noopener\">Defici\u00eancia Visual e Ensino de Qu\u00edmica.<\/a><br \/>\n<em>Rodrigues, B.- Centro Universit\u00e1rio Amparense UNIFIA. <\/em><br \/>\n<em>Groppo,D.P.- Centro Universit\u00e1rio Amparense UNIFIA. <\/em><br \/>\n<em>Ar\u00e7ari, D.P.- Centro Universit\u00e1rio Amparense UNIFIA. <\/em><br \/>\n<em>Lima, A.A.- Centro Universit\u00e1rio Amparense UNIFIA. <\/em><br \/>\n<em>Barassa,J.R .- Centro Universit\u00e1rio Amparense UNIFIA. <\/em><br \/>\n<em>Rubi,D.A. &#8211; Centro Universit\u00e1rio Amparense UNIFIA.<\/em><\/li>\n<\/ul>\n<hr \/>\n<ul>\n<li><a href=\"http:\/\/portal.unisepe.com.br\/unifia\/wp-content\/uploads\/sites\/10001\/2018\/06\/2ed_foco_Hidroterapia_Equaterapia.pdf\" target=\"_blank\" rel=\"noopener\">Hidroterapia e Equoterapia: Alternativas para o Desenvolvimento de Crian\u00e7as com S\u00edndrome de Down.<\/a><br \/>\n<em>Jos\u00e9 Mauricio Vido.<\/em><\/li>\n<\/ul>\n<hr \/>\n<ul>\n<li><a href=\"http:\/\/portal.unisepe.com.br\/unifia\/wp-content\/uploads\/sites\/10001\/2018\/06\/3ed_foco_Jogos-ludicos-ensino-quimica.pdf\" target=\"_blank\" rel=\"noopener\">Uso de Jogos L\u00fadicos como aux\u00edlio para o ensino de Qu\u00edmica.<\/a><br \/>\n<em>Lima, E.C. &#8211; Centro Universit\u00e1rio Amparense UNIFIA<\/em><br \/>\n<em>Ar\u00e7ari, D.P. &#8211; Centro Universit\u00e1rio Amparense UNIFIA<\/em><br \/>\n<em>Lima, A.A. &#8211; Centro Universit\u00e1rio Amparense UNIFIA<\/em><br \/>\n<em>Pavan, F.M. &#8211; Centro Universit\u00e1rio Amparense UNIFIA<\/em><br \/>\n<em>Mariano, D.G. &#8211; Centro Universit\u00e1rio Amparense UNIFIA<\/em><\/li>\n<\/ul>\n<hr \/>\n<ul>\n<li><a href=\"http:\/\/portal.unisepe.com.br\/unifia\/wp-content\/uploads\/sites\/10001\/2018\/06\/4Artigo_I_Projeto_ADS_Deficientes_Visuais.pdf\" target=\"_blank\" rel=\"noopener\">Aux\u00edlio Did\u00e1tico e Pedag\u00f3gico: O prot\u00f3tipo &#8220;SDAPNV&#8221; Software de Apoio a Portadores de Necessidades Especiais.<\/a><br \/>\n<em>Djalma de Oliveira Bispo Filho &#8211; Faculdade de Peruibe<\/em><br \/>\n<em>Cristiano da Silva &#8211; Faculdade de Peruibe<\/em><br \/>\n<em>F\u00e1bio Martinelli &#8211; Faculdade de Peruibe<\/em><br \/>\n<em>Lino Ramiro Beloto &#8211; Faculdade de Peruibe<\/em><br \/>\n<em>Paulo Renato de Oliveira Gavi\u00e3o &#8211; Faculdade de Peruibe<\/em><\/li>\n<\/ul>\n<hr \/>\n<ul>\n<li><a href=\"http:\/\/portal.unisepe.com.br\/unifia\/wp-content\/uploads\/sites\/10001\/2018\/06\/5polifonia.pdf\" target=\"_blank\" rel=\"noopener\">Polifonia,Dialogismo e G\u00eaneros: A Presen\u00e7a de Bakhtin nas Aulas de L\u00edngua Materna<\/a><br \/>\n<em>Cristian Wagner de Souza.<\/em><\/li>\n<\/ul>\n<hr \/>\n<ul>\n<li><a href=\"http:\/\/portal.unisepe.com.br\/unifia\/wp-content\/uploads\/sites\/10001\/2018\/06\/6quali_ed.pdf\" target=\"_blank\" rel=\"noopener\">Em Busca de Qualidade Na Educa\u00e7\u00e3o: A Forma\u00e7\u00e3o de Professores Destacando Aspectos do Context Espanhol e Brasileiro .<\/a><br \/>\n<em>Adriano Rodrigo Oliveira<\/em><br \/>\n<em>Andr\u00e9a Coelho Last\u00f3rio<\/em><br \/>\n<em>Leila Fortes &#8211; Faculdades Integradas Vale do Ribeira<\/em><br \/>\n<em>Vinicius de Oliveira Costa.<\/em><\/li>\n<\/ul>\n<hr \/>\n<ul>\n<li><a href=\"http:\/\/portal.unisepe.com.br\/unifia\/wp-content\/uploads\/sites\/10001\/2018\/06\/7libras.pdf\" target=\"_blank\" rel=\"noopener\">Int\u00e9rprete de Libras e Alunos surdos:Comunica\u00e7\u00e3o em Sala de Aula<\/a><br \/>\n<em>Daniela Paladini Groppo &#8211; Centro Universit\u00e1rio Amparense UNIFIA.<\/em><\/li>\n<\/ul>\n<hr \/>\n<ul>\n<li><a href=\"http:\/\/portal.unisepe.com.br\/unifia\/wp-content\/uploads\/sites\/10001\/2018\/06\/8est_mot.pdf\" target=\"_blank\" rel=\"noopener\">O Estado de Motiva\u00e7\u00e3o constante dos Alunos de Gradua\u00e7\u00e3o: A Fun\u00e7\u00e3o do Professor<\/a><br \/>\n<em>Romeu Marcelo Kurth &#8211; Centro Universit\u00e1rio Amparense UNIFIA.<\/em><\/li>\n<\/ul>\n<hr \/>\n<ul>\n<li><a href=\"http:\/\/portal.unisepe.com.br\/unifia\/wp-content\/uploads\/sites\/10001\/2018\/06\/9gest_tec.pdf\" target=\"_blank\" rel=\"noopener\">O Gestor Escolar e as Novas Tecnologias<\/a><br \/>\n<em>Mirivan Carneiro Rios.<\/em><\/li>\n<\/ul>\n","protected":false},"excerpt":{"rendered":"<p>Artigos &nbsp; Defici\u00eancia Visual e Ensino de Qu\u00edmica. Rodrigues, B.- Centro Universit\u00e1rio Amparense UNIFIA. Groppo,D.P.- Centro Universit\u00e1rio Amparense UNIFIA. Ar\u00e7ari, D.P.- Centro Universit\u00e1rio Amparense UNIFIA. Lima, A.A.- Centro Universit\u00e1rio Amparense UNIFIA. Barassa,J.R .- Centro Universit\u00e1rio Amparense UNIFIA. Rubi,D.A. &#8211; Centro Universit\u00e1rio Amparense UNIFIA. Hidroterapia e Equoterapia: Alternativas para o Desenvolvimento<\/p>\n","protected":false},"author":2,"featured_media":0,"parent":2819,"menu_order":0,"comment_status":"closed","ping_status":"closed","template":"templates\/template-pagina_menu_vertical.php","meta":{"footnotes":""},"categories":[],"tags":[],"class_list":["post-2849","page","type-page","status-publish","hentry"],"_links":{"self":[{"href":"https:\/\/portal.unisepe.com.br\/unifia\/wp-json\/wp\/v2\/pages\/2849","targetHints":{"allow":["GET"]}}],"collection":[{"href":"https:\/\/portal.unisepe.com.br\/unifia\/wp-json\/wp\/v2\/pages"}],"about":[{"href":"https:\/\/portal.unisepe.com.br\/unifia\/wp-json\/wp\/v2\/types\/page"}],"author":[{"embeddable":true,"href":"https:\/\/portal.unisepe.com.br\/unifia\/wp-json\/wp\/v2\/users\/2"}],"replies":[{"embeddable":true,"href":"https:\/\/portal.unisepe.com.br\/unifia\/wp-json\/wp\/v2\/comments?post=2849"}],"version-history":[{"count":5,"href":"https:\/\/portal.unisepe.com.br\/unifia\/wp-json\/wp\/v2\/pages\/2849\/revisions"}],"predecessor-version":[{"id":2863,"href":"https:\/\/portal.unisepe.com.br\/unifia\/wp-json\/wp\/v2\/pages\/2849\/revisions\/2863"}],"up":[{"embeddable":true,"href":"https:\/\/portal.unisepe.com.br\/unifia\/wp-json\/wp\/v2\/pages\/2819"}],"wp:attachment":[{"href":"https:\/\/portal.unisepe.com.br\/unifia\/wp-json\/wp\/v2\/media?parent=2849"}],"wp:term":[{"taxonomy":"category","embeddable":true,"href":"https:\/\/portal.unisepe.com.br\/unifia\/wp-json\/wp\/v2\/categories?post=2849"},{"taxonomy":"post_tag","embeddable":true,"href":"https:\/\/portal.unisepe.com.br\/unifia\/wp-json\/wp\/v2\/tags?post=2849"}],"curies":[{"name":"wp","href":"https:\/\/api.w.org\/{rel}","templated":true}]}}