{"id":2864,"date":"2018-06-07T22:56:13","date_gmt":"2018-06-08T01:56:13","guid":{"rendered":"http:\/\/portal.unisepe.com.br\/unifia\/?page_id=2864"},"modified":"2018-06-11T16:31:20","modified_gmt":"2018-06-11T19:31:20","slug":"ano-2012","status":"publish","type":"page","link":"https:\/\/portal.unisepe.com.br\/unifia\/educacao-em-foco\/ano-2012\/","title":{"rendered":"Ano 2012"},"content":{"rendered":"<h6>Artigos<\/h6>\n<p>&nbsp;<\/p>\n<ul>\n<li><a href=\"http:\/\/portal.unisepe.com.br\/unifia\/wp-content\/uploads\/sites\/10001\/2018\/06\/1refletindo_sobre_identidade.pdf\" target=\"_blank\" rel=\"noopener\">Refletindo Sobre a Identidade e a Forma\u00e7\u00e3o do Professor da Educa\u00e7\u00e3o Superior.<\/a><br \/>\n<em>F\u00e1tima Albertina Sangaleti Oliari.<\/em><br \/>\n<em>Regane Maria Tenroller<\/em><br \/>\n<em>Ros\u00e2ngela Ferra\u00e7a Roquette<\/em><br \/>\n<em>Egislaine de Nez<\/em><\/li>\n<\/ul>\n<hr \/>\n<ul>\n<li><a href=\"http:\/\/portal.unisepe.com.br\/unifia\/wp-content\/uploads\/sites\/10001\/2018\/06\/2acesso_escola.pdf\" target=\"_blank\" rel=\"noopener\">Pol\u00edticas P\u00fablicas: Acesso e Perman\u00eancia na Escola: Um Direito .<\/a><br \/>\n<em>Adriana Maria Jacob de Souza. &#8211; Faculdades Integradas Vale do Ribeira<\/em><\/li>\n<\/ul>\n<hr \/>\n<ul>\n<li><a href=\"http:\/\/portal.unisepe.com.br\/unifia\/wp-content\/uploads\/sites\/10001\/2018\/06\/3heranca_cultural.pdf\" target=\"_blank\" rel=\"noopener\">A Revitaliza\u00e7\u00e3o da Heran\u00e7a Cultural no Processo de Forma\u00e7\u00e3o Docente sob a Perspectiva Vygotskyana.<\/a><br \/>\n<em>Patricia Salvador Segura &#8211; Faculdade de Iguape FISA.<\/em><br \/>\n<em>Leila Fortes &#8211; Faculdades Integradas Vale do Ribeira<\/em><\/li>\n<\/ul>\n<hr \/>\n<ul>\n<li><a href=\"http:\/\/portal.unisepe.com.br\/unifia\/wp-content\/uploads\/sites\/10001\/2018\/06\/4artigo_darc.pdf\" target=\"_blank\" rel=\"noopener\">Um Olhar Sobre a Comiss\u00e3o Propria de Avalia\u00e7\u00e3o (CPA) da Educa\u00e7\u00e3o Superior.<\/a><br \/>\n<em>Joana Darc da Silva Schmidt.<\/em><br \/>\n<em>Egeslaine de Nez.<\/em><\/li>\n<\/ul>\n<hr \/>\n","protected":false},"excerpt":{"rendered":"<p>Artigos &nbsp; Refletindo Sobre a Identidade e a Forma\u00e7\u00e3o do Professor da Educa\u00e7\u00e3o Superior. F\u00e1tima Albertina Sangaleti Oliari. Regane Maria Tenroller Ros\u00e2ngela Ferra\u00e7a Roquette Egislaine de Nez Pol\u00edticas P\u00fablicas: Acesso e Perman\u00eancia na Escola: Um Direito . Adriana Maria Jacob de Souza. &#8211; Faculdades Integradas Vale do Ribeira A Revitaliza\u00e7\u00e3o<\/p>\n","protected":false},"author":2,"featured_media":0,"parent":2819,"menu_order":0,"comment_status":"closed","ping_status":"closed","template":"templates\/template-pagina_menu_vertical.php","meta":{"footnotes":""},"categories":[],"tags":[],"class_list":["post-2864","page","type-page","status-publish","hentry"],"_links":{"self":[{"href":"https:\/\/portal.unisepe.com.br\/unifia\/wp-json\/wp\/v2\/pages\/2864","targetHints":{"allow":["GET"]}}],"collection":[{"href":"https:\/\/portal.unisepe.com.br\/unifia\/wp-json\/wp\/v2\/pages"}],"about":[{"href":"https:\/\/portal.unisepe.com.br\/unifia\/wp-json\/wp\/v2\/types\/page"}],"author":[{"embeddable":true,"href":"https:\/\/portal.unisepe.com.br\/unifia\/wp-json\/wp\/v2\/users\/2"}],"replies":[{"embeddable":true,"href":"https:\/\/portal.unisepe.com.br\/unifia\/wp-json\/wp\/v2\/comments?post=2864"}],"version-history":[{"count":4,"href":"https:\/\/portal.unisepe.com.br\/unifia\/wp-json\/wp\/v2\/pages\/2864\/revisions"}],"predecessor-version":[{"id":2872,"href":"https:\/\/portal.unisepe.com.br\/unifia\/wp-json\/wp\/v2\/pages\/2864\/revisions\/2872"}],"up":[{"embeddable":true,"href":"https:\/\/portal.unisepe.com.br\/unifia\/wp-json\/wp\/v2\/pages\/2819"}],"wp:attachment":[{"href":"https:\/\/portal.unisepe.com.br\/unifia\/wp-json\/wp\/v2\/media?parent=2864"}],"wp:term":[{"taxonomy":"category","embeddable":true,"href":"https:\/\/portal.unisepe.com.br\/unifia\/wp-json\/wp\/v2\/categories?post=2864"},{"taxonomy":"post_tag","embeddable":true,"href":"https:\/\/portal.unisepe.com.br\/unifia\/wp-json\/wp\/v2\/tags?post=2864"}],"curies":[{"name":"wp","href":"https:\/\/api.w.org\/{rel}","templated":true}]}}