{"id":2905,"date":"2018-06-11T17:27:12","date_gmt":"2018-06-11T20:27:12","guid":{"rendered":"http:\/\/portal.unisepe.com.br\/unifia\/?page_id=2905"},"modified":"2018-06-11T21:17:28","modified_gmt":"2018-06-12T00:17:28","slug":"ano-2016","status":"publish","type":"page","link":"https:\/\/portal.unisepe.com.br\/unifia\/educacao-em-foco\/ano-2016\/","title":{"rendered":"Ano 2016"},"content":{"rendered":"<h6>Artigos<\/h6>\n<p>&nbsp;<\/p>\n<ul>\n<li><a href=\"http:\/\/portal.unisepe.com.br\/unifia\/wp-content\/uploads\/sites\/10001\/2018\/06\/001_ed_sexual.pdf\" target=\"_blank\" rel=\"noopener\">A ABORDAGEM DO TEMA EDUCA\u00c7\u00c3O SEXUAL EM SALA DE AULA: JUNTOS OU SEPARADOS? &#8211; p\u00e1g 1 \u00e0 12<\/a><br \/>\n<em>Claudinei Jos\u00e9 Martini<\/em><\/li>\n<\/ul>\n<hr \/>\n<ul>\n<li><a href=\"http:\/\/portal.unisepe.com.br\/unifia\/wp-content\/uploads\/sites\/10001\/2018\/06\/002_eco_industrial.pdf\" target=\"_blank\" rel=\"noopener\">ECOLOGIA INDUSTRIAL E SUSTENTABILIDADE ANTROPOSSOCIAL &#8211; p\u00e1g 13 \u00e0 23<\/a><br \/>\n<em>Reynaldo F. L. de Mello<\/em><\/li>\n<\/ul>\n<hr \/>\n<ul>\n<li><a href=\"http:\/\/portal.unisepe.com.br\/unifia\/wp-content\/uploads\/sites\/10001\/2018\/06\/003_influencia_historia_educ_infantil.pdf\" target=\"_blank\" rel=\"noopener\">A INFLU\u00caNCIA DO ENSINO DE HIST\u00d3RIA NA EDUCA\u00c7\u00c3O INFANTIL E FORMA\u00c7\u00c3O DO ALUNO &#8211; p\u00e1g 24 \u00e0 40<\/a><br \/>\n<em>Liliane de Jesus Nascimento Miranda<\/em><br \/>\n<em>Dirlei Afonso Schier<\/em><\/li>\n<\/ul>\n<hr \/>\n<ul>\n<li><a href=\"http:\/\/portal.unisepe.com.br\/unifia\/wp-content\/uploads\/sites\/10001\/2018\/06\/004_artigo_praticas_restaurativas.pdf\" target=\"_blank\" rel=\"noopener\">PR\u00c1TICAS RESTAURATIVAS UMA NOVA FORMA DE TRANSFORMAR OS CONFLITOS &#8211; p\u00e1g 41 \u00e0 57<\/a><br \/>\n<em>Fabio Purchatti P Da Silva<\/em><br \/>\n<em>Rubiane Gabriele C B S Zardi<\/em><br \/>\n<em>Thawana Aquino De Oliveira<\/em><br \/>\n<em>Silmara Quintana<\/em><\/li>\n<\/ul>\n<hr \/>\n<ul>\n<li><a href=\"http:\/\/portal.unisepe.com.br\/unifia\/wp-content\/uploads\/sites\/10001\/2018\/06\/005_artigo_analise_cultura.pdf\" target=\"_blank\" rel=\"noopener\">UMA AN\u00c1LISE DA CULTURA E HIST\u00d3RIA AFRO-BRASILEIRA &#8211; p\u00e1g 58 \u00e0 73<\/a><br \/>\n<em>Pedro Paulo<\/em><br \/>\n<em>Fab\u00edola Lopes<\/em><\/li>\n<\/ul>\n<hr \/>\n<ul>\n<li><a href=\"http:\/\/portal.unisepe.com.br\/unifia\/wp-content\/uploads\/sites\/10001\/2018\/06\/006_artigo.pdf\" target=\"_blank\" rel=\"noopener\">Fam\u00edlias Homoafetivas e os Padr\u00f5es Impostos Pela Sociedade &#8211; p\u00e1g 74 \u00e0 76<\/a><br \/>\n<em>J\u00e9ssica Nogueira Os\u00f3rio<\/em><br \/>\n<em>Beatriz Rezende Rocha<\/em><\/li>\n<\/ul>\n<hr \/>\n<ul>\n<li><a href=\"http:\/\/portal.unisepe.com.br\/unifia\/wp-content\/uploads\/sites\/10001\/2018\/06\/007_a_dimensao_do_outro.pdf\" target=\"_blank\" rel=\"noopener\">A DIMENS\u00c3O DO OUTRO, REFLEX\u00d5ES &#8211; p\u00e1g 77 \u00e0 82<\/a><br \/>\n<em>Rubens Machado<\/em><br \/>\n<em>Fab\u00edola Lowenthal<\/em><\/li>\n<\/ul>\n<hr \/>\n","protected":false},"excerpt":{"rendered":"<p>Artigos &nbsp; A ABORDAGEM DO TEMA EDUCA\u00c7\u00c3O SEXUAL EM SALA DE AULA: JUNTOS OU SEPARADOS? &#8211; p\u00e1g 1 \u00e0 12 Claudinei Jos\u00e9 Martini ECOLOGIA INDUSTRIAL E SUSTENTABILIDADE ANTROPOSSOCIAL &#8211; p\u00e1g 13 \u00e0 23 Reynaldo F. L. de Mello A INFLU\u00caNCIA DO ENSINO DE HIST\u00d3RIA NA EDUCA\u00c7\u00c3O INFANTIL E FORMA\u00c7\u00c3O DO<\/p>\n","protected":false},"author":2,"featured_media":0,"parent":2819,"menu_order":0,"comment_status":"closed","ping_status":"closed","template":"templates\/template-pagina_menu_vertical.php","meta":{"footnotes":""},"categories":[],"tags":[],"class_list":["post-2905","page","type-page","status-publish","hentry"],"_links":{"self":[{"href":"https:\/\/portal.unisepe.com.br\/unifia\/wp-json\/wp\/v2\/pages\/2905","targetHints":{"allow":["GET"]}}],"collection":[{"href":"https:\/\/portal.unisepe.com.br\/unifia\/wp-json\/wp\/v2\/pages"}],"about":[{"href":"https:\/\/portal.unisepe.com.br\/unifia\/wp-json\/wp\/v2\/types\/page"}],"author":[{"embeddable":true,"href":"https:\/\/portal.unisepe.com.br\/unifia\/wp-json\/wp\/v2\/users\/2"}],"replies":[{"embeddable":true,"href":"https:\/\/portal.unisepe.com.br\/unifia\/wp-json\/wp\/v2\/comments?post=2905"}],"version-history":[{"count":5,"href":"https:\/\/portal.unisepe.com.br\/unifia\/wp-json\/wp\/v2\/pages\/2905\/revisions"}],"predecessor-version":[{"id":2917,"href":"https:\/\/portal.unisepe.com.br\/unifia\/wp-json\/wp\/v2\/pages\/2905\/revisions\/2917"}],"up":[{"embeddable":true,"href":"https:\/\/portal.unisepe.com.br\/unifia\/wp-json\/wp\/v2\/pages\/2819"}],"wp:attachment":[{"href":"https:\/\/portal.unisepe.com.br\/unifia\/wp-json\/wp\/v2\/media?parent=2905"}],"wp:term":[{"taxonomy":"category","embeddable":true,"href":"https:\/\/portal.unisepe.com.br\/unifia\/wp-json\/wp\/v2\/categories?post=2905"},{"taxonomy":"post_tag","embeddable":true,"href":"https:\/\/portal.unisepe.com.br\/unifia\/wp-json\/wp\/v2\/tags?post=2905"}],"curies":[{"name":"wp","href":"https:\/\/api.w.org\/{rel}","templated":true}]}}