{"id":2918,"date":"2018-06-11T21:17:55","date_gmt":"2018-06-12T00:17:55","guid":{"rendered":"http:\/\/portal.unisepe.com.br\/unifia\/?page_id=2918"},"modified":"2020-06-29T14:17:56","modified_gmt":"2020-06-29T17:17:56","slug":"ano-2017","status":"publish","type":"page","link":"https:\/\/portal.unisepe.com.br\/unifia\/educacao-em-foco\/ano-2017\/","title":{"rendered":"Ano 2017"},"content":{"rendered":"<h6>Artigos<\/h6>\n<p>&nbsp;<\/p>\n<ul>\n<li><a href=\"http:\/\/portal.unisepe.com.br\/unifia\/wp-content\/uploads\/sites\/10001\/2018\/06\/001_resenha_livro_matematica.pdf\" target=\"_blank\" rel=\"noopener\">ABORDAGENS EM EDUCA\u00c7\u00c3O MATEM\u00c1TICA &#8211; p\u00e1g 1 \u00e1 3<\/a><br \/>\n<em>Claudinei Jos\u00e9 Martini<\/em><\/li>\n<\/ul>\n<hr \/>\n<ul>\n<li><a href=\"http:\/\/portal.unisepe.com.br\/unifia\/wp-content\/uploads\/sites\/10001\/2018\/06\/002_artigo_resenha.pdf\" target=\"_blank\" rel=\"noopener\">EAD NA PR\u00c1TICA: PLANEJAMENTO, M\u00c9TODOS E AMBIENTES DE EDUCA\u00c7\u00c3O ONLINE. &#8211; p\u00e1g 4 \u00e1 8<\/a><br \/>\n<em>Claudinei Jos\u00e9 Martini<\/em><\/li>\n<\/ul>\n<hr \/>\n<ul>\n<li><a href=\"http:\/\/portal.unisepe.com.br\/unifia\/wp-content\/uploads\/sites\/10001\/2018\/06\/003_papel_tutor_contexto_educacao.pdf\" target=\"_blank\" rel=\"noopener\">O PAPEL DO TUTOR NO CONTEXTO DA EUCA\u00c7\u00c3O INCLUSIVA. &#8211; p\u00e1g 9 \u00e0 24<\/a><br \/>\n<em>Catia Muniz Cordeiro<\/em><\/li>\n<\/ul>\n<hr \/>\n<ul>\n<li><a href=\"http:\/\/portal.unisepe.com.br\/unifia\/wp-content\/uploads\/sites\/10001\/2018\/06\/004_artigo_saude_template.pdf\" target=\"_blank\" rel=\"noopener\">CUIDANDO DE QUEM CUIDA \u2013 O PAPEL DO PSIC\u00d3LOGO COM CUIDADORES &#8211; p\u00e1g 25 \u00e0 36<\/a><br \/>\n<em>Adriana Aparecida de Faria<\/em><br \/>\n<em>Ang\u00e9lica Muniz Aparecido<\/em><br \/>\n<em>Giovanna Lima da Cruz<\/em><br \/>\n<em>Eduardo Khater<\/em><\/li>\n<\/ul>\n<hr \/>\n<ul>\n<li><a href=\"http:\/\/portal.unisepe.com.br\/unifia\/wp-content\/uploads\/sites\/10001\/2018\/06\/006_autonomia.pdf\" target=\"_blank\" rel=\"noopener\">A AUTONOMIA NA EaD &#8211; p\u00e1g 44 \u00e0 53<\/a><br \/>\n<em>Claudinei Zagui Pareschi<\/em><br \/>\n<em>Claudinei Jos\u00e9 Martini<\/em><\/li>\n<\/ul>\n<hr \/>\n<ul>\n<li><a href=\"http:\/\/portal.unisepe.com.br\/unifia\/wp-content\/uploads\/sites\/10001\/2018\/06\/007_assistente.pdf\" target=\"_blank\" rel=\"noopener\">O ASSISTENTE SOCIAL NA \u00c1REA DA ESCOLA &#8211; p\u00e1g 54 \u00e0 69<\/a><br \/>\n<em>Evilin In\u00e1cio Campos<\/em><br \/>\n<em>J\u00e9ssica Galindo Ribeiro<\/em><br \/>\n<em>Nat\u00e1lia dos Santos Machado<\/em><br \/>\n<em>Natascha Oliveira Rodrigues<\/em><br \/>\n<em>Silmara Cristina Ramos Quintana<\/em><\/li>\n<\/ul>\n","protected":false},"excerpt":{"rendered":"<p>Artigos &nbsp; ABORDAGENS EM EDUCA\u00c7\u00c3O MATEM\u00c1TICA &#8211; p\u00e1g 1 \u00e1 3 Claudinei Jos\u00e9 Martini EAD NA PR\u00c1TICA: PLANEJAMENTO, M\u00c9TODOS E AMBIENTES DE EDUCA\u00c7\u00c3O ONLINE. &#8211; p\u00e1g 4 \u00e1 8 Claudinei Jos\u00e9 Martini O PAPEL DO TUTOR NO CONTEXTO DA EUCA\u00c7\u00c3O INCLUSIVA. &#8211; p\u00e1g 9 \u00e0 24 Catia Muniz Cordeiro CUIDANDO<\/p>\n","protected":false},"author":2,"featured_media":0,"parent":2819,"menu_order":0,"comment_status":"closed","ping_status":"closed","template":"templates\/template-pagina_menu_vertical.php","meta":{"footnotes":""},"categories":[],"tags":[],"class_list":["post-2918","page","type-page","status-publish","hentry"],"_links":{"self":[{"href":"https:\/\/portal.unisepe.com.br\/unifia\/wp-json\/wp\/v2\/pages\/2918","targetHints":{"allow":["GET"]}}],"collection":[{"href":"https:\/\/portal.unisepe.com.br\/unifia\/wp-json\/wp\/v2\/pages"}],"about":[{"href":"https:\/\/portal.unisepe.com.br\/unifia\/wp-json\/wp\/v2\/types\/page"}],"author":[{"embeddable":true,"href":"https:\/\/portal.unisepe.com.br\/unifia\/wp-json\/wp\/v2\/users\/2"}],"replies":[{"embeddable":true,"href":"https:\/\/portal.unisepe.com.br\/unifia\/wp-json\/wp\/v2\/comments?post=2918"}],"version-history":[{"count":4,"href":"https:\/\/portal.unisepe.com.br\/unifia\/wp-json\/wp\/v2\/pages\/2918\/revisions"}],"predecessor-version":[{"id":6553,"href":"https:\/\/portal.unisepe.com.br\/unifia\/wp-json\/wp\/v2\/pages\/2918\/revisions\/6553"}],"up":[{"embeddable":true,"href":"https:\/\/portal.unisepe.com.br\/unifia\/wp-json\/wp\/v2\/pages\/2819"}],"wp:attachment":[{"href":"https:\/\/portal.unisepe.com.br\/unifia\/wp-json\/wp\/v2\/media?parent=2918"}],"wp:term":[{"taxonomy":"category","embeddable":true,"href":"https:\/\/portal.unisepe.com.br\/unifia\/wp-json\/wp\/v2\/categories?post=2918"},{"taxonomy":"post_tag","embeddable":true,"href":"https:\/\/portal.unisepe.com.br\/unifia\/wp-json\/wp\/v2\/tags?post=2918"}],"curies":[{"name":"wp","href":"https:\/\/api.w.org\/{rel}","templated":true}]}}