{"id":2945,"date":"2018-06-11T21:34:07","date_gmt":"2018-06-12T00:34:07","guid":{"rendered":"http:\/\/portal.unisepe.com.br\/unifia\/?page_id=2945"},"modified":"2018-06-11T21:38:30","modified_gmt":"2018-06-12T00:38:30","slug":"ano-2009","status":"publish","type":"page","link":"https:\/\/portal.unisepe.com.br\/unifia\/gestao-em-foco\/ano-2009\/","title":{"rendered":"Ano 2009"},"content":{"rendered":"<h6>Artigos<\/h6>\n<p>&nbsp;<\/p>\n<ul>\n<li><a href=\"http:\/\/portal.unisepe.com.br\/unifia\/wp-content\/uploads\/sites\/10001\/2018\/06\/1arborizacaourbana.pdf\" target=\"_blank\" rel=\"noopener\">Arboriza\u00e7\u00e3o Urbana em um Bairro Popular de Amparo\/SP<\/a><br \/>\n<em>Bas\u00edlio Gomes Ribeiro Filho.- Centro Universit\u00e1rio Amparense UNIFIA<\/em><br \/>\n<em>Andr\u00e9 Alberto. &#8211; Centro Universit\u00e1rio Amparense UNIFIA<\/em><br \/>\n<em>Ana L\u00facia Carneiro Pinto.<\/em><\/li>\n<\/ul>\n<hr \/>\n<ul>\n<li><a href=\"http:\/\/portal.unisepe.com.br\/unifia\/wp-content\/uploads\/sites\/10001\/2018\/06\/2cestabasica.pdf\" target=\"_blank\" rel=\"noopener\">Cesta B\u00e1sica Na Cidade de Amparo\/SP<\/a><br \/>\n<em>Christiane Novo Barbato.<\/em><br \/>\n<em>Jos\u00e9 Carlos Valente &#8211; Centro Universit\u00e1rio Amparense UNIFIA<\/em><\/li>\n<\/ul>\n<hr \/>\n<ul>\n<li><a href=\"http:\/\/portal.unisepe.com.br\/unifia\/wp-content\/uploads\/sites\/10001\/2018\/06\/3colocacaoprofissional.pdf\" target=\"_blank\" rel=\"noopener\">Coloca\u00e7\u00e3o Profissional e Inser\u00e7\u00e3o no Mercado de Trabalho dos Administradores no Vale do Ribeira<\/a><br \/>\n<em>Juracy Vieira de Carvalho.<\/em><br \/>\n<em>Afroditi Jean Cartsounis Leite.<\/em><\/li>\n<\/ul>\n<hr \/>\n<ul>\n<li><a href=\"http:\/\/portal.unisepe.com.br\/unifia\/wp-content\/uploads\/sites\/10001\/2018\/06\/4formasdetrabalho.pdf\" target=\"_blank\" rel=\"noopener\">Formas do Mundo do Trabalho<\/a><br \/>\n<em>Cl\u00e1udio Vieira Pinto.<\/em><\/li>\n<\/ul>\n<hr \/>\n<ul>\n<li><a href=\"http:\/\/portal.unisepe.com.br\/unifia\/wp-content\/uploads\/sites\/10001\/2018\/06\/5prestacaolocacao.pdf\" target=\"_blank\" rel=\"noopener\">Diferen\u00e7as Fundamentais entre Presta\u00e7\u00e3o de Servi\u00e7os e Aluguel de Bens M\u00f3veis. O imposto sobre Servi\u00e7os (ISSQN) e a Loca\u00e7\u00e3o<\/a><br \/>\n<em>Ivan Jacomassi Junior. &#8211; Centro Universit\u00e1rio Amparense UNIFIA<\/em><\/li>\n<\/ul>\n","protected":false},"excerpt":{"rendered":"<p>Artigos &nbsp; Arboriza\u00e7\u00e3o Urbana em um Bairro Popular de Amparo\/SP Bas\u00edlio Gomes Ribeiro Filho.- Centro Universit\u00e1rio Amparense UNIFIA Andr\u00e9 Alberto. &#8211; Centro Universit\u00e1rio Amparense UNIFIA Ana L\u00facia Carneiro Pinto. Cesta B\u00e1sica Na Cidade de Amparo\/SP Christiane Novo Barbato. Jos\u00e9 Carlos Valente &#8211; Centro Universit\u00e1rio Amparense UNIFIA Coloca\u00e7\u00e3o Profissional e Inser\u00e7\u00e3o<\/p>\n","protected":false},"author":2,"featured_media":0,"parent":2940,"menu_order":0,"comment_status":"closed","ping_status":"closed","template":"templates\/template-pagina_menu_vertical.php","meta":{"footnotes":""},"categories":[],"tags":[],"class_list":["post-2945","page","type-page","status-publish","hentry"],"_links":{"self":[{"href":"https:\/\/portal.unisepe.com.br\/unifia\/wp-json\/wp\/v2\/pages\/2945","targetHints":{"allow":["GET"]}}],"collection":[{"href":"https:\/\/portal.unisepe.com.br\/unifia\/wp-json\/wp\/v2\/pages"}],"about":[{"href":"https:\/\/portal.unisepe.com.br\/unifia\/wp-json\/wp\/v2\/types\/page"}],"author":[{"embeddable":true,"href":"https:\/\/portal.unisepe.com.br\/unifia\/wp-json\/wp\/v2\/users\/2"}],"replies":[{"embeddable":true,"href":"https:\/\/portal.unisepe.com.br\/unifia\/wp-json\/wp\/v2\/comments?post=2945"}],"version-history":[{"count":4,"href":"https:\/\/portal.unisepe.com.br\/unifia\/wp-json\/wp\/v2\/pages\/2945\/revisions"}],"predecessor-version":[{"id":2954,"href":"https:\/\/portal.unisepe.com.br\/unifia\/wp-json\/wp\/v2\/pages\/2945\/revisions\/2954"}],"up":[{"embeddable":true,"href":"https:\/\/portal.unisepe.com.br\/unifia\/wp-json\/wp\/v2\/pages\/2940"}],"wp:attachment":[{"href":"https:\/\/portal.unisepe.com.br\/unifia\/wp-json\/wp\/v2\/media?parent=2945"}],"wp:term":[{"taxonomy":"category","embeddable":true,"href":"https:\/\/portal.unisepe.com.br\/unifia\/wp-json\/wp\/v2\/categories?post=2945"},{"taxonomy":"post_tag","embeddable":true,"href":"https:\/\/portal.unisepe.com.br\/unifia\/wp-json\/wp\/v2\/tags?post=2945"}],"curies":[{"name":"wp","href":"https:\/\/api.w.org\/{rel}","templated":true}]}}