{"id":2960,"date":"2018-06-11T21:41:06","date_gmt":"2018-06-12T00:41:06","guid":{"rendered":"http:\/\/portal.unisepe.com.br\/unifia\/?page_id=2960"},"modified":"2018-06-11T21:53:28","modified_gmt":"2018-06-12T00:53:28","slug":"ano-2011","status":"publish","type":"page","link":"https:\/\/portal.unisepe.com.br\/unifia\/gestao-em-foco\/ano-2011\/","title":{"rendered":"Ano 2011"},"content":{"rendered":"<h6>Artigos<\/h6>\n<p>&nbsp;<\/p>\n<ul>\n<li><a href=\"http:\/\/portal.unisepe.com.br\/unifia\/wp-content\/uploads\/sites\/10001\/2018\/06\/1gestao_foco_Carbono14.pdf\" target=\"_blank\" rel=\"noopener\">Data\u00e7\u00e3o Por Carbono 14.<\/a><br \/>\n<em>Francisco, J.A.S.<\/em><br \/>\n<em>Lima, A.A.<\/em><br \/>\n<em>Ar\u00e7ari, D.P..<\/em><\/li>\n<\/ul>\n<hr \/>\n<ul>\n<li><a href=\"http:\/\/portal.unisepe.com.br\/unifia\/wp-content\/uploads\/sites\/10001\/2018\/06\/2gestao_foco_plantas_medicinais.pdf\" target=\"_blank\" rel=\"noopener\">Conhecimento Popular Sobre Plantas Medicinais Nos Bairros Jardim S\u00e3o Dimas, Munic\u00edpio de Amparo\/sp e Jardim S\u00e3o Jer\u00f4nimo, Munic\u00edpio de Monte Alegre do Sul\/SP.<\/a><br \/>\n<em>Bianchi, Tamires Aparecida<\/em><br \/>\n<em>Soares, Tatiana<\/em><br \/>\n<em>Torihara, Leonardo Massaru<\/em><br \/>\n<em>Cunha, Jos\u00e9 Maur\u00edcio Alves da<\/em><br \/>\n<em>Alberto, Andr\u00e9<\/em><\/li>\n<\/ul>\n<hr \/>\n<ul>\n<li><a href=\"http:\/\/portal.unisepe.com.br\/unifia\/wp-content\/uploads\/sites\/10001\/2018\/06\/3gestao_foco_Cosmeticos_Maquilagem.pdf\" target=\"_blank\" rel=\"noopener\">Estudo Sobre Cosm\u00e9ticos Faciais Relacionados \u00e0 Maquilagem<\/a><br \/>\n<em>Aparecida, S.A.P.<\/em><br \/>\n<em>Pires. A.V.<\/em><br \/>\n<em>Alves, D.E.M.<\/em><br \/>\n<em>Carlosmagno, S.M.<\/em><br \/>\n<em>Lima, A. A.<\/em><br \/>\n<em>Ar\u00e7ari, D.P.<\/em><\/li>\n<\/ul>\n<hr \/>\n<ul>\n<li><a href=\"http:\/\/portal.unisepe.com.br\/unifia\/wp-content\/uploads\/sites\/10001\/2018\/06\/4gestao_foco_Pilhas.pdf\" target=\"_blank\" rel=\"noopener\">Pilhas e Baterias Descarte Correto e Reciclagem.<\/a><br \/>\n<em>Nogueira, D<\/em><br \/>\n<em>Ventura, D.Ap<\/em><br \/>\n<em>Fabocci, R.T.S<\/em><br \/>\n<em>Lima, A.A.<\/em><br \/>\n<em>Ar\u00e7ari, D.P.<\/em><\/li>\n<\/ul>\n<hr \/>\n<ul>\n<li><a href=\"http:\/\/portal.unisepe.com.br\/unifia\/wp-content\/uploads\/sites\/10001\/2018\/06\/5gestao_foco_tratamento_residuos_solidos.pdf\" target=\"_blank\" rel=\"noopener\">Tratamento de Res\u00edduos S\u00f3lidos.<\/a><br \/>\n<em>Pereira, J.L.<\/em><br \/>\n<em>Godoi, J.C.G.<\/em><br \/>\n<em>Perim, R.A.<\/em><br \/>\n<em>Federicci, S.B.J.<\/em><br \/>\n<em>Ribeiro Filho, B.G.<\/em><br \/>\n<em>Zanin, C.I.C.B.<\/em><\/li>\n<\/ul>\n<hr \/>\n<ul>\n<li><a href=\"http:\/\/portal.unisepe.com.br\/unifia\/wp-content\/uploads\/sites\/10001\/2018\/06\/6Comercializ_milho_3Coracoes.pdf\" target=\"_blank\" rel=\"noopener\">Comercializa\u00e7\u00e3o do Milho em Tr\u00eas Cora\u00e7\u00f5es &#8211; Sul de Minas Gerais.<\/a><br \/>\n<em>Elaine Ribeiro de Oliveira<\/em><br \/>\n<em>Francisco Ant\u00f4nio Serralvo<\/em><\/li>\n<\/ul>\n<hr \/>\n<ul>\n<li><a href=\"http:\/\/portal.unisepe.com.br\/unifia\/wp-content\/uploads\/sites\/10001\/2018\/06\/7cont_empre.pdf\" target=\"_blank\" rel=\"noopener\">Contabilidade Internacional : Um estudo Acerca da Classifica\u00e7\u00e3o dos Sistemas Cont\u00e1beis G5 e G7<\/a><br \/>\n<em>Igor Gabriel Lima<\/em><br \/>\n<em>Jos\u00e9 Orc\u00e9lio do Nascimento<\/em><\/li>\n<\/ul>\n<hr \/>\n<ul>\n<li><a href=\"http:\/\/portal.unisepe.com.br\/unifia\/wp-content\/uploads\/sites\/10001\/2018\/06\/8reorganizacoes.pdf\" target=\"_blank\" rel=\"noopener\">Reorganiza\u00e7\u00f5es Societ\u00e1rias de Empresas do Agroneg\u00f3cio.<\/a><br \/>\n<em>Igor Gabriel Lima<\/em><br \/>\n<em>Jos\u00e9 Orc\u00e9lio do Nascimento<\/em><br \/>\n<em>Mauro Fernando Gallo<\/em><br \/>\n<em>Vanderley Guerra<\/em><br \/>\n<em>Carlos Roberto Souza Carmo.<\/em><\/li>\n<\/ul>\n<hr \/>\n<ul>\n<li><a href=\"http:\/\/portal.unisepe.com.br\/unifia\/wp-content\/uploads\/sites\/10001\/2018\/06\/9tranp_aereo.pdf\" target=\"_blank\" rel=\"noopener\">Evidencia\u00e7\u00e3o Cont\u00e1bil: Um Estudo Acerca da Conformidade da Evidencia\u00e7\u00e3o Nas Empresas de Transporte A\u00e9reo<\/a><br \/>\n<em>Igor Gabriel Lima<\/em><br \/>\n<em>Marcos Reinaldo Severino Peters<\/em><br \/>\n<em>Evandir Megliorini<\/em><br \/>\n<em>Edson Luiz Riccio<\/em><\/li>\n<\/ul>\n<hr \/>\n<ul>\n<li><a href=\"http:\/\/portal.unisepe.com.br\/unifia\/wp-content\/uploads\/sites\/10001\/2018\/06\/10trata_agua.pdf\" target=\"_blank\" rel=\"noopener\">Contamina\u00e7\u00e3o do Rio Jaguari Por Efluentes Industriais<\/a><br \/>\n<em>Frare, V.M.<\/em><br \/>\n<em>Lima, A.A.<\/em><br \/>\n<em>Ar\u00e7ari, D.P.<\/em><br \/>\n<em>Zanin, C.I.C.B.<\/em><\/li>\n<\/ul>\n<hr \/>\n<ul>\n<li><a href=\"http:\/\/portal.unisepe.com.br\/unifia\/wp-content\/uploads\/sites\/10001\/2018\/06\/11qui_forense.pdf\" target=\"_blank\" rel=\"noopener\">Qu\u00edmica Forense<\/a><br \/>\n<em>Lima, A.S.<\/em><br \/>\n<em>Santos, L.G.P<\/em><br \/>\n<em>Lima, A.A.<\/em><br \/>\n<em>Ar\u00e7ari, D.P.<\/em><br \/>\n<em>Zanin, C.I.C.B.<\/em><\/li>\n<\/ul>\n<hr \/>\n<ul>\n<li><a href=\"http:\/\/portal.unisepe.com.br\/unifia\/wp-content\/uploads\/sites\/10001\/2018\/06\/12trat_cancer.pdf\" target=\"_blank\" rel=\"noopener\">Nanotecnologia Empregada no Tratamento do C\u00e2ncer<\/a><br \/>\n<em>Freitas, F.J.<\/em><br \/>\n<em>Lima, A.A.<\/em><br \/>\n<em>Ar\u00e7ari, D.P.<\/em><br \/>\n<em>Zanin, C.I.C.B<\/em>.<\/li>\n<\/ul>\n","protected":false},"excerpt":{"rendered":"<p>Artigos &nbsp; Data\u00e7\u00e3o Por Carbono 14. Francisco, J.A.S. Lima, A.A. Ar\u00e7ari, D.P.. Conhecimento Popular Sobre Plantas Medicinais Nos Bairros Jardim S\u00e3o Dimas, Munic\u00edpio de Amparo\/sp e Jardim S\u00e3o Jer\u00f4nimo, Munic\u00edpio de Monte Alegre do Sul\/SP. Bianchi, Tamires Aparecida Soares, Tatiana Torihara, Leonardo Massaru Cunha, Jos\u00e9 Maur\u00edcio Alves da Alberto, Andr\u00e9<\/p>\n","protected":false},"author":2,"featured_media":0,"parent":2940,"menu_order":0,"comment_status":"closed","ping_status":"closed","template":"templates\/template-pagina_menu_vertical.php","meta":{"footnotes":""},"categories":[],"tags":[],"class_list":["post-2960","page","type-page","status-publish","hentry"],"_links":{"self":[{"href":"https:\/\/portal.unisepe.com.br\/unifia\/wp-json\/wp\/v2\/pages\/2960","targetHints":{"allow":["GET"]}}],"collection":[{"href":"https:\/\/portal.unisepe.com.br\/unifia\/wp-json\/wp\/v2\/pages"}],"about":[{"href":"https:\/\/portal.unisepe.com.br\/unifia\/wp-json\/wp\/v2\/types\/page"}],"author":[{"embeddable":true,"href":"https:\/\/portal.unisepe.com.br\/unifia\/wp-json\/wp\/v2\/users\/2"}],"replies":[{"embeddable":true,"href":"https:\/\/portal.unisepe.com.br\/unifia\/wp-json\/wp\/v2\/comments?post=2960"}],"version-history":[{"count":3,"href":"https:\/\/portal.unisepe.com.br\/unifia\/wp-json\/wp\/v2\/pages\/2960\/revisions"}],"predecessor-version":[{"id":2975,"href":"https:\/\/portal.unisepe.com.br\/unifia\/wp-json\/wp\/v2\/pages\/2960\/revisions\/2975"}],"up":[{"embeddable":true,"href":"https:\/\/portal.unisepe.com.br\/unifia\/wp-json\/wp\/v2\/pages\/2940"}],"wp:attachment":[{"href":"https:\/\/portal.unisepe.com.br\/unifia\/wp-json\/wp\/v2\/media?parent=2960"}],"wp:term":[{"taxonomy":"category","embeddable":true,"href":"https:\/\/portal.unisepe.com.br\/unifia\/wp-json\/wp\/v2\/categories?post=2960"},{"taxonomy":"post_tag","embeddable":true,"href":"https:\/\/portal.unisepe.com.br\/unifia\/wp-json\/wp\/v2\/tags?post=2960"}],"curies":[{"name":"wp","href":"https:\/\/api.w.org\/{rel}","templated":true}]}}