{"id":2976,"date":"2018-06-11T21:53:58","date_gmt":"2018-06-12T00:53:58","guid":{"rendered":"http:\/\/portal.unisepe.com.br\/unifia\/?page_id=2976"},"modified":"2018-06-11T22:02:17","modified_gmt":"2018-06-12T01:02:17","slug":"ano-2012","status":"publish","type":"page","link":"https:\/\/portal.unisepe.com.br\/unifia\/gestao-em-foco\/ano-2012\/","title":{"rendered":"Ano 2012"},"content":{"rendered":"<h6>Artigos<\/h6>\n<p>&nbsp;<\/p>\n<ul>\n<li><a href=\"http:\/\/portal.unisepe.com.br\/unifia\/wp-content\/uploads\/sites\/10001\/2018\/06\/1chefia_lideranca.pdf\" target=\"_blank\" rel=\"noopener\">Chefia e Lideran\u00e7a na Gest\u00e3o P\u00fablica:Algumas Reflex\u00f5es.<\/a><br \/>\n<em>Liane Margareth Panzenhagen<\/em><br \/>\n<em>Egeslaine de Nez<\/em><\/li>\n<\/ul>\n<hr \/>\n<ul>\n<li><a href=\"http:\/\/portal.unisepe.com.br\/unifia\/wp-content\/uploads\/sites\/10001\/2018\/06\/2palmito_jucara.pdf\" target=\"_blank\" rel=\"noopener\">Revis\u00e3o Bibliogr\u00e1fica Sobre o Palmito Ju\u00e7ara(Euterpe edulis).<\/a><br \/>\n<em>Andr\u00e9ia Nunes de Lima Pontes<\/em><br \/>\n<em>Di\u00f3genes da Silva Carneiro<\/em><br \/>\n<em>Nelson Braga de Oliveira J\u00fanior<\/em><br \/>\n<em>Priscila Morais da Silva &amp; Valdira Ribeiro de Aguiar<\/em><\/li>\n<\/ul>\n<hr \/>\n<ul>\n<li><a href=\"https:\/\/drive.google.com\/open?id=1GswCTlZCmsdZYsm0VEO22URh6OePvTlL\" target=\"_blank\" rel=\"noopener\">Levantamento Sobre a Preven\u00e7\u00e3o e Exposi\u00e7\u00e3o Quanto aos Riscos de Contrair HIV\/AIDS, Entre os Adolescentes de uma Escola P\u00fablica da Cidade de Amparo.<\/a><br \/>\n<em>Eliane Maria Gaspar<\/em><br \/>\n<em>Marcia Cristina Spadin Bizzo<\/em><br \/>\n<em>Su\u00e9len Eug\u00eania Teixeira<\/em><br \/>\n<em>Bas\u00edlio Gomes Ribeiro Filho<\/em><\/li>\n<\/ul>\n<hr \/>\n<ul>\n<li><a href=\"http:\/\/portal.unisepe.com.br\/unifia\/wp-content\/uploads\/sites\/10001\/2018\/06\/4chuva_acida.pdf\" target=\"_blank\" rel=\"noopener\">Consci\u00eancia Ambiental: Conceitos e Aplica\u00e7\u00e3o Inter-\u00c1reas de Qu\u00edmica e <em>Geografia com Textos Sobre Chuva \u00c1cida.<\/em><\/a><br \/>\n<em>Geovana Zamboni<\/em><br \/>\n<em>Felipe de Camargo Costa<\/em><br \/>\n<em>Ivan Carlos Zampin<\/em><br \/>\n<em>Sidnei Lopes Ribeiro.<\/em><\/li>\n<\/ul>\n<hr \/>\n<ul>\n<li><a href=\"http:\/\/portal.unisepe.com.br\/unifia\/wp-content\/uploads\/sites\/10001\/2018\/06\/5aplicacao_conceitos.pdf\" target=\"_blank\" rel=\"noopener\">Uma Aplica\u00e7\u00e3o dos Conceitos de Organiza\u00e7\u00e3o do Trabalho para Melhoria do Processo Produtivo de uma Linha de Fabrica\u00e7\u00e3o de Placas de Circuito Impresso<\/a><br \/>\n<em>Marcos Tadeu Moraes de Castro<\/em><\/li>\n<\/ul>\n<hr \/>\n<ul>\n<li><a href=\"http:\/\/portal.unisepe.com.br\/unifia\/wp-content\/uploads\/sites\/10001\/2018\/06\/6estudo_de_viabilidade.pdf\" target=\"_blank\" rel=\"noopener\">Estudo de Viabilidade de Implanta\u00e7\u00e3o de um Roteiro Tur\u00edstico Abrangendo Algumas Igrejas e o Col\u00e9gio Nossa Senhora de Sion em Campanha\/MG.<\/a><br \/>\n<em>Vanessa Tavares Vale Crestani.<\/em><\/li>\n<\/ul>\n<hr \/>\n<ul>\n<li><a href=\"http:\/\/portal.unisepe.com.br\/unifia\/wp-content\/uploads\/sites\/10001\/2018\/06\/7analise_estrutural.pdf\" target=\"_blank\" rel=\"noopener\">An\u00e1lises Estrutural da Hotelaria em Po\u00e7os de Caldas &#8211; MG<\/a><br \/>\n<em>Vanessa Tavares Vale Crestani.<\/em><\/li>\n<\/ul>\n","protected":false},"excerpt":{"rendered":"<p>Artigos &nbsp; Chefia e Lideran\u00e7a na Gest\u00e3o P\u00fablica:Algumas Reflex\u00f5es. Liane Margareth Panzenhagen Egeslaine de Nez Revis\u00e3o Bibliogr\u00e1fica Sobre o Palmito Ju\u00e7ara(Euterpe edulis). Andr\u00e9ia Nunes de Lima Pontes Di\u00f3genes da Silva Carneiro Nelson Braga de Oliveira J\u00fanior Priscila Morais da Silva &amp; Valdira Ribeiro de Aguiar Levantamento Sobre a Preven\u00e7\u00e3o e<\/p>\n","protected":false},"author":2,"featured_media":0,"parent":2940,"menu_order":0,"comment_status":"closed","ping_status":"closed","template":"templates\/template-pagina_menu_vertical.php","meta":{"footnotes":""},"categories":[],"tags":[],"class_list":["post-2976","page","type-page","status-publish","hentry"],"_links":{"self":[{"href":"https:\/\/portal.unisepe.com.br\/unifia\/wp-json\/wp\/v2\/pages\/2976","targetHints":{"allow":["GET"]}}],"collection":[{"href":"https:\/\/portal.unisepe.com.br\/unifia\/wp-json\/wp\/v2\/pages"}],"about":[{"href":"https:\/\/portal.unisepe.com.br\/unifia\/wp-json\/wp\/v2\/types\/page"}],"author":[{"embeddable":true,"href":"https:\/\/portal.unisepe.com.br\/unifia\/wp-json\/wp\/v2\/users\/2"}],"replies":[{"embeddable":true,"href":"https:\/\/portal.unisepe.com.br\/unifia\/wp-json\/wp\/v2\/comments?post=2976"}],"version-history":[{"count":4,"href":"https:\/\/portal.unisepe.com.br\/unifia\/wp-json\/wp\/v2\/pages\/2976\/revisions"}],"predecessor-version":[{"id":2986,"href":"https:\/\/portal.unisepe.com.br\/unifia\/wp-json\/wp\/v2\/pages\/2976\/revisions\/2986"}],"up":[{"embeddable":true,"href":"https:\/\/portal.unisepe.com.br\/unifia\/wp-json\/wp\/v2\/pages\/2940"}],"wp:attachment":[{"href":"https:\/\/portal.unisepe.com.br\/unifia\/wp-json\/wp\/v2\/media?parent=2976"}],"wp:term":[{"taxonomy":"category","embeddable":true,"href":"https:\/\/portal.unisepe.com.br\/unifia\/wp-json\/wp\/v2\/categories?post=2976"},{"taxonomy":"post_tag","embeddable":true,"href":"https:\/\/portal.unisepe.com.br\/unifia\/wp-json\/wp\/v2\/tags?post=2976"}],"curies":[{"name":"wp","href":"https:\/\/api.w.org\/{rel}","templated":true}]}}