{"id":2987,"date":"2018-06-11T22:02:54","date_gmt":"2018-06-12T01:02:54","guid":{"rendered":"http:\/\/portal.unisepe.com.br\/unifia\/?page_id=2987"},"modified":"2018-06-12T13:56:59","modified_gmt":"2018-06-12T16:56:59","slug":"ano-2013","status":"publish","type":"page","link":"https:\/\/portal.unisepe.com.br\/unifia\/gestao-em-foco\/ano-2013\/","title":{"rendered":"Ano 2013"},"content":{"rendered":"<h6>Artigos<\/h6>\n<p>&nbsp;<\/p>\n<ul>\n<li><a href=\"http:\/\/portal.unisepe.com.br\/unifia\/wp-content\/uploads\/sites\/10001\/2018\/06\/1influencia_esgoto.pdf\" target=\"_blank\" rel=\"noopener\">Influ\u00eancia do Lan\u00e7amento de Esgoto Org\u00e2nico nas Caracter\u00edsticas Limnol\u00f3gicas de C\u00f3rregos Afluentes do Rio Camandocaia, Amparo\/SP &#8211; Etapa 2<\/a><br \/>\nCamila Faionato Franco<br \/>\nEm\u00edlio Carlos Nardini<br \/>\nBas\u00edlio Gomes Ribeiro Filho<br \/>\nAndr\u00e9 Alberto<\/li>\n<\/ul>\n<hr \/>\n<ul>\n<li><a href=\"http:\/\/portal.unisepe.com.br\/unifia\/wp-content\/uploads\/sites\/10001\/2018\/06\/2implantacao_gerenciamento.pdf\" target=\"_blank\" rel=\"noopener\">Premissas para implanta\u00e7\u00e3o do Gerenciamento pelas Diretrizes \u2013 GPD &#8211; em uma institui\u00e7\u00e3o de ensino superior: uma an\u00e1lise bibliogr\u00e1fica<\/a><br \/>\nMarcos Tadeu Moraes de Castro<\/li>\n<\/ul>\n<hr \/>\n<ul>\n<li><a href=\"http:\/\/portal.unisepe.com.br\/unifia\/wp-content\/uploads\/sites\/10001\/2018\/06\/3qualidade_capacitacao.pdf\" target=\"_blank\" rel=\"noopener\">Qualidade Versus Capacita\u00e7\u00e3o: Uma An\u00e1lise da Hotelaria Familiar na Cidade de \u00c1guas de Lind\u00f3ia<\/a><br \/>\nMarcos Vinicius Carraro Ramos<br \/>\nMarcos Tadeu Moraes de Castro<\/li>\n<\/ul>\n<hr \/>\n<ul>\n<li><a href=\"http:\/\/portal.unisepe.com.br\/unifia\/wp-content\/uploads\/sites\/10001\/2018\/06\/4analise_conservacao.pdf\" target=\"_blank\" rel=\"noopener\">An\u00e1lise da Conserva\u00e7\u00e3o das Matas Ciliares da Feena (Floresta Estadual &#8220;Edmundo Navarro de Andrade&#8221;), \u00c0s Margens do Ribeir\u00e3o Claro e sua Influ\u00eancia no clima urbano, Definida por SIG&#8217;s &#8211; Uma Abordagem Preliminar.<\/a><br \/>\nIvan Carlos Zampin<br \/>\nSidnei Lopes Ribeiro<\/li>\n<\/ul>\n<hr \/>\n<ul>\n<li><a href=\"http:\/\/portal.unisepe.com.br\/unifia\/wp-content\/uploads\/sites\/10001\/2018\/06\/5analise_ambiental.pdf\" target=\"_blank\" rel=\"noopener\">An\u00e1lise Ambiental, Sustentabilidade e Recursos H\u00eddricos na Bacia Hidrogr\u00e1fica do Rio Corumbata\u00ed &#8211; SP.<\/a><br \/>\nIvan Carlos Zampin<br \/>\nSidnei Lopes Ribeiro<\/li>\n<\/ul>\n<hr \/>\n<ul>\n<li><a href=\"http:\/\/portal.unisepe.com.br\/unifia\/wp-content\/uploads\/sites\/10001\/2018\/06\/6satura\u00e7\u00e3o_jaguari.pdf\" target=\"_blank\" rel=\"noopener\">Satura\u00e7\u00e3o de Oxig\u00eanio dissolvido na \u00e1gua do rio Jaguari e em c\u00f3rregos afluentes<\/a><br \/>\nSamanta Moreira da Silva<br \/>\nJonas Antonio da Silva<br \/>\nAndr\u00e9 Alberto<\/li>\n<\/ul>\n<hr \/>\n<ul>\n<li><a href=\"http:\/\/portal.unisepe.com.br\/unifia\/wp-content\/uploads\/sites\/10001\/2018\/06\/7influencia_esgoto_etapa3.pdf\" target=\"_blank\" rel=\"noopener\">Influ\u00eancia do Lan\u00e7amento de Esgoto Org\u00e2nico nas Caracter\u00edsticas Limnol\u00f3gicas de C\u00f3rregos Afluentes do Rio Camanducaia Amparo\/SP &#8211; Etapa 3<\/a><br \/>\nBeatriz Berton Baldo<br \/>\nEm\u00edlio Carlos Nardini<br \/>\nBas\u00edlio Gomes Ribeiro Filho<br \/>\nAndr\u00e9 Alberto<\/li>\n<\/ul>\n<hr \/>\n<ul>\n<li><a href=\"http:\/\/portal.unisepe.com.br\/unifia\/wp-content\/uploads\/sites\/10001\/2018\/06\/8qualidade_motivacao.pdf\" target=\"_blank\" rel=\"noopener\">Qualidade de vida no trabalho e fatores motivacionais dos colaboradores nas organiza\u00e7\u00f5es<\/a><br \/>\nJ\u00e9ssica Faria de Carvalho<br \/>\n\u00c9rica Preto Tamaio Martins<br \/>\nLaureny L\u00facio<br \/>\nPedro Jos\u00e9 Papandr\u00e9a<\/li>\n<\/ul>\n<hr \/>\n<ul>\n<li><a href=\"http:\/\/portal.unisepe.com.br\/unifia\/wp-content\/uploads\/sites\/10001\/2018\/06\/9marketing.pdf\" target=\"_blank\" rel=\"noopener\">Marketing. Caminho para a satisfa\u00e7\u00e3o e fideliza\u00e7\u00e3o do cliente<\/a><br \/>\nFelipe Alessandro D\u00f3ria<br \/>\nEverson Danilo Pereira<br \/>\nPedro Jos\u00e9 Papandr\u00e9a<\/li>\n<\/ul>\n<hr \/>\n<ul>\n<li><a href=\"http:\/\/portal.unisepe.com.br\/unifia\/wp-content\/uploads\/sites\/10001\/2018\/06\/10descent.pdf\" target=\"_blank\" rel=\"noopener\">A Import\u00e2ncia da Regi\u00e3o do Sul de minas para o com\u00e9rcio exterior do estado de Minas Gerais &#8211; MG<\/a><br \/>\nEvaldo Lima Ribeiro<\/li>\n<\/ul>\n<hr \/>\n<ul>\n<li><a href=\"http:\/\/portal.unisepe.com.br\/unifia\/wp-content\/uploads\/sites\/10001\/2018\/06\/11importancia_sulminas.pdf\" target=\"_blank\" rel=\"noopener\">Descentraliza\u00e7\u00e3o do Poder: A pr\u00e1tica da gest\u00e3o democr\u00e1tica e participativa na escola.<\/a><br \/>\nEdmar Lucas Ferreira<\/li>\n<\/ul>\n","protected":false},"excerpt":{"rendered":"<p>Artigos &nbsp; Influ\u00eancia do Lan\u00e7amento de Esgoto Org\u00e2nico nas Caracter\u00edsticas Limnol\u00f3gicas de C\u00f3rregos Afluentes do Rio Camandocaia, Amparo\/SP &#8211; Etapa 2 Camila Faionato Franco Em\u00edlio Carlos Nardini Bas\u00edlio Gomes Ribeiro Filho Andr\u00e9 Alberto Premissas para implanta\u00e7\u00e3o do Gerenciamento pelas Diretrizes \u2013 GPD &#8211; em uma institui\u00e7\u00e3o de ensino superior: uma<\/p>\n","protected":false},"author":2,"featured_media":0,"parent":2940,"menu_order":0,"comment_status":"closed","ping_status":"closed","template":"templates\/template-pagina_menu_vertical.php","meta":{"footnotes":""},"categories":[],"tags":[],"class_list":["post-2987","page","type-page","status-publish","hentry"],"_links":{"self":[{"href":"https:\/\/portal.unisepe.com.br\/unifia\/wp-json\/wp\/v2\/pages\/2987","targetHints":{"allow":["GET"]}}],"collection":[{"href":"https:\/\/portal.unisepe.com.br\/unifia\/wp-json\/wp\/v2\/pages"}],"about":[{"href":"https:\/\/portal.unisepe.com.br\/unifia\/wp-json\/wp\/v2\/types\/page"}],"author":[{"embeddable":true,"href":"https:\/\/portal.unisepe.com.br\/unifia\/wp-json\/wp\/v2\/users\/2"}],"replies":[{"embeddable":true,"href":"https:\/\/portal.unisepe.com.br\/unifia\/wp-json\/wp\/v2\/comments?post=2987"}],"version-history":[{"count":6,"href":"https:\/\/portal.unisepe.com.br\/unifia\/wp-json\/wp\/v2\/pages\/2987\/revisions"}],"predecessor-version":[{"id":3004,"href":"https:\/\/portal.unisepe.com.br\/unifia\/wp-json\/wp\/v2\/pages\/2987\/revisions\/3004"}],"up":[{"embeddable":true,"href":"https:\/\/portal.unisepe.com.br\/unifia\/wp-json\/wp\/v2\/pages\/2940"}],"wp:attachment":[{"href":"https:\/\/portal.unisepe.com.br\/unifia\/wp-json\/wp\/v2\/media?parent=2987"}],"wp:term":[{"taxonomy":"category","embeddable":true,"href":"https:\/\/portal.unisepe.com.br\/unifia\/wp-json\/wp\/v2\/categories?post=2987"},{"taxonomy":"post_tag","embeddable":true,"href":"https:\/\/portal.unisepe.com.br\/unifia\/wp-json\/wp\/v2\/tags?post=2987"}],"curies":[{"name":"wp","href":"https:\/\/api.w.org\/{rel}","templated":true}]}}