{"id":3005,"date":"2018-06-12T13:57:37","date_gmt":"2018-06-12T16:57:37","guid":{"rendered":"http:\/\/portal.unisepe.com.br\/unifia\/?page_id=3005"},"modified":"2018-06-12T14:57:17","modified_gmt":"2018-06-12T17:57:17","slug":"ano-2014","status":"publish","type":"page","link":"https:\/\/portal.unisepe.com.br\/unifia\/gestao-em-foco\/ano-2014\/","title":{"rendered":"Ano 2014"},"content":{"rendered":"<h6>Artigos<\/h6>\n<h6><\/h6>\n<ul>\n<li><a href=\"http:\/\/portal.unisepe.com.br\/unifia\/wp-content\/uploads\/sites\/10001\/2018\/06\/1qualidade_servicos.pdf\" target=\"_blank\" rel=\"noopener\">QUALIDADE EM SERVI\u00c7OS \u201cESTUDO EXPLORAT\u00d3RIO DOS CINEMAS DA REGI\u00c3O DO CIRCUITO DAS \u00c1GUAS PAULISTA\u201d<\/a><br \/>\n<em>Cleber Cassiani<\/em><br \/>\n<em>Daniel Canhassi Moraes<\/em><br \/>\n<em>Dalila Souza<\/em><br \/>\n<em>Nat\u00e1lia Ferreira Bueno<\/em><br \/>\n<em>Sandra Leite<\/em><br \/>\n<em>Juliano Varandas Groppo<\/em><br \/>\n<em>Ivan Jacomassi Junior<\/em><\/li>\n<\/ul>\n<hr \/>\n<ul>\n<li><a href=\"http:\/\/portal.unisepe.com.br\/unifia\/wp-content\/uploads\/sites\/10001\/2018\/06\/2valoriz_capital_intelectual.pdf\" target=\"_blank\" rel=\"noopener\">CLIMA ORGANIZACIONAL:<\/a><br \/>\n<em>Raquel Lima de C. Gervazio<\/em><br \/>\n<em>Ricardo R. Gervazio<\/em><br \/>\n<em>Egeslaine de Nez<\/em><\/li>\n<\/ul>\n<hr \/>\n<ul>\n<li><a href=\"http:\/\/portal.unisepe.com.br\/unifia\/wp-content\/uploads\/sites\/10001\/2018\/06\/3importancia_sistema_publico.pdf\" target=\"_blank\" rel=\"noopener\">A IMPORT\u00c2NCIA DO SISTEMA P\u00daBLICO ESCRITURA\u00c7\u00c3O DIGITAL \u2013 SPED NO CONTROLE FISCAL DAS EMPRESAS<\/a><br \/>\n<em>Aderildo Blau<\/em><br \/>\n<em>Alan Daniel Pereira da Silva<\/em><br \/>\n<em>J\u00e9ssica Taine Oliveira<\/em><br \/>\n<em>Luzimar Travesani<\/em><br \/>\n<em>Mirivan Carneiro Rios<\/em><\/li>\n<\/ul>\n<hr \/>\n<ul>\n<li><a href=\"http:\/\/portal.unisepe.com.br\/unifia\/wp-content\/uploads\/sites\/10001\/2018\/06\/4cumprimento_limitespdf.pdf\" target=\"_blank\" rel=\"noopener\">O CUMPRIMENTO DOS LIMITES CONSTITUCIONAIS M\u00cdNIMOS DE GASTOS COM EDUCA\u00c7\u00c3O E SA\u00daDE<\/a><br \/>\n<em>Amauri Ramos de Campos<\/em><br \/>\n<em>Cleiton Fernandes Guimar\u00e3es<\/em><br \/>\n<em>Edson Rodrigues da silva<\/em><br \/>\n<em>Mirivan Carneiro Rios<\/em><\/li>\n<\/ul>\n<hr \/>\n<ul>\n<li><a href=\"http:\/\/portal.unisepe.com.br\/unifia\/wp-content\/uploads\/sites\/10001\/2018\/06\/5qualidade_trab_docente.pdf\" target=\"_blank\" rel=\"noopener\">QUALIDADE DE VIDA NO TRABALHO DOCENTE: UM ESTUDO DE CASO EM ROND\u00d4NIA<\/a><br \/>\n<em>Eliene Alves Ferreira<\/em><br \/>\n<em>Carla Barbosa Moreira<\/em><\/li>\n<\/ul>\n<hr \/>\n<ul>\n<li><a href=\"http:\/\/portal.unisepe.com.br\/unifia\/wp-content\/uploads\/sites\/10001\/2018\/06\/6marketing_cultural.pdf\" target=\"_blank\" rel=\"noopener\">MARKETING CULTURAL COMO DIFERENCIAL COMPETITIVO<\/a><br \/>\n<em>Luiz Fabiano Ferreira<\/em><br \/>\n<em>Paulo Alexandre Pinheiro Soares<\/em><br \/>\n<em>Raquel Pinton Geraldino Da\u00f3lio<\/em><\/li>\n<\/ul>\n<hr \/>\n<ul>\n<li><a href=\"http:\/\/portal.unisepe.com.br\/unifia\/wp-content\/uploads\/sites\/10001\/2018\/06\/7higiene_e_seg_no-trabalho.pdf\" target=\"_blank\" rel=\"noopener\">SEGURAN\u00c7A NO LABORAT\u00d3RIO DE QU\u00cdMICA<\/a><br \/>\n<em>Edilene Gon\u00e7alves<\/em><br \/>\n<em>Felipe Policarpo de Oliveira<\/em><br \/>\n<em>J\u00e9ssica Tinti Bozzi<\/em><br \/>\n<em>Lucas Tafner Mazolini<\/em><br \/>\n<em>Cristiane Imenes de C. B. Zanin<\/em><br \/>\n<em>Andr\u00e9ia Alves de Lima<\/em><\/li>\n<\/ul>\n<hr \/>\n<ul>\n<li><a href=\"http:\/\/portal.unisepe.com.br\/unifia\/wp-content\/uploads\/sites\/10001\/2018\/06\/8art_cientifico_gestempresarial.pdf\" target=\"_blank\" rel=\"noopener\">COMUNICA\u00c7\u00c3O ORGANIZACIONAL: ARTIGO CIENT\u00cdFICO APRESENTADO NA DISCIPLINA DE TCC NO CURSO DE MBA EM GEST\u00c3O EMPRESARIAL<\/a><br \/>\n<em>Fernando Augusto Paiato<\/em><br \/>\n<em>Melissa Cristina Forato<\/em><\/li>\n<\/ul>\n<hr \/>\n<ul>\n<li><a href=\"http:\/\/portal.unisepe.com.br\/unifia\/wp-content\/uploads\/sites\/10001\/2018\/06\/9mkt_sustentabilidade.pdf\" target=\"_blank\" rel=\"noopener\">MARKETING E SUSTENTABILIDADE: INFLUENCIANDO O INDIV\u00cdDUO, PRESERVANDO O PLANETA<\/a><br \/>\n<em>Luiz Fabiano Ferreira<\/em><br \/>\n<em>Maria Beatriz Zanarella Cruz<\/em><br \/>\n<em>Raquel Pinton Geraldino Da\u00f3lio<\/em><\/li>\n<\/ul>\n<hr \/>\n<ul>\n<li><a href=\"http:\/\/portal.unisepe.com.br\/unifia\/wp-content\/uploads\/sites\/10001\/2018\/06\/10saneamento_basico_rural.pdf\" target=\"_blank\" rel=\"noopener\">O SANEAMENTO B\u00c1SICO NA \u00c1REA RURAL E O PAPEL DAS ASSOCIA\u00c7\u00d5ES DE MORADORES<\/a><br \/>\n<em>Fl\u00e1vio Rizi J\u00fanior<\/em><\/li>\n<\/ul>\n<hr \/>\n<ul>\n<li><a href=\"http:\/\/portal.unisepe.com.br\/unifia\/wp-content\/uploads\/sites\/10001\/2018\/06\/11representacao_juridica_indigena.pdf\" target=\"_blank\" rel=\"noopener\">A REPRESENTA\u00c7\u00c3O JUR\u00cdDICA DAS COMUNIDADES IND\u00cdGENAS DO VALE DO RIBEIRA<\/a><br \/>\n<em>Fl\u00e1vio Rizi J\u00fanior<\/em><\/li>\n<\/ul>\n<hr \/>\n<ul>\n<li><a href=\"http:\/\/portal.unisepe.com.br\/unifia\/wp-content\/uploads\/sites\/10001\/2018\/06\/12gestao_conhecimento.pdf\" target=\"_blank\" rel=\"noopener\">A GEST\u00c3O DO CONHECIMENTO E SUA IMPORT\u00c2NCIA NO CONTEXTO EMPRESARIAL<\/a><br \/>\n<em>Claudinei Jos\u00e9 Martini<\/em><br \/>\n<em>Ivan Carlos Zampin<\/em><\/li>\n<\/ul>\n<hr \/>\n<ul>\n<li><a href=\"http:\/\/portal.unisepe.com.br\/unifia\/wp-content\/uploads\/sites\/10001\/2018\/06\/13importancia_mkt_socioambiental.pdf\" target=\"_blank\" rel=\"noopener\">A IMPORT\u00c2NCIA DO MARKETING SOCIOAMBIENTAL NA REGI\u00c3O DAS CIDADES DE ITANHA\u00c9M E PERU\u00cdBE<\/a><br \/>\n<em>Fleuri C\u00e2ndido Queiroz<\/em><br \/>\n<em>Indira Coelho de Souza<\/em><br \/>\n<em>Thaise Xavier Alves<\/em><\/li>\n<\/ul>\n<hr \/>\n<ul>\n<li><a href=\"http:\/\/portal.unisepe.com.br\/unifia\/wp-content\/uploads\/sites\/10001\/2018\/06\/14cultura_e_etica_orgpublicas.pdf\" target=\"_blank\" rel=\"noopener\">CULTURA E \u00c9TICA NAS ORGANIZA\u00c7\u00d5ES P\u00daBLICAS BRASILEIRAS<\/a><br \/>\n<em>Indira Coelho de Souza<\/em><br \/>\n<em>Patr\u00edcia Regina de Moraes<\/em><br \/>\n<em>Jo\u00e3o Carlos Farber<\/em><br \/>\n<em>Fleuri C\u00e2ndido Queiroz<\/em><br \/>\n<em>Miguel Luz<\/em><\/li>\n<\/ul>\n<hr \/>\n<ul>\n<li><a href=\"http:\/\/portal.unisepe.com.br\/unifia\/wp-content\/uploads\/sites\/10001\/2018\/06\/15resist_munca_organizacional.pdf\" target=\"_blank\" rel=\"noopener\">RESIST\u00caNCIA \u00c0 MUDAN\u00c7A ORGANIZACIONAL: UM ESTUDO COMPARATIVO ENTRE UMA ORGANIZA\u00c7\u00c3O P\u00daBLICA E OUTRA PRIVADA<\/a><br \/>\n<em>Andr\u00e9 Luis Tessaro<\/em><br \/>\n<em>Naim Abdouni<\/em><br \/>\n<em>Igor Gabriel Lima<\/em><br \/>\n<em>Indira Souza Coelho<\/em><br \/>\n<em>Jo\u00e3o Carlos Farber<\/em><\/li>\n<\/ul>\n<hr \/>\n<ul>\n<li><a href=\"http:\/\/portal.unisepe.com.br\/unifia\/wp-content\/uploads\/sites\/10001\/2018\/06\/16perfil_profissionais_emp_familiares.pdf\" target=\"_blank\" rel=\"noopener\">PERFIL DOS PROFISSIONAIS DE EMPRESAS FAMILIARES NA CIDADE DE PERU\u00cdBE<\/a><br \/>\n<em>Alessandra Lima<\/em><br \/>\n<em>Camila Santiago<\/em><br \/>\n<em>Sheyani Moratto<\/em><br \/>\n<em>Indira Coelho de Souza<\/em><br \/>\n<em>Igor Gabriel Lima<\/em><\/li>\n<\/ul>\n<hr \/>\n<ul>\n<li><a href=\"http:\/\/portal.unisepe.com.br\/unifia\/wp-content\/uploads\/sites\/10001\/2018\/06\/17orcamento_publico.pdf\" target=\"_blank\" rel=\"noopener\">AN\u00c1LISE DO PROCESSO DE ELABORA\u00c7\u00c3O E EXECU\u00c7\u00c3O DO OR\u00c7AMENTO P\u00daBLICO DO MUNIC\u00cdPIO DE PERU\u00cdBE\/SP<\/a><br \/>\n<em>Daniela Martins de Oliveira Camargo<\/em><br \/>\n<em>Jo\u00e3o Carlos Farber<\/em><br \/>\n<em>Igor Gabriel Lima<\/em><br \/>\n<em>Wanderlei A. Munhoz<\/em><br \/>\n<em>Patr\u00edcia Moraes<\/em><\/li>\n<\/ul>\n<hr \/>\n<ul>\n<li><a href=\"http:\/\/portal.unisepe.com.br\/unifia\/wp-content\/uploads\/sites\/10001\/2018\/06\/18incentivos_fiscais.pdf\" target=\"_blank\" rel=\"noopener\">UM ESTUDO SOBRE OS INCENTIVOS FISCAIS DO IMPOSTO DE RENDA EM PRIVIL\u00c9GIO DE CRIAN\u00c7AS E ADOLESCENTES, COM AN\u00c1LISE NO CEN\u00c1RIO MUNICIPAL DA CIDADE DE PERU\u00cdBE<\/a><br \/>\n<em>Alessandra Pedroso Felizardo Lima<\/em><br \/>\n<em>Mauro Sergio Lima<\/em><br \/>\n<em>Patrick Ant\u00f4nio Gomes Hordonho<\/em><br \/>\n<em>Jo\u00e3o Carlos Farber<\/em><br \/>\n<em>Patr\u00edcia Regina de Moraes<\/em><\/li>\n<\/ul>\n<hr \/>\n<ul>\n<li><a href=\"http:\/\/portal.unisepe.com.br\/unifia\/wp-content\/uploads\/sites\/10001\/2018\/06\/19planejamento_tributario.pdf\" target=\"_blank\" rel=\"noopener\">PLANEJAMENTO TRIBUT\u00c1RIO E SUA IMPORT\u00c2NCIA PARA A ECONOMIA DA EMPRESA: ESTUDO DE CASO DE UM COM\u00c9RCIO VAREJISTA DE COMBUST\u00cdVEL NO MUNIC\u00cdPIO DE PERU\u00cdBE (SP)<\/a><br \/>\n<em>Karine Campana de Souza<\/em><br \/>\n<em>Renata Santos Silva<\/em><br \/>\n<em>Jo\u00e3o Carlos Farber<\/em><br \/>\n<em>Wanderlei A. Munhoz<\/em><br \/>\n<em>Patr\u00edcia Moraes<\/em><\/li>\n<\/ul>\n<hr \/>\n<ul>\n<li><a href=\"http:\/\/portal.unisepe.com.br\/unifia\/wp-content\/uploads\/sites\/10001\/2018\/06\/20dados_epidemiologicos.pdf\" target=\"_blank\" rel=\"noopener\">COMPARA\u00c7\u00c3O DE DADOS EPIDEMIOL\u00d3GICOS DE TUBERCULOSE EM CIDADES DO SUDOESTE DO PARAN\u00c1<\/a><br \/>\n<em>Cassiano Gabriel Isoppo<\/em><\/li>\n<\/ul>\n","protected":false},"excerpt":{"rendered":"<p>Artigos QUALIDADE EM SERVI\u00c7OS \u201cESTUDO EXPLORAT\u00d3RIO DOS CINEMAS DA REGI\u00c3O DO CIRCUITO DAS \u00c1GUAS PAULISTA\u201d Cleber Cassiani Daniel Canhassi Moraes Dalila Souza Nat\u00e1lia Ferreira Bueno Sandra Leite Juliano Varandas Groppo Ivan Jacomassi Junior CLIMA ORGANIZACIONAL: Raquel Lima de C. Gervazio Ricardo R. Gervazio Egeslaine de Nez A IMPORT\u00c2NCIA DO SISTEMA<\/p>\n","protected":false},"author":2,"featured_media":0,"parent":2940,"menu_order":0,"comment_status":"closed","ping_status":"closed","template":"templates\/template-pagina_menu_vertical.php","meta":{"footnotes":""},"categories":[],"tags":[],"class_list":["post-3005","page","type-page","status-publish","hentry"],"_links":{"self":[{"href":"https:\/\/portal.unisepe.com.br\/unifia\/wp-json\/wp\/v2\/pages\/3005","targetHints":{"allow":["GET"]}}],"collection":[{"href":"https:\/\/portal.unisepe.com.br\/unifia\/wp-json\/wp\/v2\/pages"}],"about":[{"href":"https:\/\/portal.unisepe.com.br\/unifia\/wp-json\/wp\/v2\/types\/page"}],"author":[{"embeddable":true,"href":"https:\/\/portal.unisepe.com.br\/unifia\/wp-json\/wp\/v2\/users\/2"}],"replies":[{"embeddable":true,"href":"https:\/\/portal.unisepe.com.br\/unifia\/wp-json\/wp\/v2\/comments?post=3005"}],"version-history":[{"count":4,"href":"https:\/\/portal.unisepe.com.br\/unifia\/wp-json\/wp\/v2\/pages\/3005\/revisions"}],"predecessor-version":[{"id":3029,"href":"https:\/\/portal.unisepe.com.br\/unifia\/wp-json\/wp\/v2\/pages\/3005\/revisions\/3029"}],"up":[{"embeddable":true,"href":"https:\/\/portal.unisepe.com.br\/unifia\/wp-json\/wp\/v2\/pages\/2940"}],"wp:attachment":[{"href":"https:\/\/portal.unisepe.com.br\/unifia\/wp-json\/wp\/v2\/media?parent=3005"}],"wp:term":[{"taxonomy":"category","embeddable":true,"href":"https:\/\/portal.unisepe.com.br\/unifia\/wp-json\/wp\/v2\/categories?post=3005"},{"taxonomy":"post_tag","embeddable":true,"href":"https:\/\/portal.unisepe.com.br\/unifia\/wp-json\/wp\/v2\/tags?post=3005"}],"curies":[{"name":"wp","href":"https:\/\/api.w.org\/{rel}","templated":true}]}}