{"id":303,"date":"2016-07-11T23:20:55","date_gmt":"2016-07-11T23:20:55","guid":{"rendered":"http:\/\/www.fvr.edu.br\/fvr\/site\/?page_id=303"},"modified":"2020-10-28T17:21:11","modified_gmt":"2020-10-28T20:21:11","slug":"analise-e-des-de-sistemas","status":"publish","type":"page","link":"https:\/\/portal.unisepe.com.br\/unifia\/analise-e-des-de-sistemas\/","title":{"rendered":"An\u00e1lise e Des. de Sistemas"},"content":{"rendered":"<p style=\"text-align: justify\"><strong><img loading=\"lazy\" decoding=\"async\" class=\"alignleft wp-image-2418 size-thumbnail\" src=\"http:\/\/portal.unisepe.com.br\/unifia\/wp-content\/uploads\/sites\/10001\/2018\/06\/ads-150x150.jpg\" alt=\"\" width=\"150\" height=\"150\" srcset=\"https:\/\/portal.unisepe.com.br\/unifia\/wp-content\/uploads\/sites\/10001\/2018\/06\/ads-150x150.jpg 150w, https:\/\/portal.unisepe.com.br\/unifia\/wp-content\/uploads\/sites\/10001\/2018\/06\/ads-225x225.jpg 225w\" sizes=\"auto, (max-width: 150px) 100vw, 150px\" \/>Objetivo Geral:<\/strong><\/p>\n<p style=\"text-align: justify\">Se o seu objetivo \u00e9 buscar conhecimentos para desenvolvimento de softwares, o curso de An\u00e1lise e Desenvolvimento de Sistemas da Unisepe oferece uma excelente forma\u00e7\u00e3o profissional para seu ingresso no mercado de trabalho de Inform\u00e1tica.<\/p>\n<p style=\"text-align: justify\">O curso lhe proporciona uma alta empregabilidade por enfocar o desenvolvimento de softwares comerciais, para qualquer porte e categoria de empresa.<\/p>\n<p>&nbsp;<\/p>\n<p>&nbsp;<\/p>\n<p><iframe loading=\"lazy\" title=\"ADS FEIRA DE PROFISS\u00d5ES AMPARO 2020 2\" width=\"500\" height=\"281\" src=\"https:\/\/www.youtube.com\/embed\/0Gdd2yMj-WA?list=PLf9h9rNyGnnrIVvd2-T_IuN90Vyj8a9u2\" frameborder=\"0\" allow=\"accelerometer; autoplay; clipboard-write; encrypted-media; gyroscope; picture-in-picture; web-share\" referrerpolicy=\"strict-origin-when-cross-origin\" allowfullscreen><\/iframe><\/p>\n<h2>Saiba mais<\/h2>\n<p><iframe loading=\"lazy\" title=\"ADS V\u00cdDEO 2\" width=\"500\" height=\"281\" src=\"https:\/\/www.youtube.com\/embed\/5tf4SCK_Thc?feature=oembed\" frameborder=\"0\" allow=\"accelerometer; autoplay; clipboard-write; encrypted-media; gyroscope; picture-in-picture; web-share\" referrerpolicy=\"strict-origin-when-cross-origin\" allowfullscreen><\/iframe><\/p>\n<p>&nbsp;<\/p>\n<p><iframe loading=\"lazy\" title=\"IND\u00daSTRIA 4 0   FINAL\" width=\"500\" height=\"281\" src=\"https:\/\/www.youtube.com\/embed\/j059SeYT6Jk?feature=oembed\" frameborder=\"0\" allow=\"accelerometer; autoplay; clipboard-write; encrypted-media; gyroscope; picture-in-picture; web-share\" referrerpolicy=\"strict-origin-when-cross-origin\" allowfullscreen><\/iframe><\/p>\n<p>&nbsp;<\/p>\n<p style=\"text-align: justify\">No mercado de trabalho, o aluno formado estar\u00e1 apto, em especial, para o desenvolvimento e manuten\u00e7\u00e3o de sistemas na categoria de analista ou projetista. Ele poder\u00e1 projetar, desenvolver, programar, instalar e manter sistemas de computa\u00e7\u00e3o para os mais diferentes setores da sociedade como com\u00e9rcio, ind\u00fastria, servi\u00e7os, sa\u00fade, ensino e pesquisa.<\/p>\n<p style=\"text-align: justify\">Voc\u00ea aprende t\u00e9cnicas para desenvolver qualquer tipo de sistema, inclusive sistemas para Internet, que s\u00e3o, nos dias de hoje, o maior interesse das empresas devido \u00e0 grande expans\u00e3o do com\u00e9rcio e neg\u00f3cio eletr\u00f4nico (e-commerce e e-bussiness).<\/p>\n<p style=\"text-align: justify\">\u00c9 um curso superior de apenas tr\u00eas anos de\u00a0dura\u00e7\u00e3o que privilegia programas de aprendizagem focados \u00e0 aplica\u00e7\u00e3o profissional, com excelente distribui\u00e7\u00e3o entre teoria e pr\u00e1tica. Gradativamente, ao longo dos cinco semestres, a utiliza\u00e7\u00e3o de laborat\u00f3rios de Inform\u00e1tica \u00e9 acentuada, chegando, no \u00faltimo semestre a 80% de aulas pr\u00e1ticas, com a implementa\u00e7\u00e3o completa de um software.<\/p>\n<p style=\"text-align: justify\">Com um projeto pedag\u00f3gico moderno, com conte\u00fado atualizado e perfeitamente dentro das exig\u00eancias do MEC, este curso lhe d\u00e1 forma\u00e7\u00e3o para atender muito bem \u00e0s necessidades do mercado de software O aluno formado neste curso tamb\u00e9m pode atuar como pesquisador fazendo mestrado e doutorado.<\/p>\n<p style=\"text-align: justify\">Invista em um futuro promissor e altamente rent\u00e1vel. O mercado de trabalho na \u00e1rea de Inform\u00e1tica \u00e9 um dos que mais cresce no Brasil e no mundo.<\/p>\n<p>&nbsp;<\/p>\n","protected":false},"excerpt":{"rendered":"<p>Objetivo Geral: Se o seu objetivo \u00e9 buscar conhecimentos para desenvolvimento de softwares, o curso de An\u00e1lise e Desenvolvimento de Sistemas da Unisepe oferece uma excelente forma\u00e7\u00e3o profissional para seu ingresso no mercado de trabalho de Inform\u00e1tica. O curso lhe proporciona uma alta empregabilidade por enfocar o desenvolvimento de softwares<\/p>\n","protected":false},"author":1,"featured_media":0,"parent":0,"menu_order":0,"comment_status":"closed","ping_status":"closed","template":"templates\/template-curso_menu_vertical.php","meta":{"footnotes":""},"categories":[],"tags":[],"class_list":["post-303","page","type-page","status-publish","hentry"],"_links":{"self":[{"href":"https:\/\/portal.unisepe.com.br\/unifia\/wp-json\/wp\/v2\/pages\/303","targetHints":{"allow":["GET"]}}],"collection":[{"href":"https:\/\/portal.unisepe.com.br\/unifia\/wp-json\/wp\/v2\/pages"}],"about":[{"href":"https:\/\/portal.unisepe.com.br\/unifia\/wp-json\/wp\/v2\/types\/page"}],"author":[{"embeddable":true,"href":"https:\/\/portal.unisepe.com.br\/unifia\/wp-json\/wp\/v2\/users\/1"}],"replies":[{"embeddable":true,"href":"https:\/\/portal.unisepe.com.br\/unifia\/wp-json\/wp\/v2\/comments?post=303"}],"version-history":[{"count":6,"href":"https:\/\/portal.unisepe.com.br\/unifia\/wp-json\/wp\/v2\/pages\/303\/revisions"}],"predecessor-version":[{"id":6927,"href":"https:\/\/portal.unisepe.com.br\/unifia\/wp-json\/wp\/v2\/pages\/303\/revisions\/6927"}],"wp:attachment":[{"href":"https:\/\/portal.unisepe.com.br\/unifia\/wp-json\/wp\/v2\/media?parent=303"}],"wp:term":[{"taxonomy":"category","embeddable":true,"href":"https:\/\/portal.unisepe.com.br\/unifia\/wp-json\/wp\/v2\/categories?post=303"},{"taxonomy":"post_tag","embeddable":true,"href":"https:\/\/portal.unisepe.com.br\/unifia\/wp-json\/wp\/v2\/tags?post=303"}],"curies":[{"name":"wp","href":"https:\/\/api.w.org\/{rel}","templated":true}]}}