{"id":3030,"date":"2018-06-12T14:58:53","date_gmt":"2018-06-12T17:58:53","guid":{"rendered":"http:\/\/portal.unisepe.com.br\/unifia\/?page_id=3030"},"modified":"2018-06-12T16:33:45","modified_gmt":"2018-06-12T19:33:45","slug":"ano-2015","status":"publish","type":"page","link":"https:\/\/portal.unisepe.com.br\/unifia\/gestao-em-foco\/ano-2015\/","title":{"rendered":"Ano 2015"},"content":{"rendered":"<h6>Artigos<\/h6>\n<p>&nbsp;<\/p>\n<ul>\n<li><a href=\"http:\/\/portal.unisepe.com.br\/unifia\/wp-content\/uploads\/sites\/10001\/2018\/06\/1gest_estrategica_custos.pdf\" target=\"_blank\" rel=\"noopener\">A GEST\u00c3O ESTRAT\u00c9GICA DE CUSTOS COMO DIFERENCIAL COMPETITIVO PARA MICRO E PEQUENAS EMPRESAS &#8211; p\u00e1g 1 \u00e0 11<\/a><br \/>\n<em>Clarizza Ap. Oliveira Castro<\/em><br \/>\n<em>Elisabete Marques dos Santos<\/em><br \/>\n<em>Raquelly Andressa Borba Hiraide<\/em><br \/>\n<em>Anderson Gomes<\/em><br \/>\n<em>Maria Aparecida Lameu<\/em><br \/>\n<em>Igor Gabriel Lima<\/em><\/li>\n<\/ul>\n<hr \/>\n<ul>\n<li><a href=\"http:\/\/portal.unisepe.com.br\/unifia\/wp-content\/uploads\/sites\/10001\/2018\/06\/2importancia_perito_contabil.pdf\" target=\"_blank\" rel=\"noopener\">A IMPORT\u00c2NCIA DO PERITO CONT\u00c1BIL PARA JU\u00cdZES E TRIBUNAIS NA APLICA\u00c7\u00c3O DE SENTEN\u00c7AS &#8211; p\u00e1g 12 \u00e0 21<\/a><br \/>\n<em>Hadans Hahnemann<\/em><br \/>\n<em>Luiza Maria Tomczik<\/em><br \/>\n<em>Anderson Gomes<\/em><br \/>\n<em>Maria Aparecida Lameu<\/em><br \/>\n<em>Agnaldo Brabo Furtado<\/em><br \/>\n<em>Igor Gabriel Lima<\/em><\/li>\n<\/ul>\n<hr \/>\n<ul>\n<li><a href=\"http:\/\/portal.unisepe.com.br\/unifia\/wp-content\/uploads\/sites\/10001\/2018\/06\/3indices_liquidez.pdf\" target=\"_blank\" rel=\"noopener\">A UTILIZA\u00c7\u00c3O DE \u00cdNDICES DE LIQUIDEZ E RENTABILIDADE NA AN\u00c1LISE E GEST\u00c3O DO DESENVOLVIMENTO EMPRESARIAL &#8211; p\u00e1g 22 \u00e0 32<\/a><br \/>\n<em>Bianca Cristina Ribeiro Machado Cossermelli<\/em><br \/>\n<em>Rafaela Maia Mohring<\/em><br \/>\n<em>Anderson Gomes<\/em><br \/>\n<em>Maria Aparecida Lameu<\/em><br \/>\n<em>Agnaldo Brabo Furtado<\/em><br \/>\n<em>Igor Gabriel Lima<\/em><\/li>\n<\/ul>\n<hr \/>\n<ul>\n<li><a href=\"http:\/\/portal.unisepe.com.br\/unifia\/wp-content\/uploads\/sites\/10001\/2018\/06\/4ativo_imobilizado.pdf\" target=\"_blank\" rel=\"noopener\">ATIVO IMOBILIZADO SEGUNDO AS NORMAS IFRS &#8211; p\u00e1g 33 \u00e0 41<\/a><br \/>\n<em>Daniel de Mattos Camargo<\/em><br \/>\n<em>Rafaela Maia Mohring<\/em><br \/>\n<em>Anderson Gomes<\/em><br \/>\n<em>Maria Aparecida Lameu<\/em><br \/>\n<em>Marise Gon\u00e7alves de Oliveira<\/em><br \/>\n<em>Agnaldo Brabo Furtado<\/em><br \/>\n<em>Igor Gabriel Lima<\/em><\/li>\n<\/ul>\n<hr \/>\n<ul>\n<li><a href=\"http:\/\/portal.unisepe.com.br\/unifia\/wp-content\/uploads\/sites\/10001\/2018\/06\/5fluxo_de_caixa.pdf\" target=\"_blank\" rel=\"noopener\">FLUXO DE CAIXA E AN\u00c1LISE DE CONTROLE INTERNO DO MICROEMPREENDEDOR INDIVIDUAL &#8211; p\u00e1g 42 \u00e0 52<\/a><br \/>\n<em>Adriana Regio Cordeiro<\/em><br \/>\n<em>Elcyelle Ara\u00fajo da Silva Passos<\/em><br \/>\n<em>Francielle Karla Ferreira Padilha da Silva<\/em><br \/>\n<em>Anderson Gomes<\/em><br \/>\n<em>Maria Aparecida Lameu<\/em><br \/>\n<em>Igor Gabriel Lima<\/em><\/li>\n<\/ul>\n<hr \/>\n<ul>\n<li><a href=\"http:\/\/portal.unisepe.com.br\/unifia\/wp-content\/uploads\/sites\/10001\/2018\/06\/6impacto_carga_tributaria.pdf\" target=\"_blank\" rel=\"noopener\">O IMPACTO DA CARGA TRIBUT\u00c1RIA PARA A FAMILIA BRASILEIRA &#8211; p\u00e1g 53 \u00e0 65<\/a><br \/>\n<em>Arthur Augustus Pereira de Almeida<\/em><br \/>\n<em>Diego de Camargo Silva Pinto<\/em><br \/>\n<em>Flavio Jos\u00e9 Leandro da Silva<\/em><br \/>\n<em>Murillo Estevam Lino<\/em><br \/>\n<em>Anderson Gomes<\/em><br \/>\n<em>Igor Gabriel Lima<\/em><\/li>\n<\/ul>\n<hr \/>\n<ul>\n<li><a href=\"http:\/\/portal.unisepe.com.br\/unifia\/wp-content\/uploads\/sites\/10001\/2018\/06\/7controladoria_e_controller.pdf\" target=\"_blank\" rel=\"noopener\">A CONTROLADORIA E O CONTROLLER NO PROCESSO DE GEST\u00c3O ORGANIZACIONAL &#8211; p\u00e1g 66 \u00e0 74<\/a><br \/>\n<em>Edite Luiza Mancio Monteiro<\/em><br \/>\n<em>Marina Yuko Tagami<\/em><br \/>\n<em>Paula Cristina Costa<\/em><br \/>\n<em>Anderson Gomes<\/em><br \/>\n<em>Maria Aparecida Lameu<\/em><br \/>\n<em>Igor Gabriel Lima<\/em><\/li>\n<\/ul>\n<hr \/>\n<ul>\n<li><a href=\"http:\/\/portal.unisepe.com.br\/unifia\/wp-content\/uploads\/sites\/10001\/2018\/06\/8desoneracao.pdf\" target=\"_blank\" rel=\"noopener\">DESONERARA\u00c7\u00c3O DA FOLHA DE PAGAMENTO &#8211; p\u00e1g 75 \u00e0 86<\/a><br \/>\n<em>Manoel Henrique Muniz Lima<\/em><br \/>\n<em>Anderson Gomes<\/em><br \/>\n<em>Agnaldo Brabo Furtado<\/em><br \/>\n<em>Maria Aparecida Lameu<\/em><br \/>\n<em>Marise Gon\u00e7alves de Oliveira<\/em><br \/>\n<em>Igor Gabriel Lima<\/em><\/li>\n<\/ul>\n<hr \/>\n<ul>\n<li><a href=\"http:\/\/portal.unisepe.com.br\/unifia\/wp-content\/uploads\/sites\/10001\/2018\/06\/9importancia_analise_demonstr.pdf\" target=\"_blank\" rel=\"noopener\">A IMPORT\u00c2NCIA DA AN\u00c1LISE DAS DEMONSTRA\u00c7\u00d5ES CONT\u00c1BEIS NUMA PERSPECTIVA ORGANIZACIONAL &#8211; p\u00e1g 87 \u00e0 95<\/a><br \/>\n<em>Elivelton Augusto Oliveira Gomes<\/em><br \/>\n<em>Liliane Viana Coelho<\/em><br \/>\n<em>Rubens Vieira Neto<\/em><br \/>\n<em>Anderson Gomes<\/em><br \/>\n<em>Agnaldo Brabo Furtado<\/em><br \/>\n<em>Igor Gabriel Lima<\/em><\/li>\n<\/ul>\n<hr \/>\n<ul>\n<li><a href=\"http:\/\/portal.unisepe.com.br\/unifia\/wp-content\/uploads\/sites\/10001\/2018\/06\/10tec_informacao_e_contabilidade.pdf\" target=\"_blank\" rel=\"noopener\">A TECNOLOGIA DA INFORMA\u00c7\u00c3O E A CONTABILIDADE &#8211; p\u00e1g 96 \u00e0 109<\/a><br \/>\n<em>Claudiane Rodrigues da Silva<\/em><br \/>\n<em>Josiane Fernandes Pereira<\/em><br \/>\n<em>Vanessa Ribeiro Coppi de Oliveira<\/em><br \/>\n<em>Anderson Gomes<\/em><br \/>\n<em>Agnaldo Brabo Furtado<\/em><br \/>\n<em>Igor Gabriel Lima<\/em><\/li>\n<\/ul>\n<hr \/>\n<ul>\n<li><a href=\"http:\/\/portal.unisepe.com.br\/unifia\/wp-content\/uploads\/sites\/10001\/2018\/06\/11indicadores_financeiros.pdf\" target=\"_blank\" rel=\"noopener\">INDICADORES FINANCEIROS NA TOMADA DE DECIS\u00d5ES GERENCIAIS &#8211; p\u00e1g 110 \u00e0 117<\/a><br \/>\n<em>Ana Beatriz Dalri Brioso<\/em><br \/>\n<em>Dayane Graziele Fanelli<\/em><br \/>\n<em>Graziela Baldasso<\/em><br \/>\n<em>Lauriane Cardoso da Silva<\/em><br \/>\n<em>Juliano Varandas Groppo<\/em><\/li>\n<\/ul>\n<hr \/>\n<ul>\n<li><a href=\"http:\/\/portal.unisepe.com.br\/unifia\/wp-content\/uploads\/sites\/10001\/2018\/06\/12indicadores_desempenho.pdf\" target=\"_blank\" rel=\"noopener\">INDICADORES DE DESEMPENHO: UMA AN\u00c1LISE EM PEQUENA EMPRESA DO RAMO METALMEC\u00c2NICO &#8211; p\u00e1g 118 \u00e0 138<\/a><br \/>\n<em>Claudinei Jos\u00e9 Martini<\/em><br \/>\n<em>Ivan Carlos Zampin<\/em><br \/>\n<em>Sidnei Lopes Ribeiro<\/em><\/li>\n<\/ul>\n<hr \/>\n<ul>\n<li><a href=\"http:\/\/portal.unisepe.com.br\/unifia\/wp-content\/uploads\/sites\/10001\/2018\/06\/13relacionamento_com_o_cliente.pdf\" target=\"_blank\" rel=\"noopener\">QUANDO O FOCO \u00c9 ATRAIR CLIENTES, A BASE DO RELACIONAMENTO \u00c9 A LEALDADE &#8211; p\u00e1g 139 \u00e0 149<\/a><br \/>\n<em>Damaris Pereira de Faria<\/em><br \/>\n<em>Raquel Pinton Geraldino Daolio<\/em><\/li>\n<\/ul>\n<hr \/>\n<ul>\n<li><a href=\"http:\/\/portal.unisepe.com.br\/unifia\/wp-content\/uploads\/sites\/10001\/2018\/06\/14seguranca_labquimica.pdf\" target=\"_blank\" rel=\"noopener\">SEGURAN\u00c7A NO LABORAT\u00d3RIO DE QU\u00cdMICA &#8211; p\u00e1g 150 \u00e0 162<\/a><br \/>\n<em>Ana Caroline Garcia Fernandes<\/em><br \/>\n<em>C\u00e1ssia Cardoso<\/em><br \/>\n<em>Luana Ara\u00fajo<\/em><br \/>\n<em>Talita Aline de Almeida Bittencourt<\/em><br \/>\n<em>Vitor Pedro Pereira Neto<\/em><br \/>\n<em>Cristiane Imenes de C. B. Zanin<\/em><br \/>\n<em>Andr\u00e9ia Alves de Lima<\/em><\/li>\n<\/ul>\n<hr \/>\n<ul>\n<li><a href=\"http:\/\/portal.unisepe.com.br\/unifia\/wp-content\/uploads\/sites\/10001\/2018\/06\/15mata_ciliar.pdf\" target=\"_blank\" rel=\"noopener\">RECOMPOSI\u00c7\u00c3O DA MATA CILIAR E SUA INFLU\u00caNCIA NA DISPONIBILIDADE H\u00cdDRICA NA MICROBACIA DO RIO VERDE E SEUS REQUISITOS LEGAIS &#8211; S\u00c3O LOUREN\u00c7O\/MG &#8211; p\u00e1g 163 \u00e0 167<\/a><br \/>\n<em>Miriam Borges Xavier<\/em><br \/>\n<em>Rafaela Ferreira Fran\u00e7a<\/em><br \/>\n<em>Rafaela Ferreira Fran\u00e7a<\/em><br \/>\n<em>Andreza Figueirola Martins Dionello<\/em><br \/>\n<em>Rodolfo Ribeiro J\u00fanior<\/em><\/li>\n<\/ul>\n<hr \/>\n<ul>\n<li><a href=\"http:\/\/portal.unisepe.com.br\/unifia\/wp-content\/uploads\/sites\/10001\/2018\/06\/16cultura_e_clima_organizacional.pdf\" target=\"_blank\" rel=\"noopener\">PESQUISA ACERCA DAS VARI\u00c1VEIS DE CULTURA E CLIMA ORGANIZACIONAL NA GEST\u00c3O DO CAPITAL INTELECTUAL NO BRASIL COMPARADAS COM IR\u00c3 E L\u00cdBANO &#8211; p\u00e1g 168 \u00e0 182<\/a><br \/>\n<em>Adriano Jos\u00e9 Siqueira da Silva<\/em><\/li>\n<\/ul>\n<hr \/>\n<ul>\n<li><a href=\"http:\/\/portal.unisepe.com.br\/unifia\/wp-content\/uploads\/sites\/10001\/2018\/06\/17perfil_nutricional_respsocial.pdf\" target=\"_blank\" rel=\"noopener\">PERFIL NUTRICIONAL DA POPULA\u00c7\u00c3O ATENDIDA EM EVENTO DA RESPONSABILIDADE SOCIAL &#8211; p\u00e1g 183 \u00e0 193<\/a><br \/>\n<em>Mari Uyeda<\/em><\/li>\n<\/ul>\n<hr \/>\n<ul>\n<li><a href=\"http:\/\/portal.unisepe.com.br\/unifia\/wp-content\/uploads\/sites\/10001\/2018\/06\/18quali_serv_lab.pdf\" target=\"_blank\" rel=\"noopener\">ESTUDO EXPLORAT\u00d3RIO DA QUALIDADE EM SERVI\u00c7OS PARA LABORAT\u00d3RIOS DE AN\u00c1LISES CL\u00cdNICAS &#8211; p\u00e1g 194 \u00e0 209<\/a><br \/>\n<em>Ana Beatriz Pascoal Lopes<\/em><br \/>\n<em>Bruna Regina Binotti Ruas<\/em><br \/>\n<em>Franciele Loner<\/em><br \/>\n<em>Jos\u00e9 Felipe Marchesini<\/em><br \/>\n<em>Larismar Silv\u00e9rio Dias Biagioli<\/em><br \/>\n<em>Mariana Tavares Buzo<\/em><br \/>\n<em>Rafaela Aparecida Sim\u00e3o<\/em><br \/>\n<em>Thalita Cristina Marques da Silva<\/em><br \/>\n<em>Thais Nogueira de Lima<\/em><br \/>\n<em>Juliano Varandas Groppo<\/em><\/li>\n<\/ul>\n<hr \/>\n<ul>\n<li><a href=\"http:\/\/portal.unisepe.com.br\/unifia\/wp-content\/uploads\/sites\/10001\/2018\/06\/19estudo_expl_labs.pdf\" target=\"_blank\" rel=\"noopener\">ESTUDO EXPLORAT\u00d3RIO DOS LABORAT\u00d3RIOS DE AN\u00c1LISES CL\u00cdNICAS DA CIDADE DE AMPARO E REGI\u00c3O &#8211; p\u00e1g 210 \u00e0 226<\/a><br \/>\n<em>Gisele de Faria Oliveira<\/em><br \/>\n<em>Geovana Ferreira dos Anjos<\/em><br \/>\n<em>Jo\u00e3o Pedro B. Berloni<\/em><br \/>\n<em>Jo\u00e3o Vitor Costa<\/em><br \/>\n<em>Jonathan H. Soares Duzo<\/em><br \/>\n<em>Juseli Helena<\/em><br \/>\n<em>Luciana Rossi<\/em><br \/>\n<em>Mateus Henrique Martins<\/em><br \/>\n<em>Rafaela Nicoletti<\/em><br \/>\n<em>Vitor Hugo Campos<\/em><br \/>\n<em>Juliano Varandas Groppo<\/em><\/li>\n<\/ul>\n<hr \/>\n<ul>\n<li><a href=\"http:\/\/portal.unisepe.com.br\/unifia\/wp-content\/uploads\/sites\/10001\/2018\/06\/20implant_diagrama.pdf\" target=\"_blank\" rel=\"noopener\">IMPLANTA\u00c7\u00c3O DO DIAGRAMA DE ISHIKAWA EM UMA EMPRESA DO SEGMENTO DE TINTAS E MATERIAIS PARA CONSTRU\u00c7\u00c3O, PARA SOLUCIONAR PROBLEMAS DE ESTOCAGEM E RECEBIMENTO &#8211; p\u00e1g 227 \u00e0 238<\/a><br \/>\n<em>Anderson Ac\u00e1ssio F. Bazoni<\/em><br \/>\n<em>Andr\u00e9 Zeni<\/em><br \/>\n<em>Rafael T. Fran\u00e7a<\/em><br \/>\n<em>Telma Aline Torricelli<\/em><br \/>\n<em>Raquel Pinton Geraldino Daolio<\/em><\/li>\n<\/ul>\n<hr \/>\n<ul>\n<li><a href=\"http:\/\/portal.unisepe.com.br\/unifia\/wp-content\/uploads\/sites\/10001\/2018\/06\/21corante_caramelo_iv.pdf\" target=\"_blank\" rel=\"noopener\">O EFEITO DO CORANTE CARAMELO IV EM BEBIDAS INDUSTRIALIZADAS &#8211; p\u00e1g 239 \u00e0 245<\/a><br \/>\n<em>Naiene da Silva Cruz<\/em><br \/>\n<em>Maria Samara Ribeiro Pereira<\/em><br \/>\n<em>Marcio Schmiele<\/em><br \/>\n<em>Mirian dos Santos Telles<\/em><br \/>\n<em>Cristiane Imenes de Campos Bueno Zanin<\/em><\/li>\n<\/ul>\n<hr \/>\n<ul>\n<li><a href=\"http:\/\/portal.unisepe.com.br\/unifia\/wp-content\/uploads\/sites\/10001\/2018\/06\/22nitritos_nitratos.pdf\" target=\"_blank\" rel=\"noopener\">NITRITOS E NITRATOS EM PRODUTOS C\u00c1RNEOS ENLATADOS E\/OU EMBUTIDO &#8211; p\u00e1g 246 \u00e0 251<\/a><br \/>\n<em>Luciana Zancheta Iamarino<\/em><br \/>\n<em>Maria da Concei\u00e7\u00e3o de Oliveira<\/em><br \/>\n<em>Marilza Marques Antunes<\/em><br \/>\n<em>Michele de Oliveira<\/em><br \/>\n<em>Rafael Olimpio Rodrigues1<\/em><br \/>\n<em>Cristiane Imenes de Campos Bueno Zanin<\/em><br \/>\n<em>Marcio Schmiele<\/em><br \/>\n<em>Andr\u00e9ia Alves de Lima<\/em><\/li>\n<\/ul>\n<hr \/>\n<ul>\n<li><a href=\"http:\/\/portal.unisepe.com.br\/unifia\/wp-content\/uploads\/sites\/10001\/2018\/06\/23tensoativos_biodegradaveis.pdf\" target=\"_blank\" rel=\"noopener\">DIVULGA\u00c7\u00c3O T\u00c9CNICA &#8211; TENSOATIVOS BIODEGRAD\u00c1VEIS &#8211; p\u00e1g 252 \u00e0 262<\/a><br \/>\n<em>Edilene Gon\u00e7alves<\/em><br \/>\n<em>J\u00e9ssica Tinti Bozzi<\/em><br \/>\n<em>Lucas Tafner Mazolini<\/em><br \/>\n<em>Ramon Cobra de Oliveira<\/em><br \/>\n<em>Cristiane Imenes de Campos Bueno Zanin<\/em><br \/>\n<em>Andr\u00e9ia Alves de Lima<\/em><\/li>\n<\/ul>\n<hr \/>\n<ul>\n<li><a href=\"http:\/\/portal.unisepe.com.br\/unifia\/wp-content\/uploads\/sites\/10001\/2018\/06\/24programa_5s.pdf\" target=\"_blank\" rel=\"noopener\">IMPLANTA\u00c7\u00c3O DO PROGRAMA 5S NO SETOR DE VENDAS DE UMA CONCESSIONARIA NO INTERIOR DE S\u00c3O PAULO &#8211; p\u00e1g 263 \u00e0 272<\/a><br \/>\n<em>Ana Caroline Zanelato<\/em><br \/>\n<em>Camila Garcia Coelho<\/em><br \/>\n<em>Fabiane Macedo Rabecini<\/em><br \/>\n<em>Fernanda de Souza Lima<\/em><br \/>\n<em>Francesli Silotto<\/em><br \/>\n<em>Gabriela Massa Bezerra da Silva<\/em><br \/>\n<em>Telma Aline Torricelli<\/em><br \/>\n<em>Raquel Pinton Geraldino Daolio<\/em><\/li>\n<\/ul>\n<hr \/>\n<ul>\n<li><a href=\"http:\/\/portal.unisepe.com.br\/unifia\/wp-content\/uploads\/sites\/10001\/2018\/06\/26planej_tributario.pdf\" target=\"_blank\" rel=\"noopener\">PLANEJAMENTO TRIBUT\u00c1RIO &#8211; p\u00e1g 273 \u00e0 278<\/a><br \/>\n<em>Julio Cesar Silva Jacinto<\/em><br \/>\n<em>Luiz Carvalho Silv\u00e9rio<\/em><br \/>\n<em>Michel Henrique Faria<\/em><br \/>\n<em>Roberto Mendon\u00e7a Pereira<\/em><br \/>\n<em>Wesley Morais Lacerda<\/em><br \/>\n<em>Professor Nei Domiciano da Silva<\/em><\/li>\n<\/ul>\n<hr \/>\n<ul>\n<li><a href=\"http:\/\/portal.unisepe.com.br\/unifia\/wp-content\/uploads\/sites\/10001\/2018\/06\/27intraempreendedorismo.pdf\" target=\"_blank\" rel=\"noopener\">INTRAEMPREENDEDORISMO &#8211; p\u00e1g 279 \u00e0 282<\/a><br \/>\n<em>Francisco M\u00e1rcio Pereira Junior<\/em><br \/>\n<em>Eliete Lourdes de Almeida Augusto<\/em><br \/>\n<em>Nei Domiciano da Silva<\/em><\/li>\n<\/ul>\n<hr \/>\n<ul>\n<li><a href=\"http:\/\/portal.unisepe.com.br\/unifia\/wp-content\/uploads\/sites\/10001\/2018\/06\/28contab_ambiental.pdf\" target=\"_blank\" rel=\"noopener\">CONTABILIDADE AMBIENTAL: PEQUENAS ATITUDES GRANDES MUDAN\u00c7AS &#8211; p\u00e1g 283 \u00e0 294<\/a><br \/>\n<em>Cristiano Carlos de Souza<\/em><br \/>\n<em>Francini Teresa Chaves Varginha Vilela<\/em><br \/>\n<em>Marciano Tadeu Oliveira<\/em><br \/>\n<em>Renata dos Santos Vieira<\/em><br \/>\n<em>Janimayri Forastiere de Almeida Albuquerque<\/em><br \/>\n<em>Nei Domiciano da Silva<\/em><\/li>\n<\/ul>\n<hr \/>\n<ul>\n<li><a href=\"http:\/\/portal.unisepe.com.br\/unifia\/wp-content\/uploads\/sites\/10001\/2018\/06\/29automa_jard_vertical.pdf\" target=\"_blank\" rel=\"noopener\">AUTOMA\u00c7\u00c3O DE UM JARDIM VERTICAL PROTOTIPO COM ARDUINO &#8211; p\u00e1g 295 \u00e0 297<\/a><br \/>\n<em>P\u00e2mela Diniz de Toledo<\/em><br \/>\n<em>Clevane Luzia de Oliveira Reis<\/em><br \/>\n<em>Andreza Figueirola Martins<\/em><br \/>\n<em>Aldyr Amaro da Costa Nunes<\/em><\/li>\n<\/ul>\n<hr \/>\n<ul>\n<li><a href=\"http:\/\/portal.unisepe.com.br\/unifia\/wp-content\/uploads\/sites\/10001\/2018\/06\/30chocadeira_automat.pdf\" target=\"_blank\" rel=\"noopener\">CHOCADEIRA AUTOMATIZADA &#8211; p\u00e1g 298 \u00e0 301<\/a><br \/>\n<em>J\u00e9ssica Vieira Arantes Villela<\/em><br \/>\n<em>Delma Corr\u00eaa da Silva<\/em><br \/>\n<em>Joyce Guedes Sales<\/em><br \/>\n<em>Myrian dos Santos Baldi<\/em><br \/>\n<em>Raphael Estanislau da Silva<\/em><\/li>\n<\/ul>\n<hr \/>\n<ul>\n<li><a href=\"http:\/\/portal.unisepe.com.br\/unifia\/wp-content\/uploads\/sites\/10001\/2018\/06\/31ribeir_mumbuca.pdf\" target=\"_blank\" rel=\"noopener\">CONDI\u00c7\u00d5ES AMBIENTAIS DO RIBEIR\u00c3O MUMBUCA NO MUNIC\u00cdPIO DE LAMBARI MG &#8211; p\u00e1g 302 \u00e0 305<\/a><br \/>\n<em>Munique da Silva Porsid\u00f4nio<\/em><br \/>\n<em>Leonardo Campos Fonseca<\/em><\/li>\n<\/ul>\n<hr \/>\n<ul>\n<li><a href=\"http:\/\/portal.unisepe.com.br\/unifia\/wp-content\/uploads\/sites\/10001\/2018\/06\/32fazenda_carmo_de_minas.pdf\" target=\"_blank\" rel=\"noopener\">LEVANTAMENTO AMBIENTAL DE UM FRAGMENTO DE MATA NA FAZENDA NOSSA SENHORA DAS GRA\u00c7AS &#8211; CARMO DE MINAS\/MG &#8211; p\u00e1g 306 \u00e0 309<\/a><br \/>\n<em>Jos\u00e9 Lu\u00eds Nogueira Reis<\/em><br \/>\n<em>P\u00e2mela Diniz de Toledo<\/em><br \/>\n<em>Clevane Luzia de Oliveira Reis<\/em><br \/>\n<em>Pamela Fonseca Nunes<\/em><br \/>\n<em>Rodolfo Ribeiro Junior<\/em><\/li>\n<\/ul>\n<hr \/>\n<ul>\n<li><a href=\"http:\/\/portal.unisepe.com.br\/unifia\/wp-content\/uploads\/sites\/10001\/2018\/06\/33sist_tratamento_agua_pia.pdf\" target=\"_blank\" rel=\"noopener\">SISTEMA DE TRATAMENTO DE \u00c1GUA RES\u00cdDUO DA PIA DE COZINHA COM MACR\u00d3FITAS &#8211; p\u00e1g 310 \u00e0 313<\/a><br \/>\n<em>Jos\u00e9 Lu\u00eds Nogueira Reis<\/em><br \/>\n<em>P\u00e2mela Diniz de Toledo<\/em><br \/>\n<em>Clevane Luzia de Oliveira Reis<\/em><br \/>\n<em>Pamela Fonseca Nunes<\/em><br \/>\n<em>Rodolfo Ribeiro Junior<\/em><\/li>\n<\/ul>\n","protected":false},"excerpt":{"rendered":"<p>Artigos &nbsp; A GEST\u00c3O ESTRAT\u00c9GICA DE CUSTOS COMO DIFERENCIAL COMPETITIVO PARA MICRO E PEQUENAS EMPRESAS &#8211; p\u00e1g 1 \u00e0 11 Clarizza Ap. Oliveira Castro Elisabete Marques dos Santos Raquelly Andressa Borba Hiraide Anderson Gomes Maria Aparecida Lameu Igor Gabriel Lima A IMPORT\u00c2NCIA DO PERITO CONT\u00c1BIL PARA JU\u00cdZES E TRIBUNAIS NA<\/p>\n","protected":false},"author":2,"featured_media":0,"parent":2940,"menu_order":0,"comment_status":"closed","ping_status":"closed","template":"templates\/template-pagina_menu_vertical.php","meta":{"footnotes":""},"categories":[],"tags":[],"class_list":["post-3030","page","type-page","status-publish","hentry"],"_links":{"self":[{"href":"https:\/\/portal.unisepe.com.br\/unifia\/wp-json\/wp\/v2\/pages\/3030","targetHints":{"allow":["GET"]}}],"collection":[{"href":"https:\/\/portal.unisepe.com.br\/unifia\/wp-json\/wp\/v2\/pages"}],"about":[{"href":"https:\/\/portal.unisepe.com.br\/unifia\/wp-json\/wp\/v2\/types\/page"}],"author":[{"embeddable":true,"href":"https:\/\/portal.unisepe.com.br\/unifia\/wp-json\/wp\/v2\/users\/2"}],"replies":[{"embeddable":true,"href":"https:\/\/portal.unisepe.com.br\/unifia\/wp-json\/wp\/v2\/comments?post=3030"}],"version-history":[{"count":4,"href":"https:\/\/portal.unisepe.com.br\/unifia\/wp-json\/wp\/v2\/pages\/3030\/revisions"}],"predecessor-version":[{"id":3066,"href":"https:\/\/portal.unisepe.com.br\/unifia\/wp-json\/wp\/v2\/pages\/3030\/revisions\/3066"}],"up":[{"embeddable":true,"href":"https:\/\/portal.unisepe.com.br\/unifia\/wp-json\/wp\/v2\/pages\/2940"}],"wp:attachment":[{"href":"https:\/\/portal.unisepe.com.br\/unifia\/wp-json\/wp\/v2\/media?parent=3030"}],"wp:term":[{"taxonomy":"category","embeddable":true,"href":"https:\/\/portal.unisepe.com.br\/unifia\/wp-json\/wp\/v2\/categories?post=3030"},{"taxonomy":"post_tag","embeddable":true,"href":"https:\/\/portal.unisepe.com.br\/unifia\/wp-json\/wp\/v2\/tags?post=3030"}],"curies":[{"name":"wp","href":"https:\/\/api.w.org\/{rel}","templated":true}]}}