{"id":3067,"date":"2018-06-12T16:34:15","date_gmt":"2018-06-12T19:34:15","guid":{"rendered":"http:\/\/portal.unisepe.com.br\/unifia\/?page_id=3067"},"modified":"2018-06-12T17:01:47","modified_gmt":"2018-06-12T20:01:47","slug":"ano-2016","status":"publish","type":"page","link":"https:\/\/portal.unisepe.com.br\/unifia\/gestao-em-foco\/ano-2016\/","title":{"rendered":"Ano 2016"},"content":{"rendered":"<h6>Artigos<\/h6>\n<p>&nbsp;<\/p>\n<ul>\n<li><a href=\"http:\/\/portal.unisepe.com.br\/unifia\/wp-content\/uploads\/sites\/10001\/2018\/06\/001_estudo_expec_lojistas.pdf\" target=\"_blank\" rel=\"noopener\">ESTUDO DAS EXPECTATIVAS DOS LOJISTAS, FILIADOS DA ASSOCIA\u00c7\u00c3O DE COM\u00c9RCIO E EMPRESARIAL DE AMPARO PARA AS VENDAS DO NATAL DE 2015 &#8211; p\u00e1g 1 \u00e0 13<\/a><br \/>\n<em>Ana Carolina Mitestainer<\/em><br \/>\n<em>Tha\u00eds Pitarello<\/em><br \/>\n<em>Paulo Alexandre Pinheiro Soares<\/em><\/li>\n<\/ul>\n<hr \/>\n<ul>\n<li><a href=\"http:\/\/portal.unisepe.com.br\/unifia\/wp-content\/uploads\/sites\/10001\/2018\/06\/002_gestao_estrategica.pdf\" target=\"_blank\" rel=\"noopener\">MODELO DE GEST\u00c3O ESTRAT\u00c9GICA COM BASE NO BALANCED ESCORECARD \u2013 UM ESTUDO DE CASO EM UMA ORGANIZA\u00c7\u00c3O P\u00daBLICA MUNICIPAL &#8211; p\u00e1g 14 \u00e0 30<\/a><br \/>\n<em>Mari Uyeda<\/em><br \/>\n<em>Ivanir Casagranda<\/em><\/li>\n<\/ul>\n<hr \/>\n<ul>\n<li><a href=\"http:\/\/portal.unisepe.com.br\/unifia\/wp-content\/uploads\/sites\/10001\/2018\/06\/003_implantando_5s.pdf\" target=\"_blank\" rel=\"noopener\">IMPLANTANDO O 5\u2019S E COLHENDO ORGANIZA\u00c7\u00c3O &#8211; p\u00e1g 31 \u00e0 39<\/a><br \/>\n<em>Stefanno Terkelli<\/em><br \/>\n<em>Jo\u00e3o Carlos Bragiatto<\/em><br \/>\n<em>Gisele Genaina O.S. Godoy<\/em><br \/>\n<em>Diane R. De Sousa<\/em><br \/>\n<em>Daiane Ap. Da Silva<\/em><br \/>\n<em>Telma Aline Torricelli<\/em><br \/>\n<em>Raquel Pinton Geraldino Daolio<\/em><\/li>\n<\/ul>\n<hr \/>\n<ul>\n<li><a href=\"http:\/\/portal.unisepe.com.br\/unifia\/wp-content\/uploads\/sites\/10001\/2018\/06\/004_organizacao_materiais_embalagem.pdf\" target=\"_blank\" rel=\"noopener\">ORGANIZA\u00c7\u00c3O DE MATERIAIS DE EMBALAGEM PARA AN\u00c1LISE EM EMPRESA DO RAMO QUIMICO &#8211; p\u00e1g 40 \u00e0 47<\/a><br \/>\n<em>Antonio Carlos Da Silva Junior<\/em><br \/>\n<em>Danilo Jose Beraldo De Lima<\/em><br \/>\n<em>Elielton Silva Pereira<\/em><br \/>\n<em>Gerson Roque Menezes<\/em><br \/>\n<em>Renato Silva Alves<\/em><br \/>\n<em>Welington Carlos Fernandes<\/em><br \/>\n<em>Telma Aline Torricelli<\/em><br \/>\n<em>Raquel Pinton Geraldino Daolio<\/em><\/li>\n<\/ul>\n<hr \/>\n<ul>\n<li><a href=\"http:\/\/portal.unisepe.com.br\/unifia\/wp-content\/uploads\/sites\/10001\/2018\/06\/005_plano_carreira_produtora_plasticos.pdf\" target=\"_blank\" rel=\"noopener\">AN\u00c1LISE DO PLANO DE CARREIRA EM UMA EMPRESA DE PEQUENO PORTE PRODUTORA DE PL\u00c1STICOS &#8211; p\u00e1g 48 \u00e0 58<\/a><br \/>\n<em>Andr\u00e9 Em\u00edlio Mozer<\/em><\/li>\n<\/ul>\n<hr \/>\n<ul>\n<li><a href=\"http:\/\/portal.unisepe.com.br\/unifia\/wp-content\/uploads\/sites\/10001\/2018\/06\/006_pesquisa_exploratoria_atendimento.pdf\" target=\"_blank\" rel=\"noopener\">PESQUISA EXPLORAT\u00d3RIA PARA MELHOR ATENDIMENTO DE UM LABORAT\u00d3RIO DE AN\u00c1LISES CL\u00cdNICAS &#8211; p\u00e1g 59 \u00e0 66<\/a><br \/>\n<em>Ana Paula Da Silva Oliveira<\/em><br \/>\n<em>Ana Paula De Souza Silva<\/em><br \/>\n<em>Bruna Cardoso Jacintho<\/em><br \/>\n<em>Gabrielle Fernandes Kurihara<\/em><br \/>\n<em>Juliana Cuba Da Silva<\/em><br \/>\n<em>Raquel Saccomani<\/em><br \/>\n<em>Juliano Varandas Groppo<\/em><\/li>\n<\/ul>\n<hr \/>\n<ul>\n<li><a href=\"http:\/\/portal.unisepe.com.br\/unifia\/wp-content\/uploads\/sites\/10001\/2018\/06\/007_estudo_exploratorio_alunos.pdf\" target=\"_blank\" rel=\"noopener\">ESTUDO EXPLOR\u00c1TORIO COM ALUNOS CONCLUINTES DO SEGUNDO GRAU EM VISITA A FEIRA DE PROFISS\u00d5ES UNIFIA 2015 &#8211; p\u00e1g 67 \u00e0 76<\/a><br \/>\n<em>Ana Carolina Mitestainer<\/em><br \/>\n<em>Thais Pitarello<\/em><br \/>\n<em>Paulo Alexandre Pinheiro Soares<\/em><\/li>\n<\/ul>\n<hr \/>\n<ul>\n<li><a href=\"http:\/\/portal.unisepe.com.br\/unifia\/wp-content\/uploads\/sites\/10001\/2018\/06\/008_estudo_exploratorio_comportamento_usuarios.pdf\" target=\"_blank\" rel=\"noopener\">ESTUDO EXPLORAT\u00d3RIO PARA COMPREENDER O COMPORTAMENTO DOS USU\u00c1RIOS DE SMARTPHONE \u2013 H\u00c1BITOS E ROTINAS &#8211; 2016 &#8211; p\u00e1g 77 \u00e0 83<\/a><br \/>\n<em>Ana Carolina Mitestainer<\/em><br \/>\n<em>Thais Pitarello<\/em><br \/>\n<em>Paulo Alexandre Pinheiro Soares<\/em><\/li>\n<\/ul>\n<hr \/>\n<ul>\n<li><a href=\"http:\/\/portal.unisepe.com.br\/unifia\/wp-content\/uploads\/sites\/10001\/2018\/06\/009_produtos_direcionados_barba.pdf\" target=\"_blank\" rel=\"noopener\">O VAREJO DE COSM\u00c9TICOS NO MUNDO MASCULINO &#8211; OS PRODUTOS DIRECIONADOS A BARBA &#8211; p\u00e1g 84 \u00e0 89<\/a><br \/>\n<em>Erica Ap. Lopes<\/em><br \/>\n<em>Isabella Fernanda Falcirolli<\/em><br \/>\n<em>Let\u00edcia Rodrigues<\/em><br \/>\n<em>Maicon Rodrigues De Lima<\/em><br \/>\n<em>Pedro Gabriel Martines Collado<\/em><br \/>\n<em>Waldir Alves J\u00fanior<\/em><\/li>\n<\/ul>\n<hr \/>\n<ul>\n<li><a href=\"http:\/\/portal.unisepe.com.br\/unifia\/wp-content\/uploads\/sites\/10001\/2018\/06\/010_marketing_relacionamento_varejo.pdf\" target=\"_blank\" rel=\"noopener\">MARKETING DE RELACIONAMENTO NO VAREJO &#8211; p\u00e1g 90 \u00e0 96<\/a><br \/>\n<em>Kayane Vitorino Perira<\/em><br \/>\n<em>Lidiane Rosvadoski<\/em><br \/>\n<em>Rosana Dos Santos Paulo<\/em><\/li>\n<\/ul>\n<hr \/>\n<ul>\n<li><a href=\"http:\/\/portal.unisepe.com.br\/unifia\/wp-content\/uploads\/sites\/10001\/2018\/06\/011_youtubers_entretenimento_marketing.pdf\" target=\"_blank\" rel=\"noopener\">SERVI\u00c7OS: A FORMA COMO YOUTUBERS SE TORNARAM CANAIS DE ENTRETENIMENTO E MARKETING &#8211; p\u00e1g 97 \u00e0 101<\/a><br \/>\n<em>Roberta Ap. De Souza Pinto Lima<\/em><br \/>\n<em>Taina Monique Bataglioli<\/em><br \/>\n<em>Tamires Cardoso De Souza<\/em><br \/>\n<em>Tamires Marcelino<\/em><\/li>\n<\/ul>\n<hr \/>\n<ul>\n<li><a href=\"http:\/\/portal.unisepe.com.br\/unifia\/wp-content\/uploads\/sites\/10001\/2018\/06\/012_fontes_energia.pdf\" target=\"_blank\" rel=\"noopener\">FONTES DE ENERGIA &#8211; p\u00e1g 102 \u00e0 126<\/a><br \/>\n<em>C\u00e9sar Augusto Lotti Lavezzo<\/em><br \/>\n<em>SUSTENTABILIDADE &#8211; p\u00e1g 127 \u00e0 147<\/em><br \/>\n<em>C\u00e9sar Augusto Lotti Lavezzo<\/em><\/li>\n<\/ul>\n<hr \/>\n<ul>\n<li><a href=\"http:\/\/portal.unisepe.com.br\/unifia\/wp-content\/uploads\/sites\/10001\/2018\/06\/013_sustentabilidade.pdf\" target=\"_blank\" rel=\"noopener\">MODELO DE IMPLANTA\u00c7\u00c3O DE SISTEMA DE INFORMA\u00c7\u00c3O SETOR FINANCEIRO &#8211; p\u00e1g 148 \u00e0 157<\/a><br \/>\n<em>Juliano Varandas Groppo<\/em><br \/>\n<em>Ana Carolina De S\u00e1 C. Moraes<\/em><br \/>\n<em>Camila De O. Gallo<\/em><br \/>\n<em>Eliene Dos Santos B. Gomes<\/em><br \/>\n<em>Elizangela Da Silva<\/em><br \/>\n<em>Gisele Bento Galv\u00e3o<\/em><br \/>\n<em>Juliana Pereira<\/em><br \/>\n<em>Laryssa Melo<\/em><br \/>\n<em>Raisa Silva Cardoso<\/em><br \/>\n<em>Tais Daiane De L. Fidelis<\/em><\/li>\n<\/ul>\n<hr \/>\n<ul>\n<li><a href=\"http:\/\/portal.unisepe.com.br\/unifia\/wp-content\/uploads\/sites\/10001\/2018\/06\/014_sistema_informacao_financeiro.pdf\" target=\"_blank\" rel=\"noopener\">MODELO DE IMPLANTA\u00c7\u00c3O DE UM SISTEMA DE INFORMA\u00c7\u00c3O: PLANO DE CONTAS EMPRESARIAL &#8211; p\u00e1g 158 \u00e0 165<\/a><br \/>\n<em>Amanda Gercy Maria Alves<\/em><br \/>\n<em>Ana Christina da Veiga Cardoso<\/em><br \/>\n<em>B\u00e1rbara dos Santos<\/em><br \/>\n<em>Daniela Bozi Soares<\/em><br \/>\n<em>Giovana Cristina Marcatto<\/em><br \/>\n<em>Jeferson Anghinoni Nascimento<\/em><br \/>\n<em>Mauricio Barros Nunciaroni<\/em><br \/>\n<em>Raquel Moraes Dalonso<\/em><br \/>\n<em>Wagner Donizeti Bueno<\/em><br \/>\n<em>Juliano Varandas Groppo<\/em><\/li>\n<\/ul>\n<hr \/>\n<ul>\n<li><a href=\"http:\/\/portal.unisepe.com.br\/unifia\/wp-content\/uploads\/sites\/10001\/2018\/06\/016_servico_social_ambiente.pdf\" target=\"_blank\" rel=\"noopener\">SERVI\u00c7O SOCIAL E MEIO AMBIENTE &#8211; p\u00e1g 166 \u00e0 189<\/a><br \/>\n<em>Gabriela Ferreira<\/em><br \/>\n<em>Tha\u00eds Ferreira<\/em><br \/>\n<em>Silmara Quintana<\/em><\/li>\n<\/ul>\n<hr \/>\n<ul>\n<li><a href=\"http:\/\/portal.unisepe.com.br\/unifia\/wp-content\/uploads\/sites\/10001\/2018\/06\/017_alinhamento_quadros_otn.pdf\" target=\"_blank\" rel=\"noopener\">ALINHAMENTO DE QUADROS OTN UTILIZANDO FILTRO CASADO &#8211; p\u00e1g 190 \u00e0 203<\/a><br \/>\n<em>Arley Henrique Salvador<\/em><\/li>\n<\/ul>\n<hr \/>\n<ul>\n<li><a href=\"http:\/\/portal.unisepe.com.br\/unifia\/wp-content\/uploads\/sites\/10001\/2018\/06\/018_borracha_natural.pdf\" target=\"_blank\" rel=\"noopener\">VULCANIZA\u00c7\u00c3O DA BORRACHA NATURAL COM ENXOFRE &#8211; p\u00e1g 204 \u00e0 215<\/a><br \/>\n<em>Bruno Henrique da Silva Cripa<\/em><br \/>\n<em>Gustavo Lazari de Lima<\/em><br \/>\n<em>Rafael Francisco de Freitas<\/em><br \/>\n<em>Tiago Ant\u00f4nio Caichiolo<\/em><br \/>\n<em>Tania Cristina Massaro<\/em><\/li>\n<\/ul>\n<hr \/>\n<ul>\n<li><a href=\"http:\/\/portal.unisepe.com.br\/unifia\/wp-content\/uploads\/sites\/10001\/2018\/06\/019_artigo_cientifico_recrutamento_selecao.pdf\" target=\"_blank\" rel=\"noopener\">RECRUTAMENTO E SELE\u00c7\u00c3O \u2013 UMA PROPOSTA PARA RECRUTAMENTO E SELE\u00c7\u00c3O INTERNO &#8211; p\u00e1g 216 \u00e0 229<\/a><br \/>\n<em>Andr\u00e9 Em\u00edlio Mozer<\/em><\/li>\n<\/ul>\n<hr \/>\n<ul>\n<li><a href=\"http:\/\/portal.unisepe.com.br\/unifia\/wp-content\/uploads\/sites\/10001\/2018\/06\/020_estudo_analise.pdf\" target=\"_blank\" rel=\"noopener\">Um estudo sobe an\u00e1lise financeira do livro; Princ\u00edpios de Administra\u00e7\u00e3o Financeira. &#8211; p\u00e1g 230 \u00e0 234<\/a><br \/>\n<em>Andr\u00e9 Em\u00edlio Mozer<\/em><br \/>\n<em>M\u00e1rcio Oliveira Alves<\/em><\/li>\n<\/ul>\n<hr \/>\n<ul>\n<li><a href=\"http:\/\/portal.unisepe.com.br\/unifia\/wp-content\/uploads\/sites\/10001\/2018\/06\/021_aquecimento_global.pdf\" target=\"_blank\" rel=\"noopener\">AQUECIMENTO GLOBAL &#8211; p\u00e1g 235 \u00e0 249<\/a><br \/>\n<em>C\u00e9sar Augusto Lotti Lavezzo<\/em><\/li>\n<\/ul>\n<hr \/>\n<ul>\n<li><a href=\"http:\/\/portal.unisepe.com.br\/unifia\/wp-content\/uploads\/sites\/10001\/2018\/06\/022_biocombustiveis.pdf\" target=\"_blank\" rel=\"noopener\">BIOCOMBUST\u00cdVEIS &#8211; p\u00e1g 250 \u00e0 263<\/a><br \/>\n<em>C\u00e9sar Augusto Lotti Lavezzo<\/em><\/li>\n<\/ul>\n<hr \/>\n<ul>\n<li><a href=\"http:\/\/portal.unisepe.com.br\/unifia\/wp-content\/uploads\/sites\/10001\/2018\/06\/023_conceitos_contribuicoes_paleoclimatologia.pdf\" target=\"_blank\" rel=\"noopener\">CONCEITOS E CONTRIBUI\u00c7\u00d5ES DA PALEOCLIMATOLOGIA COM BASE NOS ESTUDOS DE DIFERENTES FATORES &#8211; p\u00e1g 264 \u00e0 282<\/a><br \/>\n<em>Franciele Pereira de Moraes<\/em><br \/>\n<em>Jefferson Feitosa Vieira da Silva <\/em><br \/>\n<em>J\u00e9ssica de F\u00e1tima Lucas<\/em><br \/>\n<em>Patr\u00edcia Gomes Destro<\/em><br \/>\n<em>Silvio Luiz Cardoso Pinto<\/em><\/li>\n<\/ul>\n<hr \/>\n<ul>\n<li><a href=\"http:\/\/portal.unisepe.com.br\/unifia\/wp-content\/uploads\/sites\/10001\/2018\/06\/024_importancia_registro_enfermagem.pdf\" target=\"_blank\" rel=\"noopener\">A IMPORT\u00c2NCIA DO REGISTRO DE ENFERMAGEM EM BUSCA DA QUALIDADE &#8211; p\u00e1g 283 \u00e0 289<\/a><br \/>\n<em>Priscilla Carolina Miranda<\/em><br \/>\n<em>Renato Ribeiro Nogueira Ferraz<\/em><br \/>\n<em>Anderson Sena Barnab\u00e9<\/em><br \/>\n<em>S\u00e9rgio Ulices Lages da Fonseca<\/em><br \/>\n<em>Armindo Aparecido Evengelista<\/em><br \/>\n<em>Andr\u00e9 Luiz Ramos<\/em><br \/>\n<em>Jo\u00e3o Victor Fornari<\/em><br \/>\n<em>Dem\u00e9trius Paiva Ar\u00e7ari<\/em><\/li>\n<\/ul>\n<hr \/>\n<ul>\n<li><a href=\"http:\/\/portal.unisepe.com.br\/unifia\/wp-content\/uploads\/sites\/10001\/2018\/06\/025_influencia_estilos_lideranca_comportamento_equipe_enfermagem.pdf\" target=\"_blank\" rel=\"noopener\">A A influ\u00eancia dos estilos de lideran\u00e7a no comportamento da equipe de enfermagem &#8211; p\u00e1g 290 \u00e0 298<\/a><br \/>\n<em>Crisl\u00e9ia C\u00e1ssia da Silva<\/em><br \/>\n<em>Renato Ribeiro Nogueira Ferraz<\/em><br \/>\n<em>Anderson Sena Barnab\u00e9<\/em><br \/>\n<em>S\u00e9rgio Ulices Lages da Fonseca<\/em><br \/>\n<em>Armindo Aparecido Evengelista<\/em><br \/>\n<em>Andr\u00e9 Luiz Ramos<\/em><br \/>\n<em>Jo\u00e3o Victor Fornari<\/em><br \/>\n<em>Dem\u00e9trius Paiva Ar\u00e7ari<\/em><\/li>\n<\/ul>\n<hr \/>\n<ul>\n<li><a href=\"http:\/\/portal.unisepe.com.br\/unifia\/wp-content\/uploads\/sites\/10001\/2018\/06\/026_analise_gerencial_pericias_vinculo_genetico.pdf\" target=\"_blank\" rel=\"noopener\">An\u00e1lise gerencial das per\u00edcias de v\u00ednculo gen\u00e9tico &#8211; p\u00e1g 299 \u00e0 307<\/a><br \/>\n<em>Priscila Tamanaha<\/em><br \/>\n<em>Renato Ribeiro Nogueira Ferraz<\/em><br \/>\n<em>Anderson Sena Barnab\u00e9<\/em><br \/>\n<em>S\u00e9rgio Ulices Lages da Fonseca<\/em><br \/>\n<em>Armindo Aparecido Evengelista<\/em><br \/>\n<em>Andr\u00e9 Luiz Ramos<\/em><br \/>\n<em>Jo\u00e3o Victor Fornari<\/em><br \/>\n<em>Dem\u00e9trius Paiva Ar\u00e7ari<\/em><\/li>\n<\/ul>\n<hr \/>\n<ul>\n<li><a href=\"http:\/\/portal.unisepe.com.br\/unifia\/wp-content\/uploads\/sites\/10001\/2018\/06\/027_certificacao_qualidade_acreditacao_instituicao.pdf\" target=\"_blank\" rel=\"noopener\">CERTIFICA\u00c7\u00c3O DE QUALIDADE PARA ACREDITA\u00c7\u00c3O DA INSTITUI\u00c7\u00c3O HOSPITALAR: ASPECTOS A SEREM SUPERADOS &#8211; p\u00e1g 308 \u00e0 317<\/a><br \/>\n<em>Aluisio Andrade Junior<\/em><br \/>\n<em>Renato Ribeiro Nogueira Ferraz<\/em><br \/>\n<em>Anderson Sena Barnab\u00e9<\/em><br \/>\n<em>S\u00e9rgio Ulices Lages da Fonseca<\/em><br \/>\n<em>Armindo Aparecido Evengelista<\/em><br \/>\n<em>Andr\u00e9 Luiz Ramos<\/em><br \/>\n<em>Jo\u00e3o Victor Fornari<\/em><br \/>\n<em>Dem\u00e9trius Paiva Ar\u00e7ari<\/em><\/li>\n<\/ul>\n<hr \/>\n<ul>\n<li><a href=\"http:\/\/portal.unisepe.com.br\/unifia\/wp-content\/uploads\/sites\/10001\/2018\/06\/028_desafios_enfermeiro_gestor_servicos_saude.pdf\" target=\"_blank\" rel=\"noopener\">Os Desafios do Enfermeiro Gestor nos Servi\u00e7os em Sa\u00fade &#8211; p\u00e1g 318 \u00e0 325<\/a><br \/>\n<em>Patr\u00edcia Lippi da Cruz<\/em><br \/>\n<em>Renato Ribeiro Nogueira Ferraz<\/em><br \/>\n<em>Anderson Sena Barnab\u00e9<\/em><br \/>\n<em>S\u00e9rgio Ulices Lages da Fonseca<\/em><br \/>\n<em>Armindo Aparecido Evengelista<\/em><br \/>\n<em>Andr\u00e9 Luiz Ramos<\/em><br \/>\n<em>Jo\u00e3o Victor Fornari<\/em><br \/>\n<em>Dem\u00e9trius Paiva Ar\u00e7ari<\/em><\/li>\n<\/ul>\n<hr \/>\n<ul>\n<li><a href=\"http:\/\/portal.unisepe.com.br\/unifia\/wp-content\/uploads\/sites\/10001\/2018\/06\/029_veiculos_eletricos.pdf\" target=\"_blank\" rel=\"noopener\">VE\u00cdCULOS EL\u00c9TRICOS &#8211; p\u00e1g 326 \u00e0 357<\/a><br \/>\n<em>Claudio Antonio Armellini<\/em><br \/>\n<em>Ricardo Tembellini Veiga<\/em><\/li>\n<\/ul>\n","protected":false},"excerpt":{"rendered":"<p>Artigos &nbsp; ESTUDO DAS EXPECTATIVAS DOS LOJISTAS, FILIADOS DA ASSOCIA\u00c7\u00c3O DE COM\u00c9RCIO E EMPRESARIAL DE AMPARO PARA AS VENDAS DO NATAL DE 2015 &#8211; p\u00e1g 1 \u00e0 13 Ana Carolina Mitestainer Tha\u00eds Pitarello Paulo Alexandre Pinheiro Soares MODELO DE GEST\u00c3O ESTRAT\u00c9GICA COM BASE NO BALANCED ESCORECARD \u2013 UM ESTUDO DE<\/p>\n","protected":false},"author":2,"featured_media":0,"parent":2940,"menu_order":0,"comment_status":"closed","ping_status":"closed","template":"templates\/template-pagina_menu_vertical.php","meta":{"footnotes":""},"categories":[],"tags":[],"class_list":["post-3067","page","type-page","status-publish","hentry"],"_links":{"self":[{"href":"https:\/\/portal.unisepe.com.br\/unifia\/wp-json\/wp\/v2\/pages\/3067","targetHints":{"allow":["GET"]}}],"collection":[{"href":"https:\/\/portal.unisepe.com.br\/unifia\/wp-json\/wp\/v2\/pages"}],"about":[{"href":"https:\/\/portal.unisepe.com.br\/unifia\/wp-json\/wp\/v2\/types\/page"}],"author":[{"embeddable":true,"href":"https:\/\/portal.unisepe.com.br\/unifia\/wp-json\/wp\/v2\/users\/2"}],"replies":[{"embeddable":true,"href":"https:\/\/portal.unisepe.com.br\/unifia\/wp-json\/wp\/v2\/comments?post=3067"}],"version-history":[{"count":5,"href":"https:\/\/portal.unisepe.com.br\/unifia\/wp-json\/wp\/v2\/pages\/3067\/revisions"}],"predecessor-version":[{"id":3101,"href":"https:\/\/portal.unisepe.com.br\/unifia\/wp-json\/wp\/v2\/pages\/3067\/revisions\/3101"}],"up":[{"embeddable":true,"href":"https:\/\/portal.unisepe.com.br\/unifia\/wp-json\/wp\/v2\/pages\/2940"}],"wp:attachment":[{"href":"https:\/\/portal.unisepe.com.br\/unifia\/wp-json\/wp\/v2\/media?parent=3067"}],"wp:term":[{"taxonomy":"category","embeddable":true,"href":"https:\/\/portal.unisepe.com.br\/unifia\/wp-json\/wp\/v2\/categories?post=3067"},{"taxonomy":"post_tag","embeddable":true,"href":"https:\/\/portal.unisepe.com.br\/unifia\/wp-json\/wp\/v2\/tags?post=3067"}],"curies":[{"name":"wp","href":"https:\/\/api.w.org\/{rel}","templated":true}]}}