{"id":312,"date":"2016-07-11T23:53:24","date_gmt":"2016-07-12T02:53:24","guid":{"rendered":"http:\/\/www.fvr.edu.br\/fvr\/site\/?page_id=312"},"modified":"2024-02-26T13:28:50","modified_gmt":"2024-02-26T16:28:50","slug":"matriz-curricular","status":"publish","type":"page","link":"https:\/\/portal.unisepe.com.br\/unifia\/analise-e-des-de-sistemas\/matriz-curricular\/","title":{"rendered":"Matriz Curricular"},"content":{"rendered":"<ul class=\"nav nav-tabs\">\n<li class=\"nav-item\"><a class=\"nav-link active\" href=\"#tab1\" data-toggle=\"tab\">Matriz<\/a><\/li>\n<li class=\"nav-item\"><a class=\"nav-link\" href=\"#tab2\" data-toggle=\"tab\">Informa\u00e7\u00f5es art 8<\/a><\/li>\n<\/ul>\n<div id=\"myTabContent\" class=\"tab-content\">\n<div id=\"tab1\" class=\"tab-pane fade active show\">\n<ul>\n<li><a href=\"https:\/\/portal.unisepe.com.br\/unifia\/wp-content\/uploads\/sites\/10001\/2024\/01\/matriz_ads.pdf\" target=\"_blank\" rel=\"noopener noreferrer\">Matriz An\u00e1lise e Desenvolvimento de Sistemas 2020<\/a><\/li>\n<li><a href=\"https:\/\/portal.unisepe.com.br\/unifia\/wp-content\/uploads\/sites\/10001\/2024\/02\/matriz_ads_20241.pdf\" target=\"_blank\" rel=\"noopener noreferrer\">Matriz An\u00e1lise e Desenvolvimento de Sistemas 2024<\/a><\/li>\n<\/ul>\n<\/div>\n<div id=\"tab2\" class=\"tab-pane fade\">\n<p style=\"text-align: center\">art 8. da Portaria 1.428\/2018<\/p>\n<ul>\n<li><a href=\"http:\/\/portal.unisepe.com.br\/unifia\/wp-content\/uploads\/sites\/10001\/2019\/10\/Ci\u00acncia-Tecnologia-e-Sociedade-ADS.pdf\" target=\"_blank\" rel=\"noopener noreferrer\">2019-2-UNIFIA-ART 8-INFORMA\u00c7\u00d5ES-CI\u00caNCIA, TECNOLOGIA E SOCIEDADE<\/a><\/li>\n<li><a href=\"http:\/\/portal.unisepe.com.br\/unifia\/wp-content\/uploads\/sites\/10001\/2019\/10\/Empreendedorismo-e-Neg\u00a6cios-na-Internet-ADS.pdf\" target=\"_blank\" rel=\"noopener noreferrer\">2019-2-UNIFIA-ART 8-INFORMA\u00c7\u00d5ES-EMPREENDEDORISMO E NEG\u00d3CIOS NA INTERNET<\/a><\/li>\n<li><a href=\"http:\/\/portal.unisepe.com.br\/unifia\/wp-content\/uploads\/sites\/10001\/2019\/10\/L\u00a1ngua-Portuguesa-ADS.pdf\" target=\"_blank\" rel=\"noopener noreferrer\">2019-2-UNIFIA-ART 8-INFORMA\u00c7\u00d5ES-L\u00cdNGUA PORTUGUESA<\/a><\/li>\n<li><a href=\"http:\/\/portal.unisepe.com.br\/unifia\/wp-content\/uploads\/sites\/10001\/2019\/10\/Probabilidade-e-Estat\u00a1stica-ADS.pdf\" target=\"_blank\" rel=\"noopener noreferrer\">2019-2-UNIFIA-ART 8-INFORMA\u00c7\u00d5ES-PROBABILIDADE E ESTAT\u00cdSTICA<\/a><\/li>\n<li><a href=\"http:\/\/portal.unisepe.com.br\/unifia\/wp-content\/uploads\/sites\/10001\/2019\/10\/Projeto-Integrador-Ambiente-de-Internet-e-M\u00a6veis-ADS.pdf\" target=\"_blank\" rel=\"noopener noreferrer\">2019-2-UNIFIA-ART 8-INFORMA\u00c7\u00d5ES-PROJETO INTEGRADOR AMBIENTE DE INTERNET E M\u00d3VEIS<\/a><\/li>\n<li><a href=\"http:\/\/portal.unisepe.com.br\/unifia\/wp-content\/uploads\/sites\/10001\/2019\/10\/Projeto-Integrador-An\u00edlise-e-Desenvolvimento-de-Sistemas-ADS.pdf\" target=\"_blank\" rel=\"noopener noreferrer\">2019-2-UNIFIA-ART 8-INFORMA\u00c7\u00d5ES-PROJETO INTEGRADOR AN\u00c1LISE E DESENVOLVIMENTO DE SISTEMAS<\/a><\/li>\n<li><a href=\"http:\/\/portal.unisepe.com.br\/unifia\/wp-content\/uploads\/sites\/10001\/2019\/10\/Projeto-Integrador-Banco-de-Dados-e-Redes-ADS.pdf\" target=\"_blank\" rel=\"noopener noreferrer\">2019-2-UNIFIA-ART 8-INFORMA\u00c7\u00d5ES-PROJETO INTEGRADOR BANCO DE DADOS E REDES<\/a><\/li>\n<li><a href=\"http:\/\/portal.unisepe.com.br\/unifia\/wp-content\/uploads\/sites\/10001\/2019\/10\/Projeto-Integrador-Documenta\u00ba\u00fao-Cient\u00a1fica-ADS.pdf\" target=\"_blank\" rel=\"noopener noreferrer\">2019-2-UNIFIA-ART 8-INFORMA\u00c7\u00d5ES-PROJETO INTEGRADOR DOCUMENTA\u00c7\u00c3O CIENT\u00cdFICA<\/a><\/li>\n<li><a href=\"http:\/\/portal.unisepe.com.br\/unifia\/wp-content\/uploads\/sites\/10001\/2019\/10\/Projeto-Integrador-Fundamentos-de-Sistemas-ADS.pdf\" target=\"_blank\" rel=\"noopener noreferrer\">2019-2-UNIFIA-ART 8-INFORMA\u00c7\u00d5ES-PROJETO INTEGRADOR FUNDAMENTOS DE SISTEMAS<\/a><\/li>\n<li><a href=\"http:\/\/portal.unisepe.com.br\/unifia\/wp-content\/uploads\/sites\/10001\/2019\/10\/Projeto-Integrador-Tecnologia-da-Informa\u00ba\u00fao-ADS.pdf\" target=\"_blank\" rel=\"noopener noreferrer\">2019-2-UNIFIA-ART 8-INFORMA\u00c7\u00d5ES-PROJETO INTEGRADOR TECNOLOGIA DA INFORMA\u00c7\u00c3O<\/a><\/li>\n<li><a href=\"http:\/\/portal.unisepe.com.br\/unifia\/wp-content\/uploads\/sites\/10001\/2019\/10\/Seguran\u00baa-e-Direito-Digital-ADS.pdf\" target=\"_blank\" rel=\"noopener noreferrer\">2019-2-UNIFIA-ART 8-INFORMA\u00c7\u00d5ES-SEGURAN\u00c7A E DIREITO DIGITAL<\/a><\/li>\n<li><a href=\"http:\/\/portal.unisepe.com.br\/unifia\/wp-content\/uploads\/sites\/10001\/2019\/10\/Sistemas-de-Informa\u00ba\u00c1es-Gerenciais-ADS.pdf\" target=\"_blank\" rel=\"noopener noreferrer\">2019-2-UNIFIA-ART 8-INFORMA\u00c7\u00d5ES-SISTEMAS DE INFORMA\u00c7\u00d5ES GERENCIAIS<\/a><\/li>\n<\/ul>\n<\/div>\n<\/div>\n","protected":false},"excerpt":{"rendered":"<p>Matriz Informa\u00e7\u00f5es art 8 Matriz An\u00e1lise e Desenvolvimento de Sistemas 2020 Matriz An\u00e1lise e Desenvolvimento de Sistemas 2024 art 8. da Portaria 1.428\/2018 2019-2-UNIFIA-ART 8-INFORMA\u00c7\u00d5ES-CI\u00caNCIA, TECNOLOGIA E SOCIEDADE 2019-2-UNIFIA-ART 8-INFORMA\u00c7\u00d5ES-EMPREENDEDORISMO E NEG\u00d3CIOS NA INTERNET 2019-2-UNIFIA-ART 8-INFORMA\u00c7\u00d5ES-L\u00cdNGUA PORTUGUESA 2019-2-UNIFIA-ART 8-INFORMA\u00c7\u00d5ES-PROBABILIDADE E ESTAT\u00cdSTICA 2019-2-UNIFIA-ART 8-INFORMA\u00c7\u00d5ES-PROJETO INTEGRADOR AMBIENTE DE INTERNET E M\u00d3VEIS 2019-2-UNIFIA-ART<\/p>\n","protected":false},"author":1,"featured_media":0,"parent":303,"menu_order":0,"comment_status":"closed","ping_status":"closed","template":"templates\/template-curso_menu_vertical.php","meta":{"footnotes":""},"categories":[],"tags":[],"class_list":["post-312","page","type-page","status-publish","hentry"],"_links":{"self":[{"href":"https:\/\/portal.unisepe.com.br\/unifia\/wp-json\/wp\/v2\/pages\/312","targetHints":{"allow":["GET"]}}],"collection":[{"href":"https:\/\/portal.unisepe.com.br\/unifia\/wp-json\/wp\/v2\/pages"}],"about":[{"href":"https:\/\/portal.unisepe.com.br\/unifia\/wp-json\/wp\/v2\/types\/page"}],"author":[{"embeddable":true,"href":"https:\/\/portal.unisepe.com.br\/unifia\/wp-json\/wp\/v2\/users\/1"}],"replies":[{"embeddable":true,"href":"https:\/\/portal.unisepe.com.br\/unifia\/wp-json\/wp\/v2\/comments?post=312"}],"version-history":[{"count":7,"href":"https:\/\/portal.unisepe.com.br\/unifia\/wp-json\/wp\/v2\/pages\/312\/revisions"}],"predecessor-version":[{"id":9866,"href":"https:\/\/portal.unisepe.com.br\/unifia\/wp-json\/wp\/v2\/pages\/312\/revisions\/9866"}],"up":[{"embeddable":true,"href":"https:\/\/portal.unisepe.com.br\/unifia\/wp-json\/wp\/v2\/pages\/303"}],"wp:attachment":[{"href":"https:\/\/portal.unisepe.com.br\/unifia\/wp-json\/wp\/v2\/media?parent=312"}],"wp:term":[{"taxonomy":"category","embeddable":true,"href":"https:\/\/portal.unisepe.com.br\/unifia\/wp-json\/wp\/v2\/categories?post=312"},{"taxonomy":"post_tag","embeddable":true,"href":"https:\/\/portal.unisepe.com.br\/unifia\/wp-json\/wp\/v2\/tags?post=312"}],"curies":[{"name":"wp","href":"https:\/\/api.w.org\/{rel}","templated":true}]}}