{"id":3223,"date":"2018-06-13T12:11:59","date_gmt":"2018-06-13T15:11:59","guid":{"rendered":"http:\/\/portal.unisepe.com.br\/unifia\/?page_id=3223"},"modified":"2018-06-13T13:55:48","modified_gmt":"2018-06-13T16:55:48","slug":"ano-2010","status":"publish","type":"page","link":"https:\/\/portal.unisepe.com.br\/unifia\/saude-em-foco\/ano-2010\/","title":{"rendered":"Ano 2010"},"content":{"rendered":"<h6>Artigos<\/h6>\n<p>&nbsp;<\/p>\n<ul>\n<li><a href=\"http:\/\/portal.unisepe.com.br\/unifia\/wp-content\/uploads\/sites\/10001\/2018\/06\/linhaca.pdf\" target=\"_blank\" rel=\"noopener\">A Import\u00e2ncia da Linha\u00e7a como Alimento Funcional e sua Utiliza\u00e7\u00e3o por Universit\u00e1rios do UNIFIA<\/a><br \/>\n<em>G. F. Nogueira.<\/em><br \/>\n<em>G. C\u00e9zar.<\/em><br \/>\n<em>F. M. Fakhouri.<\/em><br \/>\n<em>I. Gumbrevicius.<\/em><\/li>\n<\/ul>\n<p>&nbsp;<\/p>\n","protected":false},"excerpt":{"rendered":"<p>Artigos &nbsp; A Import\u00e2ncia da Linha\u00e7a como Alimento Funcional e sua Utiliza\u00e7\u00e3o por Universit\u00e1rios do UNIFIA G. F. Nogueira. G. C\u00e9zar. F. M. Fakhouri. I. Gumbrevicius. &nbsp;<\/p>\n","protected":false},"author":2,"featured_media":0,"parent":3213,"menu_order":0,"comment_status":"closed","ping_status":"closed","template":"templates\/template-pagina_menu_vertical.php","meta":{"footnotes":""},"categories":[],"tags":[],"class_list":["post-3223","page","type-page","status-publish","hentry"],"_links":{"self":[{"href":"https:\/\/portal.unisepe.com.br\/unifia\/wp-json\/wp\/v2\/pages\/3223","targetHints":{"allow":["GET"]}}],"collection":[{"href":"https:\/\/portal.unisepe.com.br\/unifia\/wp-json\/wp\/v2\/pages"}],"about":[{"href":"https:\/\/portal.unisepe.com.br\/unifia\/wp-json\/wp\/v2\/types\/page"}],"author":[{"embeddable":true,"href":"https:\/\/portal.unisepe.com.br\/unifia\/wp-json\/wp\/v2\/users\/2"}],"replies":[{"embeddable":true,"href":"https:\/\/portal.unisepe.com.br\/unifia\/wp-json\/wp\/v2\/comments?post=3223"}],"version-history":[{"count":5,"href":"https:\/\/portal.unisepe.com.br\/unifia\/wp-json\/wp\/v2\/pages\/3223\/revisions"}],"predecessor-version":[{"id":3229,"href":"https:\/\/portal.unisepe.com.br\/unifia\/wp-json\/wp\/v2\/pages\/3223\/revisions\/3229"}],"up":[{"embeddable":true,"href":"https:\/\/portal.unisepe.com.br\/unifia\/wp-json\/wp\/v2\/pages\/3213"}],"wp:attachment":[{"href":"https:\/\/portal.unisepe.com.br\/unifia\/wp-json\/wp\/v2\/media?parent=3223"}],"wp:term":[{"taxonomy":"category","embeddable":true,"href":"https:\/\/portal.unisepe.com.br\/unifia\/wp-json\/wp\/v2\/categories?post=3223"},{"taxonomy":"post_tag","embeddable":true,"href":"https:\/\/portal.unisepe.com.br\/unifia\/wp-json\/wp\/v2\/tags?post=3223"}],"curies":[{"name":"wp","href":"https:\/\/api.w.org\/{rel}","templated":true}]}}