{"id":3230,"date":"2018-06-13T14:23:05","date_gmt":"2018-06-13T17:23:05","guid":{"rendered":"http:\/\/portal.unisepe.com.br\/unifia\/?page_id=3230"},"modified":"2018-06-13T14:40:33","modified_gmt":"2018-06-13T17:40:33","slug":"ano-2011","status":"publish","type":"page","link":"https:\/\/portal.unisepe.com.br\/unifia\/saude-em-foco\/ano-2011\/","title":{"rendered":"Ano 2011"},"content":{"rendered":"<h6>Artigos<\/h6>\n<p>&nbsp;<\/p>\n<ul>\n<li><a href=\"http:\/\/portal.unisepe.com.br\/unifia\/wp-content\/uploads\/sites\/10001\/2018\/06\/1Saude-em-foco_ABSENTEISMO-EM-EMPRESA-PRIVADA.pdf\" target=\"_blank\" rel=\"noopener\">Absente\u00edsmo em Empresa Privada: Avalia\u00e7\u00e3o da Incid\u00eancia e Levantamento dos Principais Motivos Associados com o Afastamento do Trabalho<\/a><br \/>\n<em>Juliana Canedo Maciel<\/em><br \/>\n<em>Jo\u00e3o Victor Fornari<\/em><br \/>\n<em>Anderson Sena Barnab\u00e9<\/em><br \/>\n<em>Renato Ribeiro Nogueira Ferraz<\/em><\/li>\n<\/ul>\n<hr \/>\n<ul>\n<li><a href=\"http:\/\/portal.unisepe.com.br\/unifia\/wp-content\/uploads\/sites\/10001\/2018\/06\/2Saude-em-foco_Aceitabilidade-vacinacao-H1N1.pdf\" target=\"_blank\" rel=\"noopener\">Aceitabilidade Popular da Vacina\u00e7\u00e3o contra Influenza Pand\u00eamica H1N1.<\/a><br \/>\n<em>DORIGATTI, J. G. F.<\/em><br \/>\n<em>THOMAZ, M. C. A.<\/em><br \/>\n<em>AR\u00c7ARI, D. P.<\/em><\/li>\n<\/ul>\n<hr \/>\n<ul>\n<li><a href=\"http:\/\/portal.unisepe.com.br\/unifia\/wp-content\/uploads\/sites\/10001\/2018\/06\/3saude_em_foco_Cliente-Hipertenso.pdf\" target=\"_blank\" rel=\"noopener\">Fatores que Levam o Cliente Hipertenso a N\u00e3o Aderir ao Tratamento Medicamentoso<\/a><br \/>\n<em>Artioli, C. A.<\/em><br \/>\n<em>Camargo, D. C.<\/em><br \/>\n<em>Thomaz, M. C. A.<\/em><br \/>\n<em>Ar\u00e7ari, D. P.<\/em><br \/>\n<em>Fernandes, G. C. G.<\/em><\/li>\n<\/ul>\n<hr \/>\n<ul>\n<li><a href=\"http:\/\/portal.unisepe.com.br\/unifia\/wp-content\/uploads\/sites\/10001\/2018\/06\/4queimadura.pdf\" target=\"_blank\" rel=\"noopener\">Atendimento do Enfermeiro ao Paciente Queimado<\/a><br \/>\n<em>Gathas,A.Z.l<\/em><br \/>\n<em>Djaleta, D.G.<\/em><br \/>\n<em>Noviello, D.S.<\/em><br \/>\n<em>Thomaz, M.C.A.<\/em><br \/>\n<em>Ar\u00e7ari, D.P.<\/em><\/li>\n<\/ul>\n<hr \/>\n<ul>\n<li><a href=\"http:\/\/portal.unisepe.com.br\/unifia\/wp-content\/uploads\/sites\/10001\/2018\/06\/5antirretrovirais.pdf\" target=\"_blank\" rel=\"noopener\">Ades\u00e3o ao Tratamento com os Antirretrovirais e o Papel do Enfermeiro<\/a><br \/>\n<em>Lira, A.M.<\/em><br \/>\n<em>Xavier, D.<\/em><br \/>\n<em>Santos, E.<\/em><br \/>\n<em>Sueoka, E.<\/em><br \/>\n<em>Leite, A.<\/em><br \/>\n<em>Silva, A.M.<\/em><\/li>\n<\/ul>\n<hr \/>\n<ul>\n<li><a href=\"http:\/\/portal.unisepe.com.br\/unifia\/wp-content\/uploads\/sites\/10001\/2018\/06\/6les_neuro.pdf\" target=\"_blank\" rel=\"noopener\">Os Fatores que Interferem na Marcha, ap\u00f3s uma Les\u00e3o Neurol\u00f3gica, caracterizando as Marchar Patol\u00f3gicas<\/a><br \/>\n<em>Lira, A.M.<\/em><br \/>\n<em>Xavier, D.<\/em><br \/>\n<em>Santos, E.<\/em><br \/>\n<em>Sueoka, E.<\/em><br \/>\n<em>Leite, A.<\/em><br \/>\n<em>Silva, A.M.<\/em><\/li>\n<\/ul>\n<hr \/>\n<ul>\n<li><a href=\"http:\/\/portal.unisepe.com.br\/unifia\/wp-content\/uploads\/sites\/10001\/2018\/06\/7tabagismo.pdf\" target=\"_blank\" rel=\"noopener\">Os Efeitos do Tabagismo como Fator de Risco para Doen\u00e7as Cardiovascular<\/a><br \/>\n<em>Diniz, C.A.P.M.<\/em><br \/>\n<em>Santana, M.A.<\/em><br \/>\n<em>Ar\u00e7ari, D.P.<\/em><br \/>\n<em>Thomaz, M.C.A.<\/em><\/li>\n<\/ul>\n<hr \/>\n<ul>\n<li><a href=\"http:\/\/portal.unisepe.com.br\/unifia\/wp-content\/uploads\/sites\/10001\/2018\/06\/8artigo_saude_deficti.pdf\" target=\"_blank\" rel=\"noopener\">A Influ\u00eancia do D\u00e9ficit Cognitivo ap\u00f3s Les\u00f5es Neurol\u00f3gicas na Reabilita\u00e7\u00e3o Fisioterap\u00eautica<\/a><br \/>\n<em>Carvalho, A.D.V.<\/em><br \/>\n<em>Santos, D.N.<\/em><br \/>\n<em>Pontes, H.C.L.<\/em><br \/>\n<em>Moraes, S.<\/em><br \/>\n<em>Souza, T.A.<\/em><br \/>\n<em>Leite, A.<\/em><br \/>\n<em>Silva, A.M.<\/em><\/li>\n<\/ul>\n<hr \/>\n<ul>\n<li><a href=\"http:\/\/portal.unisepe.com.br\/unifia\/wp-content\/uploads\/sites\/10001\/2018\/06\/9artigo_saude_enfermeiro.pdf\" target=\"_blank\" rel=\"noopener\">O Enfermeiro, O T\u00e9cnico e o Auxiliar de Enfermagem sob a \u00d3ptica dos Acad\u00eamicos<\/a><br \/>\n<em>Pinto, B.M.S.<\/em><br \/>\n<em>Barbosa, D.A.S.<\/em><br \/>\n<em>Carvalho, J.<\/em><br \/>\n<em>Thomaz, M.C.A.<\/em><br \/>\n<em>Ar\u00e7ari, D.P.<\/em><\/li>\n<\/ul>\n","protected":false},"excerpt":{"rendered":"<p>Artigos &nbsp; Absente\u00edsmo em Empresa Privada: Avalia\u00e7\u00e3o da Incid\u00eancia e Levantamento dos Principais Motivos Associados com o Afastamento do Trabalho Juliana Canedo Maciel Jo\u00e3o Victor Fornari Anderson Sena Barnab\u00e9 Renato Ribeiro Nogueira Ferraz Aceitabilidade Popular da Vacina\u00e7\u00e3o contra Influenza Pand\u00eamica H1N1. DORIGATTI, J. G. F. THOMAZ, M. C. A. AR\u00c7ARI,<\/p>\n","protected":false},"author":2,"featured_media":0,"parent":3213,"menu_order":0,"comment_status":"closed","ping_status":"closed","template":"templates\/template-pagina_menu_vertical.php","meta":{"footnotes":""},"categories":[],"tags":[],"class_list":["post-3230","page","type-page","status-publish","hentry"],"_links":{"self":[{"href":"https:\/\/portal.unisepe.com.br\/unifia\/wp-json\/wp\/v2\/pages\/3230","targetHints":{"allow":["GET"]}}],"collection":[{"href":"https:\/\/portal.unisepe.com.br\/unifia\/wp-json\/wp\/v2\/pages"}],"about":[{"href":"https:\/\/portal.unisepe.com.br\/unifia\/wp-json\/wp\/v2\/types\/page"}],"author":[{"embeddable":true,"href":"https:\/\/portal.unisepe.com.br\/unifia\/wp-json\/wp\/v2\/users\/2"}],"replies":[{"embeddable":true,"href":"https:\/\/portal.unisepe.com.br\/unifia\/wp-json\/wp\/v2\/comments?post=3230"}],"version-history":[{"count":4,"href":"https:\/\/portal.unisepe.com.br\/unifia\/wp-json\/wp\/v2\/pages\/3230\/revisions"}],"predecessor-version":[{"id":3243,"href":"https:\/\/portal.unisepe.com.br\/unifia\/wp-json\/wp\/v2\/pages\/3230\/revisions\/3243"}],"up":[{"embeddable":true,"href":"https:\/\/portal.unisepe.com.br\/unifia\/wp-json\/wp\/v2\/pages\/3213"}],"wp:attachment":[{"href":"https:\/\/portal.unisepe.com.br\/unifia\/wp-json\/wp\/v2\/media?parent=3230"}],"wp:term":[{"taxonomy":"category","embeddable":true,"href":"https:\/\/portal.unisepe.com.br\/unifia\/wp-json\/wp\/v2\/categories?post=3230"},{"taxonomy":"post_tag","embeddable":true,"href":"https:\/\/portal.unisepe.com.br\/unifia\/wp-json\/wp\/v2\/tags?post=3230"}],"curies":[{"name":"wp","href":"https:\/\/api.w.org\/{rel}","templated":true}]}}