{"id":3248,"date":"2018-06-13T14:54:02","date_gmt":"2018-06-13T17:54:02","guid":{"rendered":"http:\/\/portal.unisepe.com.br\/unifia\/?page_id=3248"},"modified":"2018-06-13T15:41:04","modified_gmt":"2018-06-13T18:41:04","slug":"ano-2013","status":"publish","type":"page","link":"https:\/\/portal.unisepe.com.br\/unifia\/saude-em-foco\/ano-2013\/","title":{"rendered":"Ano 2013"},"content":{"rendered":"<h6>Artigos<\/h6>\n<p>&nbsp;<\/p>\n<ul>\n<li><a href=\"http:\/\/portal.unisepe.com.br\/unifia\/wp-content\/uploads\/sites\/10001\/2018\/06\/1a_interferencia.pdf\" target=\"_blank\" rel=\"noopener\">A Interfer\u00eancia da Altera\u00e7\u00e3o de T\u00f4nus Sobe a Reabilita\u00e7\u00e3o Fisioterap\u00eautica ap\u00f3s Les\u00f5es Neurol\u00f3gicas<\/a><br \/>\n<em>Marsura, A.<\/em><br \/>\n<em>Santos, M. P.<\/em><br \/>\n<em>Silvia, M. A.<\/em><br \/>\n<em>Sena, R. O.<\/em><br \/>\n<em>Mendes, T. C. A.<\/em><br \/>\n<em>Leite, A.<\/em><br \/>\n<em>Silva, A. M<\/em><\/li>\n<\/ul>\n<hr \/>\n<ul>\n<li><a href=\"http:\/\/portal.unisepe.com.br\/unifia\/wp-content\/uploads\/sites\/10001\/2018\/06\/2avaliacao_transversal.pdf\" target=\"_blank\" rel=\"noopener\">Avalia\u00e7\u00e3o Transversal do Perfil de Indiv\u00edduos Portadores de N\u00edvel Superior Praticantes de Automedica\u00e7\u00e3o<\/a><br \/>\n<em>Maria Fernanda Pinheiro<\/em><br \/>\n<em>Renata Nunes da Silva<\/em><br \/>\n<em>Janaina Barduco Garcia<\/em><br \/>\n<em>Francisco Sandro Menezes Rodrigues<\/em><br \/>\n<em>Jo\u00e3o Victor Fornari<\/em><br \/>\n<em>Anderson Sena Barnabe<\/em><br \/>\n<em>Renato Ribeiro Nogueira Ferraz<\/em><br \/>\n<em>Rodrigo Helene<\/em><br \/>\n<em>Leandro Sim\u00f5es Abrao<\/em><br \/>\n<em>Dem\u00e9trius Paiva Ar\u00e7ari.<\/em><\/li>\n<\/ul>\n<hr \/>\n<ul>\n<li><a href=\"http:\/\/portal.unisepe.com.br\/unifia\/wp-content\/uploads\/sites\/10001\/2018\/06\/3cirrose.pdf\" target=\"_blank\" rel=\"noopener\">Compara\u00e7\u00e3o na Ocorr\u00eancia de Cirrose Hep\u00e1tica em Indiv\u00edduos que Fazem Uso ou N\u00e3o de Bebida Alco\u00f3lica<\/a><br \/>\n<em>Margarete Aparecida Rigone<\/em><br \/>\n<em>Jo\u00e3o Vitor Fornari<\/em><br \/>\n<em>Renato Ribeiro Nogueira Ferraz<\/em><br \/>\n<em>Anderson Bernabe<\/em><br \/>\n<em>Maria Jose Leonardo<\/em><br \/>\n<em>Daniela Angelo, Israel Silva<\/em><br \/>\n<em>Dem\u00e9trius Paiva Ar\u00e7ari<\/em><\/li>\n<\/ul>\n<hr \/>\n<ul>\n<li><a href=\"http:\/\/portal.unisepe.com.br\/unifia\/wp-content\/uploads\/sites\/10001\/2018\/06\/4esquistossomose.pdf\" target=\"_blank\" rel=\"noopener\">Esquistossomose no Vale do Ribeira\/SP: Incid\u00eancia e Preven\u00e7\u00e3o &#8211; Levantamento Liter\u00e1rio<\/a><br \/>\n<em>Let\u00edcia Florido Povisnke<\/em><br \/>\n<em>Ana Fab\u00edola Rollo de Oliveira Prestes<\/em><\/li>\n<\/ul>\n<hr \/>\n<ul>\n<li><a href=\"http:\/\/portal.unisepe.com.br\/unifia\/wp-content\/uploads\/sites\/10001\/2018\/06\/5evidenciando_automedicacao.pdf\" target=\"_blank\" rel=\"noopener\">Evidenciando a Automedica\u00e7\u00e3o numa Drogaria de Regi\u00e3o Sul da Cidade de S\u00e3o paulo\/SP<\/a><br \/>\n<em>Aline Sarti<\/em><br \/>\n<em>Samanta Cordeiro Silva<\/em><br \/>\n<em>Shaista Pode<\/em><br \/>\n<em>Francisco Sandro Menezes Rodrigues<\/em><br \/>\n<em>Jo\u00e3o Victor Fornari<\/em><br \/>\n<em>Anderson Barnab\u00e9<\/em><br \/>\n<em>Dem\u00e9trius Paiva Ar\u00e7ari<\/em><br \/>\n<em>Renato Ribeiro Nogueira Ferraz<\/em><\/li>\n<\/ul>\n<hr \/>\n<ul>\n<li><a href=\"http:\/\/portal.unisepe.com.br\/unifia\/wp-content\/uploads\/sites\/10001\/2018\/06\/6impacto_tuberculose.pdf\" target=\"_blank\" rel=\"noopener\">Impacto da Tuberculose em Pacientes Tabagistas de Cigarros Bids: Uma Revis\u00e3o Sistem\u00e1tica<\/a><br \/>\n<em>Jaqueline Ferreira Da Silva<\/em><br \/>\n<em>Jo\u00e3o Victor Fornari<\/em><br \/>\n<em>Daniele Rodrigues<\/em><br \/>\n<em>Renato Nogueira Ferraz<\/em><br \/>\n<em>Maria Jose Leonardo; Daniela Angelo<\/em><br \/>\n<em>Dem\u00e9trius Paiva Ar\u00e7ari<\/em><br \/>\n<em>Israel Silva<\/em><br \/>\n<em>Anderson Bernab\u00e9<\/em><\/li>\n<\/ul>\n<hr \/>\n<ul>\n<li><a href=\"http:\/\/portal.unisepe.com.br\/unifia\/wp-content\/uploads\/sites\/10001\/2018\/06\/7importancia_endocri.pdf\" target=\"_blank\" rel=\"noopener\">Import\u00e2ncia Das Endocrinopatias como Fatores Etiol\u00f3gicos Envolvidos na Instala\u00e7\u00e3o Pontual de Quadros de Obesidade Familiar<\/a><br \/>\n<em>Katty Elizabete Arnaut<\/em><br \/>\n<em>Samanta Cordeiro Silva<\/em><br \/>\n<em>Shaista Pope<\/em><br \/>\n<em>Rodrigo Helene<\/em><br \/>\n<em>Leandro Sim\u00f3es Abr\u00e3o<\/em><br \/>\n<em>Rog\u00e9rio Barbosa de Deus<\/em><br \/>\n<em>Jo\u00e3o Victor Fornari<\/em><br \/>\n<em>Anderson Barnab\u00e9<\/em><br \/>\n<em>Dem\u00e9trius Paiva Ar\u00e7ari<\/em><br \/>\n<em>Renato RIbeiro Nogueira Ferraz<\/em><\/li>\n<\/ul>\n<hr \/>\n<ul>\n<li><a href=\"http:\/\/portal.unisepe.com.br\/unifia\/wp-content\/uploads\/sites\/10001\/2018\/06\/8influencia_alteracoes.pdf\" target=\"_blank\" rel=\"noopener\">Influ\u00eancia das Altera\u00e7\u00f5es de Comportamento Ap\u00f3s Les\u00f5es Neurol\u00f3gicas Sobre a Reabilita\u00e7\u00e3o Fisioterap\u00eautica<\/a><br \/>\n<em>Carvalho, E. E. S<\/em><br \/>\n<em>Guerra, R. L.<\/em><br \/>\n<em>Martins, A. L.<\/em><br \/>\n<em>Silva, A. M.<\/em><\/li>\n<\/ul>\n<hr \/>\n<ul>\n<li><a href=\"http:\/\/portal.unisepe.com.br\/unifia\/wp-content\/uploads\/sites\/10001\/2018\/06\/9influencia_avaliacao.pdf\" target=\"_blank\" rel=\"noopener\">Influ\u00eancia da Avalia\u00e7\u00e3o Fisioterap\u00eautica na Reabilita\u00e7\u00e3o Neurol\u00f3gica<\/a><br \/>\nGavim, A. E. O<br \/>\nOliveira, I. P. L<br \/>\nCosta, T. V.<br \/>\nOliveira, V. R<br \/>\nMartins, A. L<br \/>\nSilva, A. M<\/li>\n<\/ul>\n<hr \/>\n<ul>\n<li><a href=\"http:\/\/portal.unisepe.com.br\/unifia\/wp-content\/uploads\/sites\/10001\/2018\/06\/10quantificacao_descumprimento.pdf\" target=\"_blank\" rel=\"noopener\">Quantifica\u00e7\u00e3o do Descumprimento das Normas de Higiene Pessoal eum Uma Empresa de Alimentos de Louveira\/SP<\/a><br \/>\n<em>Gilmara Aguiar Hoffer de Carvalho<\/em><br \/>\n<em>Samanta Cordeiro Silva<\/em><br \/>\n<em>Shaista Pope<\/em><br \/>\n<em>Jo\u00e3o Victor Fornari<\/em><br \/>\n<em>Anderson Barnab\u00e9<\/em><br \/>\n<em>Dem\u00e9trius Paiva Ar\u00e7ari<\/em><br \/>\n<em>Renato Ribeiro Nogueira Ferraz<\/em><\/li>\n<\/ul>\n<hr \/>\n<ul>\n<li><a href=\"http:\/\/portal.unisepe.com.br\/unifia\/wp-content\/uploads\/sites\/10001\/2018\/06\/11teste_tolerancia.pdf\" target=\"_blank\" rel=\"noopener\">Compara\u00e7\u00e3o Entre M\u00e9todos de Diagn\u00f3sticos Tradicionais com o Teste Gen\u00e9tico para Detec\u00e7\u00e3o de Intoler\u00e2ncia a Lactose<\/a><br \/>\n<em>Juraci Filgueiras Bem<\/em><br \/>\n<em>Jo\u00e3o Vitor Fornari<\/em><br \/>\n<em>Renato Ribeiro Nogueira Ferraz<\/em><br \/>\n<em>Anderson Bernabe<\/em><br \/>\n<em>Maria Jose Leonardo<\/em><br \/>\n<em>Daniela Angelo<\/em><br \/>\n<em>Dem\u00e9trius Paiva Ar\u00e7ari<\/em><\/li>\n<\/ul>\n<hr \/>\n<ul>\n<li><a href=\"http:\/\/portal.unisepe.com.br\/unifia\/wp-content\/uploads\/sites\/10001\/2018\/06\/12transplante_renal.pdf\" target=\"_blank\" rel=\"noopener\">Compara\u00e7\u00e3o Entre a Taxa de Sobrevida do Enxerto Renal Oriundo de Doadores Cad\u00e1ver e Doadores Vivo<\/a><br \/>\n<em>J\u00e9ssica Suller Garcia<\/em><br \/>\n<em>Jo\u00e3o Victor Fornari<\/em><br \/>\n<em>Daniele Rodrigues<\/em><br \/>\n<em>Renato Nogueira Ferraz<\/em><br \/>\n<em>Maria Jose Leonardo<\/em><br \/>\n<em>Daniela Angelo<\/em><br \/>\n<em>Dem\u00e9trius Paiva Ar\u00e7ari<\/em><br \/>\n<em>Israel Silva<\/em><br \/>\n<em>Anderson Bernab\u00e9<\/em><\/li>\n<\/ul>\n<hr \/>\n<ul>\n<li><a href=\"http:\/\/portal.unisepe.com.br\/unifia\/wp-content\/uploads\/sites\/10001\/2018\/06\/13uso_antibiotico.pdf\" target=\"_blank\" rel=\"noopener\">Tratamento Agudo da Pielonefrite por Escherichia Coli em Gestantes<\/a><br \/>\n<em>Danielle Souza Oliveira<\/em><br \/>\n<em>Jo\u00e3o Victor Fornari<\/em><br \/>\n<em>Daniele Rodrigues<\/em><br \/>\n<em>Renato Nogueira Ferraz<\/em><br \/>\n<em>Maria Jose Leonardo<\/em><br \/>\n<em>Daniela Angelo<\/em><br \/>\n<em>Demetrius Paiva Ar\u00e7ari<\/em><br \/>\n<em>Israel Silva<\/em><br \/>\n<em>Anderson Bernab\u00e9<\/em><\/li>\n<\/ul>\n<hr \/>\n<ul>\n<li><a href=\"http:\/\/portal.unisepe.com.br\/unifia\/wp-content\/uploads\/sites\/10001\/2018\/06\/14utilizacao_indice.pdf\" target=\"_blank\" rel=\"noopener\">Utiliza\u00e7\u00e3o do \u00cdndice de Massa Corporal para Estimativa do Estado Nutricional de Funcion\u00e1rios de Uma Empresa do Ramo Qu\u00edmico<\/a><br \/>\n<em>Priscila Caltran<\/em><br \/>\n<em>Samanta Cordeiro Silva<\/em><br \/>\n<em>Shaista Pope<\/em><br \/>\n<em>Jo\u00e3o Victor Fornari<\/em><br \/>\n<em>Anderson Barnab\u00e9<\/em><br \/>\n<em>Dem\u00e9trius Paiva Ar\u00e7ari<\/em><br \/>\n<em>Renato Ribeiro Nogueira Ferraz<\/em><\/li>\n<\/ul>\n<hr \/>\n<ul>\n<li><a href=\"http:\/\/portal.unisepe.com.br\/unifia\/wp-content\/uploads\/sites\/10001\/2018\/06\/15artigo01-08.pdf\" target=\"_blank\" rel=\"noopener\">PREVAL\u00caNCIA DE OBESIDADE E COMORBIDADES ASSOCIADAS EM TRABALHADORES DO RAMO VIDREIRO<\/a><br \/>\n<em>Andreia Cassimira de Carvalho<\/em><br \/>\n<em>Jo\u00e3o Vitor Fornari<\/em><br \/>\n<em>Anderson Senna Bernabe<\/em><br \/>\n<em>Demetrius Paiva Ar\u00e7ari<\/em><br \/>\n<em>Renato Ribeiro Nogueira Ferraz.<\/em><\/li>\n<\/ul>\n<hr \/>\n<ul>\n<li><a href=\"http:\/\/portal.unisepe.com.br\/unifia\/wp-content\/uploads\/sites\/10001\/2018\/06\/16artigo02-09-13.pdf\" target=\"_blank\" rel=\"noopener\">COMPARA\u00c7\u00c3O DA SUPLEMENTA\u00c7\u00c3O DE BIFOSFONATO OU VITAMINA D EM PACIENTES COM OSTEOPOROSE OU PERDA DE MASSA \u00d3SSEA INDUZIDA PELO USO DE GLICOCORTICOIDES<\/a><br \/>\n<em>Luana Dias Campos Jo\u00e3o Vitor Fornari1<\/em><br \/>\n<em>Anderson Senna Bernabe<\/em><br \/>\n<em>Maria Jose Leonardo1<\/em><br \/>\n<em>Israel Silva<\/em><br \/>\n<em>Demetrius Paiva Ar\u00e7ari<\/em><br \/>\n<em>Renato Ribeiro Nogueira Ferraz<\/em><\/li>\n<\/ul>\n<hr \/>\n<ul>\n<li><a href=\"http:\/\/portal.unisepe.com.br\/unifia\/wp-content\/uploads\/sites\/10001\/2018\/06\/17artigo03-14-19.pdf\" target=\"_blank\" rel=\"noopener\">COMPARATIVE PROFILE OF BIOCHEMICAL DOSAGE OF QUALITY CONTROL ACCORDING TO TARGET AVERAGE OF IT\u2019S VALUES, STANDARDIZING THE ANALITYCAL PROCESSES<\/a><br \/>\n<em>Marcia Cristina da Silva Mesti\u00e7o<\/em><br \/>\n<em>Jo\u00e3o Vitor Fornari<\/em><br \/>\n<em>Anderson Senna Bernabe<\/em><br \/>\n<em>Demetrius Paiva Ar\u00e7ari<\/em><br \/>\n<em>Arlindo M. Esteves Rodrigues<\/em><br \/>\n<em>Sergio Ulisses Lage da Fonseca<\/em><br \/>\n<em>Victor Mois\u00e9s Nunes<\/em><br \/>\n<em>Renato Ribeiro Nogueira Ferraz<\/em><\/li>\n<\/ul>\n<hr \/>\n<ul>\n<li><a href=\"http:\/\/portal.unisepe.com.br\/unifia\/wp-content\/uploads\/sites\/10001\/2018\/06\/18artigo04-pag20-24.pdf\" target=\"_blank\" rel=\"noopener\">AVALIA\u00c7\u00c3O DO CONHECIMENTO DE CRIAN\u00c7AS DO ENSINO FUNDAMENTAL COM RELA\u00c7\u00c3O \u00c0 VALIDADE E A NECESSIDADE DE REFRIGERA\u00c7\u00c3O DOS ALIMENTOS<\/a><br \/>\n<em>Eliza Sousa Alves Mota<\/em><br \/>\n<em>Samanta Cordeiro Silva<\/em><br \/>\n<em>Jo\u00e3o Vitor Fornari<\/em><br \/>\n<em>Anderson Senna Bernabe<\/em><br \/>\n<em>Demetrius Paiva Ar\u00e7ari<\/em><br \/>\n<em>Renato Ribeiro Nogueira Ferraz.<\/em><\/li>\n<\/ul>\n<hr \/>\n<ul>\n<li><a href=\"http:\/\/portal.unisepe.com.br\/unifia\/wp-content\/uploads\/sites\/10001\/2018\/06\/19artigo05-pag25-28.pdf\" target=\"_blank\" rel=\"noopener\">COMPARA\u00c7\u00c3O DA UTILIZA\u00c7\u00c3O DE DIETA IMUNOMODULADA COM GLUTAMINA NA REDU\u00c7\u00c3O DE COMPLICA\u00c7\u00d5ES E MORTALIDADE EM PACIENTES CR\u00cdTICOS S\u00c9PTICOS E N\u00c3O SEPTICOS<\/a><br \/>\n<em>Evelyn Patr\u00edcia Alves Teixeira<\/em><br \/>\n<em>Jo\u00e3o Vitor Fornari1<\/em><br \/>\n<em>Renato Ribeiro Nogueira Ferraz<\/em><br \/>\n<em>Anderson Senna Bernabe<\/em><br \/>\n<em>Maria Jose Leonardo<\/em><br \/>\n<em>Israel Silva<\/em><br \/>\n<em>Demetrius Paiva Ar\u00e7ari<\/em><\/li>\n<\/ul>\n<hr \/>\n<ul>\n<li><a href=\"http:\/\/portal.unisepe.com.br\/unifia\/wp-content\/uploads\/sites\/10001\/2018\/06\/20artigo06-pag29-34.pdf\" target=\"_blank\" rel=\"noopener\">AVALIA\u00c7\u00c3O DA ROTULAGEM DE BARRAS DE CEREAIS COM RELA\u00c7\u00c3O \u00c0 ADEQUADA CLASSIFICA\u00c7\u00c3O QUANTO AO TEOR DE FIBRAS ALIMENTARES<\/a><br \/>\n<em>Karime Elisandra Assun\u00e7\u00e3o Paulo<\/em><br \/>\n<em>Samanta Cordeiro Silva<\/em><br \/>\n<em>Jo\u00e3o Vitor Fornari<\/em><br \/>\n<em>Anderson Senna Bernabe<\/em><br \/>\n<em>Demetrius Paiva Ar\u00e7ari<\/em><br \/>\n<em>Renato Ribeiro Nogueira Ferraz.<\/em><\/li>\n<\/ul>\n<hr \/>\n<ul>\n<li><a href=\"http:\/\/portal.unisepe.com.br\/unifia\/wp-content\/uploads\/sites\/10001\/2018\/06\/21artigo07-pag35-40.pdf\" target=\"_blank\" rel=\"noopener\">OCORR\u00caNCIA DE PRODUTOS FORA DA VALIDADE EM G\u00d4NDOLAS DE HIPERMERCADOS DA GRANDE S\u00c3O PAULO &#8211; SP<\/a><br \/>\n<em>Lina Arndt Dogo<\/em><br \/>\n<em>Jo\u00e3o Vitor Fornari<\/em><br \/>\n<em>Anderson Senna Bernabe<\/em><br \/>\n<em>Demetrius Paiva Ar\u00e7ari<\/em><br \/>\n<em>Renato Ribeiro Nogueira Ferraz<\/em><\/li>\n<\/ul>\n<hr \/>\n<ul>\n<li><a href=\"http:\/\/portal.unisepe.com.br\/unifia\/wp-content\/uploads\/sites\/10001\/2018\/06\/22artigo08-pag41-44.pdf\" target=\"_blank\" rel=\"noopener\">COMPARA\u00c7\u00c3O ENTRE DIETA INDUSTRIALIZADA E DIETA CASEIRA EM RELA\u00c7\u00c3O AOS CUSTOS E CONTAMINA\u00c7\u00d5ES MICROBIOL\u00d3GICAS<\/a><br \/>\n<em>Cintia Vasconcelos<\/em><br \/>\n<em>Jo\u00e3o Vitor Fornari<\/em><br \/>\n<em>Demetrius Paiva Ar\u00e7ari<\/em><br \/>\n<em>Anderson Senna Bernabe<\/em><br \/>\n<em>Maria Jose Leonardo<\/em><br \/>\n<em>Renato Ribeiro Nogueira Ferraz<\/em><\/li>\n<\/ul>\n<hr \/>\n<ul>\n<li><a href=\"http:\/\/portal.unisepe.com.br\/unifia\/wp-content\/uploads\/sites\/10001\/2018\/06\/23artigo09-pag45-49.pdf\" target=\"_blank\" rel=\"noopener\">INCID\u00caNCIA DE INFEC\u00c7\u00c3O DAS VIAS A\u00c9REAS SUPERIORES ENTRE PACIENTES ATENDIDOS NO ACOLHIMENTO DE UMA UBS NA REGI\u00c3O SUL DA CIDADE DE S\u00c3O PAULO &#8211; SP<\/a><br \/>\n<em>Ana Catharina de Ara\u00fajo Medeiros<\/em><br \/>\n<em>Francisco Sandro Menezes Rodrigues<\/em><br \/>\n<em>Jo\u00e3o Vitor Fornari<\/em><br \/>\n<em>Anderson Senna Bernabe<\/em><br \/>\n<em>Demetrius Paiva Ar\u00e7ari<\/em><br \/>\n<em>Renato Ribeiro Nogueira Ferraz<\/em><\/li>\n<\/ul>\n<hr \/>\n<ul>\n<li><a href=\"http:\/\/portal.unisepe.com.br\/unifia\/wp-content\/uploads\/sites\/10001\/2018\/06\/24artigo10-pag50-54.pdf\" target=\"_blank\" rel=\"noopener\">PREVAL\u00caNCIA DE DESNUTRI\u00c7\u00c3O INFANTIL ENTRE USU\u00c1RIOS DE UMA UNIDADE B\u00c1SICA DE SA\u00daDE DA CIDADE DE GUARULHOS \u2013 SP: QUAIS SERIAM OS PRINCIPAIS FATORES DE INFLU\u00caNCIA?<\/a><br \/>\n<em>Virg\u00ednia \u00c9rika Lima Ferreira<\/em><br \/>\n<em>Francisco Sandro Menezes Rodrigues<\/em><br \/>\n<em>Anderson Sena Barnab\u00e9<\/em><br \/>\n<em>Demetrius Paiva Ar\u00e7ari<\/em><br \/>\n<em>Jo\u00e3o Victor Fornari<\/em><br \/>\n<em>Arlindo M. Esteves Rodrigues<\/em><br \/>\n<em>Sergio Ulisses Lage da Fonseca<\/em><br \/>\n<em>Renato Ribeiro Nogueira Ferraz<\/em><\/li>\n<\/ul>\n<hr \/>\n<ul>\n<li><a href=\"http:\/\/portal.unisepe.com.br\/unifia\/wp-content\/uploads\/sites\/10001\/2018\/06\/25artigo11-pag55-59.pdf\" target=\"_blank\" rel=\"noopener\">HIPERTENS\u00c3O ARTERIAL SIST\u00caMICA COMO PRINCIPAL MOTIVO DE ADMISS\u00c3O DE UMA CLINICA M\u00c9DICA DE UM HOSPITAL P\u00daBLICO DA CIDADE DE S\u00c3O PAULO: BREVE ESTUDO OBSERVACIONAL<\/a><br \/>\n<em>Wild Pires Serafim<\/em><br \/>\n<em>Francisco Sandro Menezes Rodrigues<\/em><br \/>\n<em>Anderson Sena Barnab\u00e9<\/em><br \/>\n<em>Demetrius Paiva Ar\u00e7ari<\/em><br \/>\n<em>Jo\u00e3o Victor Fornari<\/em><br \/>\n<em>Arlindo M. Esteves Rodrigues<\/em><br \/>\n<em>Sergio Ulisses Lage da Fonseca<\/em><br \/>\n<em>Renato Ribeiro Nogueira Ferraz<\/em><\/li>\n<\/ul>\n","protected":false},"excerpt":{"rendered":"<p>Artigos &nbsp; A Interfer\u00eancia da Altera\u00e7\u00e3o de T\u00f4nus Sobe a Reabilita\u00e7\u00e3o Fisioterap\u00eautica ap\u00f3s Les\u00f5es Neurol\u00f3gicas Marsura, A. Santos, M. P. Silvia, M. A. Sena, R. O. Mendes, T. C. A. Leite, A. Silva, A. M Avalia\u00e7\u00e3o Transversal do Perfil de Indiv\u00edduos Portadores de N\u00edvel Superior Praticantes de Automedica\u00e7\u00e3o Maria Fernanda<\/p>\n","protected":false},"author":2,"featured_media":0,"parent":3213,"menu_order":0,"comment_status":"closed","ping_status":"closed","template":"templates\/template-pagina_menu_vertical.php","meta":{"footnotes":""},"categories":[],"tags":[],"class_list":["post-3248","page","type-page","status-publish","hentry"],"_links":{"self":[{"href":"https:\/\/portal.unisepe.com.br\/unifia\/wp-json\/wp\/v2\/pages\/3248","targetHints":{"allow":["GET"]}}],"collection":[{"href":"https:\/\/portal.unisepe.com.br\/unifia\/wp-json\/wp\/v2\/pages"}],"about":[{"href":"https:\/\/portal.unisepe.com.br\/unifia\/wp-json\/wp\/v2\/types\/page"}],"author":[{"embeddable":true,"href":"https:\/\/portal.unisepe.com.br\/unifia\/wp-json\/wp\/v2\/users\/2"}],"replies":[{"embeddable":true,"href":"https:\/\/portal.unisepe.com.br\/unifia\/wp-json\/wp\/v2\/comments?post=3248"}],"version-history":[{"count":5,"href":"https:\/\/portal.unisepe.com.br\/unifia\/wp-json\/wp\/v2\/pages\/3248\/revisions"}],"predecessor-version":[{"id":3278,"href":"https:\/\/portal.unisepe.com.br\/unifia\/wp-json\/wp\/v2\/pages\/3248\/revisions\/3278"}],"up":[{"embeddable":true,"href":"https:\/\/portal.unisepe.com.br\/unifia\/wp-json\/wp\/v2\/pages\/3213"}],"wp:attachment":[{"href":"https:\/\/portal.unisepe.com.br\/unifia\/wp-json\/wp\/v2\/media?parent=3248"}],"wp:term":[{"taxonomy":"category","embeddable":true,"href":"https:\/\/portal.unisepe.com.br\/unifia\/wp-json\/wp\/v2\/categories?post=3248"},{"taxonomy":"post_tag","embeddable":true,"href":"https:\/\/portal.unisepe.com.br\/unifia\/wp-json\/wp\/v2\/tags?post=3248"}],"curies":[{"name":"wp","href":"https:\/\/api.w.org\/{rel}","templated":true}]}}