{"id":3279,"date":"2018-06-13T15:41:38","date_gmt":"2018-06-13T18:41:38","guid":{"rendered":"http:\/\/portal.unisepe.com.br\/unifia\/?page_id=3279"},"modified":"2018-06-13T16:56:00","modified_gmt":"2018-06-13T19:56:00","slug":"ano-2014","status":"publish","type":"page","link":"https:\/\/portal.unisepe.com.br\/unifia\/saude-em-foco\/ano-2014\/","title":{"rendered":"Ano 2014"},"content":{"rendered":"<h6>Artigos<\/h6>\n<p>&nbsp;<\/p>\n<ul>\n<li><a href=\"http:\/\/portal.unisepe.com.br\/unifia\/wp-content\/uploads\/sites\/10001\/2018\/06\/1ASPERGILLUS.pdf\" target=\"_blank\" rel=\"noopener\">COMPARA\u00c7\u00c3O ENTRE A UTILIZA\u00c7\u00c3O DO F\u00c1RMACO ITRACONAZOL OU PLACEBO NA TERAPIA CL\u00cdNICA CONTRA O FUNGO ASPERGILLUS<\/a><br \/>\n<em>Vanessa Iolanda Domingos<\/em><br \/>\n<em>Renato Ribeiro Nogueira Ferraz<\/em><br \/>\n<em>Maria Jos\u00e9 Leonardi<\/em><br \/>\n<em>Anderson Sena Barnab\u00e9<\/em><br \/>\n<em>S\u00e9rgio Ulices Lages da Fonseca<\/em><br \/>\n<em>Andr\u00e9ia Cristina Caseiro<\/em><br \/>\n<em>Armindo Aparecido\u00a0<\/em><i>Evangelista<\/i><br \/>\n<em>Andr\u00e9 Luiz Ramos<\/em><br \/>\n<em>Demetrius Paiva Ar\u00e7ari<\/em><br \/>\n<em>Leandro Abr\u00e3o<\/em><br \/>\n<em>Vitor Nunes<\/em><br \/>\n<em>Jo\u00e3o Victor Fornari<\/em><\/li>\n<\/ul>\n<hr \/>\n<ul>\n<li><a href=\"http:\/\/portal.unisepe.com.br\/unifia\/wp-content\/uploads\/sites\/10001\/2018\/06\/2enf_saude_publica.pdf\" target=\"_blank\" rel=\"noopener\">ENFOQUE EM SA\u00daDE P\u00daBLICA EM PROPOSTA DE NOVO MODELO PARA FORMA\u00c7\u00c3O DE ENFERMEIROS EM UM MUNIC\u00cdPIO DA BAIXADA SANTISTA<\/a><br \/>\n<em>Carmencitta Ignatti<\/em><br \/>\n<em>Marcelo Ricardo Rosa<\/em><br \/>\n<em>Marina Moraes Carlos<\/em><br \/>\n<em>Siumara Nunes Costa<\/em><\/li>\n<\/ul>\n<hr \/>\n<ul>\n<li><a href=\"http:\/\/portal.unisepe.com.br\/unifia\/wp-content\/uploads\/sites\/10001\/2018\/06\/3imc.pdf\" target=\"_blank\" rel=\"noopener\">PREVAL\u00caNCIA DE COMORBIDADES ASSOCIADAS AO AUMENTO DO \u00cdNDICE DE MASSA CORP\u00d3REA (IMC) ENTRE INDIV\u00cdDUOS DE UMA MESMA FAM\u00cdLIA MORADORES DA ZONA SUL DA CIDADE DE S\u00c3O PAULO<\/a><br \/>\n<em>Renato Ribeiro Nogueira Ferraz<\/em><br \/>\n<em>Dem\u00e9trius Paiva Ar\u00e7ari<\/em><br \/>\n<em>Jo\u00e3o Victor Fornari<\/em><br \/>\n<em>Anderson Sena Barnab\u00e9<\/em><\/li>\n<\/ul>\n<hr \/>\n<ul>\n<li><a href=\"http:\/\/portal.unisepe.com.br\/unifia\/wp-content\/uploads\/sites\/10001\/2018\/06\/4imc_militares.pdf\" target=\"_blank\" rel=\"noopener\">\u00cdNDICE DE MASSA CORP\u00d3REA (IMC) E SEDENTARISMO ENTRE POLICIAIS MILITARES DO ESTADO DE S\u00c3O PAULO QUE EXERCEM FUN\u00c7\u00c3O ADMINISTRATIVA<\/a><br \/>\n<em>Nilza Silva Ferreira<\/em><br \/>\n<em>Renato Ribeiro Nogueira Ferraz<\/em><br \/>\n<em>Dem\u00e9trius Paiva Ar\u00e7ari<\/em><br \/>\n<em>Jo\u00e3o Victor Fornari<\/em><br \/>\n<em>Anderson Sena Barnab\u00e9<\/em><\/li>\n<\/ul>\n<hr \/>\n<ul>\n<li><a href=\"http:\/\/portal.unisepe.com.br\/unifia\/wp-content\/uploads\/sites\/10001\/2018\/06\/5microscopia.pdf\" target=\"_blank\" rel=\"noopener\">COMPARA\u00c7\u00c3O ENTRE OS M\u00c9TODOS DE ENSAIO IMUNOENZIM\u00c1TICO (ELISA) E MICROSCOPIA PARA A DETEC\u00c7\u00c3O DE GIARDIA LAMBLIA<\/a><br \/>\nRos\u00e2ngela Aparecida Marland Inoue<br \/>\nRenato Ribeiro Nogueira Ferraz<br \/>\nMaria Jos\u00e9 Leonardi<br \/>\nAnderson Sena Barnab\u00e9<br \/>\nS\u00e9rgio Ulices Lages da Fonseca<br \/>\nAndr\u00e9ia Cristina Caseiro<br \/>\nArmindo Aparecido Evengelista<br \/>\nAndr\u00e9 Luiz Ramos<br \/>\nDemetrius Paiva Ar\u00e7ari<br \/>\nJo\u00e3o Victor Fornari<\/li>\n<\/ul>\n<hr \/>\n<ul>\n<li><a href=\"http:\/\/portal.unisepe.com.br\/unifia\/wp-content\/uploads\/sites\/10001\/2018\/06\/6saude_indigena.pdf\" target=\"_blank\" rel=\"noopener\">SA\u00daDE E QUALIDADE DE VIDA DA MULHER IND\u00cdGENA<\/a><br \/>\nRosana de Oliveira Nunes Neto<br \/>\nGizelda Monteiro da Silva<\/li>\n<\/ul>\n<hr \/>\n<ul>\n<li><a href=\"http:\/\/portal.unisepe.com.br\/unifia\/wp-content\/uploads\/sites\/10001\/2018\/06\/7TRICHOMONAS.pdf\" target=\"_blank\" rel=\"noopener\">M\u00c9TODOS PARA DIAGN\u00d3STICO DA TRICOMON\u00cdASE: COMPARA\u00c7\u00c3O DO DA MICROSCOPIA DE MONTAGEM MOLHADA COM O M\u00c9TODO DE CULTURA CONVENCIONAL<\/a><br \/>\nElaine Regiane Maia Neves<br \/>\nRenato Ribeiro Nogueira Ferraz<br \/>\nDem\u00e9trius Paiva Ar\u00e7ari<br \/>\nJo\u00e3o Victor Fornari<br \/>\nAnderson Sena Barnab\u00e9<\/li>\n<\/ul>\n<hr \/>\n<ul>\n<li><a href=\"http:\/\/portal.unisepe.com.br\/unifia\/wp-content\/uploads\/sites\/10001\/2018\/06\/8VAGINOSE.pdf\" target=\"_blank\" rel=\"noopener\">COMPARA\u00c7\u00c3O ENTRE OS M\u00c9TODOS DE COLORA\u00c7\u00c3O DE PAPANICOLAU E TESTE DE GRAM PARA O DIAGN\u00d3STICO DE VAGINOSE BACTERIANA<\/a><br \/>\nJuliane Alves de Morais<br \/>\nRenato Ribeiro Nogueira Ferraz<br \/>\nMaria Jos\u00e9 Leonardi<br \/>\nAnderson Sena Barnab\u00e9<br \/>\nS\u00e9rgio Ulices Lages da Fonseca<br \/>\nAndr\u00e9ia Cristina Caseiro<br \/>\nArmindo Aparecido Evangelista<br \/>\nAndr\u00e9 Luiz Ramos<br \/>\nDemetrius Paiva Ar\u00e7ari<br \/>\nLeandro Abr\u00e3o<br \/>\nVitor Nunes<br \/>\nJo\u00e3o Victor Fornari<\/li>\n<\/ul>\n<hr \/>\n<ul>\n<li><a href=\"http:\/\/portal.unisepe.com.br\/unifia\/wp-content\/uploads\/sites\/10001\/2018\/06\/9desnutricao_infantil.pdf\" target=\"_blank\" rel=\"noopener\">DESNUTRI\u00c7\u00c3O INFANTIL DOS POVOS IND\u00cdGENAS DA ETNIA SURU\u00cd DO MUNIC\u00cdPIO DE CACOAL\/RO<\/a><br \/>\nKaren Walenepanhie G. Surui<br \/>\nVanessa Thomasi Mariano<br \/>\nMirivan Carneiro Rios<\/li>\n<\/ul>\n<hr \/>\n<ul>\n<li><a href=\"http:\/\/portal.unisepe.com.br\/unifia\/wp-content\/uploads\/sites\/10001\/2018\/06\/10consequencia_do_reconhecimento.pdf\" target=\"_blank\" rel=\"noopener\">AS CONSEQU\u00caNCIAS DO RECONHECIMENTO TARDIO PARA O PORTADOR DA S\u00cdNDROME DO AUTISMO<\/a><br \/>\nCarina Rodrigues dos Santos<br \/>\nD\u00e9bora Bringel Pretti Fusari<br \/>\nIngrid Brumatti Thomes<br \/>\nMirivan Carneiro Rios<\/li>\n<\/ul>\n<hr \/>\n<ul>\n<li><a href=\"http:\/\/portal.unisepe.com.br\/unifia\/wp-content\/uploads\/sites\/10001\/2018\/06\/11saude_copa.pdf\" target=\"_blank\" rel=\"noopener\">ALERTAS A SA\u00daDE EM \u00c9POCA DE COPA DO MUNDO<\/a><br \/>\nEvandro Angeli Brolezi<br \/>\nLilian Cristina Bremmer Martinez<br \/>\nIngrid Brumatti Thomes<br \/>\nMirivan Carneiro Rios<\/li>\n<\/ul>\n<hr \/>\n<ul>\n<li><a href=\"http:\/\/portal.unisepe.com.br\/unifia\/wp-content\/uploads\/sites\/10001\/2018\/06\/12medicina_indigena_na_enfermagem.pdf\" target=\"_blank\" rel=\"noopener\">APONTAMENTOS SOBRE O ENSINO DE UMA MEDICINA POPULAR IND\u00cdGENA NA ENFERMAGEM<\/a><br \/>\nCarmencita Ignatti<\/li>\n<\/ul>\n<hr \/>\n<ul>\n<li><a href=\"http:\/\/portal.unisepe.com.br\/unifia\/wp-content\/uploads\/sites\/10001\/2018\/06\/13farmacia_caseira.pdf\" target=\"_blank\" rel=\"noopener\">FARM\u00c1CIA CASEIRA: COMO GARANTIR A QUALIDADE DOS MEDICAMENTOS ARMAZENADOS?<\/a><br \/>\nM\u00e1rcia Cristina Fernandes Messias<\/li>\n<\/ul>\n<hr \/>\n<ul>\n<li><a href=\"http:\/\/portal.unisepe.com.br\/unifia\/wp-content\/uploads\/sites\/10001\/2018\/06\/14descriminacao_casa.pdf\" target=\"_blank\" rel=\"noopener\">AN\u00c1LISE CR\u00cdTICA: \u201cDESCRIMINA\u00c7\u00c3O DENTRO DE CASA\u201d<\/a><br \/>\nLucas Gabriel B. Ramalho<\/li>\n<\/ul>\n<hr \/>\n<ul>\n<li><a href=\"http:\/\/portal.unisepe.com.br\/unifia\/wp-content\/uploads\/sites\/10001\/2018\/06\/15primeiros_socorros_naescola.pdf\" target=\"_blank\" rel=\"noopener\">ORIENTA\u00c7\u00d5ES DE PRIMEIROS SOCORROS EM URG\u00caNCIA NA ESCOLA<\/a><br \/>\nEvandro Angeli Brolezi<\/li>\n<\/ul>\n<hr \/>\n<ul>\n<li><a href=\"http:\/\/portal.unisepe.com.br\/unifia\/wp-content\/uploads\/sites\/10001\/2018\/06\/16saude_do_homem.pdf\" target=\"_blank\" rel=\"noopener\">AS PRINCIPAIS CAUSAS DE ADOECIMENTO E MORTE EM HOMENS NO BRASIL<\/a><br \/>\nEvandro Angeli Brolezi<br \/>\nGustavo de Oliveira Marques<br \/>\nLilian Cristina Bremmer Martinez<\/li>\n<\/ul>\n<hr \/>\n<ul>\n<li><a href=\"http:\/\/portal.unisepe.com.br\/unifia\/wp-content\/uploads\/sites\/10001\/2018\/06\/17toque_terapeutico.pdf\" target=\"_blank\" rel=\"noopener\">TOQUE TERAP\u00caUTICO NO ALIVIO DA DOR CR\u00d4NICA: POSS\u00cdVEL A\u00c7\u00c3O NA MEM\u00d3RIA CELULAR<\/a><br \/>\nCarmencitta Ignatti<\/li>\n<\/ul>\n<hr \/>\n<ul>\n<li><a href=\"http:\/\/portal.unisepe.com.br\/unifia\/wp-content\/uploads\/sites\/10001\/2018\/06\/18consid_gerais_da_prod.pdf\" target=\"_blank\" rel=\"noopener\">CONSIDERA\u00c7\u00d5ES GERAIS DA PRODU\u00c7\u00c3O CIENT\u00cdFICA SOBRE GEST\u00c3O DE PESSOAS NA \u00c1REA DE ENFERMAGEM NO PER\u00cdODO COMPREENDIDO ENTRE 2004 A 2009<\/a><br \/>\nMarcelo Ricardo Rosa<br \/>\nAdriane Lopes<br \/>\nIgor Gabriel Lima<\/li>\n<\/ul>\n<hr \/>\n<ul>\n<li><a href=\"http:\/\/portal.unisepe.com.br\/unifia\/wp-content\/uploads\/sites\/10001\/2018\/06\/19atua_e_desen_do_enfermeiro.pdf\" target=\"_blank\" rel=\"noopener\">ATUA\u00c7\u00c3O E DESENVOLVIMENTO DO ENFERMEIRO FRENTE AO CLIENTE\/PACIENTE V\u00cdTIMA DE PARADA CARDIORRESPIRAT\u00d3RIA(PCR): REVIS\u00c3O DE LITERATURA<\/a><br \/>\nMarcelo Ricardo Rosa<\/li>\n<\/ul>\n<hr \/>\n<ul>\n<li><a href=\"http:\/\/portal.unisepe.com.br\/unifia\/wp-content\/uploads\/sites\/10001\/2018\/06\/20laz_recrea_idosos.pdf\" target=\"_blank\" rel=\"noopener\">LAZER E RECREA\u00c7\u00c3O DOS IDOSOS EM INSTITUI\u00c7\u00d5ES DE LONGA PERMAN\u00caNCIA<\/a><br \/>\nJuliana Garcia da Rosa<br \/>\nM\u00e1rcia Alves de Campos Mosquetto<br \/>\nMichele Yurie Uwasa<br \/>\nRoberta Fernandes Gasparino<\/li>\n<\/ul>\n","protected":false},"excerpt":{"rendered":"<p>Artigos &nbsp; COMPARA\u00c7\u00c3O ENTRE A UTILIZA\u00c7\u00c3O DO F\u00c1RMACO ITRACONAZOL OU PLACEBO NA TERAPIA CL\u00cdNICA CONTRA O FUNGO ASPERGILLUS Vanessa Iolanda Domingos Renato Ribeiro Nogueira Ferraz Maria Jos\u00e9 Leonardi Anderson Sena Barnab\u00e9 S\u00e9rgio Ulices Lages da Fonseca Andr\u00e9ia Cristina Caseiro Armindo Aparecido\u00a0Evangelista Andr\u00e9 Luiz Ramos Demetrius Paiva Ar\u00e7ari Leandro Abr\u00e3o Vitor<\/p>\n","protected":false},"author":2,"featured_media":0,"parent":3213,"menu_order":0,"comment_status":"closed","ping_status":"closed","template":"templates\/template-pagina_menu_vertical.php","meta":{"footnotes":""},"categories":[],"tags":[],"class_list":["post-3279","page","type-page","status-publish","hentry"],"_links":{"self":[{"href":"https:\/\/portal.unisepe.com.br\/unifia\/wp-json\/wp\/v2\/pages\/3279","targetHints":{"allow":["GET"]}}],"collection":[{"href":"https:\/\/portal.unisepe.com.br\/unifia\/wp-json\/wp\/v2\/pages"}],"about":[{"href":"https:\/\/portal.unisepe.com.br\/unifia\/wp-json\/wp\/v2\/types\/page"}],"author":[{"embeddable":true,"href":"https:\/\/portal.unisepe.com.br\/unifia\/wp-json\/wp\/v2\/users\/2"}],"replies":[{"embeddable":true,"href":"https:\/\/portal.unisepe.com.br\/unifia\/wp-json\/wp\/v2\/comments?post=3279"}],"version-history":[{"count":7,"href":"https:\/\/portal.unisepe.com.br\/unifia\/wp-json\/wp\/v2\/pages\/3279\/revisions"}],"predecessor-version":[{"id":3306,"href":"https:\/\/portal.unisepe.com.br\/unifia\/wp-json\/wp\/v2\/pages\/3279\/revisions\/3306"}],"up":[{"embeddable":true,"href":"https:\/\/portal.unisepe.com.br\/unifia\/wp-json\/wp\/v2\/pages\/3213"}],"wp:attachment":[{"href":"https:\/\/portal.unisepe.com.br\/unifia\/wp-json\/wp\/v2\/media?parent=3279"}],"wp:term":[{"taxonomy":"category","embeddable":true,"href":"https:\/\/portal.unisepe.com.br\/unifia\/wp-json\/wp\/v2\/categories?post=3279"},{"taxonomy":"post_tag","embeddable":true,"href":"https:\/\/portal.unisepe.com.br\/unifia\/wp-json\/wp\/v2\/tags?post=3279"}],"curies":[{"name":"wp","href":"https:\/\/api.w.org\/{rel}","templated":true}]}}