{"id":3307,"date":"2018-06-13T16:56:27","date_gmt":"2018-06-13T19:56:27","guid":{"rendered":"http:\/\/portal.unisepe.com.br\/unifia\/?page_id=3307"},"modified":"2018-06-15T13:18:00","modified_gmt":"2018-06-15T16:18:00","slug":"ano-2015","status":"publish","type":"page","link":"https:\/\/portal.unisepe.com.br\/unifia\/saude-em-foco\/ano-2015\/","title":{"rendered":"Ano 2015"},"content":{"rendered":"<h6>Artigos<\/h6>\n<p>&nbsp;<\/p>\n<ul>\n<li><a href=\"http:\/\/portal.unisepe.com.br\/unifia\/wp-content\/uploads\/sites\/10001\/2018\/06\/1nocoes_basicas.pdf\" target=\"_blank\" rel=\"noopener\">AVALIA\u00c7\u00c3O DAS NO\u00c7\u00d5ES B\u00c1SICAS DE CONTROLE DE INFEC\u00c7\u00d5ES DOS GRADUANDOS DO CURSO DE BIOMEDICINA DA FACULDADE DE S\u00c3O LOUREN\u00c7O &#8211; p\u00e1g 1 \u00e0 4<\/a><br \/>\n<em>Maicon Lemes de Oliveira<\/em><br \/>\n<em>Maurilio Pereira Junior<\/em><br \/>\n<em>Andressa Pereira da Silva<\/em><br \/>\n<em>Kamyla Rodrigues Macie<\/em><br \/>\n<em>Tainara Lima<\/em><br \/>\n<em>Lilian de Oliveira Nunes<\/em><\/li>\n<\/ul>\n<hr \/>\n<ul>\n<li><a href=\"http:\/\/portal.unisepe.com.br\/unifia\/wp-content\/uploads\/sites\/10001\/2018\/06\/2reflexoes.pdf\" target=\"_blank\" rel=\"noopener\">REFLEX\u00d5ES SOBRE CI\u00caNCIA, TECNOLOGIA E BIO\u00c9TICA &#8211; p\u00e1g 5 \u00e0 10<\/a><br \/>\n<em>Miriam Borges Xavier<\/em><br \/>\n<em>Thalyson Abb\u00e9s Namen Cruz de Almeida<\/em><\/li>\n<\/ul>\n<hr \/>\n<ul>\n<li><a href=\"http:\/\/portal.unisepe.com.br\/unifia\/wp-content\/uploads\/sites\/10001\/2018\/06\/3causas_infeccoes_urinarias.pdf\" target=\"_blank\" rel=\"noopener\">CAUSAS E CONSEQU\u00caNCIAS DAS INFEC\u00c7\u00d5ES URIN\u00c1RIAS EM GESTANTES &#8211; p\u00e1g 11 \u00e0 15<\/a><br \/>\n<em>Joyce Beira Miranda da Silva<\/em><br \/>\n<em>Ana Laura Remedio Zeni Beretta<\/em><\/li>\n<\/ul>\n<hr \/>\n<ul>\n<li><a href=\"http:\/\/portal.unisepe.com.br\/unifia\/wp-content\/uploads\/sites\/10001\/2018\/06\/4cromatografia_de_camada_delgada.pdf\" target=\"_blank\" rel=\"noopener\">EXTRA\u00c7\u00c3O E QUANTIFICA\u00c7\u00c3O DE CAFE\u00cdNA EM ALIMENTOS UTILIZANDO A T\u00c9CNICA DE CROMATOGRAFIA EM CAMADA DELGADA &#8211; p\u00e1g 16 \u00e0 30<\/a><br \/>\n<em>Ana Carolina Borges Monteiro<\/em><br \/>\n<em>Daniel Henrique Dorigatti<\/em><br \/>\n<em>Jonas Ezequiel Fantini<\/em><br \/>\n<em>Ana Carla Comune de Oliveira<\/em><br \/>\n<em>Joyce Beira Miranda da Silva<\/em><\/li>\n<\/ul>\n<hr \/>\n<ul>\n<li><a href=\"http:\/\/portal.unisepe.com.br\/unifia\/wp-content\/uploads\/sites\/10001\/2018\/06\/5anemia-esferocitose-hereditaria.pdf\" target=\"_blank\" rel=\"noopener\">ANEMIA ESFEROCITOSE HEREDIT\u00c1RIA, UM DIST\u00daRBIO DA MEMBRANA DOS ERITR\u00d3CITOS CAUSADORA DE HEM\u00d3LISE CR\u00d4NICA &#8211; p\u00e1g 31 \u00e0 39<\/a><br \/>\n<em>Ana Carolina Borges Monteiro<\/em><br \/>\n<em>Daniel Henrique Dorigatti<\/em><br \/>\n<em>Aline Gritti Rodrigues<\/em><br \/>\n<em>Joyce Beira Miranda da Silva<\/em><\/li>\n<\/ul>\n<hr \/>\n<ul>\n<li><a href=\"http:\/\/portal.unisepe.com.br\/unifia\/wp-content\/uploads\/sites\/10001\/2018\/06\/6terapia_adjuvante.pdf\" target=\"_blank\" rel=\"noopener\">QUALIDADE DE VIDA EM PACIENTES COM C\u00c2NCER COLORRETAL SOB TERAPIA ADJUVANTE &#8211; p\u00e1g 40 \u00e0 51<\/a><br \/>\n<em>Mari Uyeda<\/em><br \/>\n<em>Aira Pagan Zogaib<\/em><br \/>\n<em>Ana Claudia da Silva<\/em><br \/>\n<em>Flaviane Gomes da Silva<\/em><br \/>\n<em>Glauce Helena Lebet<\/em><br \/>\n<em>Karina Roberta Pavam<\/em><br \/>\n<em>Larissa Fabiane da Silva Toledo<\/em><br \/>\n<em>Lorena Teresa Chica<\/em><br \/>\n<em>Lucas Gabriel Berloni Ramalho<\/em><br \/>\n<em>Mariana Cassia Cau<\/em><br \/>\n<em>Renata Cordeiro<\/em><br \/>\n<em>Simone Teodoro Biacchi<\/em><br \/>\n<em>Thais Priscila de Toledo<\/em><br \/>\n<em>Vanessa Aparecida de Souza<\/em><\/li>\n<\/ul>\n<hr \/>\n<ul>\n<li><a href=\"http:\/\/portal.unisepe.com.br\/unifia\/wp-content\/uploads\/sites\/10001\/2018\/06\/7febremaculosa_amparo.pdf\" target=\"_blank\" rel=\"noopener\">INCID\u00caNCIA DE FEBRE MACULOSA NA CIDADE DE AMPARO &#8211; p\u00e1g 52 \u00e0 57<\/a><br \/>\n<em>Daniela Aparecida Correa<\/em><br \/>\n<em>Aline Gritti Rodrigues<\/em><\/li>\n<\/ul>\n<hr \/>\n<ul>\n<li><a href=\"http:\/\/portal.unisepe.com.br\/unifia\/wp-content\/uploads\/sites\/10001\/2018\/06\/8compquimica_chia.pdf\" target=\"_blank\" rel=\"noopener\">COMPOSI\u00c7\u00c3O QU\u00cdMICA E PERFIL DE \u00c1CIDOS GRAXOS DO \u00d3LEO DE CHIA ENCAPSULADOS E N\u00c3O ENCAPSULADOS &#8211; p\u00e0g 58 \u00e0 64<\/a><br \/>\n<em>Mari Uyeda<\/em><\/li>\n<\/ul>\n<hr \/>\n<ul>\n<li><a href=\"http:\/\/portal.unisepe.com.br\/unifia\/wp-content\/uploads\/sites\/10001\/2018\/06\/9chagas.pdf\" target=\"_blank\" rel=\"noopener\">DOEN\u00c7A DE CHAGAS UMA ENFERMIDADE DESCOBERTA POR UM BRASILEIRO &#8211; p\u00e0g 65 \u00e0 76<\/a><br \/>\n<em>Ana Carolina Borges Monteiro<\/em><br \/>\n<em>Daniel Henrique Dorigatti<\/em><br \/>\n<em>Aline Gritti Rodrigues<\/em><br \/>\n<em>Joyce Beira Miranda da Silva<\/em><\/li>\n<\/ul>\n<hr \/>\n<ul>\n<li><a href=\"http:\/\/portal.unisepe.com.br\/unifia\/wp-content\/uploads\/sites\/10001\/2018\/06\/10toxoplasmose.pdf\" target=\"_blank\" rel=\"noopener\">TOXOPLASMOSE CONG\u00caNITA: UM BREVE ESTUDO REVISIVO &#8211; p\u00e0g 77 \u00e0 81<\/a><br \/>\n<em>Gabrielle Fernandes Kurihara<\/em><br \/>\n<em>Aline Gritti Rodrigues<\/em><br \/>\n<em>Joyce Beira Miranda da Silva<\/em><\/li>\n<\/ul>\n<hr \/>\n<ul>\n<li><a href=\"http:\/\/portal.unisepe.com.br\/unifia\/wp-content\/uploads\/sites\/10001\/2018\/06\/11hibisco_emagrecimento.pdf\" target=\"_blank\" rel=\"noopener\">HIBISCO E O PROCESSO DE EMAGRECIMENTO: UMA REVIS\u00c3O DA LITERATURA &#8211; p\u00e0g 82 \u00e0 90<\/a><br \/>\n<em>Mari Uyeda<\/em><\/li>\n<\/ul>\n<hr \/>\n<ul>\n<li><a href=\"http:\/\/portal.unisepe.com.br\/unifia\/wp-content\/uploads\/sites\/10001\/2018\/06\/12perfil_nutri_resp_social.pdf\" target=\"_blank\" rel=\"noopener\">PERFIL NUTRICIONAL DA POPULA\u00c7\u00c3O ATENDIDA EM EVENTO DA RESPONSABILIDADE SOCIAL &#8211; p\u00e0g 91 \u00e0 101<\/a><br \/>\n<em>Mari Uyeda<\/em><\/li>\n<\/ul>\n<hr \/>\n<ul>\n<li><a href=\"http:\/\/portal.unisepe.com.br\/unifia\/wp-content\/uploads\/sites\/10001\/2018\/06\/13aval_nutri_meninasinterior.pdf\" target=\"_blank\" rel=\"noopener\">AVALIA\u00c7\u00c3O NUTRICIONAL DE MENINAS DO INTERIOR DO ESTADO DE S\u00c3O PAULO &#8211; p\u00e0g 102 \u00e0 106<\/a><br \/>\n<em>Mari Uyeda<\/em><br \/>\n<em>Jorge Vasconcellos<\/em><\/li>\n<\/ul>\n<hr \/>\n<ul>\n<li><a href=\"http:\/\/portal.unisepe.com.br\/unifia\/wp-content\/uploads\/sites\/10001\/2018\/06\/14anemia_falciforme.pdf\" target=\"_blank\" rel=\"noopener\">ANEMIA FALCIFORME, UMA DOEN\u00c7A CARACTERIZADA PELA ALTERA\u00c7\u00c3O NO FORMATO DAS HEM\u00c1CIAS &#8211; p\u00e1g 107 \u00e0 118<\/a><br \/>\n<em>Ana Carolina Borges Monteiro<\/em><br \/>\n<em>Daniel Henrique Dorigatti<\/em><br \/>\n<em>Aline Gritti Rodrigues<\/em><br \/>\n<em>Joyce Beira Miranda da Silva<\/em><\/li>\n<\/ul>\n<hr \/>\n<ul>\n<li><a href=\"http:\/\/portal.unisepe.com.br\/unifia\/wp-content\/uploads\/sites\/10001\/2018\/06\/15comportamento_alimentar_atletas.pdf\" target=\"_blank\" rel=\"noopener\">COMPORTAMENTO ALIMENTAR DE ATLETAS NO PR\u00c9 TREINO DE UMA CIDADE DO INTERIOR DO ESTADO DE S\u00c3O PAULO &#8211; p\u00e1g 119 \u00e0 125<\/a><br \/>\n<em>Mari Uyeda<\/em><br \/>\n<em>Larissa Fabiane da Silva Toledo<\/em><\/li>\n<\/ul>\n<hr \/>\n<ul>\n<li><a href=\"http:\/\/portal.unisepe.com.br\/unifia\/wp-content\/uploads\/sites\/10001\/2018\/06\/16aceitacao_merenda.pdf\" target=\"_blank\" rel=\"noopener\">ACEITA\u00c7\u00c3O DA MERENDA ESCOLAR ENTRE ALUNOS DA REDE ESTADUAL DE ENSINO DA CIDADE DE AMPARO-SP &#8211; p\u00e0g 126 \u00e0 138<\/a><br \/>\n<em>Poliana Basaglia<\/em><br \/>\n<em>Ariane Stefane Marques<\/em><br \/>\n<em>Luana Benatti<\/em><\/li>\n<\/ul>\n<hr \/>\n<ul>\n<li><a href=\"http:\/\/portal.unisepe.com.br\/unifia\/wp-content\/uploads\/sites\/10001\/2018\/06\/17qfa_morungaba.pdf\" target=\"_blank\" rel=\"noopener\">UTILIZA\u00c7\u00c3O DO QUESTION\u00c1RIO DE FREQU\u00caNCIA ALIMENTAR (QFA) PARA AVERIGUA\u00c7\u00c3O DOS H\u00c1BITOS E PREFER\u00caNCIAS ALIMENTARES DE FUNCION\u00c1RIOS P\u00daBLICOS DA REDE ESTADUAL DE ENSINO DOS MUNIC\u00cdPIOS DE TUIUTI &#8211; SP E MORUNGABA \u2013 SP &#8211; p\u00e0g 139 \u00e0 150<\/a><br \/>\n<em>Poliana Basaglia<\/em><br \/>\n<em>\u00c9riton Aparecido de Freitas<\/em><\/li>\n<\/ul>\n<hr \/>\n<ul>\n<li><a href=\"http:\/\/portal.unisepe.com.br\/unifia\/wp-content\/uploads\/sites\/10001\/2018\/06\/18compreensao_homens_jovens.pdf\" target=\"_blank\" rel=\"noopener\">A COMPREENS\u00c3O DOS HOMENS JOVENS SOBRE OS CUIDADOS COM SUA SA\u00daDE NO INTERIOR PAULISTA &#8211; p\u00e0g 151 \u00e0 160<\/a><br \/>\n<em>Roberta Fernandes Gasparino<\/em><br \/>\n<em>Claudia Rielli Ramos<\/em><\/li>\n<\/ul>\n<hr \/>\n<ul>\n<li><a href=\"http:\/\/portal.unisepe.com.br\/unifia\/wp-content\/uploads\/sites\/10001\/2018\/06\/19aspectos_nutri_e_enfermagem.pdf\" target=\"_blank\" rel=\"noopener\">OS ASPECTOS NUTRICIONAIS E DA ENFERMAGEM NO PROCESSO DE AMAMENTA\u00c7\u00c3O &#8211; p\u00e0g 161 \u00e0 170<\/a><br \/>\n<em>Mari Uyeda<\/em><br \/>\n<em>Lilian Cristina Bremmer Martinez<\/em><\/li>\n<\/ul>\n<hr \/>\n<ul>\n<li><a href=\"http:\/\/portal.unisepe.com.br\/unifia\/wp-content\/uploads\/sites\/10001\/2018\/06\/20meioamb_futurodaterra.pdf\" target=\"_blank\" rel=\"noopener\">MEIO AMBIENTE X FUTURO DA TERRA: T\u00d3PICOS ESSENCIAIS PARA UM PROVOCA\u00c7\u00c3O NA GRADUA\u00c7\u00c3O UNIVERSIT\u00c1RIA &#8211; p\u00e1g 171 \u00e0 183<\/a><br \/>\n<em>Carmencita Ignatti<\/em><\/li>\n<\/ul>\n<hr \/>\n<ul>\n<li><a href=\"http:\/\/portal.unisepe.com.br\/unifia\/wp-content\/uploads\/sites\/10001\/2018\/06\/21perfil_alimentar_meninas.pdf\" target=\"_blank\" rel=\"noopener\">PERFIL ALIMENTAR DE MENINAS DE UMA ESCOLA ESTADUAL DO INTERIOR DE S\u00c3O PAULO &#8211; p\u00e1g 184 \u00e0 188<\/a><br \/>\n<em>Mari Uyeda<\/em><br \/>\n<em>Beatriz Conti<\/em><\/li>\n<\/ul>\n<hr \/>\n<ul>\n<li><a href=\"http:\/\/portal.unisepe.com.br\/unifia\/wp-content\/uploads\/sites\/10001\/2018\/06\/22avaliacao_nutri_meninos_amparo.pdf\" target=\"_blank\" rel=\"noopener\">AVALIA\u00c7\u00c3O NUTRICIONAL DE MENINOS DA CIDADE DE AMPARO &#8211; S\u00c3O PAULO &#8211; p\u00e1g 189 \u00e0 196<\/a><br \/>\n<em>Mari Uyeda<\/em><br \/>\n<em>Pedro Henrique Martins de Lima<\/em><\/li>\n<\/ul>\n<hr \/>\n<ul>\n<li><a href=\"http:\/\/portal.unisepe.com.br\/unifia\/wp-content\/uploads\/sites\/10001\/2018\/06\/23fisiolo_cardiaca.pdf\" target=\"_blank\" rel=\"noopener\">FISIOLOGIA CARD\u00cdACA, VALVULOPATIAS E A ATUA\u00c7\u00c3O DO NUTRICIONISTA &#8211; p\u00e1g 197 \u00e0 202<\/a><br \/>\n<em>Helo\u00edsa C. Del Buono<\/em><br \/>\n<em>Renata Silingardi<\/em><br \/>\n<em>Maria Silvia Bergo Guerra<\/em><br \/>\n<em>Mari Uyeda<\/em><\/li>\n<\/ul>\n<hr \/>\n<ul>\n<li><a href=\"http:\/\/portal.unisepe.com.br\/unifia\/wp-content\/uploads\/sites\/10001\/2018\/06\/24assist_humanizada.pdf\" target=\"_blank\" rel=\"noopener\">FORMAS DE ASSIST\u00caNCIA HUMANIZADA NA UNIDADE DE TERAPIA INTENSIVA NEONATAL &#8211; p\u00e1g 203 \u00e0 211<\/a><br \/>\n<em>Rose Mara Pereira<\/em><br \/>\n<em>Roberta Fernandes Gasparino<\/em><br \/>\n<em>Lilian Bremmer Martinez<\/em><\/li>\n<\/ul>\n<hr \/>\n<ul>\n<li><a href=\"http:\/\/portal.unisepe.com.br\/unifia\/wp-content\/uploads\/sites\/10001\/2018\/06\/25cuid_domiciliar_sonda.pdf\" target=\"_blank\" rel=\"noopener\">CUIDADOS DOMICILIAR COM SONDA NASOENT\u00c9RICA &#8211; p\u00e1g 212 \u00e0 216<\/a><br \/>\n<em>Mateus Antonio de Oliveira Calori<\/em><br \/>\n<em>Luzia Tavares de Oliveira<\/em><br \/>\n<em>Solange do Carmo de Oliveira Alves Rodrigues<\/em><\/li>\n<\/ul>\n<hr \/>\n<ul>\n<li><a href=\"http:\/\/portal.unisepe.com.br\/unifia\/wp-content\/uploads\/sites\/10001\/2018\/06\/cuid_domicilio_cateter.pdf\" target=\"_blank\" rel=\"noopener\">CUIDADOS NO DOMICILIO COM CATETER VESICAL DE DEMORA &#8211; p\u00e1g 217 \u00e0 221<\/a><br \/>\n<em>Mateus Antonio de Oliveira Calori<\/em><br \/>\n<em>Paula de C\u00e1ssia Pelatieri<\/em><\/li>\n<\/ul>\n<hr \/>\n<ul>\n<li><a href=\"http:\/\/portal.unisepe.com.br\/unifia\/wp-content\/uploads\/sites\/10001\/2018\/06\/26prop_implant_atencao_primaria.pdf\" target=\"_blank\" rel=\"noopener\">PROPOSTA PARA IMPLANTA\u00c7\u00c3O DE UM MODELO DE ATEN\u00c7\u00c3O PRIM\u00c1RIA \u00c0 SA\u00daDE NA SA\u00daDE SUPLEMENTAR NO BRASIL &#8211; p\u00e1g 222 \u00e0 225<\/a><br \/>\n<em>Lilian Cristina Bremmer Martinez<\/em><br \/>\n<em>Mari Uyeda<\/em><br \/>\n<em>Mateus Antonio de Oliveira Calori<\/em><\/li>\n<\/ul>\n<hr \/>\n<ul>\n<li><a href=\"http:\/\/portal.unisepe.com.br\/unifia\/wp-content\/uploads\/sites\/10001\/2018\/06\/27seguranca_paciente.pdf\" target=\"_blank\" rel=\"noopener\">SEGURAN\u00c7A DO PACIENTE: PROMOVENDO A CULTURA DE SEGURAN\u00c7A &#8211; p\u00e1g 226 \u00e0 235<\/a><br \/>\n<em>Mateus Antonio de Oliveira Calori<\/em><br \/>\n<em>Sarita L. Gutierrez<\/em><br \/>\n<em>Thiago A. C. Guidi<\/em><\/li>\n<\/ul>\n<hr \/>\n<ul>\n<li><a href=\"http:\/\/portal.unisepe.com.br\/unifia\/wp-content\/uploads\/sites\/10001\/2018\/06\/28crise_energetica.pdf\" target=\"_blank\" rel=\"noopener\">ENERGIA E CRISE ENERG\u00c9TICA &#8211; p\u00e1g 236 \u00e0 243<\/a><br \/>\n<em>Felipe Andr\u00e9 Vieira<\/em><br \/>\n<em>Joyce Guedes Sales<\/em><br \/>\n<em>Delma Corr\u00eaa da Silva<\/em><br \/>\n<em>J\u00e9ssica Vieira A. Villela<\/em><br \/>\n<em>Thamires Guedes de Oliveira<\/em><br \/>\n<em>Dra Miriam Borges Xavier<\/em><br \/>\n<em>Rodolfo Ribeiro J\u00fanior<\/em><\/li>\n<\/ul>\n<hr \/>\n<ul>\n<li><a href=\"http:\/\/portal.unisepe.com.br\/unifia\/wp-content\/uploads\/sites\/10001\/2018\/06\/29medicos_palhacos.pdf\" target=\"_blank\" rel=\"noopener\">M\u00c9DICOS PALHA\u00c7OS &#8211; p\u00e1g 244 \u00e0 248<\/a><br \/>\n<em>Andressa Pereira da Silva<\/em><br \/>\n<em>Maicon Lemes de Oliveira<\/em><br \/>\n<em>Pollyanna Oliveira Silva<\/em><br \/>\n<em>Kamyla Maciel Rodrigues<\/em><br \/>\n<em>J\u00e9ssica dos Santos Carvalho<\/em><br \/>\n<em>Dra Miriam Borges Xavier<\/em><br \/>\n<em>Lilian de Oliveira Nunes Gangana<\/em><\/li>\n<\/ul>\n<hr \/>\n<ul>\n<li><a href=\"http:\/\/portal.unisepe.com.br\/unifia\/wp-content\/uploads\/sites\/10001\/2018\/06\/30prev_priv_drogarias.pdf\" target=\"_blank\" rel=\"noopener\">BENEF\u00cdCIOS: UM ALIADO RUMO AO FUTURO \u2013 IMPLEMENTA\u00c7\u00c3O DE UM PLANO DE PREVID\u00caNCIA PRIVADA EM UMA REDE DE DROGARIA E PERFUMARIA &#8211; p\u00e1g 256 \u00e0 259<\/a><br \/>\n<em>Ana Cl\u00e1udia Maciel C\u00e2ndido<\/em><br \/>\n<em>Jaciel Luiz da Silva<\/em><br \/>\n<em>Jaqueline Campos Abanca<\/em><br \/>\n<em>Jessica Aparecida dos Santos<\/em><br \/>\n<em>Kettely Janini Marques Moreira<\/em><br \/>\n<em>Leonardo Jean do Brevi\u00e1rio<\/em><br \/>\n<em>Nayara de F\u00e1tima Castro<\/em><br \/>\n<em>Paula Dias Pereira<\/em><br \/>\n<em>Roberta Caroline Souza Bernardes<\/em><br \/>\n<em>Nei Domiciano da Silva<\/em><\/li>\n<\/ul>\n<hr \/>\n<ul>\n<li><a href=\"http:\/\/portal.unisepe.com.br\/unifia\/wp-content\/uploads\/sites\/10001\/2018\/06\/31efeitos_trein_funcional.pdf\" target=\"_blank\" rel=\"noopener\">EFEITOS DO TREINAMENTO FUNCIONAL NA MELHORA DAS ATIVIDADES DA VIDA DI\u00c1RIA DE IDOSOS &#8211; p\u00e1g 260 \u00e0 264<\/a><br \/>\n<em>Renan Motta Cruz<\/em><br \/>\n<em>Ms. Henrique Touguinha<\/em><\/li>\n<\/ul>\n<hr \/>\n<ul>\n<li><a href=\"http:\/\/portal.unisepe.com.br\/unifia\/wp-content\/uploads\/sites\/10001\/2018\/06\/32evolu_luta_cancer.pdf\" target=\"_blank\" rel=\"noopener\">A EVOLU\u00c7\u00c3O DA LUTA CONTRA O C\u00c2NCER &#8211; p\u00e1g 265 \u00e0 270<\/a><br \/>\n<em>Vanessa Gabriela Martins Pereira<\/em><br \/>\n<em>Tha\u00eds Nogueira Silva<\/em><br \/>\n<em>La\u00edsa de F\u00e1tima Rangel<\/em><br \/>\n<em>Karen Dias Ferreira<\/em><br \/>\n<em>Hadassa Cristina Souza dos Santos<\/em><br \/>\n<em>Gisele Aparecida de Castro Moreira<\/em><br \/>\n<em>D\u00e9bora Roberta de Andrade Silva<\/em><br \/>\n<em>Ana Carolina da Silva Pereira<\/em><br \/>\n<em>Aparecida Bruna Reis<\/em><br \/>\n<em>Andreza Figueirola Martins Dionello<\/em><br \/>\n<em>Lilian de Oliveira Nunes<\/em><\/li>\n<\/ul>\n<hr \/>\n<ul>\n<li><a href=\"http:\/\/portal.unisepe.com.br\/unifia\/wp-content\/uploads\/sites\/10001\/2018\/06\/33quali_vida_laboral.pdf\" target=\"_blank\" rel=\"noopener\">QUALIDADE DE VIDA NO TRABALHO UTILIZANDO A GIN\u00c1STICA LABORAL &#8211; p\u00e1g 271 \u00e0 281<\/a><br \/>\n<em>Alessandra Prado de Souza<\/em><br \/>\n<em>Ana Eliza Gon\u00e7alves Santos<\/em><br \/>\n<em>Jaciara Nazareth Campos Palma<\/em><br \/>\n<em>Karine Aparecida Silv\u00e9rio<\/em><br \/>\n<em>Leonardo Ferreira<\/em><br \/>\n<em>Matheus Alves de Aguiar<\/em><br \/>\n<em>Paula Cruz Moreira<\/em><br \/>\n<em>Rafael Marciano<\/em><br \/>\n<em>Raiane Senna<\/em><br \/>\n<em>Vaneska Rossari Rosa de Souza<\/em><br \/>\n<em>Nei Domiciano Da Silva<\/em><\/li>\n<\/ul>\n<hr \/>\n<ul>\n<li><a href=\"http:\/\/portal.unisepe.com.br\/unifia\/wp-content\/uploads\/sites\/10001\/2018\/06\/34artigo_2015.pdf\" target=\"_blank\" rel=\"noopener\">A INGEST\u00c3O DE ALIMENTOS FUNCIONAIS NA PREVEN\u00c7\u00c3O E NO TRATAMENTO DA CELULITE &#8211; p\u00e1g 282 \u00e0 293<\/a><br \/>\n<em>Carolina dos Santos Nunes<\/em><\/li>\n<\/ul>\n","protected":false},"excerpt":{"rendered":"<p>Artigos &nbsp; AVALIA\u00c7\u00c3O DAS NO\u00c7\u00d5ES B\u00c1SICAS DE CONTROLE DE INFEC\u00c7\u00d5ES DOS GRADUANDOS DO CURSO DE BIOMEDICINA DA FACULDADE DE S\u00c3O LOUREN\u00c7O &#8211; p\u00e1g 1 \u00e0 4 Maicon Lemes de Oliveira Maurilio Pereira Junior Andressa Pereira da Silva Kamyla Rodrigues Macie Tainara Lima Lilian de Oliveira Nunes REFLEX\u00d5ES SOBRE CI\u00caNCIA, TECNOLOGIA<\/p>\n","protected":false},"author":2,"featured_media":0,"parent":3213,"menu_order":0,"comment_status":"closed","ping_status":"closed","template":"templates\/template-pagina_menu_vertical.php","meta":{"footnotes":""},"categories":[],"tags":[],"class_list":["post-3307","page","type-page","status-publish","hentry"],"_links":{"self":[{"href":"https:\/\/portal.unisepe.com.br\/unifia\/wp-json\/wp\/v2\/pages\/3307","targetHints":{"allow":["GET"]}}],"collection":[{"href":"https:\/\/portal.unisepe.com.br\/unifia\/wp-json\/wp\/v2\/pages"}],"about":[{"href":"https:\/\/portal.unisepe.com.br\/unifia\/wp-json\/wp\/v2\/types\/page"}],"author":[{"embeddable":true,"href":"https:\/\/portal.unisepe.com.br\/unifia\/wp-json\/wp\/v2\/users\/2"}],"replies":[{"embeddable":true,"href":"https:\/\/portal.unisepe.com.br\/unifia\/wp-json\/wp\/v2\/comments?post=3307"}],"version-history":[{"count":10,"href":"https:\/\/portal.unisepe.com.br\/unifia\/wp-json\/wp\/v2\/pages\/3307\/revisions"}],"predecessor-version":[{"id":3352,"href":"https:\/\/portal.unisepe.com.br\/unifia\/wp-json\/wp\/v2\/pages\/3307\/revisions\/3352"}],"up":[{"embeddable":true,"href":"https:\/\/portal.unisepe.com.br\/unifia\/wp-json\/wp\/v2\/pages\/3213"}],"wp:attachment":[{"href":"https:\/\/portal.unisepe.com.br\/unifia\/wp-json\/wp\/v2\/media?parent=3307"}],"wp:term":[{"taxonomy":"category","embeddable":true,"href":"https:\/\/portal.unisepe.com.br\/unifia\/wp-json\/wp\/v2\/categories?post=3307"},{"taxonomy":"post_tag","embeddable":true,"href":"https:\/\/portal.unisepe.com.br\/unifia\/wp-json\/wp\/v2\/tags?post=3307"}],"curies":[{"name":"wp","href":"https:\/\/api.w.org\/{rel}","templated":true}]}}