{"id":331,"date":"2016-07-12T00:21:31","date_gmt":"2016-07-12T00:21:31","guid":{"rendered":"http:\/\/www.fvr.edu.br\/fvr\/site\/?page_id=331"},"modified":"2020-10-30T09:29:46","modified_gmt":"2020-10-30T12:29:46","slug":"ciencias-contabeis","status":"publish","type":"page","link":"https:\/\/portal.unisepe.com.br\/unifia\/ciencias-contabeis\/","title":{"rendered":"Ci\u00eancias Cont\u00e1beis"},"content":{"rendered":"<p style=\"text-align: justify\"><strong><img loading=\"lazy\" decoding=\"async\" class=\"size-full wp-image-2405 alignleft\" src=\"http:\/\/portal.unisepe.com.br\/unifia\/wp-content\/uploads\/sites\/10001\/2018\/06\/contebeis.png\" alt=\"\" width=\"83\" height=\"100\" \/>Concep\u00e7\u00e3o do Curso<\/strong><\/p>\n<p style=\"text-align: justify\">O Curso de Ci\u00eancias Cont\u00e1beis adota como filosofia um ensino voltado \u00e0s necessidades da comunidade, procurando formar profissionais contadores, \u00e9ticos, cr\u00edticos e inovadores, com vis\u00e3o sist\u00eamica e interdisciplinar, comprometidos com a melhoria da qualidade dos servi\u00e7os cont\u00e1beis, bem como, conscientes de seu papel transformador para o desenvolvimento econ\u00f4mico e social.<\/p>\n<p>&nbsp;<\/p>\n<p><iframe loading=\"lazy\" title=\"CI\u00caNCIAS CONT\u00c1BEIS FEIRA DE PROFISS\u00d5ES AMPARO 2020 2\" width=\"500\" height=\"281\" src=\"https:\/\/www.youtube.com\/embed\/wkjXHkJMChM?feature=oembed\" frameborder=\"0\" allow=\"accelerometer; autoplay; clipboard-write; encrypted-media; gyroscope; picture-in-picture; web-share\" referrerpolicy=\"strict-origin-when-cross-origin\" allowfullscreen><\/iframe><\/p>\n<p>&nbsp;<\/p>\n<h2>Saiba mais<\/h2>\n<p><iframe loading=\"lazy\" title=\"CI\u00caNCIAS CONT\u00c1BEIS V\u00cdDEO 2\" width=\"500\" height=\"281\" src=\"https:\/\/www.youtube.com\/embed\/W4AZ9VGp1qU?feature=oembed\" frameborder=\"0\" allow=\"accelerometer; autoplay; clipboard-write; encrypted-media; gyroscope; picture-in-picture; web-share\" referrerpolicy=\"strict-origin-when-cross-origin\" allowfullscreen><\/iframe><\/p>\n<p>&nbsp;<\/p>\n<p><iframe loading=\"lazy\" title=\"CI\u00caNCIAS CONT\u00c1BEIS FINAL\" width=\"500\" height=\"281\" src=\"https:\/\/www.youtube.com\/embed\/x9XAFY6aQwE?feature=oembed\" frameborder=\"0\" allow=\"accelerometer; autoplay; clipboard-write; encrypted-media; gyroscope; picture-in-picture; web-share\" referrerpolicy=\"strict-origin-when-cross-origin\" allowfullscreen><\/iframe><\/p>\n<p>&nbsp;<\/p>\n<h2>Voc\u00ea tamb\u00e9m pode ser parte desta hist\u00f3ria de sucesso! Venha para o UNIFIA<\/h2>\n<p>&nbsp;<\/p>\n<p><iframe loading=\"lazy\" title=\"EDGAR\" width=\"500\" height=\"281\" src=\"https:\/\/www.youtube.com\/embed\/uwJuU4StjUw?feature=oembed\" frameborder=\"0\" allow=\"accelerometer; autoplay; clipboard-write; encrypted-media; gyroscope; picture-in-picture; web-share\" referrerpolicy=\"strict-origin-when-cross-origin\" allowfullscreen><\/iframe><\/p>\n<p style=\"text-align: justify\"><strong>Objetivo Geral<\/strong><\/p>\n<p style=\"text-align: justify\">Formar profissionais capacitados e qualificados ao exerc\u00edcio profissional nas organiza\u00e7\u00f5es p\u00fablicas e privadas dotados de senso anal\u00edtico e cr\u00edtico, comprometido com valores \u00e9ticos, tendo como objetivo principal contribuir para com o desenvolvimento da sociedade e com a compet\u00eancia t\u00e9cnico-cient\u00edfica da profiss\u00e3o.<\/p>\n<p style=\"text-align: justify\"><strong>Objetivos Espec\u00edficos<\/strong><\/p>\n<ul>\n<li style=\"text-align: justify\">Estimular o conhecimento dos problemas do mundo presente, em particular os regionais, prestar servi\u00e7os especializados \u00e0 comunidade e estabelecer com esta uma rela\u00e7\u00e3o de reciprocidade;<\/li>\n<li style=\"text-align: justify\">Proporcionar o conhecimento de conte\u00fados fundamentais das teorias e das pr\u00e1ticas cont\u00e1beis, permitindo uma vis\u00e3o cr\u00edtica das organiza\u00e7\u00f5es, da sociedade e da profiss\u00e3o<\/li>\n<li style=\"text-align: justify\">Estimular a pesquisa na \u00e1rea cont\u00e1bil, visando difundir o desenvolvimento e o aperfei\u00e7oamento de suas teorias e t\u00e9cnicas;<\/li>\n<li style=\"text-align: justify\">Capacitar a compreens\u00e3o e o processamento de informa\u00e7\u00f5es econ\u00f4micas e financeiras para a elabora\u00e7\u00e3o, an\u00e1lise e interpreta\u00e7\u00e3o de demonstra\u00e7\u00f5es e relat\u00f3rios cont\u00e1beis, visando ao controle patrimonial e o suporte \u00e0 tomada de decis\u00f5es;<\/li>\n<li style=\"text-align: justify\">Preparar profissionais com compet\u00eancias e habilidades para atuar na \u00e1rea de gest\u00e3o cont\u00e1bil das empresas;<\/li>\n<li style=\"text-align: justify\">Proporcionar conhecimento para evidenciar, atrav\u00e9s da ci\u00eancia cont\u00e1bil, as rela\u00e7\u00f5es das organiza\u00e7\u00f5es com a sociedade e o meio ambiente.<\/li>\n<\/ul>\n<p><img loading=\"lazy\" decoding=\"async\" class=\" wp-image-3859 alignleft\" src=\"http:\/\/portal.unisepe.com.br\/unifia\/wp-content\/uploads\/sites\/10001\/2019\/10\/contabeis.png\" alt=\"\" width=\"446\" height=\"651\" \/><\/p>\n","protected":false},"excerpt":{"rendered":"<p>Concep\u00e7\u00e3o do Curso O Curso de Ci\u00eancias Cont\u00e1beis adota como filosofia um ensino voltado \u00e0s necessidades da comunidade, procurando formar profissionais contadores, \u00e9ticos, cr\u00edticos e inovadores, com vis\u00e3o sist\u00eamica e interdisciplinar, comprometidos com a melhoria da qualidade dos servi\u00e7os cont\u00e1beis, bem como, conscientes de seu papel transformador para o desenvolvimento<\/p>\n","protected":false},"author":1,"featured_media":0,"parent":0,"menu_order":0,"comment_status":"closed","ping_status":"closed","template":"templates\/template-curso_menu_vertical.php","meta":{"footnotes":""},"categories":[],"tags":[],"class_list":["post-331","page","type-page","status-publish","hentry"],"_links":{"self":[{"href":"https:\/\/portal.unisepe.com.br\/unifia\/wp-json\/wp\/v2\/pages\/331","targetHints":{"allow":["GET"]}}],"collection":[{"href":"https:\/\/portal.unisepe.com.br\/unifia\/wp-json\/wp\/v2\/pages"}],"about":[{"href":"https:\/\/portal.unisepe.com.br\/unifia\/wp-json\/wp\/v2\/types\/page"}],"author":[{"embeddable":true,"href":"https:\/\/portal.unisepe.com.br\/unifia\/wp-json\/wp\/v2\/users\/1"}],"replies":[{"embeddable":true,"href":"https:\/\/portal.unisepe.com.br\/unifia\/wp-json\/wp\/v2\/comments?post=331"}],"version-history":[{"count":7,"href":"https:\/\/portal.unisepe.com.br\/unifia\/wp-json\/wp\/v2\/pages\/331\/revisions"}],"predecessor-version":[{"id":7005,"href":"https:\/\/portal.unisepe.com.br\/unifia\/wp-json\/wp\/v2\/pages\/331\/revisions\/7005"}],"wp:attachment":[{"href":"https:\/\/portal.unisepe.com.br\/unifia\/wp-json\/wp\/v2\/media?parent=331"}],"wp:term":[{"taxonomy":"category","embeddable":true,"href":"https:\/\/portal.unisepe.com.br\/unifia\/wp-json\/wp\/v2\/categories?post=331"},{"taxonomy":"post_tag","embeddable":true,"href":"https:\/\/portal.unisepe.com.br\/unifia\/wp-json\/wp\/v2\/tags?post=331"}],"curies":[{"name":"wp","href":"https:\/\/api.w.org\/{rel}","templated":true}]}}