{"id":335,"date":"2016-07-12T00:23:22","date_gmt":"2016-07-12T00:23:22","guid":{"rendered":"http:\/\/www.fvr.edu.br\/fvr\/site\/?page_id=335"},"modified":"2018-06-19T14:31:43","modified_gmt":"2018-06-19T17:31:43","slug":"atos-legais","status":"publish","type":"page","link":"https:\/\/portal.unisepe.com.br\/unifia\/ciencias-contabeis\/atos-legais\/","title":{"rendered":"Atos Legais"},"content":{"rendered":"<h6 class=\"style10\">Atos Legais<\/h6>\n<p>&nbsp;<\/p>\n<ul>\n<li>In\u00edcio do curso: 1995<\/li>\n<li>Vagas oferecidas: 80<\/li>\n<li>Dura\u00e7\u00e3o de 4 anos<\/li>\n<li>Noturno<\/li>\n<li>Renova\u00e7\u00e3o Reconhecimento: Portaria MEC 702 de 18\/12\/2013<\/li>\n<\/ul>\n","protected":false},"excerpt":{"rendered":"<p>Atos Legais &nbsp; In\u00edcio do curso: 1995 Vagas oferecidas: 80 Dura\u00e7\u00e3o de 4 anos Noturno Renova\u00e7\u00e3o Reconhecimento: Portaria MEC 702 de 18\/12\/2013<\/p>\n","protected":false},"author":1,"featured_media":0,"parent":331,"menu_order":0,"comment_status":"closed","ping_status":"closed","template":"templates\/template-curso_menu_vertical.php","meta":{"footnotes":""},"categories":[],"tags":[],"class_list":["post-335","page","type-page","status-publish","hentry"],"_links":{"self":[{"href":"https:\/\/portal.unisepe.com.br\/unifia\/wp-json\/wp\/v2\/pages\/335","targetHints":{"allow":["GET"]}}],"collection":[{"href":"https:\/\/portal.unisepe.com.br\/unifia\/wp-json\/wp\/v2\/pages"}],"about":[{"href":"https:\/\/portal.unisepe.com.br\/unifia\/wp-json\/wp\/v2\/types\/page"}],"author":[{"embeddable":true,"href":"https:\/\/portal.unisepe.com.br\/unifia\/wp-json\/wp\/v2\/users\/1"}],"replies":[{"embeddable":true,"href":"https:\/\/portal.unisepe.com.br\/unifia\/wp-json\/wp\/v2\/comments?post=335"}],"version-history":[{"count":1,"href":"https:\/\/portal.unisepe.com.br\/unifia\/wp-json\/wp\/v2\/pages\/335\/revisions"}],"predecessor-version":[{"id":3681,"href":"https:\/\/portal.unisepe.com.br\/unifia\/wp-json\/wp\/v2\/pages\/335\/revisions\/3681"}],"up":[{"embeddable":true,"href":"https:\/\/portal.unisepe.com.br\/unifia\/wp-json\/wp\/v2\/pages\/331"}],"wp:attachment":[{"href":"https:\/\/portal.unisepe.com.br\/unifia\/wp-json\/wp\/v2\/media?parent=335"}],"wp:term":[{"taxonomy":"category","embeddable":true,"href":"https:\/\/portal.unisepe.com.br\/unifia\/wp-json\/wp\/v2\/categories?post=335"},{"taxonomy":"post_tag","embeddable":true,"href":"https:\/\/portal.unisepe.com.br\/unifia\/wp-json\/wp\/v2\/tags?post=335"}],"curies":[{"name":"wp","href":"https:\/\/api.w.org\/{rel}","templated":true}]}}