{"id":362,"date":"2016-07-12T01:00:08","date_gmt":"2016-07-12T01:00:08","guid":{"rendered":"http:\/\/www.fvr.edu.br\/fvr\/site\/?page_id=362"},"modified":"2021-05-07T15:12:47","modified_gmt":"2021-05-07T18:12:47","slug":"atos-legais","status":"publish","type":"page","link":"https:\/\/portal.unisepe.com.br\/unifia\/educacao-fisica\/atos-legais\/","title":{"rendered":"Atos Legais"},"content":{"rendered":"<p><strong>Atos Legais<\/strong><\/p>\n<p><strong>Educa\u00e7\u00e3o F\u00edsica &#8211; Licenciatura:<\/strong><\/p>\n<ul>\n<li>In\u00edcio do Curso em 2002<\/li>\n<li>Vagas oferecidas 150<\/li>\n<li>Dura\u00e7\u00e3o de 3 anos<\/li>\n<li>Noturno<\/li>\n<li>Renova\u00e7\u00e3o Reconhecimento: Portaria MEC 1091 de 24\/12\/2015<\/li>\n<\/ul>\n<p><strong>Educa\u00e7\u00e3o F\u00edsica &#8211; Bacharelado:<\/strong><\/p>\n<ul>\n<li>In\u00edcio do Curso em 2009<\/li>\n<li>Vagas oferecidas 100<\/li>\n<li>Dura\u00e7\u00e3o de 4 anos<\/li>\n<li>Noturno<\/li>\n<li><a href=\"https:\/\/portal.unisepe.com.br\/unifia\/wp-content\/uploads\/sites\/10001\/2021\/05\/renova\u00e7a\u00f5-de-reconhecimento-por-enade-2019-enfermagem_biomedicina_nutri\u00e7\u00e3o_est\u00e9tica_educa\u00e7\u00e3o-fisica-B_engenharia-Civil.pdf\">Renova\u00e7\u00e3o Reconhecimento: Portaria MEC n\u00ba109 de 04\/02\/2021<\/a><\/li>\n<\/ul>\n","protected":false},"excerpt":{"rendered":"<p>Atos Legais Educa\u00e7\u00e3o F\u00edsica &#8211; Licenciatura: In\u00edcio do Curso em 2002 Vagas oferecidas 150 Dura\u00e7\u00e3o de 3 anos Noturno Renova\u00e7\u00e3o Reconhecimento: Portaria MEC 1091 de 24\/12\/2015 Educa\u00e7\u00e3o F\u00edsica &#8211; Bacharelado: In\u00edcio do Curso em 2009 Vagas oferecidas 100 Dura\u00e7\u00e3o de 4 anos Noturno Renova\u00e7\u00e3o Reconhecimento: Portaria MEC n\u00ba109 de 04\/02\/2021<\/p>\n","protected":false},"author":1,"featured_media":0,"parent":360,"menu_order":0,"comment_status":"closed","ping_status":"closed","template":"templates\/template-curso_menu_vertical.php","meta":{"footnotes":""},"categories":[],"tags":[],"class_list":["post-362","page","type-page","status-publish","hentry"],"_links":{"self":[{"href":"https:\/\/portal.unisepe.com.br\/unifia\/wp-json\/wp\/v2\/pages\/362","targetHints":{"allow":["GET"]}}],"collection":[{"href":"https:\/\/portal.unisepe.com.br\/unifia\/wp-json\/wp\/v2\/pages"}],"about":[{"href":"https:\/\/portal.unisepe.com.br\/unifia\/wp-json\/wp\/v2\/types\/page"}],"author":[{"embeddable":true,"href":"https:\/\/portal.unisepe.com.br\/unifia\/wp-json\/wp\/v2\/users\/1"}],"replies":[{"embeddable":true,"href":"https:\/\/portal.unisepe.com.br\/unifia\/wp-json\/wp\/v2\/comments?post=362"}],"version-history":[{"count":3,"href":"https:\/\/portal.unisepe.com.br\/unifia\/wp-json\/wp\/v2\/pages\/362\/revisions"}],"predecessor-version":[{"id":7308,"href":"https:\/\/portal.unisepe.com.br\/unifia\/wp-json\/wp\/v2\/pages\/362\/revisions\/7308"}],"up":[{"embeddable":true,"href":"https:\/\/portal.unisepe.com.br\/unifia\/wp-json\/wp\/v2\/pages\/360"}],"wp:attachment":[{"href":"https:\/\/portal.unisepe.com.br\/unifia\/wp-json\/wp\/v2\/media?parent=362"}],"wp:term":[{"taxonomy":"category","embeddable":true,"href":"https:\/\/portal.unisepe.com.br\/unifia\/wp-json\/wp\/v2\/categories?post=362"},{"taxonomy":"post_tag","embeddable":true,"href":"https:\/\/portal.unisepe.com.br\/unifia\/wp-json\/wp\/v2\/tags?post=362"}],"curies":[{"name":"wp","href":"https:\/\/api.w.org\/{rel}","templated":true}]}}