{"id":366,"date":"2016-07-12T16:08:05","date_gmt":"2016-07-12T19:08:05","guid":{"rendered":"http:\/\/www.fvr.edu.br\/fvr\/site\/?page_id=366"},"modified":"2024-07-19T14:09:34","modified_gmt":"2024-07-19T17:09:34","slug":"matriz-curricular","status":"publish","type":"page","link":"https:\/\/portal.unisepe.com.br\/unifia\/educacao-fisica\/matriz-curricular\/","title":{"rendered":"Matriz Curricular"},"content":{"rendered":"<ul class=\"nav nav-tabs\">\n<li class=\"nav-item\"><a class=\"nav-link active\" href=\"#tab1\" data-toggle=\"tab\">Matriz<\/a><\/li>\n<li class=\"nav-item\"><a class=\"nav-link\" href=\"#tab2\" data-toggle=\"tab\">Informa\u00e7\u00f5es art 8<\/a><\/li>\n<\/ul>\n<div id=\"myTabContent\" class=\"tab-content\">\n<div id=\"tab1\" class=\"tab-pane fade active show\">\n<p><strong>Educa\u00e7\u00e3o F\u00edsica Bacharelado<\/strong><\/p>\n<ul>\n<li><a href=\"https:\/\/portal.unisepe.com.br\/unifia\/wp-content\/uploads\/sites\/10001\/2024\/01\/matriz_educacao_fisica_b_20221.pdf\" target=\"_blank\" rel=\"noopener noreferrer\">Matriz Educa\u00e7\u00e3o F\u00edsica Bacharelado 2022.1<\/a><\/li>\n<li><a href=\"https:\/\/portal.unisepe.com.br\/unifia\/wp-content\/uploads\/sites\/10001\/2024\/07\/matriz_educacao_fisica_b_20222-1.pdf\" target=\"_blank\" rel=\"noopener noreferrer\">Matriz Educa\u00e7\u00e3o F\u00edsica Bacharelado 2022.2<\/a><\/li>\n<\/ul>\n<p><strong>Educa\u00e7\u00e3o F\u00edsica Licenciatura<\/strong><\/p>\n<ul>\n<li><a href=\"https:\/\/portal.unisepe.com.br\/unifia\/wp-content\/uploads\/sites\/10001\/2024\/01\/matriz_educacao_fisica_L_2022.pdf\" target=\"_blank\" rel=\"noopener noreferrer\">Matriz Educa\u00e7\u00e3o F\u00edsica Licenciatura 2022<\/a><\/li>\n<\/ul>\n<p>&nbsp;<\/p>\n<\/div>\n<div id=\"tab2\" class=\"tab-pane fade\">\n<p style=\"text-align: center\">art 8. da Portaria 1.428\/2018<\/p>\n<ul>\n<li><a href=\"http:\/\/portal.unisepe.com.br\/unifia\/wp-content\/uploads\/sites\/10001\/2019\/10\/Filosofia.pdf\" target=\"_blank\" rel=\"noopener noreferrer\">2019-2-UNIFIA-ART 8-INFORMA\u00c7\u00d5ES-FILOSOFIA<\/a><\/li>\n<li><a href=\"http:\/\/portal.unisepe.com.br\/unifia\/wp-content\/uploads\/sites\/10001\/2019\/10\/Libras.pdf\" target=\"_blank\" rel=\"noopener noreferrer\">2019-2-UNIFIA-ART 8-INFORMA\u00c7\u00d5ES-LIBRAS<\/a><\/li>\n<li><a href=\"http:\/\/portal.unisepe.com.br\/unifia\/wp-content\/uploads\/sites\/10001\/2019\/10\/L\u00a1ngua-Portuguesa-1.pdf\" target=\"_blank\" rel=\"noopener noreferrer\">2019-2-UNIFIA-ART 8-INFORMA\u00c7\u00d5ES-L\u00cdNGUA PORTUGUESA<\/a><\/li>\n<li><a href=\"http:\/\/portal.unisepe.com.br\/unifia\/wp-content\/uploads\/sites\/10001\/2019\/10\/Metodologia-do-Ensino-da-Educa\u00ba\u00fao-F\u00a1sica.pdf\" target=\"_blank\" rel=\"noopener noreferrer\">2019-2-UNIFIA-ART 8-INFORMA\u00c7\u00d5ES-METODOLOGIA DO ENSINO DA EDUCA\u00c7\u00c3O F\u00cdSICA<\/a><\/li>\n<li><a href=\"http:\/\/portal.unisepe.com.br\/unifia\/wp-content\/uploads\/sites\/10001\/2019\/10\/Pol\u00a1ticas-P\u00a6blicas-e-Administra\u00ba\u00fao-Escolar.pdf\" target=\"_blank\" rel=\"noopener noreferrer\">2019-2-UNIFIA-ART 8-INFORMA\u00c7\u00d5ES-POL\u00cdTICAS P\u00daBLICAS E ADMINISTRA\u00c7\u00c3O ESCOLAR<\/a><\/li>\n<li><a href=\"http:\/\/portal.unisepe.com.br\/unifia\/wp-content\/uploads\/sites\/10001\/2019\/10\/Sociologia-1.pdf\" target=\"_blank\" rel=\"noopener noreferrer\">2019-2-UNIFIA-ART 8-INFORMA\u00c7\u00d5ES-SOCIOLOGIA<\/a><\/li>\n<\/ul>\n<\/div>\n<\/div>\n","protected":false},"excerpt":{"rendered":"<p>Matriz Informa\u00e7\u00f5es art 8 Educa\u00e7\u00e3o F\u00edsica Bacharelado Matriz Educa\u00e7\u00e3o F\u00edsica Bacharelado 2022.1 Matriz Educa\u00e7\u00e3o F\u00edsica Bacharelado 2022.2 Educa\u00e7\u00e3o F\u00edsica Licenciatura Matriz Educa\u00e7\u00e3o F\u00edsica Licenciatura 2022 &nbsp; art 8. da Portaria 1.428\/2018 2019-2-UNIFIA-ART 8-INFORMA\u00c7\u00d5ES-FILOSOFIA 2019-2-UNIFIA-ART 8-INFORMA\u00c7\u00d5ES-LIBRAS 2019-2-UNIFIA-ART 8-INFORMA\u00c7\u00d5ES-L\u00cdNGUA PORTUGUESA 2019-2-UNIFIA-ART 8-INFORMA\u00c7\u00d5ES-METODOLOGIA DO ENSINO DA EDUCA\u00c7\u00c3O F\u00cdSICA 2019-2-UNIFIA-ART 8-INFORMA\u00c7\u00d5ES-POL\u00cdTICAS P\u00daBLICAS E ADMINISTRA\u00c7\u00c3O<\/p>\n","protected":false},"author":1,"featured_media":0,"parent":360,"menu_order":0,"comment_status":"closed","ping_status":"closed","template":"templates\/template-curso_menu_vertical.php","meta":{"footnotes":""},"categories":[],"tags":[],"class_list":["post-366","page","type-page","status-publish","hentry"],"_links":{"self":[{"href":"https:\/\/portal.unisepe.com.br\/unifia\/wp-json\/wp\/v2\/pages\/366","targetHints":{"allow":["GET"]}}],"collection":[{"href":"https:\/\/portal.unisepe.com.br\/unifia\/wp-json\/wp\/v2\/pages"}],"about":[{"href":"https:\/\/portal.unisepe.com.br\/unifia\/wp-json\/wp\/v2\/types\/page"}],"author":[{"embeddable":true,"href":"https:\/\/portal.unisepe.com.br\/unifia\/wp-json\/wp\/v2\/users\/1"}],"replies":[{"embeddable":true,"href":"https:\/\/portal.unisepe.com.br\/unifia\/wp-json\/wp\/v2\/comments?post=366"}],"version-history":[{"count":11,"href":"https:\/\/portal.unisepe.com.br\/unifia\/wp-json\/wp\/v2\/pages\/366\/revisions"}],"predecessor-version":[{"id":10221,"href":"https:\/\/portal.unisepe.com.br\/unifia\/wp-json\/wp\/v2\/pages\/366\/revisions\/10221"}],"up":[{"embeddable":true,"href":"https:\/\/portal.unisepe.com.br\/unifia\/wp-json\/wp\/v2\/pages\/360"}],"wp:attachment":[{"href":"https:\/\/portal.unisepe.com.br\/unifia\/wp-json\/wp\/v2\/media?parent=366"}],"wp:term":[{"taxonomy":"category","embeddable":true,"href":"https:\/\/portal.unisepe.com.br\/unifia\/wp-json\/wp\/v2\/categories?post=366"},{"taxonomy":"post_tag","embeddable":true,"href":"https:\/\/portal.unisepe.com.br\/unifia\/wp-json\/wp\/v2\/tags?post=366"}],"curies":[{"name":"wp","href":"https:\/\/api.w.org\/{rel}","templated":true}]}}