{"id":3746,"date":"2018-06-20T17:38:41","date_gmt":"2018-06-20T20:38:41","guid":{"rendered":"http:\/\/portal.unisepe.com.br\/unifia\/?page_id=3746"},"modified":"2024-05-23T13:40:41","modified_gmt":"2024-05-23T16:40:41","slug":"projeto-pedagogico","status":"publish","type":"page","link":"https:\/\/portal.unisepe.com.br\/unifia\/enfermagem\/projeto-pedagogico\/","title":{"rendered":"PPC e Anexos"},"content":{"rendered":"<ul>\n<li><a href=\"https:\/\/portal.unisepe.com.br\/unifia\/wp-content\/uploads\/sites\/10001\/2024\/05\/ENFERMAGEM-2024.pdf\" target=\"_blank\" rel=\"noopener noreferrer\">Projeto Pedag\u00f3gico de Curso 2024 &#8211; Enfermagem<\/a><\/li>\n<li><a href=\"http:\/\/portal.unisepe.com.br\/unifia\/wp-content\/uploads\/sites\/10001\/2019\/04\/Dimens\u00e3o-\u201cAten\u00e7\u00e3o-a-Sa\u00fade\u201d-3\u00b0-fase-Taxa-de-Mortalidade-Materna.pdf\" target=\"_blank\" rel=\"noopener noreferrer\">Dimens\u00e3o &#8220;Aten\u00e7\u00e3o a Sa\u00fade&#8221; &#8211; 3\u00ba Fase Taxa de Mortalidade Materna<\/a><\/li>\n<li><a href=\"http:\/\/portal.unisepe.com.br\/unifia\/wp-content\/uploads\/sites\/10001\/2019\/04\/Doen\u00e7as-Infecciosas-e-Parasit\u00e1rias-Guia-de-Bolso.pdf\" target=\"_blank\" rel=\"noopener noreferrer\">Doen\u00e7as Infecciosas e Parasitas &#8211; Guia de Bolsa<\/a><\/li>\n<li><a href=\"http:\/\/portal.unisepe.com.br\/unifia\/wp-content\/uploads\/sites\/10001\/2019\/04\/Pr\u00e9-natal-e-Puerp\u00e9rio-aten\u00e7\u00e3o-qualificada-e-humanizada-\u2013-Manual-T\u00e9cnico.pdf\" target=\"_blank\" rel=\"noopener noreferrer\">Pr\u00e9-Natal e Puerp\u00e9rio &#8211; Aten\u00e7\u00e3o Qualificada e Humanizada &#8211; Manual T\u00e9cnico<\/a><\/li>\n<li><a href=\"http:\/\/portal.unisepe.com.br\/unifia\/wp-content\/uploads\/sites\/10001\/2019\/04\/Norma-Tecnica-do-Programa-de-Imuniza\u00e7\u00e3o.pdf\" target=\"_blank\" rel=\"noopener noreferrer\">Norma T\u00e9cnica do Programa de Imuniza\u00e7\u00e3o<\/a><\/li>\n<li><a href=\"https:\/\/www.planalto.gov.br\/ccivil_03\/decreto\/2002\/d4281.htm\" target=\"_blank\" rel=\"noopener noreferrer\">Decreto N\u00ba 4.281, de 25 de Junho de 2002<\/a><\/li>\n<\/ul>\n","protected":false},"excerpt":{"rendered":"<p>Projeto Pedag\u00f3gico de Curso 2024 &#8211; Enfermagem Dimens\u00e3o &#8220;Aten\u00e7\u00e3o a Sa\u00fade&#8221; &#8211; 3\u00ba Fase Taxa de Mortalidade Materna Doen\u00e7as Infecciosas e Parasitas &#8211; Guia de Bolsa Pr\u00e9-Natal e Puerp\u00e9rio &#8211; Aten\u00e7\u00e3o Qualificada e Humanizada &#8211; Manual T\u00e9cnico Norma T\u00e9cnica do Programa de Imuniza\u00e7\u00e3o Decreto N\u00ba 4.281, de 25 de Junho<\/p>\n","protected":false},"author":2,"featured_media":0,"parent":377,"menu_order":0,"comment_status":"closed","ping_status":"closed","template":"templates\/template-curso_menu_vertical.php","meta":{"footnotes":""},"categories":[],"tags":[],"class_list":["post-3746","page","type-page","status-publish","hentry"],"_links":{"self":[{"href":"https:\/\/portal.unisepe.com.br\/unifia\/wp-json\/wp\/v2\/pages\/3746","targetHints":{"allow":["GET"]}}],"collection":[{"href":"https:\/\/portal.unisepe.com.br\/unifia\/wp-json\/wp\/v2\/pages"}],"about":[{"href":"https:\/\/portal.unisepe.com.br\/unifia\/wp-json\/wp\/v2\/types\/page"}],"author":[{"embeddable":true,"href":"https:\/\/portal.unisepe.com.br\/unifia\/wp-json\/wp\/v2\/users\/2"}],"replies":[{"embeddable":true,"href":"https:\/\/portal.unisepe.com.br\/unifia\/wp-json\/wp\/v2\/comments?post=3746"}],"version-history":[{"count":10,"href":"https:\/\/portal.unisepe.com.br\/unifia\/wp-json\/wp\/v2\/pages\/3746\/revisions"}],"predecessor-version":[{"id":10066,"href":"https:\/\/portal.unisepe.com.br\/unifia\/wp-json\/wp\/v2\/pages\/3746\/revisions\/10066"}],"up":[{"embeddable":true,"href":"https:\/\/portal.unisepe.com.br\/unifia\/wp-json\/wp\/v2\/pages\/377"}],"wp:attachment":[{"href":"https:\/\/portal.unisepe.com.br\/unifia\/wp-json\/wp\/v2\/media?parent=3746"}],"wp:term":[{"taxonomy":"category","embeddable":true,"href":"https:\/\/portal.unisepe.com.br\/unifia\/wp-json\/wp\/v2\/categories?post=3746"},{"taxonomy":"post_tag","embeddable":true,"href":"https:\/\/portal.unisepe.com.br\/unifia\/wp-json\/wp\/v2\/tags?post=3746"}],"curies":[{"name":"wp","href":"https:\/\/api.w.org\/{rel}","templated":true}]}}