{"id":377,"date":"2016-07-12T16:22:07","date_gmt":"2016-07-12T16:22:07","guid":{"rendered":"http:\/\/www.fvr.edu.br\/fvr\/site\/?page_id=377"},"modified":"2020-10-30T15:03:26","modified_gmt":"2020-10-30T18:03:26","slug":"enfermagem","status":"publish","type":"page","link":"https:\/\/portal.unisepe.com.br\/unifia\/enfermagem\/","title":{"rendered":"Enfermagem"},"content":{"rendered":"<h4 style=\"text-align: center\"><strong><img loading=\"lazy\" decoding=\"async\" class=\"size-full wp-image-2414 alignleft\" src=\"http:\/\/portal.unisepe.com.br\/unifia\/wp-content\/uploads\/sites\/10001\/2018\/06\/enfermagem_2.png\" alt=\"\" width=\"120\" height=\"57\" \/>Bacharelado em Enfermagem<\/strong><\/h4>\n<p><b>Objetivos:<\/b><\/p>\n<p align=\"justify\">Graduar enfermeiros generalistas capazes de desenvolver a\u00e7\u00f5es sistematizadas, embasadas em m\u00e9todo cient\u00edfico, sustentada pelo julgamento \u00e9tico-cr\u00edtico e na legisla\u00e7\u00e3o do exerc\u00edcio profissional, com foco na promo\u00e7\u00e3o, na preven\u00e7\u00e3o, na recupera\u00e7\u00e3o e na reabilita\u00e7\u00e3o em sa\u00fade individual e\/ou coletiva.<\/p>\n<p><iframe loading=\"lazy\" title=\"ENFERMAGEM FEIRA DE PROFISS\u00d5ES AMPARO 2020 2\" width=\"500\" height=\"281\" src=\"https:\/\/www.youtube.com\/embed\/Lr2CrguuQvw?feature=oembed\" frameborder=\"0\" allow=\"accelerometer; autoplay; clipboard-write; encrypted-media; gyroscope; picture-in-picture; web-share\" referrerpolicy=\"strict-origin-when-cross-origin\" allowfullscreen><\/iframe><\/p>\n<h2>Saiba mais<\/h2>\n<p><iframe loading=\"lazy\" title=\"BIOMEDICINA   QUIMICA   NUTRI\u00c7\u00c3O   ENFERMAGEM   ROMANO\" width=\"500\" height=\"281\" src=\"https:\/\/www.youtube.com\/embed\/us6ktrNajQU?feature=oembed\" frameborder=\"0\" allow=\"accelerometer; autoplay; clipboard-write; encrypted-media; gyroscope; picture-in-picture; web-share\" referrerpolicy=\"strict-origin-when-cross-origin\" allowfullscreen><\/iframe><\/p>\n<h2>Voc\u00ea tamb\u00e9m pode ser parte desta hist\u00f3ria de sucesso! Venha para o UNIFIA<\/h2>\n<p>&nbsp;<\/p>\n<p><iframe loading=\"lazy\" title=\"ENFERMAGEM\" width=\"500\" height=\"281\" src=\"https:\/\/www.youtube.com\/embed\/m8OJsqaGsys?feature=oembed\" frameborder=\"0\" allow=\"accelerometer; autoplay; clipboard-write; encrypted-media; gyroscope; picture-in-picture; web-share\" referrerpolicy=\"strict-origin-when-cross-origin\" allowfullscreen><\/iframe><\/p>\n<p>ATRIBUI\u00c7\u00d5ES DO PROFISSIONAL ENFERMEIRO:<\/p>\n<p><iframe loading=\"lazy\" title=\"ATRIBUI\u00c7\u00d5ES DO PROFISSIONAL ENFERMEIRO\" width=\"500\" height=\"281\" src=\"https:\/\/www.youtube.com\/embed\/LkvxV9FYedA?feature=oembed\" frameborder=\"0\" allow=\"accelerometer; autoplay; clipboard-write; encrypted-media; gyroscope; picture-in-picture; web-share\" referrerpolicy=\"strict-origin-when-cross-origin\" allowfullscreen><\/iframe><\/p>\n<p><b>Perfil do egresso:<\/b><\/p>\n<p align=\"justify\">Os egressos do curso de enfermagem do UNIFIA s\u00e3o enfermeiros dotados de capacidade para atuarem de forma generalista, resguardando suas atividades em a\u00e7\u00f5es human\u00edsticas, \u00e9ticas e na pr\u00e1tica cr\u00edtico-reflexiva. S\u00e3o profissionais pautados no rigor cient\u00edfico e intelectual, cujas a\u00e7\u00f5es ocorrem de modo sistematizado para a avalia\u00e7\u00e3o cl\u00ednica de enfermagem em qualquer cen\u00e1rio de atua\u00e7\u00e3o profissional por meio do desenvolvimento do processo de enfermagem.<\/p>\n<p>&nbsp;<\/p>\n<p><b>\u00c1reas de atua\u00e7\u00e3o: <\/b><\/p>\n<p align=\"justify\">Aten\u00e7\u00e3o b\u00e1sica e hospitalar; ambulat\u00f3rios; servi\u00e7os de urg\u00eancia e emerg\u00eancia; consult\u00f3rios e cl\u00ednicas especializadas.<\/p>\n<p>&nbsp;<\/p>\n<p><b>Informa\u00e7\u00f5es gerais:<\/b><br \/>\n<b>Modalidade: <\/b>Bacharelado presencial<br \/>\n<b>Dura\u00e7\u00e3o:\u00a0 <\/b>\u00a08 Semestres (quatro anos)<br \/>\n<b>Per\u00edodo: <\/b>Noturno<br \/>\n<b>Entrada: <\/b>Anual<br \/>\n<b>N\u00famero de vagas: <\/b>100<\/p>\n","protected":false},"excerpt":{"rendered":"<p>Bacharelado em Enfermagem Objetivos: Graduar enfermeiros generalistas capazes de desenvolver a\u00e7\u00f5es sistematizadas, embasadas em m\u00e9todo cient\u00edfico, sustentada pelo julgamento \u00e9tico-cr\u00edtico e na legisla\u00e7\u00e3o do exerc\u00edcio profissional, com foco na promo\u00e7\u00e3o, na preven\u00e7\u00e3o, na recupera\u00e7\u00e3o e na reabilita\u00e7\u00e3o em sa\u00fade individual e\/ou coletiva. Saiba mais Voc\u00ea tamb\u00e9m pode ser parte desta<\/p>\n","protected":false},"author":1,"featured_media":0,"parent":0,"menu_order":0,"comment_status":"closed","ping_status":"closed","template":"templates\/template-curso_menu_vertical.php","meta":{"footnotes":""},"categories":[],"tags":[],"class_list":["post-377","page","type-page","status-publish","hentry"],"_links":{"self":[{"href":"https:\/\/portal.unisepe.com.br\/unifia\/wp-json\/wp\/v2\/pages\/377","targetHints":{"allow":["GET"]}}],"collection":[{"href":"https:\/\/portal.unisepe.com.br\/unifia\/wp-json\/wp\/v2\/pages"}],"about":[{"href":"https:\/\/portal.unisepe.com.br\/unifia\/wp-json\/wp\/v2\/types\/page"}],"author":[{"embeddable":true,"href":"https:\/\/portal.unisepe.com.br\/unifia\/wp-json\/wp\/v2\/users\/1"}],"replies":[{"embeddable":true,"href":"https:\/\/portal.unisepe.com.br\/unifia\/wp-json\/wp\/v2\/comments?post=377"}],"version-history":[{"count":9,"href":"https:\/\/portal.unisepe.com.br\/unifia\/wp-json\/wp\/v2\/pages\/377\/revisions"}],"predecessor-version":[{"id":7014,"href":"https:\/\/portal.unisepe.com.br\/unifia\/wp-json\/wp\/v2\/pages\/377\/revisions\/7014"}],"wp:attachment":[{"href":"https:\/\/portal.unisepe.com.br\/unifia\/wp-json\/wp\/v2\/media?parent=377"}],"wp:term":[{"taxonomy":"category","embeddable":true,"href":"https:\/\/portal.unisepe.com.br\/unifia\/wp-json\/wp\/v2\/categories?post=377"},{"taxonomy":"post_tag","embeddable":true,"href":"https:\/\/portal.unisepe.com.br\/unifia\/wp-json\/wp\/v2\/tags?post=377"}],"curies":[{"name":"wp","href":"https:\/\/api.w.org\/{rel}","templated":true}]}}