{"id":3853,"date":"2018-06-29T22:02:54","date_gmt":"2018-06-30T01:02:54","guid":{"rendered":"http:\/\/portal.unisepe.com.br\/unifia\/?page_id=3853"},"modified":"2025-02-10T16:30:45","modified_gmt":"2025-02-10T19:30:45","slug":"pos-graduacao","status":"publish","type":"page","link":"https:\/\/portal.unisepe.com.br\/unifia\/pos-graduacao\/","title":{"rendered":"P\u00f3s &#8211; Gradua\u00e7\u00e3o"},"content":{"rendered":"<p><iframe style=\"width: 100%; height: 2300px;\" src=\"https:\/\/portal.unisepe.com.br\/ead\/pos-graduacao-ead\/?getContent\"><\/iframe><\/p>\n","protected":false},"excerpt":{"rendered":"","protected":false},"author":2,"featured_media":0,"parent":0,"menu_order":0,"comment_status":"closed","ping_status":"closed","template":"templates\/template-fullwidth.php","meta":{"footnotes":""},"categories":[],"tags":[],"class_list":["post-3853","page","type-page","status-publish","hentry"],"_links":{"self":[{"href":"https:\/\/portal.unisepe.com.br\/unifia\/wp-json\/wp\/v2\/pages\/3853","targetHints":{"allow":["GET"]}}],"collection":[{"href":"https:\/\/portal.unisepe.com.br\/unifia\/wp-json\/wp\/v2\/pages"}],"about":[{"href":"https:\/\/portal.unisepe.com.br\/unifia\/wp-json\/wp\/v2\/types\/page"}],"author":[{"embeddable":true,"href":"https:\/\/portal.unisepe.com.br\/unifia\/wp-json\/wp\/v2\/users\/2"}],"replies":[{"embeddable":true,"href":"https:\/\/portal.unisepe.com.br\/unifia\/wp-json\/wp\/v2\/comments?post=3853"}],"version-history":[{"count":40,"href":"https:\/\/portal.unisepe.com.br\/unifia\/wp-json\/wp\/v2\/pages\/3853\/revisions"}],"predecessor-version":[{"id":10588,"href":"https:\/\/portal.unisepe.com.br\/unifia\/wp-json\/wp\/v2\/pages\/3853\/revisions\/10588"}],"wp:attachment":[{"href":"https:\/\/portal.unisepe.com.br\/unifia\/wp-json\/wp\/v2\/media?parent=3853"}],"wp:term":[{"taxonomy":"category","embeddable":true,"href":"https:\/\/portal.unisepe.com.br\/unifia\/wp-json\/wp\/v2\/categories?post=3853"},{"taxonomy":"post_tag","embeddable":true,"href":"https:\/\/portal.unisepe.com.br\/unifia\/wp-json\/wp\/v2\/tags?post=3853"}],"curies":[{"name":"wp","href":"https:\/\/api.w.org\/{rel}","templated":true}]}}