{"id":3858,"date":"2018-06-30T09:35:43","date_gmt":"2018-06-30T12:35:43","guid":{"rendered":"http:\/\/portal.unisepe.com.br\/unifia\/?page_id=3858"},"modified":"2020-10-28T11:54:24","modified_gmt":"2020-10-28T14:54:24","slug":"engenharia-civil","status":"publish","type":"page","link":"https:\/\/portal.unisepe.com.br\/unifia\/engenharia-civil\/","title":{"rendered":"Engenharia Civil"},"content":{"rendered":"<p><img loading=\"lazy\" decoding=\"async\" class=\"size-full wp-image-3859 alignleft\" src=\"http:\/\/portal.unisepe.com.br\/unifia\/wp-content\/uploads\/sites\/10001\/2018\/06\/ENGENHARIA_CIVIL.png\" alt=\"\" width=\"120\" height=\"86\" \/>Estuda, projeta, fiscaliza e supervisiona os trabalhos de constru\u00e7\u00e3o de casas e pr\u00e9dios, estradas, pontes, t\u00faneis, instala\u00e7\u00e3o e o funcionamento de redes hidr\u00e1ulicas de \u00e1gua e esgoto. Prepara e organiza trabalhos de reparos, estabelece planos, especifica\u00e7\u00f5es e or\u00e7amentos de custos de materiais. Controla prazos e padr\u00f5es de seguran\u00e7a, sem se afastar dos custos que, se elevados, inviabilizam a obra. \u00c9, enfim, o respons\u00e1vel pela constru\u00e7\u00e3o, sua seguran\u00e7a, solidez e sua durabilidade. Da sele\u00e7\u00e3o de materiais depende muito o cumprimento desses itens. Pode-se dizer que dois s\u00e3o os locais de trabalho do engenheiro: seu escrit\u00f3rio e o canteiro de obras, o local da constru\u00e7\u00e3o. \u00c9 um profissional liberal segundo a caracteriza\u00e7\u00e3o tradicional da profiss\u00e3o, mas tamb\u00e9m pode ser contratado por empresas construtoras, empresas p\u00fablicas ou pela pr\u00f3pria administra\u00e7\u00e3o p\u00fablica direta. Em quaisquer situa\u00e7\u00f5es, no seu pr\u00f3prio escrit\u00f3rio ou como contratado, suas atividades se relacionam com estudos, projetos, fiscaliza\u00e7\u00e3o e supervis\u00e3o dos trabalhos de constru\u00e7\u00e3o de edif\u00edcios, casas residenciais e comerciais, estradas, obras hidr\u00e1ulicas, barragens, pontes, t\u00faneis etc. Faz c\u00e1lculos de resist\u00eancia dos materiais e dos or\u00e7amentos de obras, cronogramas f\u00edsicos e financeiros, fiscaliza as obras, responsabiliza-se pelos servi\u00e7os executados segundo seu projeto e especifica\u00e7\u00f5es.<\/p>\n<p>&nbsp;<\/p>\n<p><iframe loading=\"lazy\" title=\"ENGENHARIA CIVIL FEIRA DE PROFISS\u00d5ES AMPARO 2020 FINAL\" width=\"500\" height=\"281\" src=\"https:\/\/www.youtube.com\/embed\/uvVlm6-Flyo?feature=oembed\" frameborder=\"0\" allow=\"accelerometer; autoplay; clipboard-write; encrypted-media; gyroscope; picture-in-picture; web-share\" referrerpolicy=\"strict-origin-when-cross-origin\" allowfullscreen><\/iframe><\/p>\n<p>&nbsp;<\/p>\n<h2>Saiba mais<\/h2>\n<p><iframe loading=\"lazy\" title=\"ENGENHARIA CIVIL V\u00cdDEO 2\" width=\"500\" height=\"281\" src=\"https:\/\/www.youtube.com\/embed\/OHc4-po5lbw?feature=oembed\" frameborder=\"0\" allow=\"accelerometer; autoplay; clipboard-write; encrypted-media; gyroscope; picture-in-picture; web-share\" referrerpolicy=\"strict-origin-when-cross-origin\" allowfullscreen><\/iframe><\/p>\n<p>Mercado de Trabalho: O campo de trabalho \u00e9 vasto, O engenheiro civil pode trabalhar em escrit\u00f3rios de constru\u00e7\u00e3o civil, ind\u00fastrias, empresas construtoras, servi\u00e7o p\u00fablico, institui\u00e7\u00f5es espec\u00edficas, bancos de desenvolvimento e investimento.<\/p>\n<h2>Voc\u00ea tamb\u00e9m pode ser parte desta hist\u00f3ria de sucesso! Venha para o UNIFIA<\/h2>\n<p><iframe loading=\"lazy\" title=\"ENG CIVIL\" width=\"500\" height=\"281\" src=\"https:\/\/www.youtube.com\/embed\/Z6Gha78Z2u8?feature=oembed\" frameborder=\"0\" allow=\"accelerometer; autoplay; clipboard-write; encrypted-media; gyroscope; picture-in-picture; web-share\" referrerpolicy=\"strict-origin-when-cross-origin\" allowfullscreen><\/iframe><\/p>\n<p><img loading=\"lazy\" decoding=\"async\" class=\" wp-image-3859 alignleft\" src=\"http:\/\/portal.unisepe.com.br\/unifia\/wp-content\/uploads\/sites\/10001\/2019\/10\/civil.png\" alt=\"\" width=\"446\" height=\"651\" \/><\/p>\n","protected":false},"excerpt":{"rendered":"<p>Estuda, projeta, fiscaliza e supervisiona os trabalhos de constru\u00e7\u00e3o de casas e pr\u00e9dios, estradas, pontes, t\u00faneis, instala\u00e7\u00e3o e o funcionamento de redes hidr\u00e1ulicas de \u00e1gua e esgoto. Prepara e organiza trabalhos de reparos, estabelece planos, especifica\u00e7\u00f5es e or\u00e7amentos de custos de materiais. Controla prazos e padr\u00f5es de seguran\u00e7a, sem se<\/p>\n","protected":false},"author":2,"featured_media":0,"parent":0,"menu_order":0,"comment_status":"closed","ping_status":"closed","template":"templates\/template-curso_menu_vertical.php","meta":{"footnotes":""},"categories":[],"tags":[],"class_list":["post-3858","page","type-page","status-publish","hentry"],"_links":{"self":[{"href":"https:\/\/portal.unisepe.com.br\/unifia\/wp-json\/wp\/v2\/pages\/3858","targetHints":{"allow":["GET"]}}],"collection":[{"href":"https:\/\/portal.unisepe.com.br\/unifia\/wp-json\/wp\/v2\/pages"}],"about":[{"href":"https:\/\/portal.unisepe.com.br\/unifia\/wp-json\/wp\/v2\/types\/page"}],"author":[{"embeddable":true,"href":"https:\/\/portal.unisepe.com.br\/unifia\/wp-json\/wp\/v2\/users\/2"}],"replies":[{"embeddable":true,"href":"https:\/\/portal.unisepe.com.br\/unifia\/wp-json\/wp\/v2\/comments?post=3858"}],"version-history":[{"count":6,"href":"https:\/\/portal.unisepe.com.br\/unifia\/wp-json\/wp\/v2\/pages\/3858\/revisions"}],"predecessor-version":[{"id":6906,"href":"https:\/\/portal.unisepe.com.br\/unifia\/wp-json\/wp\/v2\/pages\/3858\/revisions\/6906"}],"wp:attachment":[{"href":"https:\/\/portal.unisepe.com.br\/unifia\/wp-json\/wp\/v2\/media?parent=3858"}],"wp:term":[{"taxonomy":"category","embeddable":true,"href":"https:\/\/portal.unisepe.com.br\/unifia\/wp-json\/wp\/v2\/categories?post=3858"},{"taxonomy":"post_tag","embeddable":true,"href":"https:\/\/portal.unisepe.com.br\/unifia\/wp-json\/wp\/v2\/tags?post=3858"}],"curies":[{"name":"wp","href":"https:\/\/api.w.org\/{rel}","templated":true}]}}