{"id":3862,"date":"2018-06-30T09:47:01","date_gmt":"2018-06-30T12:47:01","guid":{"rendered":"http:\/\/portal.unisepe.com.br\/unifia\/?page_id=3862"},"modified":"2021-05-07T15:14:20","modified_gmt":"2021-05-07T18:14:20","slug":"atos-legais","status":"publish","type":"page","link":"https:\/\/portal.unisepe.com.br\/unifia\/engenharia-civil\/atos-legais\/","title":{"rendered":"Atos Legais"},"content":{"rendered":"<p><strong>Atos Legais<\/strong><\/p>\n<ul>\n<li>In\u00edcio do Curso em 2009<\/li>\n<li>Vagas oferecidas 100<\/li>\n<li>Dura\u00e7\u00e3o de 5 anos<\/li>\n<li>Noturno<\/li>\n<li><a href=\"https:\/\/portal.unisepe.com.br\/unifia\/wp-content\/uploads\/sites\/10001\/2021\/05\/renova\u00e7a\u00f5-de-reconhecimento-por-enade-2019-enfermagem_biomedicina_nutri\u00e7\u00e3o_est\u00e9tica_educa\u00e7\u00e3o-fisica-B_engenharia-Civil.pdf\">Renova\u00e7\u00e3o Reconhecimento: Portaria MEC n\u00ba109 de 04\/02\/2021<\/a><\/li>\n<\/ul>\n","protected":false},"excerpt":{"rendered":"<p>Atos Legais In\u00edcio do Curso em 2009 Vagas oferecidas 100 Dura\u00e7\u00e3o de 5 anos Noturno Renova\u00e7\u00e3o Reconhecimento: Portaria MEC n\u00ba109 de 04\/02\/2021<\/p>\n","protected":false},"author":2,"featured_media":0,"parent":3858,"menu_order":0,"comment_status":"closed","ping_status":"closed","template":"templates\/template-curso_menu_vertical.php","meta":{"footnotes":""},"categories":[],"tags":[],"class_list":["post-3862","page","type-page","status-publish","hentry"],"_links":{"self":[{"href":"https:\/\/portal.unisepe.com.br\/unifia\/wp-json\/wp\/v2\/pages\/3862","targetHints":{"allow":["GET"]}}],"collection":[{"href":"https:\/\/portal.unisepe.com.br\/unifia\/wp-json\/wp\/v2\/pages"}],"about":[{"href":"https:\/\/portal.unisepe.com.br\/unifia\/wp-json\/wp\/v2\/types\/page"}],"author":[{"embeddable":true,"href":"https:\/\/portal.unisepe.com.br\/unifia\/wp-json\/wp\/v2\/users\/2"}],"replies":[{"embeddable":true,"href":"https:\/\/portal.unisepe.com.br\/unifia\/wp-json\/wp\/v2\/comments?post=3862"}],"version-history":[{"count":3,"href":"https:\/\/portal.unisepe.com.br\/unifia\/wp-json\/wp\/v2\/pages\/3862\/revisions"}],"predecessor-version":[{"id":7311,"href":"https:\/\/portal.unisepe.com.br\/unifia\/wp-json\/wp\/v2\/pages\/3862\/revisions\/7311"}],"up":[{"embeddable":true,"href":"https:\/\/portal.unisepe.com.br\/unifia\/wp-json\/wp\/v2\/pages\/3858"}],"wp:attachment":[{"href":"https:\/\/portal.unisepe.com.br\/unifia\/wp-json\/wp\/v2\/media?parent=3862"}],"wp:term":[{"taxonomy":"category","embeddable":true,"href":"https:\/\/portal.unisepe.com.br\/unifia\/wp-json\/wp\/v2\/categories?post=3862"},{"taxonomy":"post_tag","embeddable":true,"href":"https:\/\/portal.unisepe.com.br\/unifia\/wp-json\/wp\/v2\/tags?post=3862"}],"curies":[{"name":"wp","href":"https:\/\/api.w.org\/{rel}","templated":true}]}}