{"id":3866,"date":"2018-06-30T09:51:39","date_gmt":"2018-06-30T12:51:39","guid":{"rendered":"http:\/\/portal.unisepe.com.br\/unifia\/?page_id=3866"},"modified":"2019-10-17T19:08:51","modified_gmt":"2019-10-17T22:08:51","slug":"matriz-curricular","status":"publish","type":"page","link":"https:\/\/portal.unisepe.com.br\/unifia\/engenharia-civil\/matriz-curricular\/","title":{"rendered":"Matriz Curricular"},"content":{"rendered":"<ul class=\"nav nav-tabs\">\n<li class=\"nav-item\"><a class=\"nav-link active\" href=\"#tab1\" data-toggle=\"tab\">Matriz<\/a><\/li>\n<li class=\"nav-item\"><a class=\"nav-link\" href=\"#tab2\" data-toggle=\"tab\">Informa\u00e7\u00f5es art 8<\/a><\/li>\n<\/ul>\n<div id=\"myTabContent\" class=\"tab-content\">\n<div id=\"tab1\" class=\"tab-pane fade active show\">\n<ul>\n<li><a href=\"http:\/\/portal.unisepe.com.br\/unifia\/wp-content\/uploads\/sites\/10001\/2019\/10\/MC-Engenharia-Civil.pdf\" target=\"_blank\" rel=\"noopener\">Matriz Engenharia Civil 2012<\/a><\/li>\n<\/ul>\n<\/div>\n<div id=\"tab2\" class=\"tab-pane fade\">\n<p style=\"text-align: center\">art 8. da Portaria 1.428\/2018<\/p>\n<ul>\n<li><a href=\"http:\/\/portal.unisepe.com.br\/unifia\/wp-content\/uploads\/sites\/10001\/2019\/10\/Ci\u00acncias-do-Ambiente-Engenharia-Civil.pdf\" target=\"_blank\" rel=\"noopener\">2019-2-UNIFIA-ART 8-INFORMA\u00c7\u00d5ES-CI\u00caNCIAS DO AMBIENTE<\/a><\/li>\n<li><a href=\"http:\/\/portal.unisepe.com.br\/unifia\/wp-content\/uploads\/sites\/10001\/2019\/10\/Economia-Engenharia-Civil.pdf\" target=\"_blank\" rel=\"noopener\">2019-2-UNIFIA-ART 8-INFORMA\u00c7\u00d5ES-ECONOMIA<\/a><\/li>\n<li><a href=\"http:\/\/portal.unisepe.com.br\/unifia\/wp-content\/uploads\/sites\/10001\/2019\/10\/\u00ebtica-e-Cidadania-Engenharia-Civil.pdf\" target=\"_blank\" rel=\"noopener\">2019-2-UNIFIA-ART 8-INFORMA\u00c7\u00d5ES-\u00c9TICA E CIDADANIA<\/a><\/li>\n<li><a href=\"http:\/\/portal.unisepe.com.br\/unifia\/wp-content\/uploads\/sites\/10001\/2019\/10\/Inform\u00edtica-Engenharia-Civil.pdf\" target=\"_blank\" rel=\"noopener\">2019-2-UNIFIA-ART 8-INFORMA\u00c7\u00d5ES-INFORM\u00c1TICA<\/a><\/li>\n<li><a href=\"http:\/\/portal.unisepe.com.br\/unifia\/wp-content\/uploads\/sites\/10001\/2019\/10\/L\u00a1ngua-Portuguesa-Engenharia-Civil.pdf\" target=\"_blank\" rel=\"noopener\">2019-2-UNIFIA-ART 8-INFORMA\u00c7\u00d5ES-L\u00cdNGUA PORTUGUESA<\/a><\/li>\n<li><a href=\"http:\/\/portal.unisepe.com.br\/unifia\/wp-content\/uploads\/sites\/10001\/2019\/10\/Metodologia-da-Pesquisa-Cient\u00a1fica-Engenharia-Civil.pdf\" target=\"_blank\" rel=\"noopener\">2019-2-UNIFIA-ART 8-INFORMA\u00c7\u00d5ES-METODOLOGIA DA PESQUISA CIENTIFICA<\/a><\/li>\n<li><a href=\"http:\/\/portal.unisepe.com.br\/unifia\/wp-content\/uploads\/sites\/10001\/2019\/10\/T\u00a6picos-Jur\u00a1dicos-Engenharia-Civil.pdf\" target=\"_blank\" rel=\"noopener\">2019-2-UNIFIA-ART 8-INFORMA\u00c7\u00d5ES-T\u00d3PICOS JUR\u00cdDICOS<\/a><\/li>\n<\/ul>\n<\/div>\n<\/div>\n","protected":false},"excerpt":{"rendered":"<p>Matriz Informa\u00e7\u00f5es art 8 Matriz Engenharia Civil 2012 art 8. da Portaria 1.428\/2018 2019-2-UNIFIA-ART 8-INFORMA\u00c7\u00d5ES-CI\u00caNCIAS DO AMBIENTE 2019-2-UNIFIA-ART 8-INFORMA\u00c7\u00d5ES-ECONOMIA 2019-2-UNIFIA-ART 8-INFORMA\u00c7\u00d5ES-\u00c9TICA E CIDADANIA 2019-2-UNIFIA-ART 8-INFORMA\u00c7\u00d5ES-INFORM\u00c1TICA 2019-2-UNIFIA-ART 8-INFORMA\u00c7\u00d5ES-L\u00cdNGUA PORTUGUESA 2019-2-UNIFIA-ART 8-INFORMA\u00c7\u00d5ES-METODOLOGIA DA PESQUISA CIENTIFICA 2019-2-UNIFIA-ART 8-INFORMA\u00c7\u00d5ES-T\u00d3PICOS JUR\u00cdDICOS<\/p>\n","protected":false},"author":2,"featured_media":0,"parent":3858,"menu_order":0,"comment_status":"closed","ping_status":"closed","template":"templates\/template-curso_menu_vertical.php","meta":{"footnotes":""},"categories":[],"tags":[],"class_list":["post-3866","page","type-page","status-publish","hentry"],"_links":{"self":[{"href":"https:\/\/portal.unisepe.com.br\/unifia\/wp-json\/wp\/v2\/pages\/3866","targetHints":{"allow":["GET"]}}],"collection":[{"href":"https:\/\/portal.unisepe.com.br\/unifia\/wp-json\/wp\/v2\/pages"}],"about":[{"href":"https:\/\/portal.unisepe.com.br\/unifia\/wp-json\/wp\/v2\/types\/page"}],"author":[{"embeddable":true,"href":"https:\/\/portal.unisepe.com.br\/unifia\/wp-json\/wp\/v2\/users\/2"}],"replies":[{"embeddable":true,"href":"https:\/\/portal.unisepe.com.br\/unifia\/wp-json\/wp\/v2\/comments?post=3866"}],"version-history":[{"count":4,"href":"https:\/\/portal.unisepe.com.br\/unifia\/wp-json\/wp\/v2\/pages\/3866\/revisions"}],"predecessor-version":[{"id":5595,"href":"https:\/\/portal.unisepe.com.br\/unifia\/wp-json\/wp\/v2\/pages\/3866\/revisions\/5595"}],"up":[{"embeddable":true,"href":"https:\/\/portal.unisepe.com.br\/unifia\/wp-json\/wp\/v2\/pages\/3858"}],"wp:attachment":[{"href":"https:\/\/portal.unisepe.com.br\/unifia\/wp-json\/wp\/v2\/media?parent=3866"}],"wp:term":[{"taxonomy":"category","embeddable":true,"href":"https:\/\/portal.unisepe.com.br\/unifia\/wp-json\/wp\/v2\/categories?post=3866"},{"taxonomy":"post_tag","embeddable":true,"href":"https:\/\/portal.unisepe.com.br\/unifia\/wp-json\/wp\/v2\/tags?post=3866"}],"curies":[{"name":"wp","href":"https:\/\/api.w.org\/{rel}","templated":true}]}}