{"id":3900,"date":"2018-06-30T11:20:04","date_gmt":"2018-06-30T14:20:04","guid":{"rendered":"http:\/\/portal.unisepe.com.br\/unifia\/?page_id=3900"},"modified":"2020-10-28T20:03:26","modified_gmt":"2020-10-28T23:03:26","slug":"gestao-da-producao-industrial","status":"publish","type":"page","link":"https:\/\/portal.unisepe.com.br\/unifia\/gestao-da-producao-industrial\/","title":{"rendered":"Gest\u00e3o da Produ\u00e7\u00e3o Industrial"},"content":{"rendered":"<h6>Objetivos do Curso<\/h6>\n<p>O curso \u00e9 de forma\u00e7\u00e3o tecnol\u00f3gica, sua estrutura curricular tem a preocupa\u00e7\u00e3o de propiciar ao aluno uma forma\u00e7\u00e3o profissional que se identifique com as necessidades contempor\u00e2neas e tecnol\u00f3gicas requeridas de um profissional de Gest\u00e3o da Produ\u00e7\u00e3o Industrial em correspond\u00eancia com sua atua\u00e7\u00e3o na condi\u00e7\u00e3o de formador de consci\u00eancia que leve o indiv\u00edduo a promover o seu crescimento, tomando com consci\u00eancia plena de seus direitos e obriga\u00e7\u00f5es enquanto sujeito part\u00edcipe de uma comunidade.<br \/>\nO cen\u00e1rio mundial de atua\u00e7\u00e3o das empresas est\u00e1 vinculado hoje ao processo de internacionaliza\u00e7\u00e3o e globaliza\u00e7\u00e3o da economia, com graus crescentes de competitividade. Diante disso, o bin\u00f4mio Produtividade\/Qualidade tornou-se uma necessidade competitiva de interesse global n\u00e3o apenas de empresas de bens e servi\u00e7os, mas tamb\u00e9m de in\u00fameras na\u00e7\u00f5es.<br \/>\nNos \u00faltimos anos, tem se intensificado a procura e consequentemente, a valoriza\u00e7\u00e3o de profissionais da \u00e1rea de Gest\u00e3o de Produ\u00e7\u00e3o Industrial, pois existe um grande n\u00famero de empresas manufatureiras, tais como, sider\u00fargicas, automobil\u00edsticas, t\u00eaxteis, aliment\u00edcias, limpeza, usinas e de servi\u00e7os, como, por exemplo, hospitais e energia que demandam crescentemente profissionais com conhecimentos e t\u00e9cnicas nesta \u00e1rea. A aplica\u00e7\u00e3o de conceitos de Produ\u00e7\u00e3o e Opera\u00e7\u00f5es, em empresas de manufatura e servi\u00e7os requer que o profissional tenha conhecimento dos processos operacionais, gerenciais e estrat\u00e9gicos dos neg\u00f3cios da organiza\u00e7\u00e3o e, tamb\u00e9m, conhecimento das tecnologias que promovem agilidade \u00e0s opera\u00e7\u00f5es, com ganhos em produtividade e minimizam os custos.<br \/>\nO gestor da produ\u00e7\u00e3o, portanto, deve ser um profissional apto a entender o contexto econ\u00f4mico em que se inserem as empresas hoje para assim nortear as suas a\u00e7\u00f5es. Isso implica forma\u00e7\u00e3o s\u00f3lida e de muita qualidade. O Curso de Gest\u00e3o da Produ\u00e7\u00e3o Industrial da UNIFIA, tendo em vista as exig\u00eancias mercadol\u00f3gicas, est\u00e1 totalmente voltado para a forma\u00e7\u00e3o desse profissional: um profissional do futuro. Para isso, os seguintes objetivos espec\u00edficos devem ser atendidos:<\/p>\n<p>\u2022 Habilitar profissionais em t\u00e9cnicas, procedimentos e m\u00e9todos de trabalho necess\u00e1rios a identifica\u00e7\u00e3o e ao estudo de oportunidades de neg\u00f3cios na \u00e1rea industrial, coordena\u00e7\u00e3o de equipes de produ\u00e7\u00e3o, diagn\u00f3stico e otimiza\u00e7\u00e3o de fluxos de materiais e a utiliza\u00e7\u00e3o de conhecimentos da log\u00edstica industrial.<br \/>\n\u2022 Certificar o dom\u00ednio e aplica\u00e7\u00e3o das normas de seguran\u00e7a no trabalho e gest\u00e3o ambiental s\u00e3o requisitos \u00e0 atua\u00e7\u00e3o desse profissional.<br \/>\n\u2022 Capacitar o discente a atuar nas organiza\u00e7\u00f5es industriais, buscando a melhoria da qualidade e produtividade industrial, alocando recursos humanos dispon\u00edveis; reduzindo custos de produ\u00e7\u00e3o com economia de escala.<\/p>\n<p><iframe loading=\"lazy\" title=\"GEST\u00c3O DA PRODU\u00c7\u00c3O INDUSTRIAL2 FEIRA DE PROFISS\u00d5ES AMPARO 2020 2\" width=\"500\" height=\"281\" src=\"https:\/\/www.youtube.com\/embed\/NJu191thKCc?list=PLf9h9rNyGnnrIVvd2-T_IuN90Vyj8a9u2\" frameborder=\"0\" allow=\"accelerometer; autoplay; clipboard-write; encrypted-media; gyroscope; picture-in-picture; web-share\" referrerpolicy=\"strict-origin-when-cross-origin\" allowfullscreen><\/iframe><\/p>\n<p>&nbsp;<\/p>\n<h2>Saiba mais<\/h2>\n<p><iframe loading=\"lazy\" title=\"IND\u00daSTRIA 4 0   FINAL\" width=\"500\" height=\"281\" src=\"https:\/\/www.youtube.com\/embed\/j059SeYT6Jk?feature=oembed\" frameborder=\"0\" allow=\"accelerometer; autoplay; clipboard-write; encrypted-media; gyroscope; picture-in-picture; web-share\" referrerpolicy=\"strict-origin-when-cross-origin\" allowfullscreen><\/iframe><\/p>\n<p>&nbsp;<\/p>\n<h2>Voc\u00ea tamb\u00e9m pode ser parte desta hist\u00f3ria de sucesso! Venha para o UNIFIA<\/h2>\n<p><iframe loading=\"lazy\" title=\"Story FINAL Luiz GPI\" width=\"500\" height=\"281\" src=\"https:\/\/www.youtube.com\/embed\/ooReX-3l84Y?feature=oembed\" frameborder=\"0\" allow=\"accelerometer; autoplay; clipboard-write; encrypted-media; gyroscope; picture-in-picture; web-share\" referrerpolicy=\"strict-origin-when-cross-origin\" allowfullscreen><\/iframe><\/p>\n<p>&nbsp;<\/p>\n<h6>Perfil Profissional do Egresso<\/h6>\n<p>O futuro Tecn\u00f3logo em Gest\u00e3o da Produ\u00e7\u00e3o Industrial deve possuir senso cr\u00edtico para an\u00e1lise de processos produtivos, vis\u00e3o sist\u00eamica para entendimento das rela\u00e7\u00f5es profissionais dentro e fora da empresa e perfil \u00e9tico para uma ado\u00e7\u00e3o consciente de tecnologias para o aumento da produtividade e benef\u00edcio do Homem.<br \/>\nDevido ao volume de conhecimento constru\u00eddo o estudante torna-se detentor de um grande poder de decis\u00e3o nos n\u00edveis operacional, t\u00e1tico e gerencial nos diversos tipos de processos produtivos.<br \/>\nTecn\u00f3logos em Gest\u00e3o da Produ\u00e7\u00e3o Industrial s\u00e3o profissionais dotados de conhecimentos t\u00e9cnicos caracter\u00edsticos das diversas especialidades da tecnologia, que associados \u00e0s \u00e1reas de administra\u00e7\u00e3o e economia, possibilitam aos mesmos, implantar e melhorar os chamados sistemas integrados de produ\u00e7\u00e3o que constituem uma f\u00e1brica.<br \/>\nS\u00e3o profissionais treinados a capacitados para planejar a produ\u00e7\u00e3o, avaliando os seus resultados, de forma a aumentar a efici\u00eancia em todos os seus aspectos: humanos, material e financeiro.<br \/>\nAl\u00e9m das atividades pertinentes aos tecn\u00f3logos, com capacita\u00e7\u00e3o voltada a produ\u00e7\u00e3o, s\u00e3o acrescidas as seguintes compet\u00eancias:<\/p>\n<p>\u2022 Projetar sistemas de produ\u00e7\u00e3o;<br \/>\n\u2022 Coordenar e supervisionar o processamento dos produtos;<br \/>\n\u2022 Coordenar e supervisionar compra e armazenamento de mat\u00e9rias primas;<br \/>\n\u2022 Fiscalizar a execu\u00e7\u00e3o do servi\u00e7o e o cumprimento dos prazos;<br \/>\n\u2022 Analisar o mercado, fazendo c\u00e1lculos de demanda e de produtividade;<br \/>\n\u2022 Controlar os par\u00e2metros e a qualidade das pe\u00e7as usinadas,<br \/>\n\u2022 Aplicar procedimentos de seguran\u00e7a nas tarefas realizadas;<br \/>\n\u2022 Planejar as sequ\u00eancias de opera\u00e7\u00f5es e executar c\u00e1lculos t\u00e9cnicos;<br \/>\n\u2022 Definir e Programar a\u00e7\u00f5es de preserva\u00e7\u00e3o do meio ambiente, dependendo da divis\u00e3o do trabalho na empresa;<br \/>\n\u2022 Desenvolver e programar a manuten\u00e7\u00e3o da produ\u00e7\u00e3o;<br \/>\n\u2022 Providenciar recursos t\u00e9cnicos para fabrica\u00e7\u00e3o do produto final;<br \/>\n\u2022 Propor melhoria cont\u00ednua de processos de fabrica\u00e7\u00e3o, segundo crit\u00e9rios de:<br \/>\nI &#8211; Qualidade,<br \/>\nII &#8211; Seguran\u00e7a e<br \/>\nIII &#8211; Ambientais (Sustentabilidade);<br \/>\n\u2022 Estabelecer padr\u00f5es e coordenar projetos automatizados;<br \/>\n\u2022 Definir e supervisionar processos de acabamento e prote\u00e7\u00e3o superficiais;<br \/>\n\u2022 Aplicar os sistemas de CAD\/CAM;<br \/>\n\u2022 Programar e planejar processos de log\u00edstica;<br \/>\n\u2022 Elaborar planos de racionaliza\u00e7\u00e3o e redu\u00e7\u00e3o de custos;<br \/>\n\u2022 Gerenciar equipes de trabalho;<br \/>\n\u2022 Conhecer a legisla\u00e7\u00e3o de seguran\u00e7a do trabalho;<br \/>\n\u2022 Organizar a linha de produ\u00e7\u00e3o de acordo com a demanda do mercado;<br \/>\n\u2022 Pautar-se pela \u00e9tica, pelo respeito \u00e0s pessoas e a cidadania.<\/p>\n","protected":false},"excerpt":{"rendered":"<p>Objetivos do Curso O curso \u00e9 de forma\u00e7\u00e3o tecnol\u00f3gica, sua estrutura curricular tem a preocupa\u00e7\u00e3o de propiciar ao aluno uma forma\u00e7\u00e3o profissional que se identifique com as necessidades contempor\u00e2neas e tecnol\u00f3gicas requeridas de um profissional de Gest\u00e3o da Produ\u00e7\u00e3o Industrial em correspond\u00eancia com sua atua\u00e7\u00e3o na condi\u00e7\u00e3o de formador de<\/p>\n","protected":false},"author":2,"featured_media":0,"parent":0,"menu_order":0,"comment_status":"closed","ping_status":"closed","template":"templates\/template-curso_menu_vertical.php","meta":{"footnotes":""},"categories":[],"tags":[],"class_list":["post-3900","page","type-page","status-publish","hentry"],"_links":{"self":[{"href":"https:\/\/portal.unisepe.com.br\/unifia\/wp-json\/wp\/v2\/pages\/3900","targetHints":{"allow":["GET"]}}],"collection":[{"href":"https:\/\/portal.unisepe.com.br\/unifia\/wp-json\/wp\/v2\/pages"}],"about":[{"href":"https:\/\/portal.unisepe.com.br\/unifia\/wp-json\/wp\/v2\/types\/page"}],"author":[{"embeddable":true,"href":"https:\/\/portal.unisepe.com.br\/unifia\/wp-json\/wp\/v2\/users\/2"}],"replies":[{"embeddable":true,"href":"https:\/\/portal.unisepe.com.br\/unifia\/wp-json\/wp\/v2\/comments?post=3900"}],"version-history":[{"count":7,"href":"https:\/\/portal.unisepe.com.br\/unifia\/wp-json\/wp\/v2\/pages\/3900\/revisions"}],"predecessor-version":[{"id":6933,"href":"https:\/\/portal.unisepe.com.br\/unifia\/wp-json\/wp\/v2\/pages\/3900\/revisions\/6933"}],"wp:attachment":[{"href":"https:\/\/portal.unisepe.com.br\/unifia\/wp-json\/wp\/v2\/media?parent=3900"}],"wp:term":[{"taxonomy":"category","embeddable":true,"href":"https:\/\/portal.unisepe.com.br\/unifia\/wp-json\/wp\/v2\/categories?post=3900"},{"taxonomy":"post_tag","embeddable":true,"href":"https:\/\/portal.unisepe.com.br\/unifia\/wp-json\/wp\/v2\/tags?post=3900"}],"curies":[{"name":"wp","href":"https:\/\/api.w.org\/{rel}","templated":true}]}}