{"id":391,"date":"2016-07-12T16:31:30","date_gmt":"2016-07-12T16:31:30","guid":{"rendered":"http:\/\/www.fvr.edu.br\/fvr\/site\/?page_id=391"},"modified":"2020-11-03T09:25:45","modified_gmt":"2020-11-03T12:25:45","slug":"estetica-e-cosmetica","status":"publish","type":"page","link":"https:\/\/portal.unisepe.com.br\/unifia\/estetica-e-cosmetica\/","title":{"rendered":"Est\u00e9tica e Cosm\u00e9tica"},"content":{"rendered":"<p style=\"text-align: justify\"><strong><img loading=\"lazy\" decoding=\"async\" class=\"size-full wp-image-2391 alignleft\" src=\"http:\/\/portal.unisepe.com.br\/unifia\/wp-content\/uploads\/sites\/10001\/2018\/06\/logo_estetica.png\" alt=\"\" width=\"87\" height=\"100\" \/>Concep\u00e7\u00e3o do curso<\/strong><\/p>\n<p style=\"text-align: justify\">Na sua organiza\u00e7\u00e3o pedag\u00f3gica o curso adota a modalidade presencial, de acordo com a legisla\u00e7\u00e3o vigente. Para os efeitos pretendidos, todas as atividades ofertadas s\u00e3o de obrigatoriedade o cumprimento presencial na IES de professores e alunos. Para garantir a efic\u00e1cia do processo de ensino e aprendizagem, s\u00e3o considerados os pressupostos filos\u00f3ficos e pedag\u00f3gicos que orientam a estrutura do curso e os objetivos, compet\u00eancias e valores que se pretendem alcan\u00e7ar; os aspectos culturais e s\u00f3cio-econ\u00f4micos tanto no desenho pedag\u00f3gico do curso, quanto na defini\u00e7\u00e3o dos meios de acesso dos alunos; uma din\u00e2mica de evolu\u00e7\u00e3o do processo de aprendizagem que incorpore entre alunos e professores e dos pares entre si; o desenvolvimento adequado da avalia\u00e7\u00e3o de ensino e aprendizagem e do material did\u00e1tico que dever\u00e1 mediar a intera\u00e7\u00e3o com o aluno.<\/p>\n<p>&nbsp;<\/p>\n<p><iframe loading=\"lazy\" title=\"EST\u00c9TICA FEIRA DE PROFISS\u00d5ES AMPARO 2020 2\" width=\"500\" height=\"281\" src=\"https:\/\/www.youtube.com\/embed\/cEiyRSqtmEs?feature=oembed\" frameborder=\"0\" allow=\"accelerometer; autoplay; clipboard-write; encrypted-media; gyroscope; picture-in-picture; web-share\" referrerpolicy=\"strict-origin-when-cross-origin\" allowfullscreen><\/iframe><\/p>\n<p>&nbsp;<\/p>\n<h2>Saiba mais<\/h2>\n<p><iframe loading=\"lazy\" title=\"EST\u00c9TICA V\u00cdDEO 2\" width=\"500\" height=\"281\" src=\"https:\/\/www.youtube.com\/embed\/xSIgYcUqjVg?feature=oembed\" frameborder=\"0\" allow=\"accelerometer; autoplay; clipboard-write; encrypted-media; gyroscope; picture-in-picture; web-share\" referrerpolicy=\"strict-origin-when-cross-origin\" allowfullscreen><\/iframe><\/p>\n<p><iframe loading=\"lazy\" title=\"EST\u00c9TICA   FINAL\" width=\"500\" height=\"281\" src=\"https:\/\/www.youtube.com\/embed\/stm77lEk20k?feature=oembed\" frameborder=\"0\" allow=\"accelerometer; autoplay; clipboard-write; encrypted-media; gyroscope; picture-in-picture; web-share\" referrerpolicy=\"strict-origin-when-cross-origin\" allowfullscreen><\/iframe><\/p>\n<h2><strong>Voc\u00ea tamb\u00e9m pode fazer parte desta hist\u00f3ria de sucesso!<\/strong><\/h2>\n<p><iframe loading=\"lazy\" title=\"EST\u00c9TICA   THALITA BASTOS\" width=\"500\" height=\"281\" src=\"https:\/\/www.youtube.com\/embed\/ZeeWAbpJj3g?feature=oembed\" frameborder=\"0\" allow=\"accelerometer; autoplay; clipboard-write; encrypted-media; gyroscope; picture-in-picture; web-share\" referrerpolicy=\"strict-origin-when-cross-origin\" allowfullscreen><\/iframe><\/p>\n<p>&nbsp;<\/p>\n<p style=\"text-align: justify\"><strong>Objetivo Geral:<\/strong><\/p>\n<p style=\"text-align: justify\">O curso \u00e9 de forma\u00e7\u00e3o tecnol\u00f3gica, ministrado de segunda a sexta-feira no per\u00edodo noturno, com aulas e atividades presenciais fixadas pelo calend\u00e1rio escolar do Centro Universit\u00e1rio Amparense, que \u00e9 integralmente seguido. Sua estrutura curricular tem a preocupa\u00e7\u00e3o de formar tecn\u00f3logos em Est\u00e9tica e Cosm\u00e9tica generalistas, qualificados para o exerc\u00edcio da Est\u00e9tica atrav\u00e9s da utiliza\u00e7\u00e3o dos cosm\u00e9ticos , uma perspectiva humanista, cr\u00edtica e reflexivas pautadas nos princ\u00edpios \u00e9ticos. Ao Tecn\u00f3logo em Est\u00e9tica e Cosm\u00e9tica compete, portanto, atuar em equipes de sa\u00fade, bem-estar f\u00edsico e mental, e beleza, a n\u00edvel tecnol\u00f3gico, e tamb\u00e9m nas atividades complementares de diagn\u00f3stico.<\/p>\n<p style=\"text-align: justify\"><strong>Objetivos espec\u00edficos<\/strong><\/p>\n<p style=\"text-align: justify\">O Curso Superior Tecnol\u00f3gico de Est\u00e9tica e Cosm\u00e9tica pretende:<\/p>\n<ul>\n<li style=\"text-align: justify\">Oferecer a forma\u00e7\u00e3o em Est\u00e9tica e Cosm\u00e9tica por meio do ensino, pesquisa e extens\u00e3o na perspectiva da educa\u00e7\u00e3o permanente;<\/li>\n<li style=\"text-align: justify\">Analisar a contribui\u00e7\u00e3o da Est\u00e9tica e Cosm\u00e9tica para os problemas sociais e respectivas alternativas de solu\u00e7\u00e3o;<\/li>\n<li style=\"text-align: justify\">Reconhecer a sa\u00fade como direito e condi\u00e7\u00e3o para qualidade de vida, atuando de forma articulada em todos os n\u00edveis de complexidade do sistema;<\/li>\n<li style=\"text-align: justify\">Desenvolver a\u00e7\u00f5es de preven\u00e7\u00e3o, promo\u00e7\u00e3o, prote\u00e7\u00e3o e reabilita\u00e7\u00e3o da sa\u00fade tanto em n\u00edvel individual quanto coletivo;<\/li>\n<li style=\"text-align: justify\">Realizar a pr\u00e1tica da Est\u00e9tica e Cosm\u00e9tica de forma integrada e cont\u00ednua com as demais inst\u00e2ncias do sistema de sa\u00fade, com lideran\u00e7a nas quest\u00f5es de sua \u00e1rea;<\/li>\n<li style=\"text-align: justify\">Preservar os padr\u00f5es de qualidade e dos princ\u00edpios da \u00e9tica e bio\u00e9tica no desenvolvimento da a\u00e7\u00e3o profissional;<\/li>\n<li style=\"text-align: justify\">Desenvolver a capacidade de tomada de decis\u00f5es fundamentadas em valores e conhecimentos inerentes ao curso, gerenciando processos de forma empreendedora;<\/li>\n<li style=\"text-align: justify\">Utilizar das formas e recursos de comunica\u00e7\u00e3o verbal, n\u00e3o verbal, tecnologias e outros idiomas, mantendo a necess\u00e1ria socializa\u00e7\u00e3o e ou confidencialidade das informa\u00e7\u00f5es trabalhadas;<\/li>\n<li style=\"text-align: justify\">Utilizar e desenvolver novas tecnologias, estimulando a sua atua\u00e7\u00e3o cr\u00edtica e criativa na identifica\u00e7\u00e3o e resolu\u00e7\u00e3o de problemas, considerando seus aspectos pol\u00edticos,econ\u00f4micos, sociais, ambientais e culturais.<\/li>\n<li style=\"text-align: justify\">Conhecer e aplicar os fundamentos de preven\u00e7\u00e3o \u00e0 sa\u00fade;<\/li>\n<li style=\"text-align: justify\">Estabelecer normas e procedimentos para prevenir acidentes no trabalho.<\/li>\n<\/ul>\n<p>&nbsp;<\/p>\n","protected":false},"excerpt":{"rendered":"<p>Concep\u00e7\u00e3o do curso Na sua organiza\u00e7\u00e3o pedag\u00f3gica o curso adota a modalidade presencial, de acordo com a legisla\u00e7\u00e3o vigente. Para os efeitos pretendidos, todas as atividades ofertadas s\u00e3o de obrigatoriedade o cumprimento presencial na IES de professores e alunos. Para garantir a efic\u00e1cia do processo de ensino e aprendizagem, s\u00e3o<\/p>\n","protected":false},"author":1,"featured_media":0,"parent":0,"menu_order":0,"comment_status":"closed","ping_status":"closed","template":"templates\/template-curso_menu_vertical.php","meta":{"footnotes":""},"categories":[],"tags":[],"class_list":["post-391","page","type-page","status-publish","hentry"],"_links":{"self":[{"href":"https:\/\/portal.unisepe.com.br\/unifia\/wp-json\/wp\/v2\/pages\/391","targetHints":{"allow":["GET"]}}],"collection":[{"href":"https:\/\/portal.unisepe.com.br\/unifia\/wp-json\/wp\/v2\/pages"}],"about":[{"href":"https:\/\/portal.unisepe.com.br\/unifia\/wp-json\/wp\/v2\/types\/page"}],"author":[{"embeddable":true,"href":"https:\/\/portal.unisepe.com.br\/unifia\/wp-json\/wp\/v2\/users\/1"}],"replies":[{"embeddable":true,"href":"https:\/\/portal.unisepe.com.br\/unifia\/wp-json\/wp\/v2\/comments?post=391"}],"version-history":[{"count":7,"href":"https:\/\/portal.unisepe.com.br\/unifia\/wp-json\/wp\/v2\/pages\/391\/revisions"}],"predecessor-version":[{"id":7026,"href":"https:\/\/portal.unisepe.com.br\/unifia\/wp-json\/wp\/v2\/pages\/391\/revisions\/7026"}],"wp:attachment":[{"href":"https:\/\/portal.unisepe.com.br\/unifia\/wp-json\/wp\/v2\/media?parent=391"}],"wp:term":[{"taxonomy":"category","embeddable":true,"href":"https:\/\/portal.unisepe.com.br\/unifia\/wp-json\/wp\/v2\/categories?post=391"},{"taxonomy":"post_tag","embeddable":true,"href":"https:\/\/portal.unisepe.com.br\/unifia\/wp-json\/wp\/v2\/tags?post=391"}],"curies":[{"name":"wp","href":"https:\/\/api.w.org\/{rel}","templated":true}]}}