{"id":3912,"date":"2018-06-30T11:33:55","date_gmt":"2018-06-30T14:33:55","guid":{"rendered":"http:\/\/portal.unisepe.com.br\/unifia\/?page_id=3912"},"modified":"2024-01-26T13:51:24","modified_gmt":"2024-01-26T16:51:24","slug":"matriz-curricular","status":"publish","type":"page","link":"https:\/\/portal.unisepe.com.br\/unifia\/gestao-da-producao-industrial\/matriz-curricular\/","title":{"rendered":"Matriz Curricular"},"content":{"rendered":"<ul class=\"nav nav-tabs\">\n<li class=\"nav-item\"><a class=\"nav-link active\" href=\"#tab1\" data-toggle=\"tab\">Matriz<\/a><\/li>\n<li class=\"nav-item\"><a class=\"nav-link\" href=\"#tab2\" data-toggle=\"tab\">Informa\u00e7\u00f5es art 8<\/a><\/li>\n<\/ul>\n<div id=\"myTabContent\" class=\"tab-content\">\n<div id=\"tab1\" class=\"tab-pane fade active show\">\n<ul>\n<li><a href=\"https:\/\/portal.unisepe.com.br\/unifia\/wp-content\/uploads\/sites\/10001\/2024\/01\/matriz_gpi.pdf\" target=\"_blank\" rel=\"noopener noreferrer\">Matriz Gest\u00e3o de Produ\u00e7\u00e3o Industrial 2022<\/a><\/li>\n<\/ul>\n<\/div>\n<div id=\"tab2\" class=\"tab-pane fade\">\n<p style=\"text-align: center\">art 8. da Portaria 1.428\/2018<\/p>\n<ul>\n<li><a href=\"http:\/\/portal.unisepe.com.br\/unifia\/wp-content\/uploads\/sites\/10001\/2019\/10\/direito-e-legisla\u00ba\u00fao-cst-em-gpi.pdf\" target=\"_blank\" rel=\"noopener noreferrer\">2019-2-UNIFIA-ART 8-INFORMA\u00c7\u00d5ES-DIREITO E LEGISLA\u00c7\u00c3O\u00a0<\/a><\/li>\n<li><a href=\"http:\/\/portal.unisepe.com.br\/unifia\/wp-content\/uploads\/sites\/10001\/2019\/10\/filosofia-\u00aetica-e-o-mundo-do-trabalho-cst-em-gpi.pdf\" target=\"_blank\" rel=\"noopener noreferrer\">2019-2-UNIFIA-ART 8-INFORMA\u00c7\u00d5ES-FILOSOFIA, \u00c9TICA E O MUNDO DO TRABLAHO<\/a><\/li>\n<li><a href=\"http:\/\/portal.unisepe.com.br\/unifia\/wp-content\/uploads\/sites\/10001\/2019\/10\/metodologia-da-pesquisa-cientifica-cst-em-gpi.pdf\" target=\"_blank\" rel=\"noopener noreferrer\">2019-2-UNIFIA-ART 8-INFORMA\u00c7\u00d5ES-METODOLOGIA DA PESQUISA CIENTIFICA<\/a><\/li>\n<li><a href=\"http:\/\/portal.unisepe.com.br\/unifia\/wp-content\/uploads\/sites\/10001\/2019\/10\/psicologia-cst-em-gpi.pdf\" target=\"_blank\" rel=\"noopener noreferrer\">2019-2-UNIFIA-ART 8-INFORMA\u00c7\u00d5ES-PSICOLOGIA<\/a><\/li>\n<li><a href=\"http:\/\/portal.unisepe.com.br\/unifia\/wp-content\/uploads\/sites\/10001\/2019\/10\/teoria-geral-da-administra\u00ba\u00fao-cst-em-gpi.pdf\" target=\"_blank\" rel=\"noopener noreferrer\">2019-2-UNIFIA-ART 8-INFORMA\u00c7\u00d5ES-TEORIA GERAL DA ADMINISTRA\u00c7\u00c3O<\/a><\/li>\n<\/ul>\n<\/div>\n<\/div>\n","protected":false},"excerpt":{"rendered":"<p>Matriz Informa\u00e7\u00f5es art 8 Matriz Gest\u00e3o de Produ\u00e7\u00e3o Industrial 2022 art 8. da Portaria 1.428\/2018 2019-2-UNIFIA-ART 8-INFORMA\u00c7\u00d5ES-DIREITO E LEGISLA\u00c7\u00c3O\u00a0 2019-2-UNIFIA-ART 8-INFORMA\u00c7\u00d5ES-FILOSOFIA, \u00c9TICA E O MUNDO DO TRABLAHO 2019-2-UNIFIA-ART 8-INFORMA\u00c7\u00d5ES-METODOLOGIA DA PESQUISA CIENTIFICA 2019-2-UNIFIA-ART 8-INFORMA\u00c7\u00d5ES-PSICOLOGIA 2019-2-UNIFIA-ART 8-INFORMA\u00c7\u00d5ES-TEORIA GERAL DA ADMINISTRA\u00c7\u00c3O<\/p>\n","protected":false},"author":2,"featured_media":0,"parent":3900,"menu_order":0,"comment_status":"closed","ping_status":"closed","template":"templates\/template-curso_menu_vertical.php","meta":{"footnotes":""},"categories":[],"tags":[],"class_list":["post-3912","page","type-page","status-publish","hentry"],"_links":{"self":[{"href":"https:\/\/portal.unisepe.com.br\/unifia\/wp-json\/wp\/v2\/pages\/3912","targetHints":{"allow":["GET"]}}],"collection":[{"href":"https:\/\/portal.unisepe.com.br\/unifia\/wp-json\/wp\/v2\/pages"}],"about":[{"href":"https:\/\/portal.unisepe.com.br\/unifia\/wp-json\/wp\/v2\/types\/page"}],"author":[{"embeddable":true,"href":"https:\/\/portal.unisepe.com.br\/unifia\/wp-json\/wp\/v2\/users\/2"}],"replies":[{"embeddable":true,"href":"https:\/\/portal.unisepe.com.br\/unifia\/wp-json\/wp\/v2\/comments?post=3912"}],"version-history":[{"count":5,"href":"https:\/\/portal.unisepe.com.br\/unifia\/wp-json\/wp\/v2\/pages\/3912\/revisions"}],"predecessor-version":[{"id":9580,"href":"https:\/\/portal.unisepe.com.br\/unifia\/wp-json\/wp\/v2\/pages\/3912\/revisions\/9580"}],"up":[{"embeddable":true,"href":"https:\/\/portal.unisepe.com.br\/unifia\/wp-json\/wp\/v2\/pages\/3900"}],"wp:attachment":[{"href":"https:\/\/portal.unisepe.com.br\/unifia\/wp-json\/wp\/v2\/media?parent=3912"}],"wp:term":[{"taxonomy":"category","embeddable":true,"href":"https:\/\/portal.unisepe.com.br\/unifia\/wp-json\/wp\/v2\/categories?post=3912"},{"taxonomy":"post_tag","embeddable":true,"href":"https:\/\/portal.unisepe.com.br\/unifia\/wp-json\/wp\/v2\/tags?post=3912"}],"curies":[{"name":"wp","href":"https:\/\/api.w.org\/{rel}","templated":true}]}}